{"id":13766,"date":"2013-05-02T20:08:17","date_gmt":"2013-05-02T18:08:17","guid":{"rendered":"http:\/\/finncult.asiakkaat.sigmatic.fi\/instituut\/"},"modified":"2025-06-11T15:08:44","modified_gmt":"2025-06-11T13:08:44","slug":"instituut","status":"publish","type":"page","link":"https:\/\/finncult.be\/nl\/instituut\/","title":{"rendered":"Instituut"},"content":{"rendered":"<p>[et_pb_section fb_built=&#8221;1&#8243; fullwidth=&#8221;on&#8221; _builder_version=&#8221;4.16&#8243; _module_preset=&#8221;default&#8221; global_colors_info=&#8221;{}&#8221;][et_pb_fullwidth_header title=&#8221;Instituut&#8221; text_orientation=&#8221;center&#8221; background_overlay_color=&#8221;rgba(81,0,35,0.5)&#8221; _builder_version=&#8221;4.17.6&#8243; _module_preset=&#8221;default&#8221; title_text_align=&#8221;center&#8221; title_font_size=&#8221;60px&#8221; background_image=&#8221;https:\/\/finncult.be\/wp-content\/uploads\/2022\/06\/IMG_0616-scaled-e1655489317989.jpg&#8221; min_height=&#8221;493px&#8221; custom_css_title=&#8221;padding-top:15%;&#8221; global_colors_info=&#8221;{}&#8221;][\/et_pb_fullwidth_header][\/et_pb_section][et_pb_section fb_built=&#8221;1&#8243; _builder_version=&#8221;4.16&#8243; background_color=&#8221;#FEF7FB&#8221; global_colors_info=&#8221;{}&#8221;][et_pb_row column_structure=&#8221;1_5,3_5,1_5&#8243; _builder_version=&#8221;4.16&#8243; background_size=&#8221;initial&#8221; background_position=&#8221;top_left&#8221; background_repeat=&#8221;repeat&#8221; custom_padding=&#8221;||||false|false&#8221; global_colors_info=&#8221;{}&#8221;][et_pb_column type=&#8221;1_5&#8243; _builder_version=&#8221;4.16&#8243; custom_padding=&#8221;|||&#8221; global_colors_info=&#8221;{}&#8221; custom_padding__hover=&#8221;|||&#8221;][\/et_pb_column][et_pb_column type=&#8221;3_5&#8243; _builder_version=&#8221;4.16&#8243; custom_padding=&#8221;|||&#8221; global_colors_info=&#8221;{}&#8221; custom_padding__hover=&#8221;|||&#8221;][et_pb_text _builder_version=&#8221;4.24.3&#8243; background_size=&#8221;initial&#8221; background_position=&#8221;top_left&#8221; background_repeat=&#8221;repeat&#8221; global_colors_info=&#8221;{}&#8221;]<\/p>\n<h1>Het Fins Cultureel Instituut voor de Benelux<\/h1>\n<p>&nbsp;<\/p>\n<p>Als onderdeel van Finlands internationale kader voor artistieke, academische en culturele uitwisseling en export, bouwt het Fins Cultureel Instituut voor de Benelux bruggen tussen cultuurbeoefenaars en -instellingen in Finland en de Benelux-regio. Wij moedigen nieuwe creatieve samenwerking en actuele internationale initiatieven aan.<\/p>\n<p>Het Fins Cultureel Instituut voor de Benelux werd opgericht in 1993. Na 13 jaar in Antwerpen te zijn gevestigd, werd het in 2006 overgebracht naar de Zavelwijk in Brussel. Het wordt beheerd door het Fins Cultureel Instituut in de Benelux Trust en gesteund door het Finse Ministerie van Onderwijs en Cultuur.<\/p>\n<p>Wij zijn lid van de <a href=\"https:\/\/instituutit.fi\/en\/\" target=\"_blank\" rel=\"noopener\">Finse Culturele en Academische Instituten (SKTI)<\/a>, een in Helsinki gevestigde vereniging, met 17 Finse culturele en academische instituten over de hele wereld. Het instituut werkt samen met andere Finse organisaties in het <a href=\"https:\/\/www.team-finland.fi\/en\" target=\"_blank\" rel=\"noopener\">Team Finland<\/a>-netwerk en met andere Europese culturele instituten in het EUNIC-netwerk <a href=\"https:\/\/www.eunicglobal.eu\/\" target=\"_blank\" rel=\"noopener\">European Union National Institutes for Culture (EUNIC)<\/a> netwerk. Het instituut bekleedt het voorzitterschap van de Brusselse EUNIC-cluster voor 2021-2022.<\/p>\n<p>[\/et_pb_text][\/et_pb_column][et_pb_column type=&#8221;1_5&#8243; _builder_version=&#8221;4.16&#8243; custom_padding=&#8221;|||&#8221; global_colors_info=&#8221;{}&#8221; custom_padding__hover=&#8221;|||&#8221;][\/et_pb_column][\/et_pb_row][et_pb_row column_structure=&#8221;1_5,3_5,1_5&#8243; _builder_version=&#8221;4.16&#8243; _module_preset=&#8221;default&#8221; global_colors_info=&#8221;{}&#8221;][et_pb_column type=&#8221;1_5&#8243; _builder_version=&#8221;4.16&#8243; _module_preset=&#8221;default&#8221; global_colors_info=&#8221;{}&#8221;][\/et_pb_column][et_pb_column type=&#8221;3_5&#8243; _builder_version=&#8221;4.16&#8243; _module_preset=&#8221;default&#8221; global_colors_info=&#8221;{}&#8221;][et_pb_text _builder_version=&#8221;4.17.4&#8243; _module_preset=&#8221;default&#8221; global_colors_info=&#8221;{}&#8221;]<\/p>\n<h1>Organisatie<\/h1>\n<p>[\/et_pb_text][et_pb_toggle title=&#8221;STRATEGIE&#8221; open_toggle_text_color=&#8221;#510023&#8243; closed_toggle_text_color=&#8221;#DA589B&#8221; icon_color=&#8221;#DA589B&#8221; open_icon_color=&#8221;#DA589B&#8221; _builder_version=&#8221;4.17.4&#8243; _module_preset=&#8221;default&#8221; title_text_color=&#8221;#510023&#8243; background_color=&#8221;#FEF7FB&#8221; border_color_all=&#8221;#DA589B&#8221; global_colors_info=&#8221;{}&#8221;]<\/p>\n<h2>STRATEGIE 2019 &#8211; 2023<\/h2>\n<h3>MISSIE<\/h3>\n<p>Wij moedigen nieuwe creatieve samenwerking en actuele internationale initiatieven aan.<\/p>\n<p>Als onderdeel van Finlands internationale kader voor artistieke, academische en culturele uitwisseling en export, bouwt het Fins Cultureel Instituut voor de Benelux bruggen tussen cultuurbeoefenaars en -instellingen in Finland en de Benelux-regio.<\/p>\n<h3>VISIE<\/h3>\n<p>Het Fins Cultureel Instituut voor de Benelux wordt erkend als een drijvende kracht voor culturele vooruitgang en internationale uitwisseling te midden van onze steeds veranderende realiteit van vandaag de dag.<\/p>\n<p>De Benelux-regio is een bruisend cultureel centrum en een geweldige uitvalsbasis voor Finse cultuurbeoefenaars die internationaal actief willen worden. Het instituut is gevestigd in Brussel, een erkende Europese kunststad en een uitstekende centrale locatie om een sociale impact te kunnen hebben.<\/p>\n<p>Het Fins Cultureel Instituut voor de Benelux is een dynamische, degelijk gefinancierde culturele instelling die internationaal wordt erkend voor haar waardevolle werk in het promoten van interessante hedendaagse beoefenaars en organisaties en het aan de orde stellen van actuele discussiethema&#8217;s.<\/p>\n<p>&nbsp;<\/p>\n<h2>WAARDEN<\/h2>\n<h3>Progressieve mindset<\/h3>\n<p>Wij omarmen zonder aarzelen nieuwe idee\u00ebn en experimenten. Wij koesteren de vreugde van creativiteit. We pleiten voor gelijkheid en ondersteunen culturele diversiteit.<\/p>\n<h3>Impactvol<\/h3>\n<p>Wij verbeteren onze prestaties voortdurend en delen onze resultaten openlijk. Wij zijn een transparante en betrouwbare partner en worden erkend voor onze actuele programmering.<\/p>\n<h3>Expertise<\/h3>\n<p>Wij vertrouwen op de deskundigheid van ons personeel en ons uitgebreide netwerk van partners. Wij streven er voortdurend naar om onze kennis uit te breiden. Wij waarderen de vaardigheden en het welzijn van onze medewerkers en investeren hier ook in.<\/p>\n<h3>Verantwoordelijkheid<\/h3>\n<p>Wij zijn een betrouwbare partner en we streven naar een meer duurzame en sociaal rechtvaardige omgeving voor de beoefening van kunst en cultuur.<\/p>\n<p>[\/et_pb_toggle][et_pb_toggle title=&#8221;JAARVERSLAGEN&#8221; open_toggle_text_color=&#8221;#510023&#8243; closed_toggle_text_color=&#8221;#DA589B&#8221; icon_color=&#8221;#DA589B&#8221; open_icon_color=&#8221;#DA589B&#8221; _builder_version=&#8221;4.27.2&#8243; _module_preset=&#8221;default&#8221; title_text_color=&#8221;#510023&#8243; background_color=&#8221;#FEF7FB&#8221; hover_enabled=&#8221;0&#8243; border_color_all=&#8221;#DA589B&#8221; global_colors_info=&#8221;{}&#8221; sticky_enabled=&#8221;0&#8243;]<\/p>\n<h3>Finse versies:<\/h3>\n<p><a href=\"https:\/\/finncult.be\/wp-content\/uploads\/2025\/06\/Suomen-Benelux-instituutti-vuosikertomus-2024-website.pdf\" target=\"_blank\" rel=\"noopener\">Jaarverslag 2024<\/a><\/p>\n<p><a href=\"https:\/\/finncult.be\/wp-content\/uploads\/2024\/04\/Vuosikertomus-2023-Benelux-institutti-web.pdf\" target=\"_blank\" rel=\"noopener\">Jaarverslag 2023<\/a><\/p>\n<p><a href=\"https:\/\/finncult.be\/wp-content\/uploads\/2023\/05\/Vuosikertomus-2022-Benelux-institutti-.pdf\" target=\"_blank\" rel=\"noopener\">Jaarverslag 2022<\/a><\/p>\n<p><a href=\"https:\/\/finncult.be\/wp-content\/uploads\/2022\/06\/Vuosikertomus-2021-Suomen-Benelux-instituutti-PIENI.pdf\" target=\"_blank\" rel=\"attachment noopener wp-att-13133\">Jaarverslag 2021<\/a><\/p>\n<p><a href=\"https:\/\/finncult.be\/wp-content\/uploads\/2022\/06\/Benelux_Vuosikertomus_2020_lowres.pdf\" target=\"_blank\" rel=\"attachment noopener wp-att-13154\">Jaarverslag 2020<\/a><\/p>\n<p><a href=\"https:\/\/finncult.be\/wp-content\/uploads\/2022\/06\/Annual-Report-2019-Finnish.pdf\" target=\"_blank\" rel=\"attachment noopener wp-att-13161\">Jaarverslag 2019<\/a><\/p>\n<p><a href=\"https:\/\/finncult.be\/wp-content\/uploads\/2022\/06\/Annual-Report-2018-Finnish.pdf\" target=\"_blank\" rel=\"attachment noopener wp-att-13169\">Jaarverslag 2018<\/a><\/p>\n<p><a href=\"https:\/\/finncult.be\/wp-content\/uploads\/2022\/06\/Annual-Report-2017-Finnish.pdf\" target=\"_blank\" rel=\"attachment noopener wp-att-13175\">Jaarverslag 2017<\/a><\/p>\n<h3>Engelse versies:<\/h3>\n<p><a href=\"https:\/\/finncult.be\/wp-content\/uploads\/2023\/07\/FCI-Annual-Report-2022-EN.pdf\" target=\"_blank\" rel=\"noopener\">Jaarverslag 2022<\/a><\/p>\n<p><a href=\"https:\/\/finncult.be\/wp-content\/uploads\/2022\/06\/Annual-Report-2021-English.pdf\" target=\"_blank\" rel=\"attachment noopener wp-att-13145\">Jaarverslag 2021<\/a><\/p>\n<p>[\/et_pb_toggle][et_pb_toggle title=&#8221;DIRECTIE&#8221; open_toggle_text_color=&#8221;#510023&#8243; closed_toggle_text_color=&#8221;#DA589B&#8221; icon_color=&#8221;#DA589B&#8221; open_icon_color=&#8221;#DA589B&#8221; _builder_version=&#8221;4.24.3&#8243; _module_preset=&#8221;default&#8221; title_text_color=&#8221;#510023&#8243; background_color=&#8221;#FEF7FB&#8221; border_color_all=&#8221;#DA589B&#8221; global_colors_info=&#8221;{}&#8221;]<\/p>\n<h2 style=\"text-align: left;\">Raad van Bestuur\u00a0<\/h2>\n<p style=\"text-align: left;\"><strong>Paula Raitis<\/strong>, Voorzitter<\/p>\n<p style=\"text-align: left;\"><strong>Martti Kivist\u00f6<\/strong>, Vicevoorzitter<\/p>\n<p style=\"text-align: left;\"><strong>Pirita N\u00e4kk\u00e4l\u00e4j\u00e4rvi<\/strong>, Lid<\/p>\n<p style=\"text-align: left;\"><strong>Lieven Ameel<\/strong>, Lid<\/p>\n<p style=\"text-align: left;\"><strong>Antti Wihanto<\/strong>, Lid<\/p>\n<p>&nbsp;<\/p>\n<h2 style=\"text-align: left;\">Plaatsvervangende leden<\/h2>\n<p style=\"text-align: left;\"><strong>Iiris Kivim\u00e4ki<\/strong><\/p>\n<p style=\"text-align: left;\"><strong>Petri Lahesmaa<\/strong><\/p>\n<p style=\"text-align: left;\"><strong>Leena Malkki<\/strong><\/p>\n<p style=\"text-align: left;\"><strong>Marja Rislakki<\/strong><\/p>\n<p style=\"text-align: left;\"><strong>Riikka Thitz<\/strong><\/p>\n<p>&nbsp;<\/p>\n<h2 style=\"text-align: left;\">Secretaris<\/h2>\n<p style=\"text-align: left;\"><strong>Eeva-Maria Viitanen<\/strong><\/p>\n<p style=\"text-align: left;\">eeva-maria.viitanen@finncult.be<\/p>\n<p style=\"text-align: left;\">Contact (alleen per post)<br \/>Suomen Benelux-instituutin s\u00e4\u00e4ti\u00f6<br \/>Kalliolinnantie 4<br \/>00140 Helsinki<\/p>\n<p>[\/et_pb_toggle][\/et_pb_column][et_pb_column type=&#8221;1_5&#8243; _builder_version=&#8221;4.16&#8243; _module_preset=&#8221;default&#8221; global_colors_info=&#8221;{}&#8221;][\/et_pb_column][\/et_pb_row][\/et_pb_section]<\/p>\n","protected":false},"excerpt":{"rendered":"<p>Het Fins Cultureel Instituut voor de Benelux &nbsp; Als onderdeel van Finlands internationale kader voor artistieke, academische en culturele uitwisseling en export, bouwt het Fins Cultureel Instituut voor de Benelux bruggen tussen cultuurbeoefenaars en -instellingen in Finland en de Benelux-regio. Wij moedigen nieuwe creatieve samenwerking en actuele internationale initiatieven aan. Het Fins Cultureel Instituut voor [&hellip;]<\/p>\n","protected":false},"author":4,"featured_media":12751,"parent":0,"menu_order":3,"comment_status":"open","ping_status":"closed","template":"","meta":{"_acf_changed":false,"_et_pb_use_builder":"on","_et_pb_old_content":"","_et_gb_content_width":"","inline_featured_image":false,"footnotes":""},"class_list":["post-13766","page","type-page","status-publish","has-post-thumbnail","hentry"],"acf":[],"yoast_head":"<!-- This site is optimized with the Yoast SEO plugin v27.5 - https:\/\/yoast.com\/product\/yoast-seo-wordpress\/ -->\n<title>Instituut - Finnish Cultural Institute for the Benelux<\/title>\n<meta name=\"robots\" content=\"index, follow, max-snippet:-1, max-image-preview:large, max-video-preview:-1\" \/>\n<link rel=\"canonical\" href=\"https:\/\/finncult.be\/nl\/instituut\/\" \/>\n<meta property=\"og:locale\" content=\"nl_NL\" \/>\n<meta property=\"og:type\" content=\"article\" \/>\n<meta property=\"og:title\" content=\"Instituut - Finnish Cultural Institute for the Benelux\" \/>\n<meta property=\"og:description\" content=\"Het Fins Cultureel Instituut voor de Benelux &nbsp; Als onderdeel van Finlands internationale kader voor artistieke, academische en culturele uitwisseling en export, bouwt het Fins Cultureel Instituut voor de Benelux bruggen tussen cultuurbeoefenaars en -instellingen in Finland en de Benelux-regio. Wij moedigen nieuwe creatieve samenwerking en actuele internationale initiatieven aan. Het Fins Cultureel Instituut voor [&hellip;]\" \/>\n<meta property=\"og:url\" content=\"https:\/\/finncult.be\/nl\/instituut\/\" \/>\n<meta property=\"og:site_name\" content=\"Finnish Cultural Institute for the Benelux\" \/>\n<meta property=\"article:modified_time\" content=\"2025-06-11T13:08:44+00:00\" \/>\n<meta property=\"og:image\" content=\"https:\/\/finncult.be\/wp-content\/uploads\/2022\/05\/1.png\" \/>\n\t<meta property=\"og:image:width\" content=\"1600\" \/>\n\t<meta property=\"og:image:height\" content=\"600\" \/>\n\t<meta property=\"og:image:type\" content=\"image\/png\" \/>\n<meta name=\"twitter:card\" content=\"summary_large_image\" \/>\n<meta name=\"twitter:label1\" content=\"Geschatte leestijd\" \/>\n\t<meta name=\"twitter:data1\" content=\"3 minuten\" \/>\n<script type=\"application\/ld+json\" class=\"yoast-schema-graph\">{\"@context\":\"https:\\\/\\\/schema.org\",\"@graph\":[{\"@type\":\"WebPage\",\"@id\":\"https:\\\/\\\/finncult.be\\\/nl\\\/instituut\\\/\",\"url\":\"https:\\\/\\\/finncult.be\\\/nl\\\/instituut\\\/\",\"name\":\"Instituut - Finnish Cultural Institute for the Benelux\",\"isPartOf\":{\"@id\":\"https:\\\/\\\/finncult.be\\\/#website\"},\"primaryImageOfPage\":{\"@id\":\"https:\\\/\\\/finncult.be\\\/nl\\\/instituut\\\/#primaryimage\"},\"image\":{\"@id\":\"https:\\\/\\\/finncult.be\\\/nl\\\/instituut\\\/#primaryimage\"},\"thumbnailUrl\":\"https:\\\/\\\/finncult.be\\\/wp-content\\\/uploads\\\/2022\\\/05\\\/1.png\",\"datePublished\":\"2013-05-02T18:08:17+00:00\",\"dateModified\":\"2025-06-11T13:08:44+00:00\",\"breadcrumb\":{\"@id\":\"https:\\\/\\\/finncult.be\\\/nl\\\/instituut\\\/#breadcrumb\"},\"inLanguage\":\"nl-NL\",\"potentialAction\":[{\"@type\":\"ReadAction\",\"target\":[\"https:\\\/\\\/finncult.be\\\/nl\\\/instituut\\\/\"]}]},{\"@type\":\"ImageObject\",\"inLanguage\":\"nl-NL\",\"@id\":\"https:\\\/\\\/finncult.be\\\/nl\\\/instituut\\\/#primaryimage\",\"url\":\"https:\\\/\\\/finncult.be\\\/wp-content\\\/uploads\\\/2022\\\/05\\\/1.png\",\"contentUrl\":\"https:\\\/\\\/finncult.be\\\/wp-content\\\/uploads\\\/2022\\\/05\\\/1.png\",\"width\":1600,\"height\":600,\"caption\":\"The Finnish institute\"},{\"@type\":\"BreadcrumbList\",\"@id\":\"https:\\\/\\\/finncult.be\\\/nl\\\/instituut\\\/#breadcrumb\",\"itemListElement\":[{\"@type\":\"ListItem\",\"position\":1,\"name\":\"Home\",\"item\":\"https:\\\/\\\/finncult.be\\\/nl\\\/\"},{\"@type\":\"ListItem\",\"position\":2,\"name\":\"Instituut\"}]},{\"@type\":\"WebSite\",\"@id\":\"https:\\\/\\\/finncult.be\\\/#website\",\"url\":\"https:\\\/\\\/finncult.be\\\/\",\"name\":\"Finnish Cultural Institute for the Benelux\",\"description\":\"Finnish Cultural Institute for the Benelux\",\"potentialAction\":[{\"@type\":\"SearchAction\",\"target\":{\"@type\":\"EntryPoint\",\"urlTemplate\":\"https:\\\/\\\/finncult.be\\\/?s={search_term_string}\"},\"query-input\":{\"@type\":\"PropertyValueSpecification\",\"valueRequired\":true,\"valueName\":\"search_term_string\"}}],\"inLanguage\":\"nl-NL\"}]}<\/script>\n<!-- \/ Yoast SEO plugin. -->","yoast_head_json":{"title":"Instituut - Finnish Cultural Institute for the Benelux","robots":{"index":"index","follow":"follow","max-snippet":"max-snippet:-1","max-image-preview":"max-image-preview:large","max-video-preview":"max-video-preview:-1"},"canonical":"https:\/\/finncult.be\/nl\/instituut\/","og_locale":"nl_NL","og_type":"article","og_title":"Instituut - Finnish Cultural Institute for the Benelux","og_description":"Het Fins Cultureel Instituut voor de Benelux &nbsp; Als onderdeel van Finlands internationale kader voor artistieke, academische en culturele uitwisseling en export, bouwt het Fins Cultureel Instituut voor de Benelux bruggen tussen cultuurbeoefenaars en -instellingen in Finland en de Benelux-regio. Wij moedigen nieuwe creatieve samenwerking en actuele internationale initiatieven aan. Het Fins Cultureel Instituut voor [&hellip;]","og_url":"https:\/\/finncult.be\/nl\/instituut\/","og_site_name":"Finnish Cultural Institute for the Benelux","article_modified_time":"2025-06-11T13:08:44+00:00","og_image":[{"width":1600,"height":600,"url":"https:\/\/finncult.be\/wp-content\/uploads\/2022\/05\/1.png","type":"image\/png"}],"twitter_card":"summary_large_image","twitter_misc":{"Geschatte leestijd":"3 minuten"},"schema":{"@context":"https:\/\/schema.org","@graph":[{"@type":"WebPage","@id":"https:\/\/finncult.be\/nl\/instituut\/","url":"https:\/\/finncult.be\/nl\/instituut\/","name":"Instituut - Finnish Cultural Institute for the Benelux","isPartOf":{"@id":"https:\/\/finncult.be\/#website"},"primaryImageOfPage":{"@id":"https:\/\/finncult.be\/nl\/instituut\/#primaryimage"},"image":{"@id":"https:\/\/finncult.be\/nl\/instituut\/#primaryimage"},"thumbnailUrl":"https:\/\/finncult.be\/wp-content\/uploads\/2022\/05\/1.png","datePublished":"2013-05-02T18:08:17+00:00","dateModified":"2025-06-11T13:08:44+00:00","breadcrumb":{"@id":"https:\/\/finncult.be\/nl\/instituut\/#breadcrumb"},"inLanguage":"nl-NL","potentialAction":[{"@type":"ReadAction","target":["https:\/\/finncult.be\/nl\/instituut\/"]}]},{"@type":"ImageObject","inLanguage":"nl-NL","@id":"https:\/\/finncult.be\/nl\/instituut\/#primaryimage","url":"https:\/\/finncult.be\/wp-content\/uploads\/2022\/05\/1.png","contentUrl":"https:\/\/finncult.be\/wp-content\/uploads\/2022\/05\/1.png","width":1600,"height":600,"caption":"The Finnish institute"},{"@type":"BreadcrumbList","@id":"https:\/\/finncult.be\/nl\/instituut\/#breadcrumb","itemListElement":[{"@type":"ListItem","position":1,"name":"Home","item":"https:\/\/finncult.be\/nl\/"},{"@type":"ListItem","position":2,"name":"Instituut"}]},{"@type":"WebSite","@id":"https:\/\/finncult.be\/#website","url":"https:\/\/finncult.be\/","name":"Finnish Cultural Institute for the Benelux","description":"Finnish Cultural Institute for the Benelux","potentialAction":[{"@type":"SearchAction","target":{"@type":"EntryPoint","urlTemplate":"https:\/\/finncult.be\/?s={search_term_string}"},"query-input":{"@type":"PropertyValueSpecification","valueRequired":true,"valueName":"search_term_string"}}],"inLanguage":"nl-NL"}]}},"_links":{"self":[{"href":"https:\/\/finncult.be\/nl\/wp-json\/wp\/v2\/pages\/13766","targetHints":{"allow":["GET"]}}],"collection":[{"href":"https:\/\/finncult.be\/nl\/wp-json\/wp\/v2\/pages"}],"about":[{"href":"https:\/\/finncult.be\/nl\/wp-json\/wp\/v2\/types\/page"}],"author":[{"embeddable":true,"href":"https:\/\/finncult.be\/nl\/wp-json\/wp\/v2\/users\/4"}],"replies":[{"embeddable":true,"href":"https:\/\/finncult.be\/nl\/wp-json\/wp\/v2\/comments?post=13766"}],"version-history":[{"count":10,"href":"https:\/\/finncult.be\/nl\/wp-json\/wp\/v2\/pages\/13766\/revisions"}],"predecessor-version":[{"id":20885,"href":"https:\/\/finncult.be\/nl\/wp-json\/wp\/v2\/pages\/13766\/revisions\/20885"}],"wp:featuredmedia":[{"embeddable":true,"href":"https:\/\/finncult.be\/nl\/wp-json\/wp\/v2\/media\/12751"}],"wp:attachment":[{"href":"https:\/\/finncult.be\/nl\/wp-json\/wp\/v2\/media?parent=13766"}],"curies":[{"name":"wp","href":"https:\/\/api.w.org\/{rel}","templated":true}]}}