{"id":13581,"date":"2022-05-02T20:07:43","date_gmt":"2022-05-02T18:07:43","guid":{"rendered":"http:\/\/finncult.asiakkaat.sigmatic.fi\/finse-cursussen\/"},"modified":"2024-05-29T15:37:15","modified_gmt":"2024-05-29T13:37:15","slug":"finse-cursussen","status":"publish","type":"page","link":"https:\/\/finncult.be\/nl\/finse-cursussen\/","title":{"rendered":"Finse cursussen"},"content":{"rendered":"<p>[et_pb_section fb_built=&#8221;1&#8243; fullwidth=&#8221;on&#8221; _builder_version=&#8221;4.16&#8243; _module_preset=&#8221;default&#8221; global_colors_info=&#8221;{}&#8221;][et_pb_fullwidth_header title=&#8221;Finse cursussen&#8221; text_orientation=&#8221;center&#8221; background_overlay_color=&#8221;rgba(81,0,35,0.5)&#8221; _builder_version=&#8221;4.17.6&#8243; _module_preset=&#8221;default&#8221; title_font=&#8221;no1-Regular||||||||&#8221; title_text_align=&#8221;center&#8221; title_font_size=&#8221;60px&#8221; title_line_height=&#8221;1.3em&#8221; background_image=&#8221;https:\/\/finncult.be\/wp-content\/uploads\/2022\/06\/Fin-courses.png&#8221; module_alignment=&#8221;center&#8221; min_height=&#8221;493px&#8221; custom_css_title=&#8221;padding-top:15%;&#8221; border_style_all_image=&#8221;none&#8221; global_colors_info=&#8221;{}&#8221;][\/et_pb_fullwidth_header][\/et_pb_section][et_pb_section fb_built=&#8221;1&#8243; _builder_version=&#8221;4.16&#8243; background_color=&#8221;#FEF7FB&#8221; global_colors_info=&#8221;{}&#8221;][et_pb_row column_structure=&#8221;1_5,3_5,1_5&#8243; _builder_version=&#8221;4.17.4&#8243; background_size=&#8221;initial&#8221; background_position=&#8221;top_left&#8221; background_repeat=&#8221;repeat&#8221; global_colors_info=&#8221;{}&#8221;][et_pb_column type=&#8221;1_5&#8243; _builder_version=&#8221;4.16&#8243; custom_padding=&#8221;|||&#8221; global_colors_info=&#8221;{}&#8221; custom_padding__hover=&#8221;|||&#8221;][\/et_pb_column][et_pb_column type=&#8221;3_5&#8243; _builder_version=&#8221;4.16&#8243; custom_padding=&#8221;|||&#8221; global_colors_info=&#8221;{}&#8221; custom_padding__hover=&#8221;|||&#8221;][et_pb_text admin_label=&#8221;Text&#8221; _builder_version=&#8221;4.21.0&#8243; header_font=&#8221;no1-Regular||||||||&#8221; background_size=&#8221;initial&#8221; background_position=&#8221;top_left&#8221; background_repeat=&#8221;repeat&#8221; global_colors_info=&#8221;{}&#8221;]<\/p>\n<h1>Finse cursussen<\/h1>\n<p><a href=\"https:\/\/finncult.be\/finnish-courses\/\">Klik hier voor actuele informatie in het Engels.<\/a><\/p>\n<p>Wil je graag beginnen aan de ontdekkingsreis van het leren van Fins? Ben je op zoek naar kwaliteit en flexibiliteit? Bij het Fins Cultureel Instituut voor de Benelux bieden we Finse taalcursussen aan op alle niveaus en de lessen zijn toegankelijk voor iedereen, waar je je ook bevindt!<\/p>\n<p>Ons schooljaar is opgedeeld in twee delen, waarvoor je apart inschrijft en betaalt. Het lesgeld bedraagt 300 euro voor \u00e9\u00e9n semester. Het jaar begint in september en wordt gevolgd door het tweede semester dat in februari begint. E\u00e9n niveau Fins staat gelijk aan een jaar les, en wij bieden cursussen aan op 5 niveaus, van beginners tot gevorderden. Elke cursus bestaat uit 56 lessen van elks 45 minuten.<\/p>\n<p>Aan het begin van de cursus bespreken de docenten het lesrooster. Als onderwijstalen worden Fins en Engels gebruikt. Als je halverwege een cursus wilt instappen, dan kan dat, maar we vragen je wel om vertrouwd te raken met de onderwerpen die in de vorige cursusperiode zijn behandeld. Je kan de cursusonderwerpen hieronder bekijken.<\/p>\n<h2>\u00a0<\/h2>\n<h2>Niveaus<\/h2>\n<p>[\/et_pb_text][et_pb_toggle title=&#8221;NIVEAU 1&#8243; open_toggle_text_color=&#8221;#510023&#8243; open_toggle_background_color=&#8221;#FEF7FB&#8221; closed_toggle_text_color=&#8221;#DA589B&#8221; closed_toggle_background_color=&#8221;#FEF7FB&#8221; icon_color=&#8221;#DA589B&#8221; open_icon_color=&#8221;#DA589B&#8221; _builder_version=&#8221;4.17.6&#8243; _module_preset=&#8221;default&#8221; title_text_color=&#8221;#510023&#8243; body_text_color=&#8221;#510023&#8243; border_color_all=&#8221;#DA589B&#8221; global_colors_info=&#8221;{}&#8221;]<\/p>\n<p>This is an elementary course, aimed at beginners and consists of 1,5 hours per week. The group meets 14 times during the autumn term. The group will start from chapter 1 of <a href=\"https:\/\/finnlectura.fi\/oppimateriaalit\/suomi-toisena-kielena\/suomen-mestari\/uudistettu-suomen-mestari-1\/\" target=\"_blank\" rel=\"noopener\">Suomen mestari 1<\/a> (post-2020 edition).<\/p>\n<p>TOPICS COVERED IN THIS COURSE:<\/p>\n<ul>\n<li>vocabulary: languages, cardinal numbers, countries and nationalities, colours, days, weeks, months, seasons, weather, appearance, family and relatives, clock<\/li>\n<li>verbs: verb conjugation in present tense, verb types 1-5<\/li>\n<li>vowel harmony, consonant gradation (\u201ck-p-t\u201d)<\/li>\n<li>pronunciation<\/li>\n<li>nominative, genitive and partitive singular<\/li>\n<li>demonstrative pronouns<\/li>\n<li>minulla on -sentence<\/li>\n<\/ul>\n<p>[\/et_pb_toggle][et_pb_toggle title=&#8221;NIVEAU 2&#8243; open_toggle_text_color=&#8221;#510023&#8243; closed_toggle_text_color=&#8221;#DA589B&#8221; icon_color=&#8221;#DA589B&#8221; open_icon_color=&#8221;#DA589B&#8221; _builder_version=&#8221;4.17.6&#8243; _module_preset=&#8221;default&#8221; title_text_color=&#8221;#510023&#8243; background_color=&#8221;#FEF7FB&#8221; border_color_all=&#8221;#DA589B&#8221; global_colors_info=&#8221;{}&#8221;]<\/p>\n<p>This course is an advanced course. The group will continue from chapter 6 of Suomen mestari 1 (pre-2020 edition). The group meets 14 times during the autumn term.<\/p>\n<p>TOPICS COVERED IN THIS COURSE<\/p>\n<ul>\n<li>vocabulary: travelling, transportation, apartments and furniture, parties, food, work life and professions, ordinal numbers and dates<\/li>\n<li>verbs: imperative singular<\/li>\n<li>locative cases (Min\u00e4 asun Belgiassa, Min\u00e4 tulen Suomesta etc.)<\/li>\n<li>nominative plural<\/li>\n<li>partitive singular and plural<\/li>\n<li>postpositions<\/li>\n<li>the basics of object<\/li>\n<li>word types i-i, i-e, e, nen, si, in, as\/\u00e4s, is<\/li>\n<\/ul>\n<p>[\/et_pb_toggle][et_pb_toggle title=&#8221;NIVEAU 3&#8243; open_toggle_text_color=&#8221;#510023&#8243; closed_toggle_text_color=&#8221;#DA589B&#8221; icon_color=&#8221;#DA589B&#8221; open_icon_color=&#8221;#DA589B&#8221; _builder_version=&#8221;4.17.6&#8243; _module_preset=&#8221;default&#8221; title_text_color=&#8221;#DA589B&#8221; body_text_color=&#8221;#510023&#8243; background_color=&#8221;#FEF7FB&#8221; border_color_all=&#8221;#DA589B&#8221; global_colors_info=&#8221;{}&#8221;]<\/p>\n<p>This course is an advanced course. The group will continue from chapter 1 of Suomen mestari 2. The group meets 14 times during the autumn term.<\/p>\n<p>TOPICS COVERED IN THIS COURSE:<\/p>\n<ul>\n<li>vocabulary: travelling, clothes, time, illness and health, nature and summerhouse life, sauna culture, hobbies, everyday plans<\/li>\n<li>verbs: positive and negative past tense, transitive and intransitive verbs, verb type 6,verbs with infinitives (Menen nukkumaan.)<\/li>\n<li>genitive and partitive object (Min\u00e4 luen kirjaa.\/Min\u00e4 luen kirjan.)<\/li>\n<li>necessive construction (Minun t\u00e4ytyy opiskella suomea.)<\/li>\n<li>relative pronoun joka<\/li>\n<li>word types us\/ys, os\/\u00f6s, es, in, e, as\/\u00e4s<\/li>\n<\/ul>\n<p>[\/et_pb_toggle][et_pb_toggle title=&#8221;NIVEAU 4&#8243; open_toggle_text_color=&#8221;#510023&#8243; closed_toggle_text_color=&#8221;#DA589B&#8221; icon_color=&#8221;#DA589B&#8221; open_icon_color=&#8221;#DA589B&#8221; _builder_version=&#8221;4.17.6&#8243; _module_preset=&#8221;default&#8221; title_text_color=&#8221;#510023&#8243; background_color=&#8221;#FEF7FB&#8221; border_color_all=&#8221;#DA589B&#8221; global_colors_info=&#8221;{}&#8221;]<\/p>\n<p>This course is an advanced course. The group will continue from chapter 5 of Suomen mestari 2. The group meets 14 times during the autumn term.<\/p>\n<p>TOPICS COVERED IN THIS COURSE:<\/p>\n<ul>\n<li>vocabulary: events and ceremonies, habits, education and work life, shopping<\/li>\n<li>verbs: perfect and past perfect tenses \u2013 word types ut\/yt, nut\/nyt, Vus\/Vys<\/li>\n<li>possessive suffix (Minun kirja, minun kirjani)<\/li>\n<li>i-plural in different cases (Asun talossa. Asumme taloissa.)<\/li>\n<li>relative pronouns and pronouns<\/li>\n<li>comparison in nominative singular<\/li>\n<\/ul>\n<p>[\/et_pb_toggle][et_pb_toggle title=&#8221;NIVEAU 5&#8243; open_toggle_text_color=&#8221;#510023&#8243; closed_toggle_text_color=&#8221;#DA589B&#8221; icon_color=&#8221;#DA589B&#8221; open_icon_color=&#8221;#DA589B&#8221; _builder_version=&#8221;4.17.6&#8243; _module_preset=&#8221;default&#8221; title_text_color=&#8221;#510023&#8243; body_text_color=&#8221;#510023&#8243; background_color=&#8221;#FEF7FB&#8221; border_color_all=&#8221;#DA589B&#8221; global_colors_info=&#8221;{}&#8221;]<\/p>\n<p>This course is an advanced course. The group will continue studying from chapter 1 of Suomen mestari 3. The group will meet 14 times during the autumn term.<\/p>\n<p>TOPICS COVERED IN THIS COURSE:<\/p>\n<ul>\n<li>vocabulary: environment, recycling, sustainability, culture, arts, history, society, geography, sights, expressions of time, letters, and e-mails<\/li>\n<li>verbs: conditional present and perfect tense, passive present and past tense, passive perfect and past perfect tense, passive conditional, and imperative plural<\/li>\n<li>passive object<\/li>\n<li>word types: ton\/t\u00f6n, l\u00e4mmin and kansi<\/li>\n<li>adjectives: ton\/t\u00f6n and -llinen<\/li>\n<li>adverbs: sti (nopeasti)<\/li>\n<\/ul>\n<p>[\/et_pb_toggle][et_pb_toggle title=&#8221;NIVEAU 6&#8243; open_toggle_text_color=&#8221;#510023&#8243; closed_toggle_text_color=&#8221;#DA589B&#8221; icon_color=&#8221;#DA589B&#8221; open_icon_color=&#8221;#DA589B&#8221; _builder_version=&#8221;4.17.6&#8243; _module_preset=&#8221;default&#8221; title_text_color=&#8221;#510023&#8243; body_text_color=&#8221;#510023&#8243; background_color=&#8221;#FEF7FB&#8221; border_color_all=&#8221;#DA589B&#8221; global_colors_info=&#8221;{}&#8221;]<\/p>\n<p>This course is an advanced course. The group will continue from chapter 5 of Suomen mestari 3 and meet 14 times during the autumn term.<\/p>\n<p>TOPICS COVERED IN THIS COURSE:<\/p>\n<ul>\n<li>vocabulary: family life, cultural differences, characters, home electronics, tools and sports<\/li>\n<li>cases: translative and essive \u2013 adjectives: comparative and superlative<\/li>\n<li>pronouns:\u00a0<em>kumpi, kumpikin, ei kumpikaan<\/em><\/li>\n<li>sentence types<\/li>\n<\/ul>\n<p>[\/et_pb_toggle][et_pb_text _builder_version=&#8221;4.24.3&#8243; _module_preset=&#8221;default&#8221; hover_enabled=&#8221;0&#8243; global_colors_info=&#8221;{}&#8221; sticky_enabled=&#8221;0&#8243;]<\/p>\n<h2>\u00a0<\/h2>\n<h2>Locatie<\/h2>\n<p>Al onze cursussen worden vanop afstand gegeven, met behulp van Zoom videogesprekken. Voordat je jezelf inschrijft voor de cursus, moet je controleren of de beeld- en geluidselementen van je computer werken en of je een stabiele internetverbinding hebt, zodat je actief kan deelnemen aan de lessen. Houd er rekening mee dat de lessen niet worden opgenomen.<\/p>\n<p>&nbsp;<\/p>\n<h2><span style=\"font-weight: 400;\">Lesgeld<\/span><\/h2>\n<p>Het lesgeld bedraagt 300 euro per semester.<\/p>\n<p>De betaling moet voor het begin van de cursus worden overgemaakt op de rekening van het Fins Cultureel Instituut voor de Benelux. Je ontvangt de betalingsgegevens nadat je je hebt ingeschreven. Let wel: het cursusboek is niet inbegrepen in het cursusgeld. De cursussen vinden plaats als er ten minste 6 studenten per cursus zijn ingeschreven.<\/p>\n<p>&nbsp;<\/p>\n<h2>Onze Leraren<\/h2>\n<p><strong>Merja Heikkinen<\/strong><\/p>\n<p><strong>Kaija Kauppinen<\/strong><\/p>\n<p><strong>Sanna Joutsijoki<\/strong><\/p>\n<p>&nbsp;<\/p>\n<h2>Priv\u00e9lessen<\/h2>\n<p>Wij organiseren ook priv\u00e9lessen Fins die 650 euro\/10 lessen kosten (een les duurt 45 minuten). Neem contact op met het Hoofd Administratie, <strong>Eeva-Maria Viitanen<\/strong>\u00a0voor meer informatie op <a href=\"mailto:eeva-maria.viitanen@finncult.be\" target=\"_blank\" rel=\"noopener\">eeva-maria.viitanen@finncult.be<\/a><\/p>\n<h2>\u00a0<\/h2>\n<p>[\/et_pb_text][\/et_pb_column][et_pb_column type=&#8221;1_5&#8243; _builder_version=&#8221;4.16&#8243; custom_padding=&#8221;|||&#8221; global_colors_info=&#8221;{}&#8221; custom_padding__hover=&#8221;|||&#8221;][\/et_pb_column][\/et_pb_row][\/et_pb_section]<\/p>\n","protected":false},"excerpt":{"rendered":"<p>Finse cursussen Klik hier voor actuele informatie in het Engels. Wil je graag beginnen aan de ontdekkingsreis van het leren van Fins? Ben je op zoek naar kwaliteit en flexibiliteit? Bij het Fins Cultureel Instituut voor de Benelux bieden we Finse taalcursussen aan op alle niveaus en de lessen zijn toegankelijk voor iedereen, waar je [&hellip;]<\/p>\n","protected":false},"author":4,"featured_media":12762,"parent":0,"menu_order":4,"comment_status":"open","ping_status":"closed","template":"","meta":{"_acf_changed":false,"_et_pb_use_builder":"on","_et_pb_old_content":"","_et_gb_content_width":"","inline_featured_image":false,"footnotes":""},"class_list":["post-13581","page","type-page","status-publish","has-post-thumbnail","hentry"],"acf":[],"yoast_head":"<!-- This site is optimized with the Yoast SEO plugin v27.5 - https:\/\/yoast.com\/product\/yoast-seo-wordpress\/ -->\n<title>Finse cursussen - Finnish Cultural Institute for the Benelux<\/title>\n<meta name=\"description\" content=\"Bij het Fins Cultureel Instituut voor de Benelux bieden we Finse taalcursussen aan op alle niveaus en de lessen zijn toegankelijk voor iedereen, waar je je ook bevindt!\" \/>\n<meta name=\"robots\" content=\"index, follow, max-snippet:-1, max-image-preview:large, max-video-preview:-1\" \/>\n<link rel=\"canonical\" href=\"https:\/\/finncult.be\/nl\/finse-cursussen\/\" \/>\n<meta property=\"og:locale\" content=\"nl_NL\" \/>\n<meta property=\"og:type\" content=\"article\" \/>\n<meta property=\"og:title\" content=\"Finse cursussen - Finnish Cultural Institute for the Benelux\" \/>\n<meta property=\"og:description\" content=\"Bij het Fins Cultureel Instituut voor de Benelux bieden we Finse taalcursussen aan op alle niveaus en de lessen zijn toegankelijk voor iedereen, waar je je ook bevindt!\" \/>\n<meta property=\"og:url\" content=\"https:\/\/finncult.be\/nl\/finse-cursussen\/\" \/>\n<meta property=\"og:site_name\" content=\"Finnish Cultural Institute for the Benelux\" \/>\n<meta property=\"article:modified_time\" content=\"2024-05-29T13:37:15+00:00\" \/>\n<meta property=\"og:image\" content=\"https:\/\/finncult.be\/wp-content\/uploads\/2022\/06\/Fin-courses.png\" \/>\n\t<meta property=\"og:image:width\" content=\"1600\" \/>\n\t<meta property=\"og:image:height\" content=\"600\" \/>\n\t<meta property=\"og:image:type\" content=\"image\/png\" \/>\n<meta name=\"twitter:card\" content=\"summary_large_image\" \/>\n<meta name=\"twitter:label1\" content=\"Geschatte leestijd\" \/>\n\t<meta name=\"twitter:data1\" content=\"4 minuten\" \/>\n<script type=\"application\/ld+json\" class=\"yoast-schema-graph\">{\"@context\":\"https:\\\/\\\/schema.org\",\"@graph\":[{\"@type\":\"WebPage\",\"@id\":\"https:\\\/\\\/finncult.be\\\/nl\\\/finse-cursussen\\\/\",\"url\":\"https:\\\/\\\/finncult.be\\\/nl\\\/finse-cursussen\\\/\",\"name\":\"Finse cursussen - Finnish Cultural Institute for the Benelux\",\"isPartOf\":{\"@id\":\"https:\\\/\\\/finncult.be\\\/#website\"},\"primaryImageOfPage\":{\"@id\":\"https:\\\/\\\/finncult.be\\\/nl\\\/finse-cursussen\\\/#primaryimage\"},\"image\":{\"@id\":\"https:\\\/\\\/finncult.be\\\/nl\\\/finse-cursussen\\\/#primaryimage\"},\"thumbnailUrl\":\"https:\\\/\\\/finncult.be\\\/wp-content\\\/uploads\\\/2022\\\/06\\\/Fin-courses.png\",\"datePublished\":\"2022-05-02T18:07:43+00:00\",\"dateModified\":\"2024-05-29T13:37:15+00:00\",\"description\":\"Bij het Fins Cultureel Instituut voor de Benelux bieden we Finse taalcursussen aan op alle niveaus en de lessen zijn toegankelijk voor iedereen, waar je je ook bevindt!\",\"breadcrumb\":{\"@id\":\"https:\\\/\\\/finncult.be\\\/nl\\\/finse-cursussen\\\/#breadcrumb\"},\"inLanguage\":\"nl-NL\",\"potentialAction\":[{\"@type\":\"ReadAction\",\"target\":[\"https:\\\/\\\/finncult.be\\\/nl\\\/finse-cursussen\\\/\"]}]},{\"@type\":\"ImageObject\",\"inLanguage\":\"nl-NL\",\"@id\":\"https:\\\/\\\/finncult.be\\\/nl\\\/finse-cursussen\\\/#primaryimage\",\"url\":\"https:\\\/\\\/finncult.be\\\/wp-content\\\/uploads\\\/2022\\\/06\\\/Fin-courses.png\",\"contentUrl\":\"https:\\\/\\\/finncult.be\\\/wp-content\\\/uploads\\\/2022\\\/06\\\/Fin-courses.png\",\"width\":1600,\"height\":600,\"caption\":\"Finnish Courses\"},{\"@type\":\"BreadcrumbList\",\"@id\":\"https:\\\/\\\/finncult.be\\\/nl\\\/finse-cursussen\\\/#breadcrumb\",\"itemListElement\":[{\"@type\":\"ListItem\",\"position\":1,\"name\":\"Home\",\"item\":\"https:\\\/\\\/finncult.be\\\/nl\\\/\"},{\"@type\":\"ListItem\",\"position\":2,\"name\":\"Finse cursussen\"}]},{\"@type\":\"WebSite\",\"@id\":\"https:\\\/\\\/finncult.be\\\/#website\",\"url\":\"https:\\\/\\\/finncult.be\\\/\",\"name\":\"Finnish Cultural Institute for the Benelux\",\"description\":\"Finnish Cultural Institute for the Benelux\",\"potentialAction\":[{\"@type\":\"SearchAction\",\"target\":{\"@type\":\"EntryPoint\",\"urlTemplate\":\"https:\\\/\\\/finncult.be\\\/?s={search_term_string}\"},\"query-input\":{\"@type\":\"PropertyValueSpecification\",\"valueRequired\":true,\"valueName\":\"search_term_string\"}}],\"inLanguage\":\"nl-NL\"}]}<\/script>\n<!-- \/ Yoast SEO plugin. -->","yoast_head_json":{"title":"Finse cursussen - Finnish Cultural Institute for the Benelux","description":"Bij het Fins Cultureel Instituut voor de Benelux bieden we Finse taalcursussen aan op alle niveaus en de lessen zijn toegankelijk voor iedereen, waar je je ook bevindt!","robots":{"index":"index","follow":"follow","max-snippet":"max-snippet:-1","max-image-preview":"max-image-preview:large","max-video-preview":"max-video-preview:-1"},"canonical":"https:\/\/finncult.be\/nl\/finse-cursussen\/","og_locale":"nl_NL","og_type":"article","og_title":"Finse cursussen - Finnish Cultural Institute for the Benelux","og_description":"Bij het Fins Cultureel Instituut voor de Benelux bieden we Finse taalcursussen aan op alle niveaus en de lessen zijn toegankelijk voor iedereen, waar je je ook bevindt!","og_url":"https:\/\/finncult.be\/nl\/finse-cursussen\/","og_site_name":"Finnish Cultural Institute for the Benelux","article_modified_time":"2024-05-29T13:37:15+00:00","og_image":[{"width":1600,"height":600,"url":"https:\/\/finncult.be\/wp-content\/uploads\/2022\/06\/Fin-courses.png","type":"image\/png"}],"twitter_card":"summary_large_image","twitter_misc":{"Geschatte leestijd":"4 minuten"},"schema":{"@context":"https:\/\/schema.org","@graph":[{"@type":"WebPage","@id":"https:\/\/finncult.be\/nl\/finse-cursussen\/","url":"https:\/\/finncult.be\/nl\/finse-cursussen\/","name":"Finse cursussen - Finnish Cultural Institute for the Benelux","isPartOf":{"@id":"https:\/\/finncult.be\/#website"},"primaryImageOfPage":{"@id":"https:\/\/finncult.be\/nl\/finse-cursussen\/#primaryimage"},"image":{"@id":"https:\/\/finncult.be\/nl\/finse-cursussen\/#primaryimage"},"thumbnailUrl":"https:\/\/finncult.be\/wp-content\/uploads\/2022\/06\/Fin-courses.png","datePublished":"2022-05-02T18:07:43+00:00","dateModified":"2024-05-29T13:37:15+00:00","description":"Bij het Fins Cultureel Instituut voor de Benelux bieden we Finse taalcursussen aan op alle niveaus en de lessen zijn toegankelijk voor iedereen, waar je je ook bevindt!","breadcrumb":{"@id":"https:\/\/finncult.be\/nl\/finse-cursussen\/#breadcrumb"},"inLanguage":"nl-NL","potentialAction":[{"@type":"ReadAction","target":["https:\/\/finncult.be\/nl\/finse-cursussen\/"]}]},{"@type":"ImageObject","inLanguage":"nl-NL","@id":"https:\/\/finncult.be\/nl\/finse-cursussen\/#primaryimage","url":"https:\/\/finncult.be\/wp-content\/uploads\/2022\/06\/Fin-courses.png","contentUrl":"https:\/\/finncult.be\/wp-content\/uploads\/2022\/06\/Fin-courses.png","width":1600,"height":600,"caption":"Finnish Courses"},{"@type":"BreadcrumbList","@id":"https:\/\/finncult.be\/nl\/finse-cursussen\/#breadcrumb","itemListElement":[{"@type":"ListItem","position":1,"name":"Home","item":"https:\/\/finncult.be\/nl\/"},{"@type":"ListItem","position":2,"name":"Finse cursussen"}]},{"@type":"WebSite","@id":"https:\/\/finncult.be\/#website","url":"https:\/\/finncult.be\/","name":"Finnish Cultural Institute for the Benelux","description":"Finnish Cultural Institute for the Benelux","potentialAction":[{"@type":"SearchAction","target":{"@type":"EntryPoint","urlTemplate":"https:\/\/finncult.be\/?s={search_term_string}"},"query-input":{"@type":"PropertyValueSpecification","valueRequired":true,"valueName":"search_term_string"}}],"inLanguage":"nl-NL"}]}},"_links":{"self":[{"href":"https:\/\/finncult.be\/nl\/wp-json\/wp\/v2\/pages\/13581","targetHints":{"allow":["GET"]}}],"collection":[{"href":"https:\/\/finncult.be\/nl\/wp-json\/wp\/v2\/pages"}],"about":[{"href":"https:\/\/finncult.be\/nl\/wp-json\/wp\/v2\/types\/page"}],"author":[{"embeddable":true,"href":"https:\/\/finncult.be\/nl\/wp-json\/wp\/v2\/users\/4"}],"replies":[{"embeddable":true,"href":"https:\/\/finncult.be\/nl\/wp-json\/wp\/v2\/comments?post=13581"}],"version-history":[{"count":9,"href":"https:\/\/finncult.be\/nl\/wp-json\/wp\/v2\/pages\/13581\/revisions"}],"predecessor-version":[{"id":18745,"href":"https:\/\/finncult.be\/nl\/wp-json\/wp\/v2\/pages\/13581\/revisions\/18745"}],"wp:featuredmedia":[{"embeddable":true,"href":"https:\/\/finncult.be\/nl\/wp-json\/wp\/v2\/media\/12762"}],"wp:attachment":[{"href":"https:\/\/finncult.be\/nl\/wp-json\/wp\/v2\/media?parent=13581"}],"curies":[{"name":"wp","href":"https:\/\/api.w.org\/{rel}","templated":true}]}}