{"id":15229,"date":"2022-04-10T14:09:26","date_gmt":"2022-04-10T12:09:26","guid":{"rendered":"https:\/\/finncult.be\/institut\/accessibilite\/"},"modified":"2022-10-24T12:16:14","modified_gmt":"2022-10-24T10:16:14","slug":"accessibilite","status":"publish","type":"page","link":"https:\/\/finncult.be\/fr\/institut\/accessibilite\/","title":{"rendered":"Accessibilit\u00e9"},"content":{"rendered":"<p>[et_pb_section fb_built=\u00a0\u00bb1&Prime; fullwidth=\u00a0\u00bbon\u00a0\u00bb _builder_version=\u00a0\u00bb4.16&Prime; _module_preset=\u00a0\u00bbdefault\u00a0\u00bb global_colors_info=\u00a0\u00bb{}\u00a0\u00bb][et_pb_fullwidth_header title=\u00a0\u00bbAccessibilit\u00e9\u00a0\u00bb text_orientation=\u00a0\u00bbcenter\u00a0\u00bb background_overlay_color=\u00a0\u00bbrgba(81,0,35,0.5)\u00a0\u00bb _builder_version=\u00a0\u00bb4.18.0&Prime; _module_preset=\u00a0\u00bbdefault\u00a0\u00bb title_text_align=\u00a0\u00bbcenter\u00a0\u00bb title_font_size=\u00a0\u00bb60px\u00a0\u00bb background_image=\u00a0\u00bbhttps:\/\/finncult.be\/wp-content\/uploads\/2022\/06\/IMG_0616-scaled-e1655489317989.jpg\u00a0\u00bb min_height=\u00a0\u00bb493px\u00a0\u00bb hover_enabled=\u00a0\u00bb0&Prime; custom_css_title=\u00a0\u00bbpadding-top:15%;\u00a0\u00bb global_colors_info=\u00a0\u00bb{}\u00a0\u00bb sticky_enabled=\u00a0\u00bb0&Prime;][\/et_pb_fullwidth_header][\/et_pb_section][et_pb_section fb_built=\u00a0\u00bb1&Prime; _builder_version=\u00a0\u00bb4.16&Prime; background_color=\u00a0\u00bb#FEF7FB\u00a0\u00bb global_colors_info=\u00a0\u00bb{}\u00a0\u00bb][et_pb_row column_structure=\u00a0\u00bb1_5,3_5,1_5&Prime; _builder_version=\u00a0\u00bb4.16&Prime; background_size=\u00a0\u00bbinitial\u00a0\u00bb background_position=\u00a0\u00bbtop_left\u00a0\u00bb background_repeat=\u00a0\u00bbrepeat\u00a0\u00bb custom_padding=\u00a0\u00bb||||false|false\u00a0\u00bb global_colors_info=\u00a0\u00bb{}\u00a0\u00bb][et_pb_column type=\u00a0\u00bb1_5&Prime; _builder_version=\u00a0\u00bb4.16&Prime; custom_padding=\u00a0\u00bb|||\u00a0\u00bb global_colors_info=\u00a0\u00bb{}\u00a0\u00bb custom_padding__hover=\u00a0\u00bb|||\u00a0\u00bb][\/et_pb_column][et_pb_column type=\u00a0\u00bb3_5&Prime; _builder_version=\u00a0\u00bb4.16&Prime; custom_padding=\u00a0\u00bb|||\u00a0\u00bb global_colors_info=\u00a0\u00bb{}\u00a0\u00bb custom_padding__hover=\u00a0\u00bb|||\u00a0\u00bb][et_pb_text _builder_version=\u00a0\u00bb4.18.0&Prime; _module_preset=\u00a0\u00bbdefault\u00a0\u00bb global_colors_info=\u00a0\u00bb{}\u00a0\u00bb]<\/p>\n<h2>Le bureau de l\u2019Institute<\/h2>\n<p>L&rsquo;Institut culturel finlandais pour le Benelux est situ\u00e9 rue de l&rsquo;Arbre 14 \/ Boomstraat 14, \u00e0 Bruxelles. Le b\u00e2timent est situ\u00e9 au centre, mais malheureusement le b\u00e2timent lui-m\u00eame n&rsquo;est pas compl\u00e8tement accessible.<\/p>\n<p>Notre bureau est situ\u00e9 au troisi\u00e8me \u00e9tage. L&rsquo;entr\u00e9e du b\u00e2timent compte cinq marches et il n&rsquo;y a ni main courante ni rampe. Il n&rsquo;y a pas de portes automatiques. Il y a un ascenseur \u00e9troit, mais la porte n&rsquo;est pas automatis\u00e9e. Le bureau de l&rsquo;Institut est ouvert et spacieux. Les toilettes sont situ\u00e9es dans le couloir \u00e0 l&rsquo;ext\u00e9rieur du bureau, et bien qu&rsquo;elles soient marqu\u00e9es comme toilettes pour hommes\/femmes selon la loi belge, l&rsquo;Institut ne suit pas de r\u00e8gles strictes pour leur utilisation.<\/p>\n<p>Notre personnel est \u00e9galement disponible pour vous rencontrer en dehors de l&rsquo;Institut, si cela est d\u00e9cid\u00e9. Nous encourageons les visiteurs \u00e0 nous faire savoir ce qui leur convient le mieux en termes d&rsquo;accessibilit\u00e9.<\/p>\n<p>N&rsquo;h\u00e9sitez pas \u00e0 nous contacter par t\u00e9l\u00e9phone ou par e-mail si vous planifiez une visite et avez des questions sur l&rsquo;accessibilit\u00e9.<\/p>\n<p>+32 468 15 56 72<\/p>\n<p><a href=\"mailto:info@finncult.be\" target=\"_blank\" rel=\"noopener\">info@finncult.be<\/a><\/p>\n<h2>\u00a0<\/h2>\n<h2>D\u00e9claration d&rsquo;accessibilit\u00e9 : Site web<\/h2>\n<p>Cette d\u00e9claration d&rsquo;accessibilit\u00e9 s&rsquo;applique au site Internet de l&rsquo;Institut culturel finlandais pour le Benelux https:\/\/finncult.be et a \u00e9t\u00e9 mise \u00e0 jour le 27.09.2022. Le service est soumis \u00e0 la loi sur la fourniture de services num\u00e9riques, qui exige que les services publics en ligne soient accessibles.<\/p>\n<p>L&rsquo;accessibilit\u00e9 du service a \u00e9t\u00e9 \u00e9valu\u00e9e par un organisme expert externe.<\/p>\n<h3>\u00a0<\/h3>\n<h3>Statut de conformit\u00e9<\/h3>\n<p>Ce site web est enti\u00e8rement conforme aux directives d&rsquo;accessibilit\u00e9 au contenu web.<\/p>\n<h3>\u00a0<\/h3>\n<h3>Contenu non accessible<\/h3>\n<p>Le site n&rsquo;est pas encore totalement conforme<\/p>\n<ul>\n<li style=\"font-weight: 400;\" aria-level=\"1\"><strong>D\u00e9tectable : textes alternatifs pour les images<\/strong><br \/><strong>Les contenus inaccessibles et leurs d\u00e9fauts<\/strong><br \/>Les images des actualit\u00e9s publi\u00e9es avant 2022 n&rsquo;ont pas de texte alternatif.<br \/><strong>Des exigences d&rsquo;accessibilit\u00e9 non respect\u00e9es<\/strong>\n<ul>\n<li style=\"font-weight: 400;\" aria-level=\"1\">1.1.1 Contenu non textuel<\/li>\n<\/ul>\n<\/li>\n<\/ul>\n<ul>\n<li style=\"font-weight: 400;\" aria-level=\"1\"><strong>D\u00e9tectable : le contenu est limit\u00e9 \u00e0 une position d&rsquo;\u00e9cran sp\u00e9cifique sur le mobile<\/strong><br \/>Le contenu est limit\u00e9 sur mobile \u00e0 une orientation sp\u00e9cifique de l&rsquo;\u00e9cran, c&rsquo;est-\u00e0-dire \u00e0 la verticale.<br \/><strong>Des exigences d&rsquo;accessibilit\u00e9 non respect\u00e9es<\/strong>\n<ul>\n<li style=\"font-weight: 400;\" aria-level=\"1\">1.3.4 Orientation<\/li>\n<\/ul>\n<\/li>\n<\/ul>\n<p>&nbsp;<\/p>\n<h2>Commentaires et coordonn\u00e9es<\/h2>\n<p>Avez-vous remarqu\u00e9 une faille ou un d\u00e9faut dans l&rsquo;accessibilit\u00e9 de notre service num\u00e9rique? Faites-le nous savoir et nous ferons de notre mieux pour combler cette lacune.<\/p>\n<p>Par email:\u00a0<a href=\"mailto:info@finncult.be\">info@finncult.be<\/a><br \/>En nous appellant par t\u00e9l\u00e9phone au +32 468 1556 72.<\/p>\n<p>&nbsp;<\/p>\n<h2>Autorit\u00e9 surveillant<\/h2>\n<p><span style=\"font-weight: 400;\">Si vous remarquez des probl\u00e8mes d&rsquo;accessibilit\u00e9 sur le site, veuillez d&rsquo;abord nous en faire part, l&rsquo;administrateur du site. La r\u00e9ponse peut prendre jusqu&rsquo;\u00e0 14 jours. Si vous n&rsquo;\u00eates pas satisfait de la r\u00e9ponse que vous recevez, ou si vous ne recevez aucune r\u00e9ponse dans les deux semaines, vous pouvez le signaler \u00e0 <\/span><a href=\"https:\/\/www.webaccessibility.fi\/rights-of-users\/submit-a-complaint-on-web-accessibility-or-request-clarification\/\"><span style=\"font-weight: 400;\">l&rsquo;Agence Administrative R\u00e9gionale de la Finlande du Sud. <\/span><\/a><span style=\"font-weight: 400;\">La page web de l&rsquo;Agence Administrative R\u00e9gionale de Finlande du Sud explique en d\u00e9tail (en anglais) comment d\u00e9poser une plainte et comment l&rsquo;affaire sera trait\u00e9e.<\/span><\/p>\n<p>&nbsp;<\/p>\n<h2>Coordonn\u00e9es de l\u2019autorit\u00e9 surveillant<\/h2>\n<p>l&rsquo;Agence Administrative R\u00e9gionale de la Finlande du Sud (Etel\u00e4-Suomen aluehallintovirasto)<br \/>Unit\u00e9 de contr\u00f4le de l&rsquo;accessibilit\u00e9 (Saavutettavuuden valvonnan yksikk\u00f6)<\/p>\n<p><a href=\"http:\/\/www.saavutettavuusvaatimukset.fi\"><span style=\"font-weight: 400;\">www.saavutettavuusvaatimukset.fi\u00a0<\/span><\/a><br \/><a href=\"mailto:saavutettavuus@avi.fi\"><span style=\"font-weight: 400;\">saavutettavuus@avi.fi<\/span><\/a><br \/><span style=\"font-weight: 400;\">+358 295 016 000<\/span><\/p>\n<p>&nbsp;<\/p>\n<p>[\/et_pb_text][\/et_pb_column][et_pb_column type=\u00a0\u00bb1_5&Prime; _builder_version=\u00a0\u00bb4.16&Prime; custom_padding=\u00a0\u00bb|||\u00a0\u00bb global_colors_info=\u00a0\u00bb{}\u00a0\u00bb custom_padding__hover=\u00a0\u00bb|||\u00a0\u00bb][\/et_pb_column][\/et_pb_row][\/et_pb_section]<\/p>\n","protected":false},"excerpt":{"rendered":"<p>The Finnish Cultural Institute for the Benelux is located on Rue de l\u2019Arbre 14 \/ Boomstraat 14, Brussels. The building is located centrally, but unfortunately the building itself is not widely accessible.<\/p>\n","protected":false},"author":4,"featured_media":12753,"parent":13438,"menu_order":0,"comment_status":"closed","ping_status":"closed","template":"","meta":{"_acf_changed":false,"_et_pb_use_builder":"on","_et_pb_old_content":"","_et_gb_content_width":"","inline_featured_image":false,"footnotes":""},"class_list":["post-15229","page","type-page","status-publish","has-post-thumbnail","hentry"],"acf":[],"yoast_head":"<!-- This site is optimized with the Yoast SEO plugin v27.5 - https:\/\/yoast.com\/product\/yoast-seo-wordpress\/ -->\n<title>Accessibilit\u00e9 - Finnish Cultural Institute for the Benelux<\/title>\n<meta name=\"description\" content=\"En savoir plus sur l&#039;accessibilit\u00e9 de l&#039;Institut culturel finlandais pour le Benelux\" \/>\n<meta name=\"robots\" content=\"index, follow, max-snippet:-1, max-image-preview:large, max-video-preview:-1\" \/>\n<link rel=\"canonical\" href=\"https:\/\/finncult.be\/fr\/institut\/accessibilite\/\" \/>\n<meta property=\"og:locale\" content=\"fr_FR\" \/>\n<meta property=\"og:type\" content=\"article\" \/>\n<meta property=\"og:title\" content=\"Accessibilit\u00e9 - Finnish Cultural Institute for the Benelux\" \/>\n<meta property=\"og:description\" content=\"En savoir plus sur l&#039;accessibilit\u00e9 de l&#039;Institut culturel finlandais pour le Benelux\" \/>\n<meta property=\"og:url\" content=\"https:\/\/finncult.be\/fr\/institut\/accessibilite\/\" \/>\n<meta property=\"og:site_name\" content=\"Finnish Cultural Institute for the Benelux\" \/>\n<meta property=\"article:modified_time\" content=\"2022-10-24T10:16:14+00:00\" \/>\n<meta property=\"og:image\" content=\"https:\/\/finncult.be\/wp-content\/uploads\/2022\/05\/1.png\" \/>\n\t<meta property=\"og:image:width\" content=\"1600\" \/>\n\t<meta property=\"og:image:height\" content=\"600\" \/>\n\t<meta property=\"og:image:type\" content=\"image\/png\" \/>\n<meta name=\"twitter:card\" content=\"summary_large_image\" \/>\n<meta name=\"twitter:label1\" content=\"Dur\u00e9e de lecture estim\u00e9e\" \/>\n\t<meta name=\"twitter:data1\" content=\"3 minutes\" \/>\n<script type=\"application\/ld+json\" class=\"yoast-schema-graph\">{\"@context\":\"https:\\\/\\\/schema.org\",\"@graph\":[{\"@type\":\"WebPage\",\"@id\":\"https:\\\/\\\/finncult.be\\\/fr\\\/institut\\\/accessibilite\\\/\",\"url\":\"https:\\\/\\\/finncult.be\\\/fr\\\/institut\\\/accessibilite\\\/\",\"name\":\"Accessibilit\u00e9 - Finnish Cultural Institute for the Benelux\",\"isPartOf\":{\"@id\":\"https:\\\/\\\/finncult.be\\\/#website\"},\"primaryImageOfPage\":{\"@id\":\"https:\\\/\\\/finncult.be\\\/fr\\\/institut\\\/accessibilite\\\/#primaryimage\"},\"image\":{\"@id\":\"https:\\\/\\\/finncult.be\\\/fr\\\/institut\\\/accessibilite\\\/#primaryimage\"},\"thumbnailUrl\":\"https:\\\/\\\/finncult.be\\\/wp-content\\\/uploads\\\/2022\\\/05\\\/1.png\",\"datePublished\":\"2022-04-10T12:09:26+00:00\",\"dateModified\":\"2022-10-24T10:16:14+00:00\",\"description\":\"En savoir plus sur l'accessibilit\u00e9 de l'Institut culturel finlandais pour le Benelux\",\"breadcrumb\":{\"@id\":\"https:\\\/\\\/finncult.be\\\/fr\\\/institut\\\/accessibilite\\\/#breadcrumb\"},\"inLanguage\":\"fr-FR\",\"potentialAction\":[{\"@type\":\"ReadAction\",\"target\":[\"https:\\\/\\\/finncult.be\\\/fr\\\/institut\\\/accessibilite\\\/\"]}]},{\"@type\":\"ImageObject\",\"inLanguage\":\"fr-FR\",\"@id\":\"https:\\\/\\\/finncult.be\\\/fr\\\/institut\\\/accessibilite\\\/#primaryimage\",\"url\":\"https:\\\/\\\/finncult.be\\\/wp-content\\\/uploads\\\/2022\\\/05\\\/1.png\",\"contentUrl\":\"https:\\\/\\\/finncult.be\\\/wp-content\\\/uploads\\\/2022\\\/05\\\/1.png\",\"width\":1600,\"height\":600,\"caption\":\"The Finnish institute\"},{\"@type\":\"BreadcrumbList\",\"@id\":\"https:\\\/\\\/finncult.be\\\/fr\\\/institut\\\/accessibilite\\\/#breadcrumb\",\"itemListElement\":[{\"@type\":\"ListItem\",\"position\":1,\"name\":\"Home\",\"item\":\"https:\\\/\\\/finncult.be\\\/fr\\\/\"},{\"@type\":\"ListItem\",\"position\":2,\"name\":\"Institut\",\"item\":\"https:\\\/\\\/finncult.be\\\/fr\\\/institut\\\/\"},{\"@type\":\"ListItem\",\"position\":3,\"name\":\"Accessibilit\u00e9\"}]},{\"@type\":\"WebSite\",\"@id\":\"https:\\\/\\\/finncult.be\\\/#website\",\"url\":\"https:\\\/\\\/finncult.be\\\/\",\"name\":\"Finnish Cultural Institute for the Benelux\",\"description\":\"Finnish Cultural Institute for the Benelux\",\"potentialAction\":[{\"@type\":\"SearchAction\",\"target\":{\"@type\":\"EntryPoint\",\"urlTemplate\":\"https:\\\/\\\/finncult.be\\\/?s={search_term_string}\"},\"query-input\":{\"@type\":\"PropertyValueSpecification\",\"valueRequired\":true,\"valueName\":\"search_term_string\"}}],\"inLanguage\":\"fr-FR\"}]}<\/script>\n<!-- \/ Yoast SEO plugin. -->","yoast_head_json":{"title":"Accessibilit\u00e9 - Finnish Cultural Institute for the Benelux","description":"En savoir plus sur l'accessibilit\u00e9 de l'Institut culturel finlandais pour le Benelux","robots":{"index":"index","follow":"follow","max-snippet":"max-snippet:-1","max-image-preview":"max-image-preview:large","max-video-preview":"max-video-preview:-1"},"canonical":"https:\/\/finncult.be\/fr\/institut\/accessibilite\/","og_locale":"fr_FR","og_type":"article","og_title":"Accessibilit\u00e9 - Finnish Cultural Institute for the Benelux","og_description":"En savoir plus sur l'accessibilit\u00e9 de l'Institut culturel finlandais pour le Benelux","og_url":"https:\/\/finncult.be\/fr\/institut\/accessibilite\/","og_site_name":"Finnish Cultural Institute for the Benelux","article_modified_time":"2022-10-24T10:16:14+00:00","og_image":[{"width":1600,"height":600,"url":"https:\/\/finncult.be\/wp-content\/uploads\/2022\/05\/1.png","type":"image\/png"}],"twitter_card":"summary_large_image","twitter_misc":{"Dur\u00e9e de lecture estim\u00e9e":"3 minutes"},"schema":{"@context":"https:\/\/schema.org","@graph":[{"@type":"WebPage","@id":"https:\/\/finncult.be\/fr\/institut\/accessibilite\/","url":"https:\/\/finncult.be\/fr\/institut\/accessibilite\/","name":"Accessibilit\u00e9 - Finnish Cultural Institute for the Benelux","isPartOf":{"@id":"https:\/\/finncult.be\/#website"},"primaryImageOfPage":{"@id":"https:\/\/finncult.be\/fr\/institut\/accessibilite\/#primaryimage"},"image":{"@id":"https:\/\/finncult.be\/fr\/institut\/accessibilite\/#primaryimage"},"thumbnailUrl":"https:\/\/finncult.be\/wp-content\/uploads\/2022\/05\/1.png","datePublished":"2022-04-10T12:09:26+00:00","dateModified":"2022-10-24T10:16:14+00:00","description":"En savoir plus sur l'accessibilit\u00e9 de l'Institut culturel finlandais pour le Benelux","breadcrumb":{"@id":"https:\/\/finncult.be\/fr\/institut\/accessibilite\/#breadcrumb"},"inLanguage":"fr-FR","potentialAction":[{"@type":"ReadAction","target":["https:\/\/finncult.be\/fr\/institut\/accessibilite\/"]}]},{"@type":"ImageObject","inLanguage":"fr-FR","@id":"https:\/\/finncult.be\/fr\/institut\/accessibilite\/#primaryimage","url":"https:\/\/finncult.be\/wp-content\/uploads\/2022\/05\/1.png","contentUrl":"https:\/\/finncult.be\/wp-content\/uploads\/2022\/05\/1.png","width":1600,"height":600,"caption":"The Finnish institute"},{"@type":"BreadcrumbList","@id":"https:\/\/finncult.be\/fr\/institut\/accessibilite\/#breadcrumb","itemListElement":[{"@type":"ListItem","position":1,"name":"Home","item":"https:\/\/finncult.be\/fr\/"},{"@type":"ListItem","position":2,"name":"Institut","item":"https:\/\/finncult.be\/fr\/institut\/"},{"@type":"ListItem","position":3,"name":"Accessibilit\u00e9"}]},{"@type":"WebSite","@id":"https:\/\/finncult.be\/#website","url":"https:\/\/finncult.be\/","name":"Finnish Cultural Institute for the Benelux","description":"Finnish Cultural Institute for the Benelux","potentialAction":[{"@type":"SearchAction","target":{"@type":"EntryPoint","urlTemplate":"https:\/\/finncult.be\/?s={search_term_string}"},"query-input":{"@type":"PropertyValueSpecification","valueRequired":true,"valueName":"search_term_string"}}],"inLanguage":"fr-FR"}]}},"_links":{"self":[{"href":"https:\/\/finncult.be\/fr\/wp-json\/wp\/v2\/pages\/15229","targetHints":{"allow":["GET"]}}],"collection":[{"href":"https:\/\/finncult.be\/fr\/wp-json\/wp\/v2\/pages"}],"about":[{"href":"https:\/\/finncult.be\/fr\/wp-json\/wp\/v2\/types\/page"}],"author":[{"embeddable":true,"href":"https:\/\/finncult.be\/fr\/wp-json\/wp\/v2\/users\/4"}],"replies":[{"embeddable":true,"href":"https:\/\/finncult.be\/fr\/wp-json\/wp\/v2\/comments?post=15229"}],"version-history":[{"count":3,"href":"https:\/\/finncult.be\/fr\/wp-json\/wp\/v2\/pages\/15229\/revisions"}],"predecessor-version":[{"id":15241,"href":"https:\/\/finncult.be\/fr\/wp-json\/wp\/v2\/pages\/15229\/revisions\/15241"}],"up":[{"embeddable":true,"href":"https:\/\/finncult.be\/fr\/wp-json\/wp\/v2\/pages\/13438"}],"wp:featuredmedia":[{"embeddable":true,"href":"https:\/\/finncult.be\/fr\/wp-json\/wp\/v2\/media\/12753"}],"wp:attachment":[{"href":"https:\/\/finncult.be\/fr\/wp-json\/wp\/v2\/media?parent=15229"}],"curies":[{"name":"wp","href":"https:\/\/api.w.org\/{rel}","templated":true}]}}