{"id":13440,"date":"2022-05-02T20:07:43","date_gmt":"2022-05-02T18:07:43","guid":{"rendered":"http:\/\/finncult.asiakkaat.sigmatic.fi\/cours-de-finnois\/"},"modified":"2024-05-29T15:36:20","modified_gmt":"2024-05-29T13:36:20","slug":"cours-de-finnois","status":"publish","type":"page","link":"https:\/\/finncult.be\/fr\/cours-de-finnois\/","title":{"rendered":"Cours de finnois"},"content":{"rendered":"<p>[et_pb_section fb_built=\u00a0\u00bb1&Prime; fullwidth=\u00a0\u00bbon\u00a0\u00bb _builder_version=\u00a0\u00bb4.16&Prime; _module_preset=\u00a0\u00bbdefault\u00a0\u00bb global_colors_info=\u00a0\u00bb{}\u00a0\u00bb][et_pb_fullwidth_header title=\u00a0\u00bbCours de finnois\u00a0\u00bb text_orientation=\u00a0\u00bbcenter\u00a0\u00bb background_overlay_color=\u00a0\u00bbrgba(81,0,35,0.5)\u00a0\u00bb _builder_version=\u00a0\u00bb4.17.6&Prime; _module_preset=\u00a0\u00bbdefault\u00a0\u00bb title_font=\u00a0\u00bbno1-Regular||||||||\u00a0\u00bb title_text_align=\u00a0\u00bbcenter\u00a0\u00bb title_font_size=\u00a0\u00bb60px\u00a0\u00bb title_line_height=\u00a0\u00bb1.3em\u00a0\u00bb background_image=\u00a0\u00bbhttps:\/\/finncult.be\/wp-content\/uploads\/2022\/06\/Fin-courses.png\u00a0\u00bb module_alignment=\u00a0\u00bbcenter\u00a0\u00bb min_height=\u00a0\u00bb493px\u00a0\u00bb custom_css_title=\u00a0\u00bbpadding-top:15%;\u00a0\u00bb border_style_all_image=\u00a0\u00bbnone\u00a0\u00bb global_colors_info=\u00a0\u00bb{}\u00a0\u00bb][\/et_pb_fullwidth_header][\/et_pb_section][et_pb_section fb_built=\u00a0\u00bb1&Prime; _builder_version=\u00a0\u00bb4.16&Prime; background_color=\u00a0\u00bb#FEF7FB\u00a0\u00bb global_colors_info=\u00a0\u00bb{}\u00a0\u00bb][et_pb_row column_structure=\u00a0\u00bb1_5,3_5,1_5&Prime; _builder_version=\u00a0\u00bb4.17.4&Prime; background_size=\u00a0\u00bbinitial\u00a0\u00bb background_position=\u00a0\u00bbtop_left\u00a0\u00bb background_repeat=\u00a0\u00bbrepeat\u00a0\u00bb global_colors_info=\u00a0\u00bb{}\u00a0\u00bb][et_pb_column type=\u00a0\u00bb1_5&Prime; _builder_version=\u00a0\u00bb4.16&Prime; custom_padding=\u00a0\u00bb|||\u00a0\u00bb global_colors_info=\u00a0\u00bb{}\u00a0\u00bb custom_padding__hover=\u00a0\u00bb|||\u00a0\u00bb][\/et_pb_column][et_pb_column type=\u00a0\u00bb3_5&Prime; _builder_version=\u00a0\u00bb4.16&Prime; custom_padding=\u00a0\u00bb|||\u00a0\u00bb global_colors_info=\u00a0\u00bb{}\u00a0\u00bb custom_padding__hover=\u00a0\u00bb|||\u00a0\u00bb][et_pb_text admin_label=\u00a0\u00bbText\u00a0\u00bb _builder_version=\u00a0\u00bb4.24.3&Prime; header_font=\u00a0\u00bbno1-Regular||||||||\u00a0\u00bb background_size=\u00a0\u00bbinitial\u00a0\u00bb background_position=\u00a0\u00bbtop_left\u00a0\u00bb background_repeat=\u00a0\u00bbrepeat\u00a0\u00bb hover_enabled=\u00a0\u00bb0&Prime; global_colors_info=\u00a0\u00bb{}\u00a0\u00bb sticky_enabled=\u00a0\u00bb0&Prime;]<\/p>\n<h1>Cours de finnois<\/h1>\n<p><a href=\"https:\/\/finncult.be\/finnish-courses\/\">Cliquez ici pour les infos actuels en anglais.<\/a><\/p>\n<p>Vous voulez embarquer dans l&rsquo;incroyable aventure d&rsquo;apprendre le finnois ? Vous recherchez la qualit\u00e9 et la flexibilit\u00e9 ? \u00c0 l&rsquo;Institut culturel finlandais pour le Benelux, nous proposons des cours de finnois adapt\u00e9s \u00e0 tous les niveaux et ouverts \u00e0 tout le monde, o\u00f9 que vous soyez !<\/p>\n<p>Notre ann\u00e9e scolaire est divis\u00e9e en deux, avec une inscription et un paiement s\u00e9par\u00e9s pour chaque p\u00e9riode. Les frais sont de 300 euros par semestre. Le premier semestre d\u00e9bute en septembre et se poursuit par un second semestre en f\u00e9vrier. Chaque niveau de finnois correspond \u00e0 une ann\u00e9e de cours, et nous proposons des cours pour cinq niveaux, de d\u00e9butant \u00e0 avanc\u00e9. Chaque module consiste en 56 cours de 45 minutes.<\/p>\n<p>Les enseignantes discuteront du planning au d\u00e9but de l&rsquo;ann\u00e9e. Le finnois et l&rsquo;anglais sont utilis\u00e9s comme langues d&rsquo;apprentissage. Si vous souhaitez rejoindre un module en cours d&rsquo;ann\u00e9e, c&rsquo;est possible, mais nous vous demanderons de vous familiariser avec les sujets \u00e9tudi\u00e9s lors du semestre pr\u00e9c\u00e9dent. Vous pouvez consulter les sujets de cours ci-dessous.<\/p>\n<h2>\u00a0<\/h2>\n<h2>Niveaux<\/h2>\n<p>[\/et_pb_text][et_pb_toggle title=\u00a0\u00bbNIVEAU 1 \u00a0\u00bb open_toggle_text_color=\u00a0\u00bb#510023&Prime; open_toggle_background_color=\u00a0\u00bb#FEF7FB\u00a0\u00bb closed_toggle_text_color=\u00a0\u00bb#DA589B\u00a0\u00bb closed_toggle_background_color=\u00a0\u00bb#FEF7FB\u00a0\u00bb icon_color=\u00a0\u00bb#DA589B\u00a0\u00bb open_icon_color=\u00a0\u00bb#DA589B\u00a0\u00bb _builder_version=\u00a0\u00bb4.24.3&Prime; _module_preset=\u00a0\u00bbdefault\u00a0\u00bb title_text_color=\u00a0\u00bb#510023&Prime; body_text_color=\u00a0\u00bb#510023&Prime; hover_enabled=\u00a0\u00bb0&Prime; border_color_all=\u00a0\u00bb#DA589B\u00a0\u00bb global_colors_info=\u00a0\u00bb{}\u00a0\u00bb sticky_enabled=\u00a0\u00bb0&Prime;]<\/p>\n<p>This is an elementary course, aimed at beginners and consists of 1,5 hours per week. The group meets 14 times during the autumn term. The group will start from chapter 1 of <a href=\"https:\/\/finnlectura.fi\/oppimateriaalit\/suomi-toisena-kielena\/suomen-mestari\/uudistettu-suomen-mestari-1\/\">Suomen mestari 1<\/a> (post-2020 edition).<\/p>\n<p>TOPICS COVERED IN THIS COURSE:<\/p>\n<ul>\n<li>vocabulary: languages, cardinal numbers, countries and nationalities, colours, days, weeks, months, seasons, weather, appearance, family and relatives, clock<\/li>\n<li>verbs: verb conjugation in present tense, verb types 1-5<\/li>\n<li>vowel harmony, consonant gradation (\u201ck-p-t\u201d)<\/li>\n<li>pronunciation<\/li>\n<li>nominative, genitive and partitive singular<\/li>\n<li>demonstrative pronouns<\/li>\n<li>minulla on -sentence<\/li>\n<\/ul>\n<p>[\/et_pb_toggle][et_pb_toggle title=\u00a0\u00bbNIVEAU 2 \u00a0\u00bb open_toggle_text_color=\u00a0\u00bb#510023&Prime; closed_toggle_text_color=\u00a0\u00bb#DA589B\u00a0\u00bb icon_color=\u00a0\u00bb#DA589B\u00a0\u00bb open_icon_color=\u00a0\u00bb#DA589B\u00a0\u00bb _builder_version=\u00a0\u00bb4.17.6&Prime; _module_preset=\u00a0\u00bbdefault\u00a0\u00bb title_text_color=\u00a0\u00bb#510023&Prime; background_color=\u00a0\u00bb#FEF7FB\u00a0\u00bb border_color_all=\u00a0\u00bb#DA589B\u00a0\u00bb global_colors_info=\u00a0\u00bb{}\u00a0\u00bb]<\/p>\n<p>This course is an advanced course. The group will continue from chapter 6 of Suomen mestari 1 (pre-2020 edition). The group meets 14 times during the autumn term.<\/p>\n<p>TOPICS COVERED IN THIS COURSE<\/p>\n<ul>\n<li>vocabulary: travelling, transportation, apartments and furniture, parties, food, work life and professions, ordinal numbers and dates<\/li>\n<li>verbs: imperative singular<\/li>\n<li>locative cases (Min\u00e4 asun Belgiassa, Min\u00e4 tulen Suomesta etc.)<\/li>\n<li>nominative plural<\/li>\n<li>partitive singular and plural<\/li>\n<li>postpositions<\/li>\n<li>the basics of object<\/li>\n<li>word types i-i, i-e, e, nen, si, in, as\/\u00e4s, is<\/li>\n<\/ul>\n<p>[\/et_pb_toggle][et_pb_toggle title=\u00a0\u00bbNIVEAU 3&Prime; open_toggle_text_color=\u00a0\u00bb#510023&Prime; closed_toggle_text_color=\u00a0\u00bb#DA589B\u00a0\u00bb icon_color=\u00a0\u00bb#DA589B\u00a0\u00bb open_icon_color=\u00a0\u00bb#DA589B\u00a0\u00bb _builder_version=\u00a0\u00bb4.17.6&Prime; _module_preset=\u00a0\u00bbdefault\u00a0\u00bb title_text_color=\u00a0\u00bb#DA589B\u00a0\u00bb body_text_color=\u00a0\u00bb#510023&Prime; background_color=\u00a0\u00bb#FEF7FB\u00a0\u00bb border_color_all=\u00a0\u00bb#DA589B\u00a0\u00bb global_colors_info=\u00a0\u00bb{}\u00a0\u00bb]<\/p>\n<p>This course is an advanced course. The group will continue from chapter 1 of Suomen mestari 2. The group meets 14 times during the autumn term.<\/p>\n<p>TOPICS COVERED IN THIS COURSE:<\/p>\n<ul>\n<li>vocabulary: travelling, clothes, time, illness and health, nature and summerhouse life, sauna culture, hobbies, everyday plans<\/li>\n<li>verbs: positive and negative past tense, transitive and intransitive verbs, verb type 6,verbs with infinitives (Menen nukkumaan.)<\/li>\n<li>genitive and partitive object (Min\u00e4 luen kirjaa.\/Min\u00e4 luen kirjan.)<\/li>\n<li>necessive construction (Minun t\u00e4ytyy opiskella suomea.)<\/li>\n<li>relative pronoun joka<\/li>\n<li>word types us\/ys, os\/\u00f6s, es, in, e, as\/\u00e4s<\/li>\n<\/ul>\n<p>[\/et_pb_toggle][et_pb_toggle title=\u00a0\u00bbNIVEAU 4&Prime; open_toggle_text_color=\u00a0\u00bb#510023&Prime; closed_toggle_text_color=\u00a0\u00bb#DA589B\u00a0\u00bb icon_color=\u00a0\u00bb#DA589B\u00a0\u00bb open_icon_color=\u00a0\u00bb#DA589B\u00a0\u00bb _builder_version=\u00a0\u00bb4.17.6&Prime; _module_preset=\u00a0\u00bbdefault\u00a0\u00bb title_text_color=\u00a0\u00bb#510023&Prime; background_color=\u00a0\u00bb#FEF7FB\u00a0\u00bb border_color_all=\u00a0\u00bb#DA589B\u00a0\u00bb global_colors_info=\u00a0\u00bb{}\u00a0\u00bb]<\/p>\n<p>This course is an advanced course. The group will continue from chapter 5 of Suomen mestari 2. The group meets 14 times during the autumn term.<\/p>\n<p>TOPICS COVERED IN THIS COURSE:<\/p>\n<ul>\n<li>vocabulary: events and ceremonies, habits, education and work life, shopping<\/li>\n<li>verbs: perfect and past perfect tenses \u2013 word types ut\/yt, nut\/nyt, Vus\/Vys<\/li>\n<li>possessive suffix (Minun kirja, minun kirjani)<\/li>\n<li>i-plural in different cases (Asun talossa. Asumme taloissa.)<\/li>\n<li>relative pronouns and pronouns<\/li>\n<li>comparison in nominative singular<\/li>\n<\/ul>\n<p>[\/et_pb_toggle][et_pb_toggle title=\u00a0\u00bbNIVEAU 5 \u00a0\u00bb open_toggle_text_color=\u00a0\u00bb#510023&Prime; closed_toggle_text_color=\u00a0\u00bb#DA589B\u00a0\u00bb icon_color=\u00a0\u00bb#DA589B\u00a0\u00bb open_icon_color=\u00a0\u00bb#DA589B\u00a0\u00bb _builder_version=\u00a0\u00bb4.17.6&Prime; _module_preset=\u00a0\u00bbdefault\u00a0\u00bb title_text_color=\u00a0\u00bb#510023&Prime; body_text_color=\u00a0\u00bb#510023&Prime; background_color=\u00a0\u00bb#FEF7FB\u00a0\u00bb border_color_all=\u00a0\u00bb#DA589B\u00a0\u00bb global_colors_info=\u00a0\u00bb{}\u00a0\u00bb]<\/p>\n<p>This course is an advanced course. The group will continue studying from chapter 1 of Suomen mestari 3. The group will meet 14 times during the autumn term.<\/p>\n<p>TOPICS COVERED IN THIS COURSE:<\/p>\n<ul>\n<li>vocabulary: environment, recycling, sustainability, culture, arts, history, society, geography, sights, expressions of time, letters, and e-mails<\/li>\n<li>verbs: conditional present and perfect tense, passive present and past tense, passive perfect and past perfect tense, passive conditional, and imperative plural<\/li>\n<li>passive object<\/li>\n<li>word types: ton\/t\u00f6n, l\u00e4mmin and kansi<\/li>\n<li>adjectives: ton\/t\u00f6n and -llinen<\/li>\n<li>adverbs: sti (nopeasti)<\/li>\n<\/ul>\n<p>[\/et_pb_toggle][et_pb_toggle title=\u00a0\u00bbNIVEAU 6&Prime; open_toggle_text_color=\u00a0\u00bb#510023&Prime; closed_toggle_text_color=\u00a0\u00bb#DA589B\u00a0\u00bb icon_color=\u00a0\u00bb#DA589B\u00a0\u00bb open_icon_color=\u00a0\u00bb#DA589B\u00a0\u00bb _builder_version=\u00a0\u00bb4.17.6&Prime; _module_preset=\u00a0\u00bbdefault\u00a0\u00bb title_text_color=\u00a0\u00bb#510023&Prime; body_text_color=\u00a0\u00bb#510023&Prime; background_color=\u00a0\u00bb#FEF7FB\u00a0\u00bb border_color_all=\u00a0\u00bb#DA589B\u00a0\u00bb global_colors_info=\u00a0\u00bb{}\u00a0\u00bb]<\/p>\n<p>This course is an advanced course. The group will continue from chapter 5 of Suomen mestari 3 and meet 14 times during the autumn term.<\/p>\n<p>TOPICS COVERED IN THIS COURSE:<\/p>\n<ul>\n<li>vocabulary: family life, cultural differences, characters, home electronics, tools and sports<\/li>\n<li>cases: translative and essive \u2013 adjectives: comparative and superlative<\/li>\n<li>pronouns:\u00a0<em>kumpi, kumpikin, ei kumpikaan<\/em><\/li>\n<li>sentence types<\/li>\n<\/ul>\n<p>[\/et_pb_toggle][et_pb_text _builder_version=\u00a0\u00bb4.24.3&Prime; _module_preset=\u00a0\u00bbdefault\u00a0\u00bb hover_enabled=\u00a0\u00bb0&Prime; global_colors_info=\u00a0\u00bb{}\u00a0\u00bb sticky_enabled=\u00a0\u00bb0&Prime;]<\/p>\n<h2>\u00a0<\/h2>\n<h2>Adresse<\/h2>\n<p>Tous nos cours se d\u00e9roulent \u00e0 distance par le biais d&rsquo;appels vid\u00e9o sur Zoom. Avant de vous inscrire, veuillez v\u00e9rifier que la vid\u00e9o et l&rsquo;audio de votre ordinateur fonctionnent correctement et que vous disposez d&rsquo;une connexion Internet stable pour pouvoir participer aux cours de fa\u00e7on active. Veuillez noter que les cours ne sont pas enregistr\u00e9s.<\/p>\n<p>&nbsp;<\/p>\n<h2>Frais d&rsquo;inscription<\/h2>\n<p>Les frais sont de 300 euros par semestre.<\/p>\n<p>Le paiement doit \u00eatre effectu\u00e9 avant le d\u00e9but du module sur le compte de l&rsquo;Institut culturel finlandais pour le Benelux. Vous recevrez les informations relatives au paiement une fois votre inscription effectu\u00e9e. Veuillez noter que le manuel utilis\u00e9 dans les cours n&rsquo;est pas inclus dans les frais d&rsquo;inscription. Les cours ne se d\u00e9roulent que s&rsquo;il y a un minimum de 6 \u00e9tudiants inscrits par module.<\/p>\n<p>&nbsp;<\/p>\n<h2>Nos enseignantes<\/h2>\n<p><strong>Merja Heikkinen<\/strong><\/p>\n<p><strong>Sanna Joutsijoki<\/strong><\/p>\n<p><strong>Kaija Kauppinen<\/strong><\/p>\n<p>&nbsp;<\/p>\n<h2>Cours particuliers<\/h2>\n<p>Nous organisons \u00e9galement des cours particuliers de finnois qui co\u00fbtent 650 euros pour 10 le\u00e7ons de 45 minutes. Pour en savoir plus, veuillez contacter notre directrice de l&rsquo;administration, <strong>Eeva-Maria.Viitanen<\/strong>: <a href=\"mailto:eeva-maria.viitanen@finncult.be\" target=\"_blank\" rel=\"noopener\">eeva-maria.viitanen@finncult.be<\/a><\/p>\n<h2>\u00a0<\/h2>\n<p>[\/et_pb_text][\/et_pb_column][et_pb_column type=\u00a0\u00bb1_5&Prime; _builder_version=\u00a0\u00bb4.16&Prime; custom_padding=\u00a0\u00bb|||\u00a0\u00bb global_colors_info=\u00a0\u00bb{}\u00a0\u00bb custom_padding__hover=\u00a0\u00bb|||\u00a0\u00bb][\/et_pb_column][\/et_pb_row][\/et_pb_section]<\/p>\n","protected":false},"excerpt":{"rendered":"<p>Cours de finnois Cliquez ici pour les infos actuels en anglais. Vous voulez embarquer dans l&rsquo;incroyable aventure d&rsquo;apprendre le finnois ? Vous recherchez la qualit\u00e9 et la flexibilit\u00e9 ? \u00c0 l&rsquo;Institut culturel finlandais pour le Benelux, nous proposons des cours de finnois adapt\u00e9s \u00e0 tous les niveaux et ouverts \u00e0 tout le monde, o\u00f9 que [&hellip;]<\/p>\n","protected":false},"author":4,"featured_media":12764,"parent":0,"menu_order":4,"comment_status":"open","ping_status":"closed","template":"","meta":{"_acf_changed":false,"_et_pb_use_builder":"on","_et_pb_old_content":"","_et_gb_content_width":"","inline_featured_image":false,"footnotes":""},"class_list":["post-13440","page","type-page","status-publish","has-post-thumbnail","hentry"],"acf":[],"yoast_head":"<!-- This site is optimized with the Yoast SEO plugin v27.5 - https:\/\/yoast.com\/product\/yoast-seo-wordpress\/ -->\n<title>Cours de finnois - Finnish Cultural Institute for the Benelux<\/title>\n<meta name=\"description\" content=\"\u00c0 l&#039;Institut culturel finlandais pour le Benelux, nous proposons des cours de finnois adapt\u00e9s \u00e0 tous les niveaux et ouverts \u00e0 tout le monde, o\u00f9 que vous soyez!\" \/>\n<meta name=\"robots\" content=\"index, follow, max-snippet:-1, max-image-preview:large, max-video-preview:-1\" \/>\n<link rel=\"canonical\" href=\"https:\/\/finncult.be\/fr\/cours-de-finnois\/\" \/>\n<meta property=\"og:locale\" content=\"fr_FR\" \/>\n<meta property=\"og:type\" content=\"article\" \/>\n<meta property=\"og:title\" content=\"Cours de finnois - Finnish Cultural Institute for the Benelux\" \/>\n<meta property=\"og:description\" content=\"\u00c0 l&#039;Institut culturel finlandais pour le Benelux, nous proposons des cours de finnois adapt\u00e9s \u00e0 tous les niveaux et ouverts \u00e0 tout le monde, o\u00f9 que vous soyez!\" \/>\n<meta property=\"og:url\" content=\"https:\/\/finncult.be\/fr\/cours-de-finnois\/\" \/>\n<meta property=\"og:site_name\" content=\"Finnish Cultural Institute for the Benelux\" \/>\n<meta property=\"article:modified_time\" content=\"2024-05-29T13:36:20+00:00\" \/>\n<meta property=\"og:image\" content=\"https:\/\/finncult.be\/wp-content\/uploads\/2022\/06\/Fin-courses.png\" \/>\n\t<meta property=\"og:image:width\" content=\"1600\" \/>\n\t<meta property=\"og:image:height\" content=\"600\" \/>\n\t<meta property=\"og:image:type\" content=\"image\/png\" \/>\n<meta name=\"twitter:card\" content=\"summary_large_image\" \/>\n<meta name=\"twitter:label1\" content=\"Dur\u00e9e de lecture estim\u00e9e\" \/>\n\t<meta name=\"twitter:data1\" content=\"4 minutes\" \/>\n<script type=\"application\/ld+json\" class=\"yoast-schema-graph\">{\"@context\":\"https:\\\/\\\/schema.org\",\"@graph\":[{\"@type\":\"WebPage\",\"@id\":\"https:\\\/\\\/finncult.be\\\/fr\\\/cours-de-finnois\\\/\",\"url\":\"https:\\\/\\\/finncult.be\\\/fr\\\/cours-de-finnois\\\/\",\"name\":\"Cours de finnois - Finnish Cultural Institute for the Benelux\",\"isPartOf\":{\"@id\":\"https:\\\/\\\/finncult.be\\\/#website\"},\"primaryImageOfPage\":{\"@id\":\"https:\\\/\\\/finncult.be\\\/fr\\\/cours-de-finnois\\\/#primaryimage\"},\"image\":{\"@id\":\"https:\\\/\\\/finncult.be\\\/fr\\\/cours-de-finnois\\\/#primaryimage\"},\"thumbnailUrl\":\"https:\\\/\\\/finncult.be\\\/wp-content\\\/uploads\\\/2022\\\/06\\\/Fin-courses.png\",\"datePublished\":\"2022-05-02T18:07:43+00:00\",\"dateModified\":\"2024-05-29T13:36:20+00:00\",\"description\":\"\u00c0 l'Institut culturel finlandais pour le Benelux, nous proposons des cours de finnois adapt\u00e9s \u00e0 tous les niveaux et ouverts \u00e0 tout le monde, o\u00f9 que vous soyez!\",\"breadcrumb\":{\"@id\":\"https:\\\/\\\/finncult.be\\\/fr\\\/cours-de-finnois\\\/#breadcrumb\"},\"inLanguage\":\"fr-FR\",\"potentialAction\":[{\"@type\":\"ReadAction\",\"target\":[\"https:\\\/\\\/finncult.be\\\/fr\\\/cours-de-finnois\\\/\"]}]},{\"@type\":\"ImageObject\",\"inLanguage\":\"fr-FR\",\"@id\":\"https:\\\/\\\/finncult.be\\\/fr\\\/cours-de-finnois\\\/#primaryimage\",\"url\":\"https:\\\/\\\/finncult.be\\\/wp-content\\\/uploads\\\/2022\\\/06\\\/Fin-courses.png\",\"contentUrl\":\"https:\\\/\\\/finncult.be\\\/wp-content\\\/uploads\\\/2022\\\/06\\\/Fin-courses.png\",\"width\":1600,\"height\":600,\"caption\":\"Finnish Courses\"},{\"@type\":\"BreadcrumbList\",\"@id\":\"https:\\\/\\\/finncult.be\\\/fr\\\/cours-de-finnois\\\/#breadcrumb\",\"itemListElement\":[{\"@type\":\"ListItem\",\"position\":1,\"name\":\"Home\",\"item\":\"https:\\\/\\\/finncult.be\\\/fr\\\/\"},{\"@type\":\"ListItem\",\"position\":2,\"name\":\"Cours de finnois\"}]},{\"@type\":\"WebSite\",\"@id\":\"https:\\\/\\\/finncult.be\\\/#website\",\"url\":\"https:\\\/\\\/finncult.be\\\/\",\"name\":\"Finnish Cultural Institute for the Benelux\",\"description\":\"Finnish Cultural Institute for the Benelux\",\"potentialAction\":[{\"@type\":\"SearchAction\",\"target\":{\"@type\":\"EntryPoint\",\"urlTemplate\":\"https:\\\/\\\/finncult.be\\\/?s={search_term_string}\"},\"query-input\":{\"@type\":\"PropertyValueSpecification\",\"valueRequired\":true,\"valueName\":\"search_term_string\"}}],\"inLanguage\":\"fr-FR\"}]}<\/script>\n<!-- \/ Yoast SEO plugin. -->","yoast_head_json":{"title":"Cours de finnois - Finnish Cultural Institute for the Benelux","description":"\u00c0 l'Institut culturel finlandais pour le Benelux, nous proposons des cours de finnois adapt\u00e9s \u00e0 tous les niveaux et ouverts \u00e0 tout le monde, o\u00f9 que vous soyez!","robots":{"index":"index","follow":"follow","max-snippet":"max-snippet:-1","max-image-preview":"max-image-preview:large","max-video-preview":"max-video-preview:-1"},"canonical":"https:\/\/finncult.be\/fr\/cours-de-finnois\/","og_locale":"fr_FR","og_type":"article","og_title":"Cours de finnois - Finnish Cultural Institute for the Benelux","og_description":"\u00c0 l'Institut culturel finlandais pour le Benelux, nous proposons des cours de finnois adapt\u00e9s \u00e0 tous les niveaux et ouverts \u00e0 tout le monde, o\u00f9 que vous soyez!","og_url":"https:\/\/finncult.be\/fr\/cours-de-finnois\/","og_site_name":"Finnish Cultural Institute for the Benelux","article_modified_time":"2024-05-29T13:36:20+00:00","og_image":[{"width":1600,"height":600,"url":"https:\/\/finncult.be\/wp-content\/uploads\/2022\/06\/Fin-courses.png","type":"image\/png"}],"twitter_card":"summary_large_image","twitter_misc":{"Dur\u00e9e de lecture estim\u00e9e":"4 minutes"},"schema":{"@context":"https:\/\/schema.org","@graph":[{"@type":"WebPage","@id":"https:\/\/finncult.be\/fr\/cours-de-finnois\/","url":"https:\/\/finncult.be\/fr\/cours-de-finnois\/","name":"Cours de finnois - Finnish Cultural Institute for the Benelux","isPartOf":{"@id":"https:\/\/finncult.be\/#website"},"primaryImageOfPage":{"@id":"https:\/\/finncult.be\/fr\/cours-de-finnois\/#primaryimage"},"image":{"@id":"https:\/\/finncult.be\/fr\/cours-de-finnois\/#primaryimage"},"thumbnailUrl":"https:\/\/finncult.be\/wp-content\/uploads\/2022\/06\/Fin-courses.png","datePublished":"2022-05-02T18:07:43+00:00","dateModified":"2024-05-29T13:36:20+00:00","description":"\u00c0 l'Institut culturel finlandais pour le Benelux, nous proposons des cours de finnois adapt\u00e9s \u00e0 tous les niveaux et ouverts \u00e0 tout le monde, o\u00f9 que vous soyez!","breadcrumb":{"@id":"https:\/\/finncult.be\/fr\/cours-de-finnois\/#breadcrumb"},"inLanguage":"fr-FR","potentialAction":[{"@type":"ReadAction","target":["https:\/\/finncult.be\/fr\/cours-de-finnois\/"]}]},{"@type":"ImageObject","inLanguage":"fr-FR","@id":"https:\/\/finncult.be\/fr\/cours-de-finnois\/#primaryimage","url":"https:\/\/finncult.be\/wp-content\/uploads\/2022\/06\/Fin-courses.png","contentUrl":"https:\/\/finncult.be\/wp-content\/uploads\/2022\/06\/Fin-courses.png","width":1600,"height":600,"caption":"Finnish Courses"},{"@type":"BreadcrumbList","@id":"https:\/\/finncult.be\/fr\/cours-de-finnois\/#breadcrumb","itemListElement":[{"@type":"ListItem","position":1,"name":"Home","item":"https:\/\/finncult.be\/fr\/"},{"@type":"ListItem","position":2,"name":"Cours de finnois"}]},{"@type":"WebSite","@id":"https:\/\/finncult.be\/#website","url":"https:\/\/finncult.be\/","name":"Finnish Cultural Institute for the Benelux","description":"Finnish Cultural Institute for the Benelux","potentialAction":[{"@type":"SearchAction","target":{"@type":"EntryPoint","urlTemplate":"https:\/\/finncult.be\/?s={search_term_string}"},"query-input":{"@type":"PropertyValueSpecification","valueRequired":true,"valueName":"search_term_string"}}],"inLanguage":"fr-FR"}]}},"_links":{"self":[{"href":"https:\/\/finncult.be\/fr\/wp-json\/wp\/v2\/pages\/13440","targetHints":{"allow":["GET"]}}],"collection":[{"href":"https:\/\/finncult.be\/fr\/wp-json\/wp\/v2\/pages"}],"about":[{"href":"https:\/\/finncult.be\/fr\/wp-json\/wp\/v2\/types\/page"}],"author":[{"embeddable":true,"href":"https:\/\/finncult.be\/fr\/wp-json\/wp\/v2\/users\/4"}],"replies":[{"embeddable":true,"href":"https:\/\/finncult.be\/fr\/wp-json\/wp\/v2\/comments?post=13440"}],"version-history":[{"count":12,"href":"https:\/\/finncult.be\/fr\/wp-json\/wp\/v2\/pages\/13440\/revisions"}],"predecessor-version":[{"id":18744,"href":"https:\/\/finncult.be\/fr\/wp-json\/wp\/v2\/pages\/13440\/revisions\/18744"}],"wp:featuredmedia":[{"embeddable":true,"href":"https:\/\/finncult.be\/fr\/wp-json\/wp\/v2\/media\/12764"}],"wp:attachment":[{"href":"https:\/\/finncult.be\/fr\/wp-json\/wp\/v2\/media?parent=13440"}],"curies":[{"name":"wp","href":"https:\/\/api.w.org\/{rel}","templated":true}]}}