{"id":13436,"date":"2022-04-27T14:17:32","date_gmt":"2022-04-27T12:17:32","guid":{"rendered":"http:\/\/finncult.asiakkaat.sigmatic.fi\/programme\/masculinities\/"},"modified":"2022-07-28T14:45:36","modified_gmt":"2022-07-28T12:45:36","slug":"masculinities","status":"publish","type":"page","link":"https:\/\/finncult.be\/fr\/programme\/masculinities\/","title":{"rendered":"Masculinities"},"content":{"rendered":"<p>[et_pb_section fb_built=\u00a0\u00bb1&Prime; fullwidth=\u00a0\u00bbon\u00a0\u00bb _builder_version=\u00a0\u00bb4.16&Prime; _module_preset=\u00a0\u00bbdefault\u00a0\u00bb global_colors_info=\u00a0\u00bb{}\u00a0\u00bb][et_pb_fullwidth_header _builder_version=\u00a0\u00bb4.17.6&Prime; _module_preset=\u00a0\u00bbdefault\u00a0\u00bb background_image=\u00a0\u00bbhttps:\/\/finncult.be\/wp-content\/uploads\/2022\/05\/Masculinities_web3.png\u00a0\u00bb min_height=\u00a0\u00bb493px\u00a0\u00bb hover_enabled=\u00a0\u00bb0&Prime; global_colors_info=\u00a0\u00bb{}\u00a0\u00bb alt=\u00a0\u00bbMasculinities\u00a0\u00bb title_text=\u00a0\u00bbMasculinities\u00a0\u00bb sticky_enabled=\u00a0\u00bb0&Prime;][\/et_pb_fullwidth_header][\/et_pb_section][et_pb_section fb_built=\u00a0\u00bb1&Prime; admin_label=\u00a0\u00bbsection\u00a0\u00bb _builder_version=\u00a0\u00bb4.16&Prime; background_color=\u00a0\u00bb#FEF7FB\u00a0\u00bb custom_padding=\u00a0\u00bb22px|||||\u00a0\u00bb collapsed=\u00a0\u00bboff\u00a0\u00bb global_colors_info=\u00a0\u00bb{}\u00a0\u00bb][et_pb_row column_structure=\u00a0\u00bb1_5,3_5,1_5&Prime; admin_label=\u00a0\u00bbrow\u00a0\u00bb _builder_version=\u00a0\u00bb4.16&Prime; background_size=\u00a0\u00bbinitial\u00a0\u00bb background_position=\u00a0\u00bbtop_left\u00a0\u00bb background_repeat=\u00a0\u00bbrepeat\u00a0\u00bb custom_margin=\u00a0\u00bb||||false|false\u00a0\u00bb global_colors_info=\u00a0\u00bb{}\u00a0\u00bb][et_pb_column type=\u00a0\u00bb1_5&Prime; _builder_version=\u00a0\u00bb4.16&Prime; custom_padding=\u00a0\u00bb|||\u00a0\u00bb global_colors_info=\u00a0\u00bb{}\u00a0\u00bb custom_padding__hover=\u00a0\u00bb|||\u00a0\u00bb][\/et_pb_column][et_pb_column type=\u00a0\u00bb3_5&Prime; _builder_version=\u00a0\u00bb4.16&Prime; custom_padding=\u00a0\u00bb|||\u00a0\u00bb global_colors_info=\u00a0\u00bb{}\u00a0\u00bb custom_padding__hover=\u00a0\u00bb|||\u00a0\u00bb][et_pb_text admin_label=\u00a0\u00bbTexte\u00a0\u00bb _builder_version=\u00a0\u00bb4.17.4&Prime; _module_preset=\u00a0\u00bbdefault\u00a0\u00bb custom_margin=\u00a0\u00bb||||false|false\u00a0\u00bb custom_padding=\u00a0\u00bb||||false|false\u00a0\u00bb global_colors_info=\u00a0\u00bb{}\u00a0\u00bb]<\/p>\n<h1 style=\"text-align: left;\">Masculinities<\/h1>\n<p>&nbsp;<\/p>\n<p>Avec notre programme Masculinities, nous souhaitons aborder le th\u00e8me de la masculinit\u00e9 \u00e0 travers une approche interdisciplinaire. Notre but est d&rsquo;encourager l&rsquo;esprit critique et de bousculer les id\u00e9es pr\u00e9con\u00e7ues sur la mani\u00e8re dont le concept de masculinit\u00e9 forge notre pens\u00e9e contemporaine, avec toutes les traces et les cons\u00e9quences que cela implique sur la soci\u00e9t\u00e9. Nous voulons regarder au-del\u00e0 de l&rsquo;homme pour nous int\u00e9resser aux aspects interdisciplinaires et intersectionnels du genre et de la sexualit\u00e9, et peut-\u00eatre encore plus \u00e0 la notion d&rsquo;identit\u00e9, en examinant la pluralit\u00e9 complexe des masculinit\u00e9s et son effet sur l&rsquo;individu.<\/p>\n<p>[\/et_pb_text][et_pb_text _builder_version=\u00a0\u00bb4.17.4&Prime; _module_preset=\u00a0\u00bbdefault\u00a0\u00bb global_colors_info=\u00a0\u00bb{}\u00a0\u00bb]<\/p>\n<h2>Le programme 2022-2024<\/h2>\n<p><span style=\"font-weight: 400;\">Le programme Masculinities est une entit\u00e9 en constante \u00e9volution au sein des initiatives de l&rsquo;Institut. Dans le sillage de l&rsquo;\u00e9v\u00e9nement <em>Engaging Men&rsquo;s Stories: A Symposium on Storytelling and Masculinities<\/em> organis\u00e9 en 2021 par l&rsquo;Institut en partenariat avec <a href=\"https:\/\/www.movemen.be\/\" target=\"_blank\" rel=\"noopener\">MoveMen<\/a> et l&rsquo;ambassade de Finlande \u00e0 Bruxelles, au cours des deux prochaines ann\u00e9es, le programme Masculinities se consacrera aux concepts de narration et de partage des histoires. Autour de ce th\u00e8me, l&rsquo;Institut travaille actuellement \u00e0 la venue de la plateforme conceptuelle de th\u00e9\u00e2tre <a href=\"https:\/\/boyswontbeboys.nl\/\" target=\"_blank\" rel=\"noopener\">Boys Won&rsquo;t Be Boys<\/a> en Finlande, pour une collaboration internationale et multilingue. Ce projet est r\u00e9alis\u00e9 en partenariat \u00e9troit avec la plateforme multim\u00e9dia finlandaise <a href=\"https:\/\/www.instagram.com\/jabatjatunteet\/?hl=en\" target=\"_blank\" rel=\"noopener\">J\u00e4b\u00e4t &amp; Tunteet<\/a>. Le programme comprendra des conf\u00e9rences et des ateliers sur le partage d&rsquo;histoires et les diff\u00e9rentes exp\u00e9riences des masculinit\u00e9s, ainsi qu&rsquo;une premi\u00e8re mondiale en version multilingue de la pi\u00e8ce <em>Boys Won&rsquo;t Be Boys<\/em> en 2024. <\/span><\/p>\n<p><span style=\"font-weight: 400;\">En 2022, l&rsquo;Institut pr\u00e9voit de travailler sur la litt\u00e9rature et les masculinit\u00e9s sous la forme d&rsquo;un atelier\/club de lecture. Suivez-nous pour obtenir plus d&rsquo;informations lorsqu&rsquo;elles seront disponibles. <\/span><\/p>\n<p><span style=\"font-weight: 400;\">Nous nous r\u00e9jouissons d&rsquo;en savoir plus sur les diff\u00e9rents projets qui ont lieu \u00e0 travers le monde et d&rsquo;envisager de nouvelles collaborations. Si vous avez une proposition de projet ou voulez simplement nous faire signe, n&rsquo;h\u00e9sitez pas \u00e0 entrer en contact avec la directrice du programme, <strong>Malin Bergstr\u00f6m<\/strong>, via l&rsquo;adresse <a href=\"mailto:malin.bergstrom@finncult.be\" target=\"_blank\" rel=\"noopener\">malin.bergstrom@finncult.be<\/a><\/span><\/p>\n<p>[\/et_pb_text][et_pb_toggle title=\u00a0\u00bbMASCULINITIES: Thoughts and Reflections 2020&Prime; open_toggle_text_color=\u00a0\u00bb#510023&Prime; open_toggle_background_color=\u00a0\u00bb#FEF7FB\u00a0\u00bb closed_toggle_text_color=\u00a0\u00bb#DA589B\u00a0\u00bb closed_toggle_background_color=\u00a0\u00bb#FEF7FB\u00a0\u00bb icon_color=\u00a0\u00bb#DA589B\u00a0\u00bb open_icon_color=\u00a0\u00bb#DA589B\u00a0\u00bb _builder_version=\u00a0\u00bb4.17.4&Prime; _module_preset=\u00a0\u00bbdefault\u00a0\u00bb title_text_color=\u00a0\u00bb#510023&Prime; body_text_color=\u00a0\u00bb#510023&Prime; global_colors_info=\u00a0\u00bb{}\u00a0\u00bb]<\/p>\n<p>Avec <em>MASCULINITIES: Thoughts and Reflections<\/em>, nous avons poursuivi la conversation autour des masculinit\u00e9s de mani\u00e8re accessible au plus grand nombre et dans le respect des r\u00e8gles de s\u00e9curit\u00e9 li\u00e9es \u00e0 la pand\u00e9mie. Nous avons invit\u00e9 des auteurs, artistes, chercheurs et penseurs \u00e0 partager leurs id\u00e9es avec nous, avons command\u00e9 de nouveaux textes et \u0153uvres \u00e0 des voix diverses du secteur et avons mis en avant des projets existants. Le programme MASCULINITIES pr\u00e9sente les perspectives de la chercheuse <strong>Nana Blomqvist<\/strong> (FI), de l&rsquo;auteur <strong>Arno Boey<\/strong> (BE), de l&rsquo;artiste <strong>Alexander Cromer<\/strong> (NL\/US), de l&rsquo;\u00e9ducateur <strong>Koen Dedoncker<\/strong> (BE), du designer et auteur <strong>Ervin Latimer<\/strong> (FI), de la chercheuse <strong>Minna Salami<\/strong> (UK\/FI) et de l&rsquo;acteur et auteur <strong>Jani Toivola<\/strong> (FI), ainsi que des \u0153uvres command\u00e9es sp\u00e9cialement \u00e0 l&rsquo;illustratrice <strong>Caroline Suinner<\/strong> (FI) et au photographe <strong>Nick Tulinen<\/strong> (FI). MASCULINITIES comprend \u00e9galement des \u0153uvres artistiques de l&rsquo;\u00e9diteur\u00b7ice et auteur\u00b7ice <strong>Joppe De Campeneere<\/strong> (BE) et du photographe <strong>Ahmet Polat<\/strong> (NL).<\/p>\n<p><a href=\"https:\/\/issuu.com\/finncultblx\/docs\/masculinities_-_thoughts___reflections_-_the_finni\" target=\"_blank\" rel=\"noopener\"><em>MASCULINITIES: Thoughts and Reflections &#8211; <\/em>version en ligne<\/a><\/p>\n<p><em>MASCULINITIES: Thoughts and Reflections<\/em> est \u00e9galement disponible en version imprim\u00e9e. Si vous souhaitez en obtenir un exemplaire pour votre usage personnel et\/ou pour le distribuer \u00e0 d&rsquo;autres personnes int\u00e9ress\u00e9es, veuillez nous contacter via <a href=\"mailto:info@finncult.be\" target=\"_blank\" rel=\"noopener\">info@finncult.be<\/a>\u00a0<\/p>\n<p>[\/et_pb_toggle][et_pb_toggle title=\u00a0\u00bbRE\/defining Masculinities Monologues 2019-2020&Prime; open_toggle_text_color=\u00a0\u00bb#510023&Prime; open_toggle_background_color=\u00a0\u00bb#FEF7FB\u00a0\u00bb closed_toggle_text_color=\u00a0\u00bb#DA589B\u00a0\u00bb closed_toggle_background_color=\u00a0\u00bb#FEF7FB\u00a0\u00bb icon_color=\u00a0\u00bb#DA589B\u00a0\u00bb open_icon_color=\u00a0\u00bb#DA589B\u00a0\u00bb _builder_version=\u00a0\u00bb4.17.4&Prime; _module_preset=\u00a0\u00bbdefault\u00a0\u00bb title_text_color=\u00a0\u00bb#510023&Prime; body_text_color=\u00a0\u00bb#510023&Prime; global_colors_info=\u00a0\u00bb{}\u00a0\u00bb]<\/p>\n<p>La s\u00e9rie de vid\u00e9os <em>RE\/defining Masculinities<\/em>, diffus\u00e9e via une campagne sur les r\u00e9seaux<br \/>sociaux, pr\u00e9sente plusieurs personnes et met en avant leurs perspectives sur le concept<br \/>de masculinit\u00e9 \u00e0 travers des monologues individuels. Les vid\u00e9os soulignent les voix de<br \/>personnes diverses en Belgique, aux Pays-Bas et en Finlande. Elles ont \u00e9t\u00e9 film\u00e9es et<br \/>mont\u00e9es par l&rsquo;artiste multim\u00e9dia finlandais <strong>Timo Wright<\/strong>. La s\u00e9rie comporte des monologues<br \/>de <strong>Kevin Groen<\/strong> (NL), <strong>Koen Dedoncker<\/strong> (BE), <strong>Pieter Claes<\/strong> (FI\/BE), <strong>Xavier Gorgol<\/strong> (BE),<br \/><strong>Sara Bjarland<\/strong> (NL\/FI), <strong>Adrian Perera<\/strong> (FI), <strong>Neal Leemput<\/strong> (BE), <strong>Ali Jahangiri<\/strong> (FI), <strong>Elio Heres<\/strong><br \/>(NL), <strong>Kasper Str\u00f6mman<\/strong> (FI), <strong>Ima Iduozee<\/strong> (FI), <strong>Ariah Lester<\/strong> (NL), <strong>Kriticos<\/strong> (BE) et <strong>Kaisa<\/strong><br \/><strong>Leka<\/strong> (FI). Les vid\u00e9os ont \u00e9t\u00e9 pr\u00e9sent\u00e9es lors de plusieurs \u00e9v\u00e9nements en Finlande et en<br \/>Belgique, ainsi que dans des lieux comme le Beursschouwburg et le Kaaitheater en<br \/>Belgique ou encore la biblioth\u00e8que centrale d&rsquo;Helsinki Oodi en Finlande.<\/p>\n<p><iframe loading=\"lazy\" title=\"Kevin Groen on redefining masculinity and behaviour patterns\" width=\"1080\" height=\"608\" src=\"https:\/\/www.youtube.com\/embed\/SamSqAlah2k?feature=oembed\"  allow=\"accelerometer; autoplay; clipboard-write; encrypted-media; gyroscope; picture-in-picture\" allowfullscreen><\/iframe><\/p>\n<p>[\/et_pb_toggle][et_pb_toggle title=\u00a0\u00bbRE\/defining Masculinities 2019&Prime; open_toggle_text_color=\u00a0\u00bb#510023&Prime; open_toggle_background_color=\u00a0\u00bb#FEF7FB\u00a0\u00bb closed_toggle_text_color=\u00a0\u00bb#DA589B\u00a0\u00bb closed_toggle_background_color=\u00a0\u00bb#FEF7FB\u00a0\u00bb icon_color=\u00a0\u00bb#DA589B\u00a0\u00bb open_icon_color=\u00a0\u00bb#DA589B\u00a0\u00bb _builder_version=\u00a0\u00bb4.17.4&Prime; _module_preset=\u00a0\u00bbdefault\u00a0\u00bb title_text_color=\u00a0\u00bb#510023&Prime; body_text_color=\u00a0\u00bb#510023&Prime; global_colors_info=\u00a0\u00bb{}\u00a0\u00bb]<\/p>\n<p>Le programme Masculinities de l&rsquo;Institut a d\u00e9but\u00e9 en 2019 avec <em>RE\/defining Masculinities<\/em> et s&rsquo;est concr\u00e9tis\u00e9 \u00e0 travers des semaines consacr\u00e9es aux masculinit\u00e9s \u00e0 Helsinki (du 5 au 8 novembre),\u00e0 Amsterdam (le 13 novembre) et \u00e0 Bruxelles (du 27 au 30 novembre). Le programme comprenait des tables rondes, des projections de films, des performances et des ateliers organis\u00e9s en partenariat avec de nombreux partenaires \u00e9minents comme Beursschouwburg et deBuren en Belgique, le Goethe-Institut aux PaysBas et Ekvalita et Poikien Talo en Finlande. Nos diff\u00e9rents \u00e9v\u00e9nements ont mis en avant les voix remarquables d&rsquo;experts, de chercheurs, d&rsquo;activistes et d&rsquo;artistes tels que <strong>James L\u00f3rien MacDonald<\/strong> (FI), <strong>Ima Iduozee<\/strong> (FI), <strong>Artor Jesus Inker\u00f6<\/strong> (FI), <strong>Jauoud Alloul (<\/strong>BE), <strong>Eric Niyibizi<\/strong> <strong>Cyuzuzo<\/strong> (BE), <strong>Jihan Imago<\/strong> (BE), <strong>Harry Lunabba<\/strong> (FI), <strong>Ira Virtanen<\/strong> (FI), <strong>Ylva Perera<\/strong> (FI), <strong>Nina Nyman<\/strong> (FI), <strong>Ahmet Polat<\/strong> (NL), <strong>Jakob L\u00f6fgren<\/strong> (FI), <strong>Nana Blomqvist<\/strong> (FI), <strong>Kriticos Mwansa<\/strong> (BE), <strong>J.M. Kaila<\/strong> (FI), <strong>Alexander Cromer<\/strong> (US), <strong>Jochen K\u00f6nig<\/strong> (DE), <strong>Xavier Gorgol<\/strong> (BE), <strong>Koen Dedoncker<\/strong> (BE), <strong>Kevin Groen<\/strong> (NL), <strong>Oscar Lehtinen<\/strong> (FI) et bien d&rsquo;autres. <em>RE\/ defining Masculinities<\/em> faisait partie du programme culturel dans le cadre de la pr\u00e9sidence du Conseil de l&rsquo;UE par la Finlande.<\/p>\n<p>[\/et_pb_toggle][\/et_pb_column][et_pb_column type=\u00a0\u00bb1_5&Prime; _builder_version=\u00a0\u00bb4.16&Prime; custom_padding=\u00a0\u00bb|||\u00a0\u00bb global_colors_info=\u00a0\u00bb{}\u00a0\u00bb custom_padding__hover=\u00a0\u00bb|||\u00a0\u00bb][\/et_pb_column][\/et_pb_row][et_pb_row _builder_version=\u00a0\u00bb4.16&Prime; _module_preset=\u00a0\u00bbdefault\u00a0\u00bb global_colors_info=\u00a0\u00bb{}\u00a0\u00bb][et_pb_column type=\u00a0\u00bb4_4&Prime; _builder_version=\u00a0\u00bb4.16&Prime; _module_preset=\u00a0\u00bbdefault\u00a0\u00bb global_colors_info=\u00a0\u00bb{}\u00a0\u00bb][et_pb_blog fullwidth=\u00a0\u00bboff\u00a0\u00bb include_categories=\u00a0\u00bb71&Prime; use_manual_excerpt=\u00a0\u00bboff\u00a0\u00bb show_author=\u00a0\u00bboff\u00a0\u00bb show_date=\u00a0\u00bboff\u00a0\u00bb show_categories=\u00a0\u00bboff\u00a0\u00bb _builder_version=\u00a0\u00bb4.16&Prime; _module_preset=\u00a0\u00bbdefault\u00a0\u00bb border_width_all=\u00a0\u00bb0px\u00a0\u00bb border_style_all=\u00a0\u00bbnone\u00a0\u00bb global_colors_info=\u00a0\u00bb{}\u00a0\u00bb][\/et_pb_blog][\/et_pb_column][\/et_pb_row][\/et_pb_section]<\/p>\n","protected":false},"excerpt":{"rendered":"<p>Masculinities &nbsp; Avec notre programme Masculinities, nous souhaitons aborder le th\u00e8me de la masculinit\u00e9 \u00e0 travers une approche interdisciplinaire. Notre but est d&rsquo;encourager l&rsquo;esprit critique et de bousculer les id\u00e9es pr\u00e9con\u00e7ues sur la mani\u00e8re dont le concept de masculinit\u00e9 forge notre pens\u00e9e contemporaine, avec toutes les traces et les cons\u00e9quences que cela implique sur la [&hellip;]<\/p>\n","protected":false},"author":4,"featured_media":12748,"parent":13396,"menu_order":3,"comment_status":"closed","ping_status":"closed","template":"","meta":{"_acf_changed":false,"_et_pb_use_builder":"on","_et_pb_old_content":"","_et_gb_content_width":"","inline_featured_image":false,"footnotes":""},"class_list":["post-13436","page","type-page","status-publish","has-post-thumbnail","hentry"],"acf":[],"yoast_head":"<!-- This site is optimized with the Yoast SEO plugin v27.4 - https:\/\/yoast.com\/product\/yoast-seo-wordpress\/ -->\n<title>Masculinities - Finnish Cultural Institute for the Benelux<\/title>\n<meta name=\"description\" content=\"Avec notre programme Masculinities, nous souhaitons aborder le th\u00e8me de la masculinit\u00e9 \u00e0 travers une approche interdisciplinaire.\" \/>\n<meta name=\"robots\" content=\"index, follow, max-snippet:-1, max-image-preview:large, max-video-preview:-1\" \/>\n<link rel=\"canonical\" href=\"https:\/\/finncult.be\/fr\/programme\/masculinities\/\" \/>\n<meta property=\"og:locale\" content=\"fr_FR\" \/>\n<meta property=\"og:type\" content=\"article\" \/>\n<meta property=\"og:title\" content=\"Masculinities - Finnish Cultural Institute for the Benelux\" \/>\n<meta property=\"og:description\" content=\"Avec notre programme Masculinities, nous souhaitons aborder le th\u00e8me de la masculinit\u00e9 \u00e0 travers une approche interdisciplinaire.\" \/>\n<meta property=\"og:url\" content=\"https:\/\/finncult.be\/fr\/programme\/masculinities\/\" \/>\n<meta property=\"og:site_name\" content=\"Finnish Cultural Institute for the Benelux\" \/>\n<meta property=\"article:modified_time\" content=\"2022-07-28T12:45:36+00:00\" \/>\n<meta property=\"og:image\" content=\"https:\/\/finncult.be\/wp-content\/uploads\/2022\/05\/Masculinities_web3.png\" \/>\n\t<meta property=\"og:image:width\" content=\"1600\" \/>\n\t<meta property=\"og:image:height\" content=\"600\" \/>\n\t<meta property=\"og:image:type\" content=\"image\/png\" \/>\n<meta name=\"twitter:card\" content=\"summary_large_image\" \/>\n<meta name=\"twitter:label1\" content=\"Dur\u00e9e de lecture estim\u00e9e\" \/>\n\t<meta name=\"twitter:data1\" content=\"5 minutes\" \/>\n<script type=\"application\/ld+json\" class=\"yoast-schema-graph\">{\"@context\":\"https:\\\/\\\/schema.org\",\"@graph\":[{\"@type\":\"WebPage\",\"@id\":\"https:\\\/\\\/finncult.be\\\/fr\\\/programme\\\/masculinities\\\/\",\"url\":\"https:\\\/\\\/finncult.be\\\/fr\\\/programme\\\/masculinities\\\/\",\"name\":\"Masculinities - Finnish Cultural Institute for the Benelux\",\"isPartOf\":{\"@id\":\"https:\\\/\\\/finncult.be\\\/#website\"},\"primaryImageOfPage\":{\"@id\":\"https:\\\/\\\/finncult.be\\\/fr\\\/programme\\\/masculinities\\\/#primaryimage\"},\"image\":{\"@id\":\"https:\\\/\\\/finncult.be\\\/fr\\\/programme\\\/masculinities\\\/#primaryimage\"},\"thumbnailUrl\":\"https:\\\/\\\/finncult.be\\\/wp-content\\\/uploads\\\/2022\\\/05\\\/Masculinities_web3.png\",\"datePublished\":\"2022-04-27T12:17:32+00:00\",\"dateModified\":\"2022-07-28T12:45:36+00:00\",\"description\":\"Avec notre programme Masculinities, nous souhaitons aborder le th\u00e8me de la masculinit\u00e9 \u00e0 travers une approche interdisciplinaire.\",\"breadcrumb\":{\"@id\":\"https:\\\/\\\/finncult.be\\\/fr\\\/programme\\\/masculinities\\\/#breadcrumb\"},\"inLanguage\":\"fr-FR\",\"potentialAction\":[{\"@type\":\"ReadAction\",\"target\":[\"https:\\\/\\\/finncult.be\\\/fr\\\/programme\\\/masculinities\\\/\"]}]},{\"@type\":\"ImageObject\",\"inLanguage\":\"fr-FR\",\"@id\":\"https:\\\/\\\/finncult.be\\\/fr\\\/programme\\\/masculinities\\\/#primaryimage\",\"url\":\"https:\\\/\\\/finncult.be\\\/wp-content\\\/uploads\\\/2022\\\/05\\\/Masculinities_web3.png\",\"contentUrl\":\"https:\\\/\\\/finncult.be\\\/wp-content\\\/uploads\\\/2022\\\/05\\\/Masculinities_web3.png\",\"width\":1600,\"height\":600,\"caption\":\"Masculinities\"},{\"@type\":\"BreadcrumbList\",\"@id\":\"https:\\\/\\\/finncult.be\\\/fr\\\/programme\\\/masculinities\\\/#breadcrumb\",\"itemListElement\":[{\"@type\":\"ListItem\",\"position\":1,\"name\":\"Home\",\"item\":\"https:\\\/\\\/finncult.be\\\/fr\\\/\"},{\"@type\":\"ListItem\",\"position\":2,\"name\":\"Programme\",\"item\":\"https:\\\/\\\/finncult.be\\\/fr\\\/programme\\\/\"},{\"@type\":\"ListItem\",\"position\":3,\"name\":\"Masculinities\"}]},{\"@type\":\"WebSite\",\"@id\":\"https:\\\/\\\/finncult.be\\\/#website\",\"url\":\"https:\\\/\\\/finncult.be\\\/\",\"name\":\"Finnish Cultural Institute for the Benelux\",\"description\":\"Finnish Cultural Institute for the Benelux\",\"potentialAction\":[{\"@type\":\"SearchAction\",\"target\":{\"@type\":\"EntryPoint\",\"urlTemplate\":\"https:\\\/\\\/finncult.be\\\/?s={search_term_string}\"},\"query-input\":{\"@type\":\"PropertyValueSpecification\",\"valueRequired\":true,\"valueName\":\"search_term_string\"}}],\"inLanguage\":\"fr-FR\"}]}<\/script>\n<!-- \/ Yoast SEO plugin. -->","yoast_head_json":{"title":"Masculinities - Finnish Cultural Institute for the Benelux","description":"Avec notre programme Masculinities, nous souhaitons aborder le th\u00e8me de la masculinit\u00e9 \u00e0 travers une approche interdisciplinaire.","robots":{"index":"index","follow":"follow","max-snippet":"max-snippet:-1","max-image-preview":"max-image-preview:large","max-video-preview":"max-video-preview:-1"},"canonical":"https:\/\/finncult.be\/fr\/programme\/masculinities\/","og_locale":"fr_FR","og_type":"article","og_title":"Masculinities - Finnish Cultural Institute for the Benelux","og_description":"Avec notre programme Masculinities, nous souhaitons aborder le th\u00e8me de la masculinit\u00e9 \u00e0 travers une approche interdisciplinaire.","og_url":"https:\/\/finncult.be\/fr\/programme\/masculinities\/","og_site_name":"Finnish Cultural Institute for the Benelux","article_modified_time":"2022-07-28T12:45:36+00:00","og_image":[{"width":1600,"height":600,"url":"https:\/\/finncult.be\/wp-content\/uploads\/2022\/05\/Masculinities_web3.png","type":"image\/png"}],"twitter_card":"summary_large_image","twitter_misc":{"Dur\u00e9e de lecture estim\u00e9e":"5 minutes"},"schema":{"@context":"https:\/\/schema.org","@graph":[{"@type":"WebPage","@id":"https:\/\/finncult.be\/fr\/programme\/masculinities\/","url":"https:\/\/finncult.be\/fr\/programme\/masculinities\/","name":"Masculinities - Finnish Cultural Institute for the Benelux","isPartOf":{"@id":"https:\/\/finncult.be\/#website"},"primaryImageOfPage":{"@id":"https:\/\/finncult.be\/fr\/programme\/masculinities\/#primaryimage"},"image":{"@id":"https:\/\/finncult.be\/fr\/programme\/masculinities\/#primaryimage"},"thumbnailUrl":"https:\/\/finncult.be\/wp-content\/uploads\/2022\/05\/Masculinities_web3.png","datePublished":"2022-04-27T12:17:32+00:00","dateModified":"2022-07-28T12:45:36+00:00","description":"Avec notre programme Masculinities, nous souhaitons aborder le th\u00e8me de la masculinit\u00e9 \u00e0 travers une approche interdisciplinaire.","breadcrumb":{"@id":"https:\/\/finncult.be\/fr\/programme\/masculinities\/#breadcrumb"},"inLanguage":"fr-FR","potentialAction":[{"@type":"ReadAction","target":["https:\/\/finncult.be\/fr\/programme\/masculinities\/"]}]},{"@type":"ImageObject","inLanguage":"fr-FR","@id":"https:\/\/finncult.be\/fr\/programme\/masculinities\/#primaryimage","url":"https:\/\/finncult.be\/wp-content\/uploads\/2022\/05\/Masculinities_web3.png","contentUrl":"https:\/\/finncult.be\/wp-content\/uploads\/2022\/05\/Masculinities_web3.png","width":1600,"height":600,"caption":"Masculinities"},{"@type":"BreadcrumbList","@id":"https:\/\/finncult.be\/fr\/programme\/masculinities\/#breadcrumb","itemListElement":[{"@type":"ListItem","position":1,"name":"Home","item":"https:\/\/finncult.be\/fr\/"},{"@type":"ListItem","position":2,"name":"Programme","item":"https:\/\/finncult.be\/fr\/programme\/"},{"@type":"ListItem","position":3,"name":"Masculinities"}]},{"@type":"WebSite","@id":"https:\/\/finncult.be\/#website","url":"https:\/\/finncult.be\/","name":"Finnish Cultural Institute for the Benelux","description":"Finnish Cultural Institute for the Benelux","potentialAction":[{"@type":"SearchAction","target":{"@type":"EntryPoint","urlTemplate":"https:\/\/finncult.be\/?s={search_term_string}"},"query-input":{"@type":"PropertyValueSpecification","valueRequired":true,"valueName":"search_term_string"}}],"inLanguage":"fr-FR"}]}},"_links":{"self":[{"href":"https:\/\/finncult.be\/fr\/wp-json\/wp\/v2\/pages\/13436","targetHints":{"allow":["GET"]}}],"collection":[{"href":"https:\/\/finncult.be\/fr\/wp-json\/wp\/v2\/pages"}],"about":[{"href":"https:\/\/finncult.be\/fr\/wp-json\/wp\/v2\/types\/page"}],"author":[{"embeddable":true,"href":"https:\/\/finncult.be\/fr\/wp-json\/wp\/v2\/users\/4"}],"replies":[{"embeddable":true,"href":"https:\/\/finncult.be\/fr\/wp-json\/wp\/v2\/comments?post=13436"}],"version-history":[{"count":0,"href":"https:\/\/finncult.be\/fr\/wp-json\/wp\/v2\/pages\/13436\/revisions"}],"up":[{"embeddable":true,"href":"https:\/\/finncult.be\/fr\/wp-json\/wp\/v2\/pages\/13396"}],"wp:featuredmedia":[{"embeddable":true,"href":"https:\/\/finncult.be\/fr\/wp-json\/wp\/v2\/media\/12748"}],"wp:attachment":[{"href":"https:\/\/finncult.be\/fr\/wp-json\/wp\/v2\/media?parent=13436"}],"curies":[{"name":"wp","href":"https:\/\/api.w.org\/{rel}","templated":true}]}}