{"id":13421,"date":"2022-04-10T14:06:53","date_gmt":"2022-04-10T12:06:53","guid":{"rendered":"http:\/\/finncult.asiakkaat.sigmatic.fi\/programme\/telepart\/"},"modified":"2024-08-26T11:19:53","modified_gmt":"2024-08-26T09:19:53","slug":"telepart","status":"publish","type":"page","link":"https:\/\/finncult.be\/fr\/programme\/telepart\/","title":{"rendered":"TelepART"},"content":{"rendered":"<p>[et_pb_section fb_built=\u00a0\u00bb1&Prime; fullwidth=\u00a0\u00bbon\u00a0\u00bb _builder_version=\u00a0\u00bb4.16&Prime; _module_preset=\u00a0\u00bbdefault\u00a0\u00bb background_image=\u00a0\u00bbhttp:\/\/finncult.asiakkaat.sigmatic.fi\/wp-content\/uploads\/2022\/04\/miradonna_sirkka-scaled.jpeg\u00a0\u00bb global_colors_info=\u00a0\u00bb{}\u00a0\u00bb][et_pb_fullwidth_header text_orientation=\u00a0\u00bbcenter\u00a0\u00bb _builder_version=\u00a0\u00bb4.17.6&Prime; _module_preset=\u00a0\u00bbdefault\u00a0\u00bb background_image=\u00a0\u00bbhttps:\/\/finncult.be\/wp-content\/uploads\/2022\/04\/miradonna_sirkka-scaled.jpeg\u00a0\u00bb min_height=\u00a0\u00bb493px\u00a0\u00bb border_style_all_image=\u00a0\u00bbnone\u00a0\u00bb global_colors_info=\u00a0\u00bb{}\u00a0\u00bb][\/et_pb_fullwidth_header][\/et_pb_section][et_pb_section fb_built=\u00a0\u00bb1&Prime; admin_label=\u00a0\u00bbsection\u00a0\u00bb _builder_version=\u00a0\u00bb4.16&Prime; background_color=\u00a0\u00bb#FEF7FB\u00a0\u00bb custom_padding=\u00a0\u00bb22px|||||\u00a0\u00bb collapsed=\u00a0\u00bboff\u00a0\u00bb global_colors_info=\u00a0\u00bb{}\u00a0\u00bb][et_pb_row column_structure=\u00a0\u00bb1_5,3_5,1_5&Prime; admin_label=\u00a0\u00bbrow\u00a0\u00bb _builder_version=\u00a0\u00bb4.16&Prime; background_size=\u00a0\u00bbinitial\u00a0\u00bb background_position=\u00a0\u00bbtop_left\u00a0\u00bb background_repeat=\u00a0\u00bbrepeat\u00a0\u00bb custom_margin=\u00a0\u00bb||||false|false\u00a0\u00bb global_colors_info=\u00a0\u00bb{}\u00a0\u00bb][et_pb_column type=\u00a0\u00bb1_5&Prime; _builder_version=\u00a0\u00bb4.16&Prime; custom_padding=\u00a0\u00bb|||\u00a0\u00bb global_colors_info=\u00a0\u00bb{}\u00a0\u00bb custom_padding__hover=\u00a0\u00bb|||\u00a0\u00bb][\/et_pb_column][et_pb_column type=\u00a0\u00bb3_5&Prime; _builder_version=\u00a0\u00bb4.16&Prime; custom_padding=\u00a0\u00bb|||\u00a0\u00bb global_colors_info=\u00a0\u00bb{}\u00a0\u00bb custom_padding__hover=\u00a0\u00bb|||\u00a0\u00bb][et_pb_text admin_label=\u00a0\u00bbTexte\u00a0\u00bb _builder_version=\u00a0\u00bb4.24.3&Prime; _module_preset=\u00a0\u00bbdefault\u00a0\u00bb custom_margin=\u00a0\u00bb||||false|false\u00a0\u00bb custom_padding=\u00a0\u00bb||||false|false\u00a0\u00bb global_colors_info=\u00a0\u00bb{}\u00a0\u00bb]<\/p>\n<div class=\"et_pb_module et_pb_text et_pb_text_0 et_pb_text_align_left et_pb_bg_layout_light\">\n<h1 class=\"et_pb_text_inner\">Plateforme d&rsquo;aide \u00e0 la mobilit\u00e9 TelepART<\/h1>\n<\/div>\n<p><strong>UPDATE 30.5.2024 : Le programme de financement TelepART pour la r\u00e9gion Benelux est maintenant ferm\u00e9 et n&rsquo;accepte plus de nouvelles candidatures.<\/strong><\/p>\n<p style=\"text-align: left;\">La plateforme d&rsquo;aide \u00e0 la mobilit\u00e9 TelepART offre aux artistes de la sc\u00e8ne l&rsquo;opportunit\u00e9 de voyager entre la Finlande et le Benelux pour s&rsquo;y produire. Il s&rsquo;agit d&rsquo;un programme de microfinancement rapide et facile pour les professionnels \u00e9mergents ou en train de percer.<\/p>\n<h2 style=\"text-align: left;\">Qui peut postuler ?<\/h2>\n<p style=\"text-align: left;\">Ce soutien financier est destin\u00e9 aux artistes, interpr\u00e8tes, groupes, repr\u00e9sentants d&rsquo;interpr\u00e8tes (agences) ou organisateurs d&rsquo;\u00e9v\u00e9nements install\u00e9s en Finlande ou au Benelux. Les \u00e9v\u00e9nements doivent se tenir soit en Finlande soit au Benelux.<\/p>\n<p style=\"text-align: left;\">Pour que le financement soit accord\u00e9, l&rsquo;organisateur, l&rsquo;interpr\u00e8te et ses repr\u00e9sentants doivent se consacrer s\u00e9rieusement \u00e0 la production. Les personnes qui postulent doivent pouvoir d\u00e9montrer la forte valeur artistique de leur projet, la production doit \u00eatre une collaboration entre au moins deux pays, les interpr\u00e8tes doivent recevoir une indemnisation raisonnable pour leur travail (\u00ab frais de performance \u00bb), et le projet propos\u00e9 doit pouvoir b\u00e9n\u00e9ficier d&rsquo;un financement additionnel suffisant.<\/p>\n<p style=\"text-align: left;\">La subvention est destin\u00e9e \u00e0 des performances ouvertes au public.<\/p>\n<p>Le financement, attribu\u00e9 apr\u00e8s acceptation de la candidature, est limit\u00e9 \u00e0 un montant maximum de 1 000 EUR et ne doit pas d\u00e9passer 50 % du co\u00fbt total de la production ou de la tourn\u00e9e (y compris les frais de d\u00e9placement, d&rsquo;h\u00e9bergement et d&rsquo;envoi, les frais de performance ou de participation et les autres frais non fixes relatifs \u00e0 la production, TVA incluse).<\/p>\n<p>Les candidatures doivent \u00eatre r\u00e9dig\u00e9es en anglais. Veuillez consulter nos <a href=\"http:\/\/finncult.asi\/wp-content\/uploads\/2022\/07\/TelepART_TermsConditions.pdf\" target=\"_blank\" rel=\"noopener\">Conditions g\u00e9n\u00e9rales<\/a> et notre <a href=\"\/wp-content\/uploads\/2022\/07\/TelepART_PrivacyPolicy.pdf\" target=\"_blank\" rel=\"noopener\">Politique de confidentialit\u00e9<\/a> avant de postuler.<\/p>\n<p>Pour en savoir plus sur le programme TelepART, rendez-vous sur <a href=\"http:\/\/applytelepart.com\/\" target=\"_blank\" rel=\"noopener\">le site Web de TelepART.<\/a><\/p>\n<p>TelepART est soutenu par :<\/p>\n<p>La Fondation culturelle finlandaise, le Minist\u00e8re de l&rsquo;\u00c9ducation et de la Culture de Finlande, la Fondation Wihuri et la Fondation culturelle su\u00e9doise en Finlande.<\/p>\n<p>[\/et_pb_text][et_pb_toggle title=\u00a0\u00bbCRIT\u00c8RES D&rsquo;ATTRIBUTION\u00a0\u00bb open_toggle_text_color=\u00a0\u00bb#510023&Prime; open_toggle_background_color=\u00a0\u00bb#FEF7FB\u00a0\u00bb closed_toggle_text_color=\u00a0\u00bb#DA589B\u00a0\u00bb closed_toggle_background_color=\u00a0\u00bb#FEF7FB\u00a0\u00bb icon_color=\u00a0\u00bb#DA589B\u00a0\u00bb open_icon_color=\u00a0\u00bb#DA589B\u00a0\u00bb _builder_version=\u00a0\u00bb4.17.4&Prime; _module_preset=\u00a0\u00bbdefault\u00a0\u00bb title_text_color=\u00a0\u00bb#510023&Prime; body_text_color=\u00a0\u00bb#510023&Prime; global_colors_info=\u00a0\u00bb{}\u00a0\u00bb]<\/p>\n<p>Les candidatures seront \u00e9valu\u00e9es selon les crit\u00e8res suivants : &#8211;<\/p>\n<ul>\n<li>Le m\u00e9rite artistique &#8211; L&rsquo;importance du financement pour les activit\u00e9s professionnelles et artistiques de l&rsquo;interpr\u00e8te<\/li>\n<li>Le montant du financement demand\u00e9 et l&rsquo;\u00e9quilibre budg\u00e9taire<\/li>\n<li>L&rsquo;impact du projet sur la qualit\u00e9 et la quantit\u00e9 des \u00e9changes culturels entre la Finlande et les pays du Benelux<\/li>\n<\/ul>\n<p>Pour \u00eatre \u00e9ligibles \u00e0 la subvention, l&rsquo;interpr\u00e8te comme l&rsquo;organisateur de l&rsquo;\u00e9v\u00e9nement doivent s&rsquo;\u00eatre engag\u00e9s pr\u00e9alablement sur le projet.<\/p>\n<p>[\/et_pb_toggle][et_pb_toggle title=\u00a0\u00bbPROCESSUS DE D\u00c9CISION\u00a0\u00bb open_toggle_text_color=\u00a0\u00bb#510023&Prime; open_toggle_background_color=\u00a0\u00bb#FEF7FB\u00a0\u00bb closed_toggle_text_color=\u00a0\u00bb#DA589B\u00a0\u00bb closed_toggle_background_color=\u00a0\u00bb#FEF7FB\u00a0\u00bb icon_color=\u00a0\u00bb#DA589B\u00a0\u00bb open_icon_color=\u00a0\u00bb#DA589B\u00a0\u00bb _builder_version=\u00a0\u00bb4.17.6&Prime; _module_preset=\u00a0\u00bbdefault\u00a0\u00bb title_text_color=\u00a0\u00bb#510023&Prime; body_text_color=\u00a0\u00bb#510023&Prime; global_colors_info=\u00a0\u00bb{}\u00a0\u00bb]<\/p>\n<p>Les d\u00e9cisions seront prises par l&rsquo;Institut culturel finlandais pour le Benelux, avec les conseils d&rsquo;une liste changeante de professionnels des arts de la sc\u00e8ne. Une d\u00e9cision sera prise dans les deux semaines suivant la r\u00e9ception de chaque candidature.<\/p>\n<p>[\/et_pb_toggle][\/et_pb_column][et_pb_column type=\u00a0\u00bb1_5&Prime; _builder_version=\u00a0\u00bb4.16&Prime; custom_padding=\u00a0\u00bb|||\u00a0\u00bb global_colors_info=\u00a0\u00bb{}\u00a0\u00bb custom_padding__hover=\u00a0\u00bb|||\u00a0\u00bb][\/et_pb_column][\/et_pb_row][et_pb_row _builder_version=\u00a0\u00bb4.16&Prime; _module_preset=\u00a0\u00bbdefault\u00a0\u00bb global_colors_info=\u00a0\u00bb{}\u00a0\u00bb][et_pb_column type=\u00a0\u00bb4_4&Prime; _builder_version=\u00a0\u00bb4.16&Prime; _module_preset=\u00a0\u00bbdefault\u00a0\u00bb global_colors_info=\u00a0\u00bb{}\u00a0\u00bb][et_pb_blog fullwidth=\u00a0\u00bboff\u00a0\u00bb posts_number=\u00a0\u00bb9&Prime; include_categories=\u00a0\u00bb70&Prime; use_manual_excerpt=\u00a0\u00bboff\u00a0\u00bb show_author=\u00a0\u00bboff\u00a0\u00bb show_date=\u00a0\u00bboff\u00a0\u00bb show_categories=\u00a0\u00bboff\u00a0\u00bb masonry_tile_background_color=\u00a0\u00bbRGBA(255,255,255,0)\u00a0\u00bb _builder_version=\u00a0\u00bb4.16&Prime; _module_preset=\u00a0\u00bbdefault\u00a0\u00bb background_color=\u00a0\u00bbRGBA(255,255,255,0)\u00a0\u00bb border_width_all=\u00a0\u00bb0px\u00a0\u00bb border_style_all=\u00a0\u00bbnone\u00a0\u00bb global_colors_info=\u00a0\u00bb{}\u00a0\u00bb][\/et_pb_blog][\/et_pb_column][\/et_pb_row][\/et_pb_section]<\/p>\n","protected":false},"excerpt":{"rendered":"<p>La plateforme d&rsquo;aide \u00e0 la mobilit\u00e9 TelepART offre aux artistes de la sc\u00e8ne l&rsquo;opportunit\u00e9 de voyager entre la Finlande et le Benelux pour s&rsquo;y produire. Il s&rsquo;agit d&rsquo;un programme de microfinancement rapide et facile pour les professionnels \u00e9mergents ou en train de percer.<\/p>\n","protected":false},"author":4,"featured_media":12054,"parent":13396,"menu_order":1,"comment_status":"closed","ping_status":"closed","template":"","meta":{"_acf_changed":false,"_et_pb_use_builder":"on","_et_pb_old_content":"","_et_gb_content_width":"","inline_featured_image":false,"footnotes":""},"class_list":["post-13421","page","type-page","status-publish","has-post-thumbnail","hentry"],"acf":[],"yoast_head":"<!-- This site is optimized with the Yoast SEO plugin v27.4 - https:\/\/yoast.com\/product\/yoast-seo-wordpress\/ -->\n<title>TelepART - Finnish Cultural Institute for the Benelux<\/title>\n<meta name=\"description\" content=\"La plateforme d&#039;aide \u00e0 la mobilit\u00e9 TelepART offre aux artistes de la sc\u00e8ne l&#039;opportunit\u00e9 de voyager entre la Finlande et le Benelux pour s&#039;y produire.\" \/>\n<meta name=\"robots\" content=\"index, follow, max-snippet:-1, max-image-preview:large, max-video-preview:-1\" \/>\n<link rel=\"canonical\" href=\"https:\/\/finncult.be\/fr\/programme\/telepart\/\" \/>\n<meta property=\"og:locale\" content=\"fr_FR\" \/>\n<meta property=\"og:type\" content=\"article\" \/>\n<meta property=\"og:title\" content=\"TelepART - Finnish Cultural Institute for the Benelux\" \/>\n<meta property=\"og:description\" content=\"La plateforme d&#039;aide \u00e0 la mobilit\u00e9 TelepART offre aux artistes de la sc\u00e8ne l&#039;opportunit\u00e9 de voyager entre la Finlande et le Benelux pour s&#039;y produire.\" \/>\n<meta property=\"og:url\" content=\"https:\/\/finncult.be\/fr\/programme\/telepart\/\" \/>\n<meta property=\"og:site_name\" content=\"Finnish Cultural Institute for the Benelux\" \/>\n<meta property=\"article:modified_time\" content=\"2024-08-26T09:19:53+00:00\" \/>\n<meta property=\"og:image\" content=\"https:\/\/finncult.be\/wp-content\/uploads\/2022\/04\/miradonna_sirkka-scaled.jpeg\" \/>\n\t<meta property=\"og:image:width\" content=\"2560\" \/>\n\t<meta property=\"og:image:height\" content=\"1707\" \/>\n\t<meta property=\"og:image:type\" content=\"image\/jpeg\" \/>\n<meta name=\"twitter:card\" content=\"summary_large_image\" \/>\n<meta name=\"twitter:label1\" content=\"Dur\u00e9e de lecture estim\u00e9e\" \/>\n\t<meta name=\"twitter:data1\" content=\"6 minutes\" \/>\n<script type=\"application\/ld+json\" class=\"yoast-schema-graph\">{\"@context\":\"https:\\\/\\\/schema.org\",\"@graph\":[{\"@type\":\"WebPage\",\"@id\":\"https:\\\/\\\/finncult.be\\\/fr\\\/programme\\\/telepart\\\/\",\"url\":\"https:\\\/\\\/finncult.be\\\/fr\\\/programme\\\/telepart\\\/\",\"name\":\"TelepART - Finnish Cultural Institute for the Benelux\",\"isPartOf\":{\"@id\":\"https:\\\/\\\/finncult.be\\\/#website\"},\"primaryImageOfPage\":{\"@id\":\"https:\\\/\\\/finncult.be\\\/fr\\\/programme\\\/telepart\\\/#primaryimage\"},\"image\":{\"@id\":\"https:\\\/\\\/finncult.be\\\/fr\\\/programme\\\/telepart\\\/#primaryimage\"},\"thumbnailUrl\":\"https:\\\/\\\/finncult.be\\\/wp-content\\\/uploads\\\/2022\\\/04\\\/miradonna_sirkka-scaled.jpeg\",\"datePublished\":\"2022-04-10T12:06:53+00:00\",\"dateModified\":\"2024-08-26T09:19:53+00:00\",\"description\":\"La plateforme d'aide \u00e0 la mobilit\u00e9 TelepART offre aux artistes de la sc\u00e8ne l'opportunit\u00e9 de voyager entre la Finlande et le Benelux pour s'y produire.\",\"breadcrumb\":{\"@id\":\"https:\\\/\\\/finncult.be\\\/fr\\\/programme\\\/telepart\\\/#breadcrumb\"},\"inLanguage\":\"fr-FR\",\"potentialAction\":[{\"@type\":\"ReadAction\",\"target\":[\"https:\\\/\\\/finncult.be\\\/fr\\\/programme\\\/telepart\\\/\"]}]},{\"@type\":\"ImageObject\",\"inLanguage\":\"fr-FR\",\"@id\":\"https:\\\/\\\/finncult.be\\\/fr\\\/programme\\\/telepart\\\/#primaryimage\",\"url\":\"https:\\\/\\\/finncult.be\\\/wp-content\\\/uploads\\\/2022\\\/04\\\/miradonna_sirkka-scaled.jpeg\",\"contentUrl\":\"https:\\\/\\\/finncult.be\\\/wp-content\\\/uploads\\\/2022\\\/04\\\/miradonna_sirkka-scaled.jpeg\",\"width\":2560,\"height\":1707,\"caption\":\"Image: Going Fishing performance, Taiteiden kes\u00e4 Kulta ry, Finnish Cultural Foundation 2021. Photo by Iidaliina Linnea.\"},{\"@type\":\"BreadcrumbList\",\"@id\":\"https:\\\/\\\/finncult.be\\\/fr\\\/programme\\\/telepart\\\/#breadcrumb\",\"itemListElement\":[{\"@type\":\"ListItem\",\"position\":1,\"name\":\"Home\",\"item\":\"https:\\\/\\\/finncult.be\\\/fr\\\/\"},{\"@type\":\"ListItem\",\"position\":2,\"name\":\"Programme\",\"item\":\"https:\\\/\\\/finncult.be\\\/fr\\\/programme\\\/\"},{\"@type\":\"ListItem\",\"position\":3,\"name\":\"TelepART\"}]},{\"@type\":\"WebSite\",\"@id\":\"https:\\\/\\\/finncult.be\\\/#website\",\"url\":\"https:\\\/\\\/finncult.be\\\/\",\"name\":\"Finnish Cultural Institute for the Benelux\",\"description\":\"Finnish Cultural Institute for the Benelux\",\"potentialAction\":[{\"@type\":\"SearchAction\",\"target\":{\"@type\":\"EntryPoint\",\"urlTemplate\":\"https:\\\/\\\/finncult.be\\\/?s={search_term_string}\"},\"query-input\":{\"@type\":\"PropertyValueSpecification\",\"valueRequired\":true,\"valueName\":\"search_term_string\"}}],\"inLanguage\":\"fr-FR\"}]}<\/script>\n<!-- \/ Yoast SEO plugin. -->","yoast_head_json":{"title":"TelepART - Finnish Cultural Institute for the Benelux","description":"La plateforme d'aide \u00e0 la mobilit\u00e9 TelepART offre aux artistes de la sc\u00e8ne l'opportunit\u00e9 de voyager entre la Finlande et le Benelux pour s'y produire.","robots":{"index":"index","follow":"follow","max-snippet":"max-snippet:-1","max-image-preview":"max-image-preview:large","max-video-preview":"max-video-preview:-1"},"canonical":"https:\/\/finncult.be\/fr\/programme\/telepart\/","og_locale":"fr_FR","og_type":"article","og_title":"TelepART - Finnish Cultural Institute for the Benelux","og_description":"La plateforme d'aide \u00e0 la mobilit\u00e9 TelepART offre aux artistes de la sc\u00e8ne l'opportunit\u00e9 de voyager entre la Finlande et le Benelux pour s'y produire.","og_url":"https:\/\/finncult.be\/fr\/programme\/telepart\/","og_site_name":"Finnish Cultural Institute for the Benelux","article_modified_time":"2024-08-26T09:19:53+00:00","og_image":[{"width":2560,"height":1707,"url":"https:\/\/finncult.be\/wp-content\/uploads\/2022\/04\/miradonna_sirkka-scaled.jpeg","type":"image\/jpeg"}],"twitter_card":"summary_large_image","twitter_misc":{"Dur\u00e9e de lecture estim\u00e9e":"6 minutes"},"schema":{"@context":"https:\/\/schema.org","@graph":[{"@type":"WebPage","@id":"https:\/\/finncult.be\/fr\/programme\/telepart\/","url":"https:\/\/finncult.be\/fr\/programme\/telepart\/","name":"TelepART - Finnish Cultural Institute for the Benelux","isPartOf":{"@id":"https:\/\/finncult.be\/#website"},"primaryImageOfPage":{"@id":"https:\/\/finncult.be\/fr\/programme\/telepart\/#primaryimage"},"image":{"@id":"https:\/\/finncult.be\/fr\/programme\/telepart\/#primaryimage"},"thumbnailUrl":"https:\/\/finncult.be\/wp-content\/uploads\/2022\/04\/miradonna_sirkka-scaled.jpeg","datePublished":"2022-04-10T12:06:53+00:00","dateModified":"2024-08-26T09:19:53+00:00","description":"La plateforme d'aide \u00e0 la mobilit\u00e9 TelepART offre aux artistes de la sc\u00e8ne l'opportunit\u00e9 de voyager entre la Finlande et le Benelux pour s'y produire.","breadcrumb":{"@id":"https:\/\/finncult.be\/fr\/programme\/telepart\/#breadcrumb"},"inLanguage":"fr-FR","potentialAction":[{"@type":"ReadAction","target":["https:\/\/finncult.be\/fr\/programme\/telepart\/"]}]},{"@type":"ImageObject","inLanguage":"fr-FR","@id":"https:\/\/finncult.be\/fr\/programme\/telepart\/#primaryimage","url":"https:\/\/finncult.be\/wp-content\/uploads\/2022\/04\/miradonna_sirkka-scaled.jpeg","contentUrl":"https:\/\/finncult.be\/wp-content\/uploads\/2022\/04\/miradonna_sirkka-scaled.jpeg","width":2560,"height":1707,"caption":"Image: Going Fishing performance, Taiteiden kes\u00e4 Kulta ry, Finnish Cultural Foundation 2021. Photo by Iidaliina Linnea."},{"@type":"BreadcrumbList","@id":"https:\/\/finncult.be\/fr\/programme\/telepart\/#breadcrumb","itemListElement":[{"@type":"ListItem","position":1,"name":"Home","item":"https:\/\/finncult.be\/fr\/"},{"@type":"ListItem","position":2,"name":"Programme","item":"https:\/\/finncult.be\/fr\/programme\/"},{"@type":"ListItem","position":3,"name":"TelepART"}]},{"@type":"WebSite","@id":"https:\/\/finncult.be\/#website","url":"https:\/\/finncult.be\/","name":"Finnish Cultural Institute for the Benelux","description":"Finnish Cultural Institute for the Benelux","potentialAction":[{"@type":"SearchAction","target":{"@type":"EntryPoint","urlTemplate":"https:\/\/finncult.be\/?s={search_term_string}"},"query-input":{"@type":"PropertyValueSpecification","valueRequired":true,"valueName":"search_term_string"}}],"inLanguage":"fr-FR"}]}},"_links":{"self":[{"href":"https:\/\/finncult.be\/fr\/wp-json\/wp\/v2\/pages\/13421","targetHints":{"allow":["GET"]}}],"collection":[{"href":"https:\/\/finncult.be\/fr\/wp-json\/wp\/v2\/pages"}],"about":[{"href":"https:\/\/finncult.be\/fr\/wp-json\/wp\/v2\/types\/page"}],"author":[{"embeddable":true,"href":"https:\/\/finncult.be\/fr\/wp-json\/wp\/v2\/users\/4"}],"replies":[{"embeddable":true,"href":"https:\/\/finncult.be\/fr\/wp-json\/wp\/v2\/comments?post=13421"}],"version-history":[{"count":8,"href":"https:\/\/finncult.be\/fr\/wp-json\/wp\/v2\/pages\/13421\/revisions"}],"predecessor-version":[{"id":19548,"href":"https:\/\/finncult.be\/fr\/wp-json\/wp\/v2\/pages\/13421\/revisions\/19548"}],"up":[{"embeddable":true,"href":"https:\/\/finncult.be\/fr\/wp-json\/wp\/v2\/pages\/13396"}],"wp:featuredmedia":[{"embeddable":true,"href":"https:\/\/finncult.be\/fr\/wp-json\/wp\/v2\/media\/12054"}],"wp:attachment":[{"href":"https:\/\/finncult.be\/fr\/wp-json\/wp\/v2\/media?parent=13421"}],"curies":[{"name":"wp","href":"https:\/\/api.w.org\/{rel}","templated":true}]}}