{"id":13410,"date":"2022-06-21T11:15:34","date_gmt":"2022-06-21T09:15:34","guid":{"rendered":"http:\/\/finncult.asiakkaat.sigmatic.fi\/programme\/opportunites\/"},"modified":"2022-07-28T14:44:58","modified_gmt":"2022-07-28T12:44:58","slug":"opportunites","status":"publish","type":"page","link":"https:\/\/finncult.be\/fr\/programme\/opportunites\/","title":{"rendered":"Opportunit\u00e9s"},"content":{"rendered":"<p>[et_pb_section fb_built=\u00a0\u00bb1&Prime; fullwidth=\u00a0\u00bbon\u00a0\u00bb _builder_version=\u00a0\u00bb4.16&Prime; _module_preset=\u00a0\u00bbdefault\u00a0\u00bb background_image=\u00a0\u00bbhttp:\/\/finncult.asiakkaat.sigmatic.fi\/wp-content\/uploads\/2022\/04\/miradonna_sirkka-scaled.jpeg\u00a0\u00bb global_colors_info=\u00a0\u00bb{}\u00a0\u00bb][et_pb_fullwidth_header text_orientation=\u00a0\u00bbcenter\u00a0\u00bb _builder_version=\u00a0\u00bb4.17.6&Prime; _module_preset=\u00a0\u00bbdefault\u00a0\u00bb background_image=\u00a0\u00bbhttps:\/\/finncult.be\/wp-content\/uploads\/2022\/04\/miradonna_sirkka-scaled.jpeg\u00a0\u00bb min_height=\u00a0\u00bb493px\u00a0\u00bb hover_enabled=\u00a0\u00bb0&Prime; border_style_all_image=\u00a0\u00bbnone\u00a0\u00bb global_colors_info=\u00a0\u00bb{}\u00a0\u00bb alt=\u00a0\u00bbWoman stands on hill covered with heath, arms are raised spinning a long piece of rope.\u00a0\u00bb title_text=\u00a0\u00bbGoing Fishing-Miradonna Sirkka\u00a0\u00bb sticky_enabled=\u00a0\u00bb0&Prime;][\/et_pb_fullwidth_header][\/et_pb_section][et_pb_section fb_built=\u00a0\u00bb1&Prime; admin_label=\u00a0\u00bbsection\u00a0\u00bb _builder_version=\u00a0\u00bb4.16&Prime; background_color=\u00a0\u00bb#FEF7FB\u00a0\u00bb custom_padding=\u00a0\u00bb22px|||||\u00a0\u00bb collapsed=\u00a0\u00bboff\u00a0\u00bb global_colors_info=\u00a0\u00bb{}\u00a0\u00bb][et_pb_row column_structure=\u00a0\u00bb1_5,3_5,1_5&Prime; admin_label=\u00a0\u00bbrow\u00a0\u00bb _builder_version=\u00a0\u00bb4.16&Prime; background_size=\u00a0\u00bbinitial\u00a0\u00bb background_position=\u00a0\u00bbtop_left\u00a0\u00bb background_repeat=\u00a0\u00bbrepeat\u00a0\u00bb custom_margin=\u00a0\u00bb||||false|false\u00a0\u00bb global_colors_info=\u00a0\u00bb{}\u00a0\u00bb][et_pb_column type=\u00a0\u00bb1_5&Prime; _builder_version=\u00a0\u00bb4.16&Prime; custom_padding=\u00a0\u00bb|||\u00a0\u00bb global_colors_info=\u00a0\u00bb{}\u00a0\u00bb custom_padding__hover=\u00a0\u00bb|||\u00a0\u00bb][\/et_pb_column][et_pb_column type=\u00a0\u00bb3_5&Prime; _builder_version=\u00a0\u00bb4.16&Prime; custom_padding=\u00a0\u00bb|||\u00a0\u00bb global_colors_info=\u00a0\u00bb{}\u00a0\u00bb custom_padding__hover=\u00a0\u00bb|||\u00a0\u00bb][et_pb_text _builder_version=\u00a0\u00bb4.17.4&Prime; _module_preset=\u00a0\u00bbdefault\u00a0\u00bb custom_margin=\u00a0\u00bb||||false|false\u00a0\u00bb custom_padding=\u00a0\u00bb||||false|false\u00a0\u00bb global_colors_info=\u00a0\u00bb{}\u00a0\u00bb]<\/p>\n<div class=\"et_pb_module et_pb_text et_pb_text_0 et_pb_text_align_left et_pb_bg_layout_light\">\n<div class=\"et_pb_text_inner\">\n<h1>Opportunit\u00e9s<\/h1>\n<\/div>\n<\/div>\n<p style=\"text-align: left;\">\u00c0 l&rsquo;Institut, nous cherchons constamment \u00e0 construire des ponts et \u00e0 soutenir des projets et id\u00e9es en provenance d&rsquo;acteurs de la culture en Finlande et au Benelux. Vous trouverez ci-dessous certaines des opportunit\u00e9s que nous proposons.<\/p>\n<h2 style=\"text-align: left;\">Sugg\u00e9rez un projet<\/h2>\n<p style=\"text-align: left;\">L&rsquo;Institut est ouvert aux nouvelles initiatives et id\u00e9es, et peut collaborer \u00e0 plusieurs niveaux sur diff\u00e9rents types de projets. Notre but op\u00e9rationnel est de soutenir et\/ou de produire du contenu qui soit accessible, innovant et durable, en prenant en compte l&rsquo;\u00e9galit\u00e9, l&rsquo;inclusivit\u00e9 et une approche antiraciste d\u00e8s la phase de planification. Nous pouvons collaborer en tant que partenaires sur un projet ou proposer notre soutien \u00e0 des projets existants. Veuillez noter que l&rsquo;Institut b\u00e9n\u00e9ficie de peu de ressources et que nos capacit\u00e9s sont donc elles aussi limit\u00e9es. Veuillez nous envoyer un e-mail \u00e0 propos de votre projet, en gardant \u00e0 l&rsquo;esprit les \u00e9l\u00e9ments suivants :<\/p>\n<ul>\n<li style=\"text-align: left;\">Quels sont les buts du projet et les r\u00e9sultats esp\u00e9r\u00e9s ?<\/li>\n<li style=\"text-align: left;\">Quels sont les objectifs \u00e0 long terme ?<\/li>\n<li style=\"text-align: left;\">En quoi consiste exactement le projet (table ronde, performance, etc.) ?<\/li>\n<li style=\"text-align: left;\">Quand le projet se d\u00e9roulera-t-il ?<\/li>\n<li style=\"text-align: left;\">O\u00f9 le projet se d\u00e9roulera-t-il ?<\/li>\n<li style=\"text-align: left;\">Quel est le budget ?<\/li>\n<li style=\"text-align: left;\">Comment l&rsquo;Institut peut-il participer au projet ?<\/li>\n<\/ul>\n<p>N&rsquo;h\u00e9sitez pas \u00e0 envoyer vos propositions \u00e0 la directrice du programme, <strong>Malin Bergstr\u00f6m<\/strong>, via l&rsquo;adresse <a href=\"mailto:malin.bergstrom@finncult.be\" target=\"_blank\" rel=\"noopener\">malin.bergstrom@finncult.be<\/a><\/p>\n<p>[\/et_pb_text][\/et_pb_column][et_pb_column type=\u00a0\u00bb1_5&Prime; _builder_version=\u00a0\u00bb4.16&Prime; custom_padding=\u00a0\u00bb|||\u00a0\u00bb global_colors_info=\u00a0\u00bb{}\u00a0\u00bb custom_padding__hover=\u00a0\u00bb|||\u00a0\u00bb][\/et_pb_column][\/et_pb_row][\/et_pb_section]<\/p>\n","protected":false},"excerpt":{"rendered":"<p>\u00c0 l&rsquo;Institut, nous cherchons constamment \u00e0 construire des ponts et \u00e0 soutenir des projets et id\u00e9es en provenance d&rsquo;acteurs de la culture en Finlande et au Benelux.<\/p>\n","protected":false},"author":8,"featured_media":20377,"parent":13396,"menu_order":2,"comment_status":"closed","ping_status":"closed","template":"","meta":{"_acf_changed":false,"_et_pb_use_builder":"on","_et_pb_old_content":"","_et_gb_content_width":"","inline_featured_image":false,"footnotes":""},"class_list":["post-13410","page","type-page","status-publish","has-post-thumbnail","hentry"],"acf":[],"yoast_head":"<!-- This site is optimized with the Yoast SEO plugin v27.4 - https:\/\/yoast.com\/product\/yoast-seo-wordpress\/ -->\n<title>Opportunit\u00e9s - Finnish Cultural Institute for the Benelux<\/title>\n<meta name=\"description\" content=\"\u00c0 l&#039;Institut, nous cherchons constamment \u00e0 construire des ponts et \u00e0 soutenir des projets et id\u00e9es en provenance d&#039;acteurs de la culture en Finlande et au Benelux.\" \/>\n<meta name=\"robots\" content=\"index, follow, max-snippet:-1, max-image-preview:large, max-video-preview:-1\" \/>\n<link rel=\"canonical\" href=\"https:\/\/finncult.be\/fr\/programme\/opportunites\/\" \/>\n<meta property=\"og:locale\" content=\"fr_FR\" \/>\n<meta property=\"og:type\" content=\"article\" \/>\n<meta property=\"og:title\" content=\"Opportunit\u00e9s - Finnish Cultural Institute for the Benelux\" \/>\n<meta property=\"og:description\" content=\"\u00c0 l&#039;Institut, nous cherchons constamment \u00e0 construire des ponts et \u00e0 soutenir des projets et id\u00e9es en provenance d&#039;acteurs de la culture en Finlande et au Benelux.\" \/>\n<meta property=\"og:url\" content=\"https:\/\/finncult.be\/fr\/programme\/opportunites\/\" \/>\n<meta property=\"og:site_name\" content=\"Finnish Cultural Institute for the Benelux\" \/>\n<meta property=\"article:modified_time\" content=\"2022-07-28T12:44:58+00:00\" \/>\n<meta property=\"og:image\" content=\"https:\/\/finncult.be\/wp-content\/uploads\/2022\/06\/IMG_0616-scaled-e1655489317989.jpg\" \/>\n\t<meta property=\"og:image:width\" content=\"2560\" \/>\n\t<meta property=\"og:image:height\" content=\"1707\" \/>\n\t<meta property=\"og:image:type\" content=\"image\/jpeg\" \/>\n<meta name=\"twitter:card\" content=\"summary_large_image\" \/>\n<meta name=\"twitter:label1\" content=\"Dur\u00e9e de lecture estim\u00e9e\" \/>\n\t<meta name=\"twitter:data1\" content=\"2 minutes\" \/>\n<script type=\"application\/ld+json\" class=\"yoast-schema-graph\">{\"@context\":\"https:\\\/\\\/schema.org\",\"@graph\":[{\"@type\":\"WebPage\",\"@id\":\"https:\\\/\\\/finncult.be\\\/fr\\\/programme\\\/opportunites\\\/\",\"url\":\"https:\\\/\\\/finncult.be\\\/fr\\\/programme\\\/opportunites\\\/\",\"name\":\"Opportunit\u00e9s - Finnish Cultural Institute for the Benelux\",\"isPartOf\":{\"@id\":\"https:\\\/\\\/finncult.be\\\/#website\"},\"primaryImageOfPage\":{\"@id\":\"https:\\\/\\\/finncult.be\\\/fr\\\/programme\\\/opportunites\\\/#primaryimage\"},\"image\":{\"@id\":\"https:\\\/\\\/finncult.be\\\/fr\\\/programme\\\/opportunites\\\/#primaryimage\"},\"thumbnailUrl\":\"https:\\\/\\\/finncult.be\\\/wp-content\\\/uploads\\\/2025\\\/03\\\/TEXTURE-OF-CONNECTION-BY-YOHANNES-HENRIKSSON-1-scaled.jpg\",\"datePublished\":\"2022-06-21T09:15:34+00:00\",\"dateModified\":\"2022-07-28T12:44:58+00:00\",\"description\":\"\u00c0 l'Institut, nous cherchons constamment \u00e0 construire des ponts et \u00e0 soutenir des projets et id\u00e9es en provenance d'acteurs de la culture en Finlande et au Benelux.\",\"breadcrumb\":{\"@id\":\"https:\\\/\\\/finncult.be\\\/fr\\\/programme\\\/opportunites\\\/#breadcrumb\"},\"inLanguage\":\"fr-FR\",\"potentialAction\":[{\"@type\":\"ReadAction\",\"target\":[\"https:\\\/\\\/finncult.be\\\/fr\\\/programme\\\/opportunites\\\/\"]}]},{\"@type\":\"ImageObject\",\"inLanguage\":\"fr-FR\",\"@id\":\"https:\\\/\\\/finncult.be\\\/fr\\\/programme\\\/opportunites\\\/#primaryimage\",\"url\":\"https:\\\/\\\/finncult.be\\\/wp-content\\\/uploads\\\/2025\\\/03\\\/TEXTURE-OF-CONNECTION-BY-YOHANNES-HENRIKSSON-1-scaled.jpg\",\"contentUrl\":\"https:\\\/\\\/finncult.be\\\/wp-content\\\/uploads\\\/2025\\\/03\\\/TEXTURE-OF-CONNECTION-BY-YOHANNES-HENRIKSSON-1-scaled.jpg\",\"width\":1707,\"height\":2560,\"caption\":\"A Black dancer balances on one hand, their body inverted with legs spread wide in mid-air. They wear loose black pants, and their dreadlocks dangle toward the reflective floor. A person in a white hat and orange shirt sits at a table in the background, working on a laptop, engaged in music or production. The space has dark floors, red walls, and overhead lighting rigs.\"},{\"@type\":\"BreadcrumbList\",\"@id\":\"https:\\\/\\\/finncult.be\\\/fr\\\/programme\\\/opportunites\\\/#breadcrumb\",\"itemListElement\":[{\"@type\":\"ListItem\",\"position\":1,\"name\":\"Home\",\"item\":\"https:\\\/\\\/finncult.be\\\/fr\\\/\"},{\"@type\":\"ListItem\",\"position\":2,\"name\":\"Programme\",\"item\":\"https:\\\/\\\/finncult.be\\\/fr\\\/programme\\\/\"},{\"@type\":\"ListItem\",\"position\":3,\"name\":\"Opportunit\u00e9s\"}]},{\"@type\":\"WebSite\",\"@id\":\"https:\\\/\\\/finncult.be\\\/#website\",\"url\":\"https:\\\/\\\/finncult.be\\\/\",\"name\":\"Finnish Cultural Institute for the Benelux\",\"description\":\"Finnish Cultural Institute for the Benelux\",\"potentialAction\":[{\"@type\":\"SearchAction\",\"target\":{\"@type\":\"EntryPoint\",\"urlTemplate\":\"https:\\\/\\\/finncult.be\\\/?s={search_term_string}\"},\"query-input\":{\"@type\":\"PropertyValueSpecification\",\"valueRequired\":true,\"valueName\":\"search_term_string\"}}],\"inLanguage\":\"fr-FR\"}]}<\/script>\n<!-- \/ Yoast SEO plugin. -->","yoast_head_json":{"title":"Opportunit\u00e9s - Finnish Cultural Institute for the Benelux","description":"\u00c0 l'Institut, nous cherchons constamment \u00e0 construire des ponts et \u00e0 soutenir des projets et id\u00e9es en provenance d'acteurs de la culture en Finlande et au Benelux.","robots":{"index":"index","follow":"follow","max-snippet":"max-snippet:-1","max-image-preview":"max-image-preview:large","max-video-preview":"max-video-preview:-1"},"canonical":"https:\/\/finncult.be\/fr\/programme\/opportunites\/","og_locale":"fr_FR","og_type":"article","og_title":"Opportunit\u00e9s - Finnish Cultural Institute for the Benelux","og_description":"\u00c0 l'Institut, nous cherchons constamment \u00e0 construire des ponts et \u00e0 soutenir des projets et id\u00e9es en provenance d'acteurs de la culture en Finlande et au Benelux.","og_url":"https:\/\/finncult.be\/fr\/programme\/opportunites\/","og_site_name":"Finnish Cultural Institute for the Benelux","article_modified_time":"2022-07-28T12:44:58+00:00","og_image":[{"width":2560,"height":1707,"url":"https:\/\/finncult.be\/wp-content\/uploads\/2022\/06\/IMG_0616-scaled-e1655489317989.jpg","type":"image\/jpeg"}],"twitter_card":"summary_large_image","twitter_misc":{"Dur\u00e9e de lecture estim\u00e9e":"2 minutes"},"schema":{"@context":"https:\/\/schema.org","@graph":[{"@type":"WebPage","@id":"https:\/\/finncult.be\/fr\/programme\/opportunites\/","url":"https:\/\/finncult.be\/fr\/programme\/opportunites\/","name":"Opportunit\u00e9s - Finnish Cultural Institute for the Benelux","isPartOf":{"@id":"https:\/\/finncult.be\/#website"},"primaryImageOfPage":{"@id":"https:\/\/finncult.be\/fr\/programme\/opportunites\/#primaryimage"},"image":{"@id":"https:\/\/finncult.be\/fr\/programme\/opportunites\/#primaryimage"},"thumbnailUrl":"https:\/\/finncult.be\/wp-content\/uploads\/2025\/03\/TEXTURE-OF-CONNECTION-BY-YOHANNES-HENRIKSSON-1-scaled.jpg","datePublished":"2022-06-21T09:15:34+00:00","dateModified":"2022-07-28T12:44:58+00:00","description":"\u00c0 l'Institut, nous cherchons constamment \u00e0 construire des ponts et \u00e0 soutenir des projets et id\u00e9es en provenance d'acteurs de la culture en Finlande et au Benelux.","breadcrumb":{"@id":"https:\/\/finncult.be\/fr\/programme\/opportunites\/#breadcrumb"},"inLanguage":"fr-FR","potentialAction":[{"@type":"ReadAction","target":["https:\/\/finncult.be\/fr\/programme\/opportunites\/"]}]},{"@type":"ImageObject","inLanguage":"fr-FR","@id":"https:\/\/finncult.be\/fr\/programme\/opportunites\/#primaryimage","url":"https:\/\/finncult.be\/wp-content\/uploads\/2025\/03\/TEXTURE-OF-CONNECTION-BY-YOHANNES-HENRIKSSON-1-scaled.jpg","contentUrl":"https:\/\/finncult.be\/wp-content\/uploads\/2025\/03\/TEXTURE-OF-CONNECTION-BY-YOHANNES-HENRIKSSON-1-scaled.jpg","width":1707,"height":2560,"caption":"A Black dancer balances on one hand, their body inverted with legs spread wide in mid-air. They wear loose black pants, and their dreadlocks dangle toward the reflective floor. A person in a white hat and orange shirt sits at a table in the background, working on a laptop, engaged in music or production. The space has dark floors, red walls, and overhead lighting rigs."},{"@type":"BreadcrumbList","@id":"https:\/\/finncult.be\/fr\/programme\/opportunites\/#breadcrumb","itemListElement":[{"@type":"ListItem","position":1,"name":"Home","item":"https:\/\/finncult.be\/fr\/"},{"@type":"ListItem","position":2,"name":"Programme","item":"https:\/\/finncult.be\/fr\/programme\/"},{"@type":"ListItem","position":3,"name":"Opportunit\u00e9s"}]},{"@type":"WebSite","@id":"https:\/\/finncult.be\/#website","url":"https:\/\/finncult.be\/","name":"Finnish Cultural Institute for the Benelux","description":"Finnish Cultural Institute for the Benelux","potentialAction":[{"@type":"SearchAction","target":{"@type":"EntryPoint","urlTemplate":"https:\/\/finncult.be\/?s={search_term_string}"},"query-input":{"@type":"PropertyValueSpecification","valueRequired":true,"valueName":"search_term_string"}}],"inLanguage":"fr-FR"}]}},"_links":{"self":[{"href":"https:\/\/finncult.be\/fr\/wp-json\/wp\/v2\/pages\/13410","targetHints":{"allow":["GET"]}}],"collection":[{"href":"https:\/\/finncult.be\/fr\/wp-json\/wp\/v2\/pages"}],"about":[{"href":"https:\/\/finncult.be\/fr\/wp-json\/wp\/v2\/types\/page"}],"author":[{"embeddable":true,"href":"https:\/\/finncult.be\/fr\/wp-json\/wp\/v2\/users\/8"}],"replies":[{"embeddable":true,"href":"https:\/\/finncult.be\/fr\/wp-json\/wp\/v2\/comments?post=13410"}],"version-history":[{"count":0,"href":"https:\/\/finncult.be\/fr\/wp-json\/wp\/v2\/pages\/13410\/revisions"}],"up":[{"embeddable":true,"href":"https:\/\/finncult.be\/fr\/wp-json\/wp\/v2\/pages\/13396"}],"wp:featuredmedia":[{"embeddable":true,"href":"https:\/\/finncult.be\/fr\/wp-json\/wp\/v2\/media\/20377"}],"wp:attachment":[{"href":"https:\/\/finncult.be\/fr\/wp-json\/wp\/v2\/media?parent=13410"}],"curies":[{"name":"wp","href":"https:\/\/api.w.org\/{rel}","templated":true}]}}