{"id":13396,"date":"2022-01-30T15:19:52","date_gmt":"2022-01-30T14:19:52","guid":{"rendered":"http:\/\/finncult.asiakkaat.sigmatic.fi\/programme\/"},"modified":"2024-02-28T11:10:18","modified_gmt":"2024-02-28T10:10:18","slug":"programme","status":"publish","type":"page","link":"https:\/\/finncult.be\/fr\/programme\/","title":{"rendered":"Programme"},"content":{"rendered":"<p>[et_pb_section fb_built=\u00a0\u00bb1&Prime; fullwidth=\u00a0\u00bbon\u00a0\u00bb _builder_version=\u00a0\u00bb4.16&Prime; _module_preset=\u00a0\u00bbdefault\u00a0\u00bb background_image=\u00a0\u00bbhttp:\/\/finncult.asiakkaat.sigmatic.fi\/wp-content\/uploads\/2022\/04\/By-Forster-Perelsztejn-at-Ervin-Latimers-Possibilities-of-Potential-Selves-exhibition-at-Antwerp-Queer-Arts-Festival-2021&#8211;scaled.jpeg\u00a0\u00bb parallax=\u00a0\u00bbon\u00a0\u00bb global_colors_info=\u00a0\u00bb{}\u00a0\u00bb][et_pb_fullwidth_header title=\u00a0\u00bbProgramme\u00a0\u00bb text_orientation=\u00a0\u00bbcenter\u00a0\u00bb button_one_url=\u00a0\u00bbmailto:malin.bergstrom@finncult.be\u00a0\u00bb background_overlay_color=\u00a0\u00bbrgba(81,0,35,0.5)\u00a0\u00bb _builder_version=\u00a0\u00bb4.17.6&Prime; _module_preset=\u00a0\u00bbdefault\u00a0\u00bb title_text_align=\u00a0\u00bbcenter\u00a0\u00bb title_font_size=\u00a0\u00bb60px\u00a0\u00bb title_line_height=\u00a0\u00bb1.3em\u00a0\u00bb subhead_font=\u00a0\u00bbno1||||||||\u00a0\u00bb subhead_font_size=\u00a0\u00bb22px\u00a0\u00bb background_image=\u00a0\u00bbhttps:\/\/finncult.be\/wp-content\/uploads\/2022\/04\/By-Forster-Perelsztejn-at-Ervin-Latimers-Possibilities-of-Potential-Selves-exhibition-at-Antwerp-Queer-Arts-Festival-2021&#8211;scaled.jpeg\u00a0\u00bb custom_button_one=\u00a0\u00bbon\u00a0\u00bb button_one_text_size=\u00a0\u00bb16px\u00a0\u00bb button_one_text_color=\u00a0\u00bb#FEF7FB\u00a0\u00bb button_one_bg_color=\u00a0\u00bb#DA589B\u00a0\u00bb button_one_border_width=\u00a0\u00bb0px\u00a0\u00bb button_one_border_color=\u00a0\u00bbRGBA(255,255,255,0)\u00a0\u00bb button_one_border_radius=\u00a0\u00bb0px\u00a0\u00bb button_one_font=\u00a0\u00bbno1||||||||\u00a0\u00bb button_one_use_icon=\u00a0\u00bboff\u00a0\u00bb module_alignment=\u00a0\u00bbleft\u00a0\u00bb min_height=\u00a0\u00bb493px\u00a0\u00bb custom_margin=\u00a0\u00bb||0px|||\u00a0\u00bb custom_padding=\u00a0\u00bb||0px||false|false\u00a0\u00bb title_font_size_tablet=\u00a0\u00bb60px\u00a0\u00bb title_font_size_phone=\u00a0\u00bb42px\u00a0\u00bb title_font_size_last_edited=\u00a0\u00bbon|phone\u00a0\u00bb custom_css_title=\u00a0\u00bbpadding-top:15%;\u00a0\u00bb global_colors_info=\u00a0\u00bb{}\u00a0\u00bb][\/et_pb_fullwidth_header][\/et_pb_section][et_pb_section fb_built=\u00a0\u00bb1&Prime; admin_label=\u00a0\u00bbsection\u00a0\u00bb _builder_version=\u00a0\u00bb4.16&Prime; min_height=\u00a0\u00bb1047.8px\u00a0\u00bb custom_margin=\u00a0\u00bb||||false|false\u00a0\u00bb custom_padding=\u00a0\u00bb||||false|false\u00a0\u00bb global_colors_info=\u00a0\u00bb{}\u00a0\u00bb][et_pb_row column_structure=\u00a0\u00bb1_5,3_5,1_5&Prime; admin_label=\u00a0\u00bbrow\u00a0\u00bb _builder_version=\u00a0\u00bb4.16&Prime; background_size=\u00a0\u00bbinitial\u00a0\u00bb background_position=\u00a0\u00bbtop_left\u00a0\u00bb background_repeat=\u00a0\u00bbrepeat\u00a0\u00bb module_alignment=\u00a0\u00bbcenter\u00a0\u00bb custom_margin=\u00a0\u00bb||||false|false\u00a0\u00bb custom_padding=\u00a0\u00bb||||false|false\u00a0\u00bb global_colors_info=\u00a0\u00bb{}\u00a0\u00bb][et_pb_column type=\u00a0\u00bb1_5&Prime; _builder_version=\u00a0\u00bb4.16&Prime; custom_padding=\u00a0\u00bb|||\u00a0\u00bb global_colors_info=\u00a0\u00bb{}\u00a0\u00bb custom_padding__hover=\u00a0\u00bb|||\u00a0\u00bb][\/et_pb_column][et_pb_column type=\u00a0\u00bb3_5&Prime; _builder_version=\u00a0\u00bb4.16&Prime; custom_padding=\u00a0\u00bb|||\u00a0\u00bb global_colors_info=\u00a0\u00bb{}\u00a0\u00bb custom_padding__hover=\u00a0\u00bb|||\u00a0\u00bb][et_pb_text _builder_version=\u00a0\u00bb4.17.6&Prime; _module_preset=\u00a0\u00bbdefault\u00a0\u00bb header_font=\u00a0\u00bbno1-Regular||||||||\u00a0\u00bb custom_margin=\u00a0\u00bb||||false|false\u00a0\u00bb custom_padding=\u00a0\u00bb||||false|false\u00a0\u00bb global_colors_info=\u00a0\u00bb{}\u00a0\u00bb]<\/p>\n<h1 style=\"text-align: left;\">Notre programme<\/h1>\n<p>&nbsp;<\/p>\n<p>L&rsquo;Institut culturel finlandais pour le Benelux encourage et soutient la collaboration et les \u00e9changes aussi bien artistiques que critiques entre le Benelux et la Finlande. Notre programme int\u00e8gre des initiatives culturelles contemporaines, durables et interdisciplinaires.<\/p>\n<p>Nous travaillons \u00e0 la fois sur des projets artistiques et sur des th\u00e8mes de soci\u00e9t\u00e9 et d&rsquo;actualit\u00e9, visant l&rsquo;\u00e9galit\u00e9, l&rsquo;inclusivit\u00e9 et l&rsquo;antiracisme dans notre programmation. Nos domaines de pr\u00e9dilection vont des arts visuels au design contemporain en passant par les performances cr\u00e9atives, l&rsquo;\u00e9change d&rsquo;expertise et les forums de discussion sur les sujets d&rsquo;actualit\u00e9. Nous produisons notre propre contenu et collaborons \u00e9galement avec diff\u00e9rents partenaires.<\/p>\n<p>Nous participons activement \u00e0 des r\u00e9seaux comme <a href=\"https:\/\/www.movemen.be\/\" target=\"_blank\" rel=\"noopener\">MoveMen<\/a> ainsi qu&rsquo;aux groupes <a href=\"https:\/\/www.facebook.com\/EUNICinbrussels\/\" target=\"_blank\" rel=\"noopener\">belges<\/a> et <a href=\"https:\/\/eunic-netherlands.eu\/\" target=\"_blank\" rel=\"noopener\">n\u00e9erlandais<\/a> des Instituts culturels nationaux de l&rsquo;Union europ\u00e9enne (<a href=\"https:\/\/www.eunicglobal.eu\/\" target=\"_blank\" rel=\"noopener\">EUNIC<\/a>).<\/p>\n<p>Pour en savoir plus, veuillez contacter notre directrice de programme, <strong>Malin Bergstr\u00f6m, <\/strong><a href=\"mailto:malin.bergstrom@finncult.be\" target=\"_blank\" rel=\"noopener\">malin.bergstrom@finncult.be<\/a><\/p>\n<p>[\/et_pb_text][\/et_pb_column][et_pb_column type=\u00a0\u00bb1_5&Prime; _builder_version=\u00a0\u00bb4.16&Prime; custom_padding=\u00a0\u00bb|||\u00a0\u00bb global_colors_info=\u00a0\u00bb{}\u00a0\u00bb custom_padding__hover=\u00a0\u00bb|||\u00a0\u00bb][\/et_pb_column][\/et_pb_row][et_pb_row _builder_version=\u00a0\u00bb4.16&Prime; _module_preset=\u00a0\u00bbdefault\u00a0\u00bb global_colors_info=\u00a0\u00bb{}\u00a0\u00bb][et_pb_column type=\u00a0\u00bb4_4&Prime; _builder_version=\u00a0\u00bb4.16&Prime; _module_preset=\u00a0\u00bbdefault\u00a0\u00bb global_colors_info=\u00a0\u00bb{}\u00a0\u00bb][et_pb_text _builder_version=\u00a0\u00bb4.24.0&Prime; _module_preset=\u00a0\u00bbdefault\u00a0\u00bb header_font=\u00a0\u00bbno1||||||||\u00a0\u00bb custom_margin=\u00a0\u00bb||||false|false\u00a0\u00bb hover_enabled=\u00a0\u00bb0&Prime; global_colors_info=\u00a0\u00bb{}\u00a0\u00bb sticky_enabled=\u00a0\u00bb0&Prime;]<\/p>\n<h2 style=\"text-align: center;\">Programme 2024<\/h2>\n<p>[\/et_pb_text][et_pb_blog fullwidth=\u00a0\u00bboff\u00a0\u00bb posts_number=\u00a0\u00bb12&Prime; include_categories=\u00a0\u00bb118&Prime; use_manual_excerpt=\u00a0\u00bboff\u00a0\u00bb show_author=\u00a0\u00bboff\u00a0\u00bb show_date=\u00a0\u00bboff\u00a0\u00bb show_categories=\u00a0\u00bboff\u00a0\u00bb show_excerpt=\u00a0\u00bboff\u00a0\u00bb show_pagination=\u00a0\u00bboff\u00a0\u00bb masonry_tile_background_color=\u00a0\u00bbRGBA(255,255,255,0)\u00a0\u00bb _builder_version=\u00a0\u00bb4.24.0&Prime; _module_preset=\u00a0\u00bbdefault\u00a0\u00bb header_font=\u00a0\u00bbno1-Regular||||||||\u00a0\u00bb background_color=\u00a0\u00bbRGBA(255,255,255,0)\u00a0\u00bb custom_margin=\u00a0\u00bb||||false|false\u00a0\u00bb custom_padding=\u00a0\u00bb||||false|false\u00a0\u00bb hover_enabled=\u00a0\u00bb0&Prime; border_width_all=\u00a0\u00bb0px\u00a0\u00bb border_style_all=\u00a0\u00bbnone\u00a0\u00bb global_colors_info=\u00a0\u00bb{}\u00a0\u00bb sticky_enabled=\u00a0\u00bb0&Prime;][\/et_pb_blog][\/et_pb_column][\/et_pb_row][\/et_pb_section]<\/p>\n","protected":false},"excerpt":{"rendered":"<p>Notre programme &nbsp; L&rsquo;Institut culturel finlandais pour le Benelux encourage et soutient la collaboration et les \u00e9changes aussi bien artistiques que critiques entre le Benelux et la Finlande. Notre programme int\u00e8gre des initiatives culturelles contemporaines, durables et interdisciplinaires. Nous travaillons \u00e0 la fois sur des projets artistiques et sur des th\u00e8mes de soci\u00e9t\u00e9 et d&rsquo;actualit\u00e9, [&hellip;]<\/p>\n","protected":false},"author":4,"featured_media":12020,"parent":0,"menu_order":0,"comment_status":"closed","ping_status":"closed","template":"","meta":{"_acf_changed":false,"_et_pb_use_builder":"on","_et_pb_old_content":"","_et_gb_content_width":"","inline_featured_image":false,"footnotes":""},"class_list":["post-13396","page","type-page","status-publish","has-post-thumbnail","hentry"],"acf":[],"yoast_head":"<!-- This site is optimized with the Yoast SEO plugin v27.5 - https:\/\/yoast.com\/product\/yoast-seo-wordpress\/ -->\n<title>Programme - Finnish Cultural Institute for the Benelux<\/title>\n<meta name=\"description\" content=\"Notre programme int\u00e8gre des initiatives culturelles contemporaines, durables et interdisciplinaires.\" \/>\n<meta name=\"robots\" content=\"index, follow, max-snippet:-1, max-image-preview:large, max-video-preview:-1\" \/>\n<link rel=\"canonical\" href=\"https:\/\/finncult.be\/fr\/programme\/\" \/>\n<meta property=\"og:locale\" content=\"fr_FR\" \/>\n<meta property=\"og:type\" content=\"article\" \/>\n<meta property=\"og:title\" content=\"Programme - Finnish Cultural Institute for the Benelux\" \/>\n<meta property=\"og:description\" content=\"Notre programme int\u00e8gre des initiatives culturelles contemporaines, durables et interdisciplinaires.\" \/>\n<meta property=\"og:url\" content=\"https:\/\/finncult.be\/fr\/programme\/\" \/>\n<meta property=\"og:site_name\" content=\"Finnish Cultural Institute for the Benelux\" \/>\n<meta property=\"article:modified_time\" content=\"2024-02-28T10:10:18+00:00\" \/>\n<meta property=\"og:image\" content=\"https:\/\/finncult.be\/wp-content\/uploads\/2022\/04\/By-Forster-Perelsztejn-at-Ervin-Latimers-Possibilities-of-Potential-Selves-exhibition-at-Antwerp-Queer-Arts-Festival-2021--scaled.jpeg\" \/>\n\t<meta property=\"og:image:width\" content=\"2560\" \/>\n\t<meta property=\"og:image:height\" content=\"1770\" \/>\n\t<meta property=\"og:image:type\" content=\"image\/jpeg\" \/>\n<meta name=\"twitter:card\" content=\"summary_large_image\" \/>\n<meta name=\"twitter:label1\" content=\"Dur\u00e9e de lecture estim\u00e9e\" \/>\n\t<meta name=\"twitter:data1\" content=\"3 minutes\" \/>\n<script type=\"application\/ld+json\" class=\"yoast-schema-graph\">{\"@context\":\"https:\\\/\\\/schema.org\",\"@graph\":[{\"@type\":\"WebPage\",\"@id\":\"https:\\\/\\\/finncult.be\\\/fr\\\/programme\\\/\",\"url\":\"https:\\\/\\\/finncult.be\\\/fr\\\/programme\\\/\",\"name\":\"Programme - Finnish Cultural Institute for the Benelux\",\"isPartOf\":{\"@id\":\"https:\\\/\\\/finncult.be\\\/#website\"},\"primaryImageOfPage\":{\"@id\":\"https:\\\/\\\/finncult.be\\\/fr\\\/programme\\\/#primaryimage\"},\"image\":{\"@id\":\"https:\\\/\\\/finncult.be\\\/fr\\\/programme\\\/#primaryimage\"},\"thumbnailUrl\":\"https:\\\/\\\/finncult.be\\\/wp-content\\\/uploads\\\/2022\\\/04\\\/By-Forster-Perelsztejn-at-Ervin-Latimers-Possibilities-of-Potential-Selves-exhibition-at-Antwerp-Queer-Arts-Festival-2021--scaled.jpeg\",\"datePublished\":\"2022-01-30T14:19:52+00:00\",\"dateModified\":\"2024-02-28T10:10:18+00:00\",\"description\":\"Notre programme int\u00e8gre des initiatives culturelles contemporaines, durables et interdisciplinaires.\",\"breadcrumb\":{\"@id\":\"https:\\\/\\\/finncult.be\\\/fr\\\/programme\\\/#breadcrumb\"},\"inLanguage\":\"fr-FR\",\"potentialAction\":[{\"@type\":\"ReadAction\",\"target\":[\"https:\\\/\\\/finncult.be\\\/fr\\\/programme\\\/\"]}]},{\"@type\":\"ImageObject\",\"inLanguage\":\"fr-FR\",\"@id\":\"https:\\\/\\\/finncult.be\\\/fr\\\/programme\\\/#primaryimage\",\"url\":\"https:\\\/\\\/finncult.be\\\/wp-content\\\/uploads\\\/2022\\\/04\\\/By-Forster-Perelsztejn-at-Ervin-Latimers-Possibilities-of-Potential-Selves-exhibition-at-Antwerp-Queer-Arts-Festival-2021--scaled.jpeg\",\"contentUrl\":\"https:\\\/\\\/finncult.be\\\/wp-content\\\/uploads\\\/2022\\\/04\\\/By-Forster-Perelsztejn-at-Ervin-Latimers-Possibilities-of-Potential-Selves-exhibition-at-Antwerp-Queer-Arts-Festival-2021--scaled.jpeg\",\"width\":2560,\"height\":1770,\"caption\":\"By Forster Perelsztejn\"},{\"@type\":\"BreadcrumbList\",\"@id\":\"https:\\\/\\\/finncult.be\\\/fr\\\/programme\\\/#breadcrumb\",\"itemListElement\":[{\"@type\":\"ListItem\",\"position\":1,\"name\":\"Home\",\"item\":\"https:\\\/\\\/finncult.be\\\/fr\\\/\"},{\"@type\":\"ListItem\",\"position\":2,\"name\":\"Programme\"}]},{\"@type\":\"WebSite\",\"@id\":\"https:\\\/\\\/finncult.be\\\/#website\",\"url\":\"https:\\\/\\\/finncult.be\\\/\",\"name\":\"Finnish Cultural Institute for the Benelux\",\"description\":\"Finnish Cultural Institute for the Benelux\",\"potentialAction\":[{\"@type\":\"SearchAction\",\"target\":{\"@type\":\"EntryPoint\",\"urlTemplate\":\"https:\\\/\\\/finncult.be\\\/?s={search_term_string}\"},\"query-input\":{\"@type\":\"PropertyValueSpecification\",\"valueRequired\":true,\"valueName\":\"search_term_string\"}}],\"inLanguage\":\"fr-FR\"}]}<\/script>\n<!-- \/ Yoast SEO plugin. -->","yoast_head_json":{"title":"Programme - Finnish Cultural Institute for the Benelux","description":"Notre programme int\u00e8gre des initiatives culturelles contemporaines, durables et interdisciplinaires.","robots":{"index":"index","follow":"follow","max-snippet":"max-snippet:-1","max-image-preview":"max-image-preview:large","max-video-preview":"max-video-preview:-1"},"canonical":"https:\/\/finncult.be\/fr\/programme\/","og_locale":"fr_FR","og_type":"article","og_title":"Programme - Finnish Cultural Institute for the Benelux","og_description":"Notre programme int\u00e8gre des initiatives culturelles contemporaines, durables et interdisciplinaires.","og_url":"https:\/\/finncult.be\/fr\/programme\/","og_site_name":"Finnish Cultural Institute for the Benelux","article_modified_time":"2024-02-28T10:10:18+00:00","og_image":[{"width":2560,"height":1770,"url":"https:\/\/finncult.be\/wp-content\/uploads\/2022\/04\/By-Forster-Perelsztejn-at-Ervin-Latimers-Possibilities-of-Potential-Selves-exhibition-at-Antwerp-Queer-Arts-Festival-2021--scaled.jpeg","type":"image\/jpeg"}],"twitter_card":"summary_large_image","twitter_misc":{"Dur\u00e9e de lecture estim\u00e9e":"3 minutes"},"schema":{"@context":"https:\/\/schema.org","@graph":[{"@type":"WebPage","@id":"https:\/\/finncult.be\/fr\/programme\/","url":"https:\/\/finncult.be\/fr\/programme\/","name":"Programme - Finnish Cultural Institute for the Benelux","isPartOf":{"@id":"https:\/\/finncult.be\/#website"},"primaryImageOfPage":{"@id":"https:\/\/finncult.be\/fr\/programme\/#primaryimage"},"image":{"@id":"https:\/\/finncult.be\/fr\/programme\/#primaryimage"},"thumbnailUrl":"https:\/\/finncult.be\/wp-content\/uploads\/2022\/04\/By-Forster-Perelsztejn-at-Ervin-Latimers-Possibilities-of-Potential-Selves-exhibition-at-Antwerp-Queer-Arts-Festival-2021--scaled.jpeg","datePublished":"2022-01-30T14:19:52+00:00","dateModified":"2024-02-28T10:10:18+00:00","description":"Notre programme int\u00e8gre des initiatives culturelles contemporaines, durables et interdisciplinaires.","breadcrumb":{"@id":"https:\/\/finncult.be\/fr\/programme\/#breadcrumb"},"inLanguage":"fr-FR","potentialAction":[{"@type":"ReadAction","target":["https:\/\/finncult.be\/fr\/programme\/"]}]},{"@type":"ImageObject","inLanguage":"fr-FR","@id":"https:\/\/finncult.be\/fr\/programme\/#primaryimage","url":"https:\/\/finncult.be\/wp-content\/uploads\/2022\/04\/By-Forster-Perelsztejn-at-Ervin-Latimers-Possibilities-of-Potential-Selves-exhibition-at-Antwerp-Queer-Arts-Festival-2021--scaled.jpeg","contentUrl":"https:\/\/finncult.be\/wp-content\/uploads\/2022\/04\/By-Forster-Perelsztejn-at-Ervin-Latimers-Possibilities-of-Potential-Selves-exhibition-at-Antwerp-Queer-Arts-Festival-2021--scaled.jpeg","width":2560,"height":1770,"caption":"By Forster Perelsztejn"},{"@type":"BreadcrumbList","@id":"https:\/\/finncult.be\/fr\/programme\/#breadcrumb","itemListElement":[{"@type":"ListItem","position":1,"name":"Home","item":"https:\/\/finncult.be\/fr\/"},{"@type":"ListItem","position":2,"name":"Programme"}]},{"@type":"WebSite","@id":"https:\/\/finncult.be\/#website","url":"https:\/\/finncult.be\/","name":"Finnish Cultural Institute for the Benelux","description":"Finnish Cultural Institute for the Benelux","potentialAction":[{"@type":"SearchAction","target":{"@type":"EntryPoint","urlTemplate":"https:\/\/finncult.be\/?s={search_term_string}"},"query-input":{"@type":"PropertyValueSpecification","valueRequired":true,"valueName":"search_term_string"}}],"inLanguage":"fr-FR"}]}},"_links":{"self":[{"href":"https:\/\/finncult.be\/fr\/wp-json\/wp\/v2\/pages\/13396","targetHints":{"allow":["GET"]}}],"collection":[{"href":"https:\/\/finncult.be\/fr\/wp-json\/wp\/v2\/pages"}],"about":[{"href":"https:\/\/finncult.be\/fr\/wp-json\/wp\/v2\/types\/page"}],"author":[{"embeddable":true,"href":"https:\/\/finncult.be\/fr\/wp-json\/wp\/v2\/users\/4"}],"replies":[{"embeddable":true,"href":"https:\/\/finncult.be\/fr\/wp-json\/wp\/v2\/comments?post=13396"}],"version-history":[{"count":1,"href":"https:\/\/finncult.be\/fr\/wp-json\/wp\/v2\/pages\/13396\/revisions"}],"predecessor-version":[{"id":18017,"href":"https:\/\/finncult.be\/fr\/wp-json\/wp\/v2\/pages\/13396\/revisions\/18017"}],"wp:featuredmedia":[{"embeddable":true,"href":"https:\/\/finncult.be\/fr\/wp-json\/wp\/v2\/media\/12020"}],"wp:attachment":[{"href":"https:\/\/finncult.be\/fr\/wp-json\/wp\/v2\/media?parent=13396"}],"curies":[{"name":"wp","href":"https:\/\/api.w.org\/{rel}","templated":true}]}}