{"id":18757,"date":"2022-04-10T14:09:56","date_gmt":"2022-04-10T12:09:56","guid":{"rendered":"https:\/\/finncult.be\/instituutti\/tietosuojaseloste\/"},"modified":"2024-05-30T15:27:06","modified_gmt":"2024-05-30T13:27:06","slug":"tietosuojaseloste","status":"publish","type":"page","link":"https:\/\/finncult.be\/fi\/instituutti\/tietosuojaseloste\/","title":{"rendered":"Tietosuojaseloste"},"content":{"rendered":"<p>[et_pb_section fb_built=&#8221;1&#8243; fullwidth=&#8221;on&#8221; _builder_version=&#8221;4.16&#8243; _module_preset=&#8221;default&#8221; global_colors_info=&#8221;{}&#8221;][et_pb_fullwidth_header title=&#8221;Tietosuojaseloste&#8221; text_orientation=&#8221;center&#8221; background_overlay_color=&#8221;rgba(81,0,35,0.5)&#8221; _builder_version=&#8221;4.24.3&#8243; _module_preset=&#8221;default&#8221; title_text_align=&#8221;center&#8221; title_font_size=&#8221;60px&#8221; background_image=&#8221;https:\/\/finncult.be\/wp-content\/uploads\/2022\/06\/IMG_0616-scaled-e1655489317989.jpg&#8221; min_height=&#8221;493px&#8221; title_font_size_tablet=&#8221;60px&#8221; title_font_size_phone=&#8221;34px&#8221; title_font_size_last_edited=&#8221;on|phone&#8221; title_line_height_tablet=&#8221;1.1em&#8221; title_line_height_phone=&#8221;2.2em&#8221; title_line_height_last_edited=&#8221;on|phone&#8221; custom_css_title=&#8221;padding-top:15%;&#8221; global_colors_info=&#8221;{}&#8221;][\/et_pb_fullwidth_header][\/et_pb_section][et_pb_section fb_built=&#8221;1&#8243; _builder_version=&#8221;4.16&#8243; background_color=&#8221;#FEF7FB&#8221; global_colors_info=&#8221;{}&#8221;][et_pb_row column_structure=&#8221;1_5,3_5,1_5&#8243; _builder_version=&#8221;4.16&#8243; background_size=&#8221;initial&#8221; background_position=&#8221;top_left&#8221; background_repeat=&#8221;repeat&#8221; custom_padding=&#8221;||||false|false&#8221; global_colors_info=&#8221;{}&#8221;][et_pb_column type=&#8221;1_5&#8243; _builder_version=&#8221;4.16&#8243; custom_padding=&#8221;|||&#8221; global_colors_info=&#8221;{}&#8221; custom_padding__hover=&#8221;|||&#8221;][\/et_pb_column][et_pb_column type=&#8221;3_5&#8243; _builder_version=&#8221;4.16&#8243; custom_padding=&#8221;|||&#8221; global_colors_info=&#8221;{}&#8221; custom_padding__hover=&#8221;|||&#8221;][et_pb_text _builder_version=&#8221;4.24.3&#8243; background_size=&#8221;initial&#8221; background_position=&#8221;top_left&#8221; background_repeat=&#8221;repeat&#8221; hover_enabled=&#8221;0&#8243; global_colors_info=&#8221;{}&#8221; sticky_enabled=&#8221;0&#8243;]<\/p>\n<h2>Tietosuojaseloste: yhteystietorekisteri<\/h2>\n<p>Tutustu huolellisesti Suomen Benelux-instituutin yhteystietorekisterin tietosuojaselosteeseen. Instituutti sitoutuu k\u00e4sittelem\u00e4\u00e4n henkil\u00f6tietoja noudattaen tietosuojalains\u00e4\u00e4d\u00e4nt\u00f6\u00e4 sek\u00e4 hyv\u00e4\u00e4 tietojenk\u00e4sittelytapaa. Tietosuojalains\u00e4\u00e4d\u00e4nn\u00f6ll\u00e4 viitataan erityisesti EU:n yleiseen tietosuoja-asetukseen sek\u00e4 henkil\u00f6tietoja koskevaan kansalliseen lains\u00e4\u00e4d\u00e4nt\u00f6\u00f6n.<\/p>\n<h3>1 Rekisterinpit\u00e4j\u00e4<\/h3>\n<p>Nimi: Suomen Benelux-instituutti<br \/>Y-tunnus Suomi: 0982406-5<br \/>Yritystunnus Belgia: 0851.551.914<br \/>Yhteystiedot: Rue de l\u2019Arbre\/Boomstraat 14\/3, 1000 Bryssel, Belgia \/ <a href=\"mailto:info@finncult.be\" target=\"_blank\" rel=\"noopener\">info@finncult.be<\/a> \/ puh. +32 468 15 56 72 (tsto)<\/p>\n<h3>2 Rekisterin nimi<\/h3>\n<p>Suomen Benelux-instituutin yhteystietorekisteri.<\/p>\n<h3>3 Yhteyshenkil\u00f6 rekisteri\u00e4 koskevissa asioissa<\/h3>\n<p>Tiedottaja <strong>Ela Suleymangil<\/strong><br \/>Yhteystiedot: Rue de l\u2019Arbre\/Boomstraat 14\/3, 1000 Bryssel, Belgia \/ <a href=\"mailto:ela.suleymangil@finncult.be\" target=\"_blank\" rel=\"noopener\">ela.suleymangil@finncult.be<\/a> \/ puh. +32 486 84 42 48<\/p>\n<h3>4 Henkil\u00f6tietojen k\u00e4sittelyn tarkoitus, oikeusperuste ja tiedonl\u00e4hteet<\/h3>\n<p>Ker\u00e4tt\u00e4vi\u00e4 henkil\u00f6tietoja k\u00e4ytet\u00e4\u00e4n instituutin yhteisty\u00f6suhteiden hoitamiseen sek\u00e4 toiminnasta viestimiseen.<\/p>\n<p>K\u00e4sittelyn oikeusperuste on rekister\u00f6idyn vapaaehtoinen, yksil\u00f6ity, tietoinen ja yksiselitteinen tahdonilmaisu, jolla h\u00e4n hyv\u00e4ksyy henkil\u00f6tietojensa k\u00e4sittelyn.<\/p>\n<p>Tiedot ker\u00e4t\u00e4\u00e4n rekister\u00f6idyilt\u00e4 itselt\u00e4\u00e4n. Selvyyden vuoksi todetaan, ett\u00e4 rekister\u00f6idyt ovat tietosuojalains\u00e4\u00e4d\u00e4nn\u00f6n mukaisia rekister\u00f6ityj\u00e4. Tietojen tallennus ja k\u00e4sittely perustuvat rekister\u00f6idyn suostumukseen, jonka h\u00e4n antaa esim. tilatessaan uutiskirjeen tai solmiessaan yhteisty\u00f6sopimuksen instituutin kanssa.<\/p>\n<h3>5 Rekisterin tietosis\u00e4lt\u00f6<\/h3>\n<p><em>Henkil\u00f6n tiedot<\/em><br \/>Henkil\u00f6n nimi, titteli, organisaatio, puhelinnumero, s\u00e4hk\u00f6postiosoite, kotipaikka, kieli ja kotimaa.<\/p>\n<p><em>Henkil\u00f6n ja instituutin yhteyteen liittyv\u00e4t tiedot<\/em><br \/>Henkil\u00f6n suhde instituuttiin, henkil\u00f6n kontaktihenkil\u00f6 instituutin sis\u00e4ll\u00e4.<\/p>\n<h3>6 Rekisterin k\u00e4ytt\u00e4j\u00e4t<\/h3>\n<p>Henkil\u00f6tietoja k\u00e4sittelev\u00e4t instituutin henkil\u00f6kunnan j\u00e4senet. K\u00e4ytt\u00f6oikeus rajoitetaan joko pelk\u00e4st\u00e4\u00e4n tietojen katseluun tai p\u00e4ivitt\u00e4miseen siin\u00e4 laajuudessa kuin kunkin ty\u00f6teht\u00e4v\u00e4t edellytt\u00e4v\u00e4t.<\/p>\n<h3>7 Rekisterin suojaus<\/h3>\n<p>Tiedot ker\u00e4t\u00e4\u00e4n Mailchimp-j\u00e4rjestelm\u00e4\u00e4n. J\u00e4rjestelm\u00e4\u00e4n kirjautuminen edellytt\u00e4\u00e4 salasanaa ja j\u00e4rjestelm\u00e4n k\u00e4ytt\u00f6 tapahtuu salatun SSL-yhteyden kautta.<br \/>Tiedot ker\u00e4t\u00e4\u00e4n palvelun tietokantoihin, jotka ovat palomuurein ja muilla teknisill\u00e4 keinoilla suojattuja. Tietokannat sijaitsevat lukituissa ja vartioiduissa tiloissa ja tietoihin p\u00e4\u00e4sev\u00e4t k\u00e4siksi vain tietyt ennalta m\u00e4\u00e4ritellyt henkil\u00f6t.<\/p>\n<p>Instituutin ja Mailchimpin v\u00e4lill\u00e4 on tehty sopimus tietojen k\u00e4sittelyst\u00e4, jossa todetaan palvelun olevan asetuksen mukainen. Mailchimp toteaa my\u00f6s alihankkijoidensa palveluiden olevan asetuksen mukaisia.<\/p>\n<p>Aineistot s\u00e4ilytet\u00e4\u00e4n ja suojataan siten, etteiv\u00e4t ulkopuoliset niit\u00e4 n\u00e4e ja siten, ettei niit\u00e4 voida vahingossa tai laittomasti h\u00e4vitt\u00e4\u00e4, muuttaa, luovuttaa, siirt\u00e4\u00e4 tai muutoin laittomasti k\u00e4sitell\u00e4.<\/p>\n<p>Instituutti sitoutuu noudattamaan kaikessa toiminnassaan riitt\u00e4vi\u00e4 turvatoimia henkil\u00f6tietojen suojaamiseksi. Riitt\u00e4vill\u00e4 turvatoimilla tarkoitetaan teknisi\u00e4 toimia kuten tietokoneiden virustorjuntaa, palomuureja tai toimitilojen kulunvalvontaa, sek\u00e4 organisatorisia toimia kuten riitt\u00e4vien ja asiantuntevien resurssien huolehtimista ja henkil\u00f6kunnan riitt\u00e4v\u00e4\u00e4 ohjeistamista. Instituutti k\u00e4sittelee henkil\u00f6tietoja luottamuksellisina ja huolehtii siit\u00e4, ett\u00e4 henkil\u00f6tietojen k\u00e4sittelyyn osallistuvat ty\u00f6ntekij\u00e4t ja\/tai alihankkijat ovat allekirjoittaneet salassapitosopimuksen ja\/tai heit\u00e4 sitoo muu salassapitovelvoite. Instituutti arvioi s\u00e4\u00e4nn\u00f6llisesti edell\u00e4 mainittujen toimenpiteiden tehokkuutta henkil\u00f6tietojen k\u00e4sittelyn turvallisuuden varmistamiseksi.<\/p>\n<h3>8 Tietojen luovutus<\/h3>\n<p>Tietoja ei luovuteta instituutin ulkopuolelle.<br \/>Tietoja ei luovuteta Euroopan unionin tai Euroopan talousalueen ulkopuolelle.<\/p>\n<h3>9 Henkil\u00f6tietojen s\u00e4ilytysaika ja poisto<\/h3>\n<p>Instituutti s\u00e4ilytt\u00e4\u00e4 henkil\u00f6tietoja niin kauan kuin niihin liittyv\u00e4\u00e4 toimintaa j\u00e4rjestet\u00e4\u00e4n.<br \/>Rekister\u00f6ity voi kuitenkin pyyt\u00e4\u00e4 h\u00e4nt\u00e4 koskevien tietojen poistamista milloin tahansa.<\/p>\n<h3>10 Rekister\u00f6idyn oikeudet<\/h3>\n<p>Rekister\u00f6idyill\u00e4 on oikeus saada n\u00e4ht\u00e4v\u00e4ksi h\u00e4nest\u00e4 tallennetut tiedot, oikeus vaatia mahdollisen virheellisen tiedon korjaamista tai puutteellisen tiedon t\u00e4ydent\u00e4mist\u00e4 sek\u00e4 tulla poistetuksi, ellei tietojen s\u00e4ilytykseen ole laillista perustetta.<\/p>\n<p>Rekister\u00f6idyll\u00e4 on lis\u00e4ksi oikeus pyyt\u00e4\u00e4 h\u00e4nt\u00e4 itse\u00e4\u00e4n koskevien tietojen k\u00e4sittelyn rajoittamista, vastustaa h\u00e4nt\u00e4 itse\u00e4\u00e4n koskevien tietojen k\u00e4sittely\u00e4 sek\u00e4 oikeus siirt\u00e4\u00e4 h\u00e4nt\u00e4 itse\u00e4\u00e4n koskevat tiedot j\u00e4rjestelm\u00e4st\u00e4 toiseen.<\/p>\n<p>Rekisterinpit\u00e4j\u00e4 voi pyyt\u00e4\u00e4 tarvittaessa pyynn\u00f6n esitt\u00e4j\u00e4\u00e4 todistamaan henkil\u00f6llisyytens\u00e4. Rekisterinpit\u00e4j\u00e4 vastaa asiakkaalle tietosuojalains\u00e4\u00e4d\u00e4nn\u00f6ss\u00e4 s\u00e4\u00e4detyss\u00e4 ajassa (p\u00e4\u00e4s\u00e4\u00e4nt\u00f6isesti kuukauden kuluessa).<\/p>\n<p>Tarkastus- ja korjauspyynn\u00f6t tulee esitt\u00e4\u00e4 aina rekisteriasioista vastaavalle yhteyshenkil\u00f6lle (tiedottaja Ela Suleymangil, Rue de l\u2019Arbre\/Boomstraat 14\/3, 1000 Bryssel, Belgia \/ <a href=\"mailto:ela.suleymangil@finncult.be\">ela.suleymangil@finncult.be<\/a> \/ puh. +32 486 84 42 48).<\/p>\n<h3>11 Oikeus valitukseen<\/h3>\n<p>Rekister\u00f6idyll\u00e4 on oikeus tehd\u00e4 valitus valvontaviranomaiselle, mik\u00e4li h\u00e4n katsoo henkil\u00f6tietoja k\u00e4sitellyn virheellisesti.<\/p>\n<p>[\/et_pb_text][\/et_pb_column][et_pb_column type=&#8221;1_5&#8243; _builder_version=&#8221;4.16&#8243; custom_padding=&#8221;|||&#8221; global_colors_info=&#8221;{}&#8221; custom_padding__hover=&#8221;|||&#8221;][\/et_pb_column][\/et_pb_row][\/et_pb_section]<\/p>\n","protected":false},"excerpt":{"rendered":"<p>Tutustu huolellisesti Suomen Benelux-instituutin yhteystietorekisterin tietosuojaselosteeseen.<\/p>\n","protected":false},"author":4,"featured_media":0,"parent":11052,"menu_order":0,"comment_status":"closed","ping_status":"closed","template":"","meta":{"_acf_changed":false,"_et_pb_use_builder":"on","_et_pb_old_content":"","_et_gb_content_width":"","inline_featured_image":false,"footnotes":""},"class_list":["post-18757","page","type-page","status-publish","hentry"],"acf":[],"yoast_head":"<!-- This site is optimized with the Yoast SEO plugin v27.5 - https:\/\/yoast.com\/product\/yoast-seo-wordpress\/ -->\n<title>Tietosuojaseloste - Finnish Cultural Institute for the Benelux<\/title>\n<meta name=\"description\" content=\"Tutustu huolellisesti Suomen Benelux-instituutin yhteystietorekisterin tietosuojaselosteeseen.\" \/>\n<meta name=\"robots\" content=\"index, follow, max-snippet:-1, max-image-preview:large, max-video-preview:-1\" \/>\n<link rel=\"canonical\" href=\"https:\/\/finncult.be\/fi\/instituutti\/tietosuojaseloste\/\" \/>\n<meta property=\"og:locale\" content=\"fi_FI\" \/>\n<meta property=\"og:type\" content=\"article\" \/>\n<meta property=\"og:title\" content=\"Tietosuojaseloste - Finnish Cultural Institute for the Benelux\" \/>\n<meta property=\"og:description\" content=\"Tutustu huolellisesti Suomen Benelux-instituutin yhteystietorekisterin tietosuojaselosteeseen.\" \/>\n<meta property=\"og:url\" content=\"https:\/\/finncult.be\/fi\/instituutti\/tietosuojaseloste\/\" \/>\n<meta property=\"og:site_name\" content=\"Finnish Cultural Institute for the Benelux\" \/>\n<meta property=\"article:modified_time\" content=\"2024-05-30T13:27:06+00:00\" \/>\n<meta name=\"twitter:card\" content=\"summary_large_image\" \/>\n<meta name=\"twitter:label1\" content=\"Arvioitu lukuaika\" \/>\n\t<meta name=\"twitter:data1\" content=\"3 minuuttia\" \/>\n<script type=\"application\/ld+json\" class=\"yoast-schema-graph\">{\"@context\":\"https:\\\/\\\/schema.org\",\"@graph\":[{\"@type\":\"WebPage\",\"@id\":\"https:\\\/\\\/finncult.be\\\/fi\\\/instituutti\\\/tietosuojaseloste\\\/\",\"url\":\"https:\\\/\\\/finncult.be\\\/fi\\\/instituutti\\\/tietosuojaseloste\\\/\",\"name\":\"Tietosuojaseloste - Finnish Cultural Institute for the Benelux\",\"isPartOf\":{\"@id\":\"https:\\\/\\\/finncult.be\\\/#website\"},\"datePublished\":\"2022-04-10T12:09:56+00:00\",\"dateModified\":\"2024-05-30T13:27:06+00:00\",\"description\":\"Tutustu huolellisesti Suomen Benelux-instituutin yhteystietorekisterin tietosuojaselosteeseen.\",\"breadcrumb\":{\"@id\":\"https:\\\/\\\/finncult.be\\\/fi\\\/instituutti\\\/tietosuojaseloste\\\/#breadcrumb\"},\"inLanguage\":\"fi\",\"potentialAction\":[{\"@type\":\"ReadAction\",\"target\":[\"https:\\\/\\\/finncult.be\\\/fi\\\/instituutti\\\/tietosuojaseloste\\\/\"]}]},{\"@type\":\"BreadcrumbList\",\"@id\":\"https:\\\/\\\/finncult.be\\\/fi\\\/instituutti\\\/tietosuojaseloste\\\/#breadcrumb\",\"itemListElement\":[{\"@type\":\"ListItem\",\"position\":1,\"name\":\"Home\",\"item\":\"https:\\\/\\\/finncult.be\\\/fi\\\/\"},{\"@type\":\"ListItem\",\"position\":2,\"name\":\"Instituutti\",\"item\":\"https:\\\/\\\/finncult.be\\\/fi\\\/instituutti\\\/\"},{\"@type\":\"ListItem\",\"position\":3,\"name\":\"Tietosuojaseloste\"}]},{\"@type\":\"WebSite\",\"@id\":\"https:\\\/\\\/finncult.be\\\/#website\",\"url\":\"https:\\\/\\\/finncult.be\\\/\",\"name\":\"Finnish Cultural Institute for the Benelux\",\"description\":\"Finnish Cultural Institute for the Benelux\",\"potentialAction\":[{\"@type\":\"SearchAction\",\"target\":{\"@type\":\"EntryPoint\",\"urlTemplate\":\"https:\\\/\\\/finncult.be\\\/?s={search_term_string}\"},\"query-input\":{\"@type\":\"PropertyValueSpecification\",\"valueRequired\":true,\"valueName\":\"search_term_string\"}}],\"inLanguage\":\"fi\"}]}<\/script>\n<!-- \/ Yoast SEO plugin. -->","yoast_head_json":{"title":"Tietosuojaseloste - Finnish Cultural Institute for the Benelux","description":"Tutustu huolellisesti Suomen Benelux-instituutin yhteystietorekisterin tietosuojaselosteeseen.","robots":{"index":"index","follow":"follow","max-snippet":"max-snippet:-1","max-image-preview":"max-image-preview:large","max-video-preview":"max-video-preview:-1"},"canonical":"https:\/\/finncult.be\/fi\/instituutti\/tietosuojaseloste\/","og_locale":"fi_FI","og_type":"article","og_title":"Tietosuojaseloste - Finnish Cultural Institute for the Benelux","og_description":"Tutustu huolellisesti Suomen Benelux-instituutin yhteystietorekisterin tietosuojaselosteeseen.","og_url":"https:\/\/finncult.be\/fi\/instituutti\/tietosuojaseloste\/","og_site_name":"Finnish Cultural Institute for the Benelux","article_modified_time":"2024-05-30T13:27:06+00:00","twitter_card":"summary_large_image","twitter_misc":{"Arvioitu lukuaika":"3 minuuttia"},"schema":{"@context":"https:\/\/schema.org","@graph":[{"@type":"WebPage","@id":"https:\/\/finncult.be\/fi\/instituutti\/tietosuojaseloste\/","url":"https:\/\/finncult.be\/fi\/instituutti\/tietosuojaseloste\/","name":"Tietosuojaseloste - Finnish Cultural Institute for the Benelux","isPartOf":{"@id":"https:\/\/finncult.be\/#website"},"datePublished":"2022-04-10T12:09:56+00:00","dateModified":"2024-05-30T13:27:06+00:00","description":"Tutustu huolellisesti Suomen Benelux-instituutin yhteystietorekisterin tietosuojaselosteeseen.","breadcrumb":{"@id":"https:\/\/finncult.be\/fi\/instituutti\/tietosuojaseloste\/#breadcrumb"},"inLanguage":"fi","potentialAction":[{"@type":"ReadAction","target":["https:\/\/finncult.be\/fi\/instituutti\/tietosuojaseloste\/"]}]},{"@type":"BreadcrumbList","@id":"https:\/\/finncult.be\/fi\/instituutti\/tietosuojaseloste\/#breadcrumb","itemListElement":[{"@type":"ListItem","position":1,"name":"Home","item":"https:\/\/finncult.be\/fi\/"},{"@type":"ListItem","position":2,"name":"Instituutti","item":"https:\/\/finncult.be\/fi\/instituutti\/"},{"@type":"ListItem","position":3,"name":"Tietosuojaseloste"}]},{"@type":"WebSite","@id":"https:\/\/finncult.be\/#website","url":"https:\/\/finncult.be\/","name":"Finnish Cultural Institute for the Benelux","description":"Finnish Cultural Institute for the Benelux","potentialAction":[{"@type":"SearchAction","target":{"@type":"EntryPoint","urlTemplate":"https:\/\/finncult.be\/?s={search_term_string}"},"query-input":{"@type":"PropertyValueSpecification","valueRequired":true,"valueName":"search_term_string"}}],"inLanguage":"fi"}]}},"_links":{"self":[{"href":"https:\/\/finncult.be\/fi\/wp-json\/wp\/v2\/pages\/18757","targetHints":{"allow":["GET"]}}],"collection":[{"href":"https:\/\/finncult.be\/fi\/wp-json\/wp\/v2\/pages"}],"about":[{"href":"https:\/\/finncult.be\/fi\/wp-json\/wp\/v2\/types\/page"}],"author":[{"embeddable":true,"href":"https:\/\/finncult.be\/fi\/wp-json\/wp\/v2\/users\/4"}],"replies":[{"embeddable":true,"href":"https:\/\/finncult.be\/fi\/wp-json\/wp\/v2\/comments?post=18757"}],"version-history":[{"count":12,"href":"https:\/\/finncult.be\/fi\/wp-json\/wp\/v2\/pages\/18757\/revisions"}],"predecessor-version":[{"id":18814,"href":"https:\/\/finncult.be\/fi\/wp-json\/wp\/v2\/pages\/18757\/revisions\/18814"}],"up":[{"embeddable":true,"href":"https:\/\/finncult.be\/fi\/wp-json\/wp\/v2\/pages\/11052"}],"wp:attachment":[{"href":"https:\/\/finncult.be\/fi\/wp-json\/wp\/v2\/media?parent=18757"}],"curies":[{"name":"wp","href":"https:\/\/api.w.org\/{rel}","templated":true}]}}