{"id":16279,"date":"2022-04-10T14:08:51","date_gmt":"2022-04-10T12:08:51","guid":{"rendered":"https:\/\/finncult.be\/instituutti\/vastuullisuus\/"},"modified":"2024-05-29T16:36:42","modified_gmt":"2024-05-29T14:36:42","slug":"vastuullisuus","status":"publish","type":"page","link":"https:\/\/finncult.be\/fi\/instituutti\/vastuullisuus\/","title":{"rendered":"Vastuullisuus"},"content":{"rendered":"<p>[et_pb_section fb_built=&#8221;1&#8243; fullwidth=&#8221;on&#8221; _builder_version=&#8221;4.16&#8243; _module_preset=&#8221;default&#8221; global_colors_info=&#8221;{}&#8221;][et_pb_fullwidth_header title=&#8221;Vastuullisuus&#8221; text_orientation=&#8221;center&#8221; background_overlay_color=&#8221;rgba(81,0,35,0.5)&#8221; _builder_version=&#8221;4.24.3&#8243; _module_preset=&#8221;default&#8221; title_text_align=&#8221;center&#8221; title_font_size=&#8221;60px&#8221; background_image=&#8221;https:\/\/finncult.be\/wp-content\/uploads\/2022\/06\/IMG_0616-scaled-e1655489317989.jpg&#8221; min_height=&#8221;493px&#8221; hover_enabled=&#8221;0&#8243; title_font_tablet=&#8221;&#8221; title_font_phone=&#8221;&#8221; title_font_last_edited=&#8221;on|phone&#8221; title_text_align_tablet=&#8221;center&#8221; title_text_align_phone=&#8221;&#8221; title_text_align_last_edited=&#8221;on|phone&#8221; title_font_size_tablet=&#8221;60px&#8221; title_font_size_phone=&#8221;42px&#8221; title_font_size_last_edited=&#8221;on|phone&#8221; content_font_size_tablet=&#8221;&#8221; content_font_size_phone=&#8221;&#8221; content_font_size_last_edited=&#8221;on|phone&#8221; custom_css_title=&#8221;padding-top:15%;&#8221; global_colors_info=&#8221;{}&#8221; title_line_height_last_edited=&#8221;on|phone&#8221; sticky_enabled=&#8221;0&#8243; title_line_height_phone=&#8221;2.2em&#8221; title_line_height__hover_enabled=&#8221;off|desktop&#8221;][\/et_pb_fullwidth_header][\/et_pb_section][et_pb_section fb_built=&#8221;1&#8243; _builder_version=&#8221;4.16&#8243; background_color=&#8221;#FEF7FB&#8221; global_colors_info=&#8221;{}&#8221;][et_pb_row column_structure=&#8221;1_5,3_5,1_5&#8243; _builder_version=&#8221;4.16&#8243; background_size=&#8221;initial&#8221; background_position=&#8221;top_left&#8221; background_repeat=&#8221;repeat&#8221; custom_padding=&#8221;||||false|false&#8221; global_colors_info=&#8221;{}&#8221;][et_pb_column type=&#8221;1_5&#8243; _builder_version=&#8221;4.16&#8243; custom_padding=&#8221;|||&#8221; global_colors_info=&#8221;{}&#8221; custom_padding__hover=&#8221;|||&#8221;][\/et_pb_column][et_pb_column type=&#8221;3_5&#8243; _builder_version=&#8221;4.16&#8243; custom_padding=&#8221;|||&#8221; global_colors_info=&#8221;{}&#8221; custom_padding__hover=&#8221;|||&#8221;][et_pb_text _builder_version=&#8221;4.19.5&#8243; background_size=&#8221;initial&#8221; background_position=&#8221;top_left&#8221; background_repeat=&#8221;repeat&#8221; global_colors_info=&#8221;{}&#8221;]<\/p>\n<h1>Moninaisuus, yhdenvertaisuus ja osallisuus<\/h1>\n<p>&nbsp;<\/p>\n<p>Suomen Benelux-instituutti tiedostaa vastuunsa tasa-arvon, yhdenvertaisuuden ja kest\u00e4v\u00e4n kehityksen edist\u00e4misess\u00e4. Vuonna 2022 p\u00e4\u00e4timme j\u00e4rjest\u00e4\u00e4 kuusi ty\u00f6pajaa, joiden tavoitteena oli tarkastella instituutin ty\u00f6t\u00e4 ja luoda kest\u00e4v\u00e4mpi\u00e4 ja oikeudenmukaisempia ty\u00f6skentelytapoja. Yht\u00e4 poikkeusta lukuun ottamatta ty\u00f6pajat olivat tiimimme j\u00e4senten suunnittelemia ja vet\u00e4mi\u00e4. Niihin kuului ennakkolukemista, yhteist\u00e4 keskustelua ja konkreettisen toiminnan suunnittelua. Vaikka matka kohti tasa-arvoa jatkuu edelleen, voimme iloksemme sanoa, ett\u00e4 monet ty\u00f6pajoissa esille nostetut ideat ovat nyt osa jokap\u00e4iv\u00e4ist\u00e4 ty\u00f6t\u00e4mme.<\/p>\n<p>[\/et_pb_text][et_pb_toggle title=&#8221;Ty\u00f6pajat&#8221; open_toggle_text_color=&#8221;#510023&#8243; open_toggle_background_color=&#8221;#FEF7FB&#8221; closed_toggle_text_color=&#8221;#DA589B&#8221; closed_toggle_background_color=&#8221;#FEF7FB&#8221; icon_color=&#8221;#DA589B&#8221; _builder_version=&#8221;4.19.5&#8243; _module_preset=&#8221;default&#8221; title_text_color=&#8221;#510023&#8243; global_colors_info=&#8221;{}&#8221;]<\/p>\n<h3>Rakenteellinen valkoisuus<\/h3>\n<p>Rakenteellinen valkoisuus -ty\u00f6pajan tavoitteena oli kasvattaa ymm\u00e4rryst\u00e4mme rakenteellisen valkoisuuden vaikutuksista instituutin ty\u00f6h\u00f6n. Ty\u00f6pajassa pohdimme valkoisuuden seurauksia yhteiskunnassa ja instituutissamme. Totesimme, ett\u00e4 ohjelmistoomme, rekrytointiimme, ja viestint\u00e4\u00e4mme liittyv\u00e4t k\u00e4yt\u00e4nteet vaativat tietoisuutta ja konkreettista toimintaa. Haluamme my\u00f6s v\u00e4ltt\u00e4\u00e4 performatiivisuutta.<\/p>\n<h3><span style=\"font-weight: 400\">Ohjelmisto<\/span><\/h3>\n<p><span style=\"font-weight: 400\">Ohjelmistoon liittyv\u00e4ss\u00e4 ty\u00f6pajassa ryhdyimme purkamaan ohjelmistovalintojamme. Tarkastelimme kriittisesti instituutin projekteja ja tuottamiamme sis\u00e4lt\u00f6j\u00e4 tasa-arvon ja yhdenvertaisuuden n\u00e4k\u00f6kulmista. P\u00e4\u00e4timme pyrki\u00e4 eroon esitystavasta, jossa Suomi ja suomalainen kulttuuri n\u00e4ytt\u00e4ytyv\u00e4t homogeenisina. Sitouduimme tukemaan marginalisoituja taiteilijoita ja kumppaneita lis\u00e4\u00e4m\u00e4ll\u00e4 yhteisty\u00f6t\u00e4 heid\u00e4n kanssaan. Lis\u00e4ksi meille on t\u00e4rke\u00e4\u00e4 jatkuvasti arvioida yhdenvertaisuuden ja kest\u00e4vyyden toteutumista tapahtumissamme ja ohjelmistossamme. <\/span><\/p>\n<h3>Saavutettavuus<\/h3>\n<p>Saavutettavuusty\u00f6pajan tavoitteena parantaa ohjelmistomme ja viestint\u00e4mme saavutettavuutta. Aloitimme toteamalla, ett\u00e4 saavutettavuudella ja sen parantamisella on suuri merkitys instituutille. K\u00e4yt\u00e4nn\u00f6ss\u00e4 voimme parantaa toimintamme saavutettavuutta luomalla toimintasuunnitelman tapahtumia varten, tiedottamalla osallistujia tilojen saavutettavuudesta ja selvitt\u00e4m\u00e4ll\u00e4 kumppaneidemme saavutettavuustarpeet.<\/p>\n<h3>Turvallisemmat tilat<\/h3>\n<p><span style=\"font-weight: 400\">Turvallisempien tilojen ty\u00f6pajan tavoitteena oli varmistaa, ett\u00e4 tapahtumamme ja projektimme ovat tilaisuuksia, joissa osallistujat ja yleis\u00f6 voivat ty\u00f6skennell\u00e4, kokoontua ja ilmaista itse\u00e4\u00e4n turvallisesti. Yhdess\u00e4 pohdimme ideoita turvallisempien tilojen luomiselle ja yll\u00e4pit\u00e4miselle. Yksi t\u00e4rkeimmist\u00e4 keinoista on turvallisemman tilan ohjeet -dokumentin luominen. Dokumentti varmistaa selke\u00e4n kommunikoinnin turvallisemman tilan periaatteista ja k\u00e4yt\u00e4nn\u00f6ist\u00e4 tiimillemme ja kumppaneillemme.<\/span><\/p>\n<h3><span style=\"font-weight: 400\">Viestint\u00e4<\/span><\/h3>\n<p><span style=\"font-weight: 400\">Viestint\u00e4ty\u00f6pajassa halusimme kiinnitt\u00e4\u00e4 huomiota instituutin viestinn\u00e4n s\u00e4vyyn ja k\u00e4yt\u00e4nt\u00f6ihin.Ty\u00f6pajassa k\u00e4yty keskustelu sai vaikutteita aikaisemmista ty\u00f6pajoista, sill\u00e4 yhdenvertaisuuden, syrjim\u00e4tt\u00f6myyden, saavutettavuuden ja turvallisemman tilan periaatteet t\u00e4ytyy ottaa huomioon my\u00f6s viestinn\u00e4ss\u00e4. Tehokas ja saavutettava viestint\u00e4 on avainasemassa, kun viestimme yhdenveraisuusperaatteista instituutin kumppaneille ja yleis\u00f6ille.<\/span><\/p>\n<h3><span style=\"font-weight: 400\">Rekrytointi<\/span><\/h3>\n<p><span style=\"font-weight: 400\">Rekrytointity\u00f6pajamme keskustelua johti vieraileva puhuja <strong>Alexis Johnstone<\/strong>. Johnstone on etel\u00e4-afrikkalainen ty\u00f6yhteis\u00f6jen yhdenvertaisuuden ja johtamisen asiantuntija ja k\u00e4ytt\u00e4ytymistieteilij\u00e4. H\u00e4n korosti sit\u00e4, ett\u00e4 on t\u00e4rke\u00e4\u00e4 olla tietoinen niist\u00e4 historiallisista ja yhteiskunnallisista tekij\u00f6ist\u00e4, jotka vaikuttavat rekrytointiprosessiin jo ennen ty\u00f6haastattelua.\u00a0<\/span><\/p>\n<p><span style=\"font-weight: 400\">Omien ennakkoluulojen purkaminen on t\u00e4rke\u00e4 askel kohti tasavertaisempaa rekrytointia. Johnstonen viesti oli, ett\u00e4 k\u00e4yt\u00e4nn\u00f6ss\u00e4 instituutioiden tulee asettaa selke\u00e4t tavoitteet rekrytoinneille ja laatia suunnitelma n\u00e4iden tavoitteiden saavuttamiseksi. Empaattisuus on avainasemassa: uusien ty\u00f6ntekij\u00f6iden vastaanottaminen, kuunteleminen ja perehdytt\u00e4minen ty\u00f6yhteis\u00f6\u00f6n voi tapahtua my\u00f6s pehme\u00e4s<\/span><span style=\"font-weight: 400\">ti. <\/span><\/p>\n<p>[\/et_pb_toggle][et_pb_text _builder_version=&#8221;4.19.5&#8243; _module_preset=&#8221;default&#8221; global_colors_info=&#8221;{}&#8221;]<\/p>\n<p>Konkreettisia tekoja:<\/p>\n<ul>\n<li>Ohjelmistomme ja projektiemme suunnitteluvaiheessa k\u00e4yt\u00e4mme lomaketta, jossa on osiot sek\u00e4 yhdenvertaisuudelle ett\u00e4 saavutettavuudelle. Jokainen projektimme alkaa arvioinnilla.<\/li>\n<li>Projektien p\u00e4\u00e4ttyess\u00e4 k\u00e4ymme l\u00e4pi suunnittelulomakkeen ja tarkastelemme, ovatko suunnitellut toimet toteutuneet.<\/li>\n<li>Olemme sis\u00e4llytt\u00e4neet <strong>Turvallisemman tilan periaatteet -dokumentin<\/strong> ohjelmaty\u00f6h\u00f6mme.<\/li>\n<li>Tiedotamme tapahtumakumppaneitamme ja yleis\u00f6j\u00e4mme tapahtumapaikkojemme<strong> saavutettavuudesta<\/strong>.<\/li>\n<\/ul>\n<p>[\/et_pb_text][et_pb_toggle title=&#8221;Turvallisemman tilan periaatteet&#8221; open_toggle_text_color=&#8221;#510023&#8243; open_toggle_background_color=&#8221;#FEF7FB&#8221; closed_toggle_text_color=&#8221;#DA589B&#8221; closed_toggle_background_color=&#8221;#FEF7FB&#8221; icon_color=&#8221;#DA589B&#8221; admin_label=&#8221;Toggle&#8221; _builder_version=&#8221;4.24.3&#8243; _module_preset=&#8221;default&#8221; title_text_color=&#8221;#510023&#8243; global_colors_info=&#8221;{}&#8221;]<\/p>\n<p>Suomalaisten kulttuuri-instituuttien toimintaa ohjaavat\u00a0<a href=\"https:\/\/finncult.be\/wp-content\/uploads\/2023\/03\/FCI-Safer-Spaces-Principles.pdf\">turvallisemman tilan periaatteet<\/a>. Kaikkia instituuttien ty\u00f6h\u00f6n ja projekteihin osallistuvia henkil\u00f6it\u00e4, kuten taiteilijoita, instituuttien ja tapahtumapaikkojen ty\u00f6ntekij\u00f6it\u00e4, tuottajia ja vieraita kohdellaan kunnioittavasti ja tasa-arvoisesti. Suomen Benelux-instituutti edist\u00e4\u00e4 luottamusta, aktiivista kuuntelemista, huolenpitoa ja yhteisty\u00f6t\u00e4.<\/p>\n<p>Instituuttimme ei hyv\u00e4ksy k\u00e4yt\u00f6st\u00e4, johon liittyy h\u00e4irint\u00e4\u00e4, kiusaamista tai v\u00e4h\u00e4ttely\u00e4. Emme k\u00e4yt\u00e4 syrjiv\u00e4\u00e4, alistavaa, sortavaa tai loukkaavaa terminologiaa (erilaiset herjaukset ja solvaukset) edes esimerkeiss\u00e4 tai kuvailuissa.<\/p>\n<p>Vaikka on mahdotonta taata t\u00e4ysin turvallista tilaa jokaiselle toimijalle ty\u00f6ss\u00e4mme, Suomen Benelux-instituutin tavoitteena on tehd\u00e4 projekteistamme mahdollisimman turvallisia kaikille osallistujille. Odotamme samaa kaikilta yhteisty\u00f6kumppaneiltamme.<\/p>\n<p><span style=\"font-weight: 400;\">Turvallisemman tilan periaatteet perustuvat UrbanApan Stop Hatred Now -festivaalin <a href=\"https:\/\/urbanapa.fi\/eettinen-ohjeistus\/?lang=fi\">eettiseen ohjeeseen<\/a> sek\u00e4 turvallisemman tilan ty\u00f6pajamme tuloksiin. Dokumentin on tarkistanut kuraattori ja kulttuurituottaja <strong>Isabelle N\u2019diaye<\/strong>.<\/span><\/p>\n<p>Jaamme tietoa <a href=\"https:\/\/finncult.be\/wp-content\/uploads\/2024\/03\/FCI-Safer-Spaces-Guidelines.pdf\">tapahtumia koskevista turvallisemman tilan periaatteista<\/a> kaikissa tapahtumissamme ja painotamme niiden noudattamisen t\u00e4rkeytt\u00e4. Kaikissa tapahtumissamme on paikalla nimitetty henkil\u00f6, jolle voi tehd\u00e4 ilmoituksen h\u00e4irinn\u00e4st\u00e4, syrjinn\u00e4st\u00e4 tai muutoin sopimattomasta k\u00e4yt\u00f6ksest\u00e4.<\/p>\n<p>Voit antaa meille palautetta ja muutosehdotuksia koskien turvallisemman tilan periaatteitamme <a href=\"https:\/\/docs.google.com\/forms\/d\/e\/1FAIpQLSd42X7yLVxR3LHD7y3S3sBaTeoOi_ph7VqQ1U-RRgPfoVfKhw\/viewform\">t\u00e4m\u00e4n palautelomakkeen<\/a>\u00a0avulla.<\/p>\n<p>&nbsp;<\/p>\n<p>[\/et_pb_toggle][et_pb_text admin_label=&#8221;Text&#8221; _builder_version=&#8221;4.19.5&#8243; _module_preset=&#8221;default&#8221; global_colors_info=&#8221;{}&#8221;]<\/p>\n<h2>Kest\u00e4vyys<\/h2>\n<p>&nbsp;<\/p>\n<p>Suomen kulttuuri-instituutti seuraa Suomen kulttuuri- ja tiedeinstituutit ry:n (SKTI) luomaa <a href=\"https:\/\/instituutit.fi\/ecological-guidelines-for-the-network-of-the-finnish-cultural-and-academic-institutes\/\">ekologisten toimintatapojen ohjetta<\/a>. T\u00e4m\u00e4n ohjeen avulla suomalaiset instituutit ymp\u00e4ri maailmaa voivat tehd\u00e4 kest\u00e4v\u00e4mpi\u00e4 p\u00e4\u00e4t\u00f6ksi\u00e4 ja pienent\u00e4\u00e4 hiilijalanj\u00e4lki\u00e4\u00e4n. Ohje perustuu instituuttiverkoston ekologisten k\u00e4yt\u00e4nt\u00f6jen ty\u00f6ryhm\u00e4n hyvien k\u00e4yt\u00e4nt\u00f6jen kartoitukseen, joka aloitettiin vuonna 2020.<\/p>\n<p>&nbsp;<\/p>\n<p>[\/et_pb_text][et_pb_toggle title=&#8221;Instituutin hiilijalanj\u00e4lki&#8221; open_toggle_text_color=&#8221;#510023&#8243; open_toggle_background_color=&#8221;#FEF7FB&#8221; closed_toggle_text_color=&#8221;#DA589B&#8221; closed_toggle_background_color=&#8221;#FEF7FB&#8221; icon_color=&#8221;#DA589B&#8221; admin_label=&#8221;Toggle&#8221; _builder_version=&#8221;4.19.5&#8243; _module_preset=&#8221;default&#8221; title_text_color=&#8221;#510023&#8243; global_colors_info=&#8221;{}&#8221;]<\/p>\n<p><span style=\"font-weight: 400\">Vuonna 2022 instituutti laski toimintansa hiilijalanja\u0308ljen. Suomen Benelux-instituutin hiilijalanj\u00e4lki laskettiin Hiilifiksu j\u00e4rjest\u00f6 -hankkeen ilmaisella ja avoimella excel-pohjai<\/span><span style=\"font-weight: 400\">sella laskurilla, jonka osa-alueet ovat energia, liikkuminen, hankinnat, j\u00e4te sek\u00e4 palvelut. Laskelmat tehtiin \u201criitt\u00e4v\u00e4n tarkkuuden periaatteella\u201d: tavoitteena oli selvitt\u00e4\u00e4 suurimmat p\u00e4\u00e4st\u00f6l\u00e4hteet k\u00e4ytt\u00e4m\u00e4tt\u00e4 siihen kohtuuttomasti aikaa.<\/span><\/p>\n<p><span style=\"font-weight: 400\">Instituutin kokonaisp\u00e4\u00e4st\u00f6t vuonna 2022 olivat noin 24,2 tonnia CO2e. Instituutin suurin p\u00e4\u00e4st\u00f6l\u00e4hde on matkustaminen. Ohjelmatoiminnan matkojen p\u00e4\u00e4st\u00f6t olivat noin 18,8 tonnia CO2e. Henkil\u00f6kunnan matkojen p\u00e4\u00e4st\u00f6t noin 5,3 tonnia CO2e. Loput p\u00e4\u00e4st\u00f6ist\u00e4 syntyiv\u00e4t l\u00e4mmityksest\u00e4 (kaasu), s\u00e4hk\u00f6nkulutuksesta, j\u00e4tteest\u00e4 ja hankinnoista. Laskelmassa eiv\u00e4t ole mukana digitaalisuudesta (verkko-ohjelma, verkkotapaamiset, laitteet, verkkosivun yll\u00e4pito) syntyneet p\u00e4\u00e4st\u00f6t.\u00a0<\/span><\/p>\n<p><img loading=\"lazy\" decoding=\"async\" class=\"alignnone wp-image-16459 size-full\" src=\"https:\/\/finncult.be\/wp-content\/uploads\/2023\/03\/Paastot-yhteensa.png\" alt=\"\" width=\"1216\" height=\"466\" srcset=\"https:\/\/finncult.be\/wp-content\/uploads\/2023\/03\/Paastot-yhteensa.png 1216w, https:\/\/finncult.be\/wp-content\/uploads\/2023\/03\/Paastot-yhteensa-980x376.png 980w, https:\/\/finncult.be\/wp-content\/uploads\/2023\/03\/Paastot-yhteensa-480x184.png 480w\" sizes=\"(min-width: 0px) and (max-width: 480px) 480px, (min-width: 481px) and (max-width: 980px) 980px, (min-width: 981px) 1216px, 100vw\" \/><\/p>\n<div class=\"mceTemp\">\u00a0<\/div>\n<p>[\/et_pb_toggle][et_pb_text admin_label=&#8221;Text&#8221; _builder_version=&#8221;4.19.5&#8243; _module_preset=&#8221;default&#8221; global_colors_info=&#8221;{}&#8221;]<\/p>\n<p><span style=\"font-weight: 400\">Vuonna 2023 instituutti jatkaa hiilijalanj\u00e4ljen laskemista <a href=\"https:\/\/finncult.be\/the-finnish-cultural-and-academic-institutes-present-together-again\/\">Together Again -hankkeessa<\/a> varta vasten verkostolle luodulla laskurilla. Instituutti tekee my\u00f6s suunnitelman hiilijalanj\u00e4ljen pienent\u00e4miseksi 10 vuoden ajanjaksolla.\u00a0<\/span><\/p>\n<p>&nbsp;<\/p>\n<p>[\/et_pb_text][\/et_pb_column][et_pb_column type=&#8221;1_5&#8243; _builder_version=&#8221;4.16&#8243; custom_padding=&#8221;|||&#8221; global_colors_info=&#8221;{}&#8221; custom_padding__hover=&#8221;|||&#8221;][\/et_pb_column][\/et_pb_row][\/et_pb_section]<\/p>\n","protected":false},"excerpt":{"rendered":"<p>Suomen Benelux-instituutti pyrkii lis\u00e4\u00e4m\u00e4\u00e4n taide- ja kulttuurialojen kest\u00e4vyytt\u00e4 ja sosiaalista yhdenvertaisuutta.<\/p>\n","protected":false},"author":4,"featured_media":0,"parent":11052,"menu_order":0,"comment_status":"closed","ping_status":"closed","template":"","meta":{"_acf_changed":false,"_et_pb_use_builder":"on","_et_pb_old_content":"","_et_gb_content_width":"","inline_featured_image":false,"footnotes":""},"class_list":["post-16279","page","type-page","status-publish","hentry"],"acf":[],"yoast_head":"<!-- This site is optimized with the Yoast SEO plugin v27.5 - https:\/\/yoast.com\/product\/yoast-seo-wordpress\/ -->\n<title>Vastuullisuus - Finnish Cultural Institute for the Benelux<\/title>\n<meta name=\"description\" content=\"Suomen Benelux-instituutti pyrkii lis\u00e4\u00e4m\u00e4\u00e4n taide- ja kulttuurialojen kest\u00e4vyytt\u00e4 ja sosiaalista yhdenvertaisuutta.\" \/>\n<meta name=\"robots\" content=\"index, follow, max-snippet:-1, max-image-preview:large, max-video-preview:-1\" \/>\n<link rel=\"canonical\" href=\"https:\/\/finncult.be\/fi\/instituutti\/vastuullisuus\/\" \/>\n<meta property=\"og:locale\" content=\"fi_FI\" \/>\n<meta property=\"og:type\" content=\"article\" \/>\n<meta property=\"og:title\" content=\"Vastuullisuus - Finnish Cultural Institute for the Benelux\" \/>\n<meta property=\"og:description\" content=\"Suomen Benelux-instituutti pyrkii lis\u00e4\u00e4m\u00e4\u00e4n taide- ja kulttuurialojen kest\u00e4vyytt\u00e4 ja sosiaalista yhdenvertaisuutta.\" \/>\n<meta property=\"og:url\" content=\"https:\/\/finncult.be\/fi\/instituutti\/vastuullisuus\/\" \/>\n<meta property=\"og:site_name\" content=\"Finnish Cultural Institute for the Benelux\" \/>\n<meta property=\"article:modified_time\" content=\"2024-05-29T14:36:42+00:00\" \/>\n<meta property=\"og:image\" content=\"https:\/\/finncult.be\/wp-content\/uploads\/2023\/03\/Paastot-yhteensa.png\" \/>\n<meta name=\"twitter:card\" content=\"summary_large_image\" \/>\n<meta name=\"twitter:label1\" content=\"Arvioitu lukuaika\" \/>\n\t<meta name=\"twitter:data1\" content=\"4 minuuttia\" \/>\n<script type=\"application\/ld+json\" class=\"yoast-schema-graph\">{\"@context\":\"https:\\\/\\\/schema.org\",\"@graph\":[{\"@type\":\"WebPage\",\"@id\":\"https:\\\/\\\/finncult.be\\\/fi\\\/instituutti\\\/vastuullisuus\\\/\",\"url\":\"https:\\\/\\\/finncult.be\\\/fi\\\/instituutti\\\/vastuullisuus\\\/\",\"name\":\"Vastuullisuus - Finnish Cultural Institute for the Benelux\",\"isPartOf\":{\"@id\":\"https:\\\/\\\/finncult.be\\\/#website\"},\"primaryImageOfPage\":{\"@id\":\"https:\\\/\\\/finncult.be\\\/fi\\\/instituutti\\\/vastuullisuus\\\/#primaryimage\"},\"image\":{\"@id\":\"https:\\\/\\\/finncult.be\\\/fi\\\/instituutti\\\/vastuullisuus\\\/#primaryimage\"},\"thumbnailUrl\":\"https:\\\/\\\/finncult.be\\\/wp-content\\\/uploads\\\/2023\\\/03\\\/Paastot-yhteensa.png\",\"datePublished\":\"2022-04-10T12:08:51+00:00\",\"dateModified\":\"2024-05-29T14:36:42+00:00\",\"description\":\"Suomen Benelux-instituutti pyrkii lis\u00e4\u00e4m\u00e4\u00e4n taide- ja kulttuurialojen kest\u00e4vyytt\u00e4 ja sosiaalista yhdenvertaisuutta.\",\"breadcrumb\":{\"@id\":\"https:\\\/\\\/finncult.be\\\/fi\\\/instituutti\\\/vastuullisuus\\\/#breadcrumb\"},\"inLanguage\":\"fi\",\"potentialAction\":[{\"@type\":\"ReadAction\",\"target\":[\"https:\\\/\\\/finncult.be\\\/fi\\\/instituutti\\\/vastuullisuus\\\/\"]}]},{\"@type\":\"ImageObject\",\"inLanguage\":\"fi\",\"@id\":\"https:\\\/\\\/finncult.be\\\/fi\\\/instituutti\\\/vastuullisuus\\\/#primaryimage\",\"url\":\"https:\\\/\\\/finncult.be\\\/wp-content\\\/uploads\\\/2023\\\/03\\\/Paastot-yhteensa.png\",\"contentUrl\":\"https:\\\/\\\/finncult.be\\\/wp-content\\\/uploads\\\/2023\\\/03\\\/Paastot-yhteensa.png\"},{\"@type\":\"BreadcrumbList\",\"@id\":\"https:\\\/\\\/finncult.be\\\/fi\\\/instituutti\\\/vastuullisuus\\\/#breadcrumb\",\"itemListElement\":[{\"@type\":\"ListItem\",\"position\":1,\"name\":\"Home\",\"item\":\"https:\\\/\\\/finncult.be\\\/fi\\\/\"},{\"@type\":\"ListItem\",\"position\":2,\"name\":\"Instituutti\",\"item\":\"https:\\\/\\\/finncult.be\\\/fi\\\/instituutti\\\/\"},{\"@type\":\"ListItem\",\"position\":3,\"name\":\"Vastuullisuus\"}]},{\"@type\":\"WebSite\",\"@id\":\"https:\\\/\\\/finncult.be\\\/#website\",\"url\":\"https:\\\/\\\/finncult.be\\\/\",\"name\":\"Finnish Cultural Institute for the Benelux\",\"description\":\"Finnish Cultural Institute for the Benelux\",\"potentialAction\":[{\"@type\":\"SearchAction\",\"target\":{\"@type\":\"EntryPoint\",\"urlTemplate\":\"https:\\\/\\\/finncult.be\\\/?s={search_term_string}\"},\"query-input\":{\"@type\":\"PropertyValueSpecification\",\"valueRequired\":true,\"valueName\":\"search_term_string\"}}],\"inLanguage\":\"fi\"}]}<\/script>\n<!-- \/ Yoast SEO plugin. -->","yoast_head_json":{"title":"Vastuullisuus - Finnish Cultural Institute for the Benelux","description":"Suomen Benelux-instituutti pyrkii lis\u00e4\u00e4m\u00e4\u00e4n taide- ja kulttuurialojen kest\u00e4vyytt\u00e4 ja sosiaalista yhdenvertaisuutta.","robots":{"index":"index","follow":"follow","max-snippet":"max-snippet:-1","max-image-preview":"max-image-preview:large","max-video-preview":"max-video-preview:-1"},"canonical":"https:\/\/finncult.be\/fi\/instituutti\/vastuullisuus\/","og_locale":"fi_FI","og_type":"article","og_title":"Vastuullisuus - Finnish Cultural Institute for the Benelux","og_description":"Suomen Benelux-instituutti pyrkii lis\u00e4\u00e4m\u00e4\u00e4n taide- ja kulttuurialojen kest\u00e4vyytt\u00e4 ja sosiaalista yhdenvertaisuutta.","og_url":"https:\/\/finncult.be\/fi\/instituutti\/vastuullisuus\/","og_site_name":"Finnish Cultural Institute for the Benelux","article_modified_time":"2024-05-29T14:36:42+00:00","og_image":[{"url":"https:\/\/finncult.be\/wp-content\/uploads\/2023\/03\/Paastot-yhteensa.png","type":"","width":"","height":""}],"twitter_card":"summary_large_image","twitter_misc":{"Arvioitu lukuaika":"4 minuuttia"},"schema":{"@context":"https:\/\/schema.org","@graph":[{"@type":"WebPage","@id":"https:\/\/finncult.be\/fi\/instituutti\/vastuullisuus\/","url":"https:\/\/finncult.be\/fi\/instituutti\/vastuullisuus\/","name":"Vastuullisuus - Finnish Cultural Institute for the Benelux","isPartOf":{"@id":"https:\/\/finncult.be\/#website"},"primaryImageOfPage":{"@id":"https:\/\/finncult.be\/fi\/instituutti\/vastuullisuus\/#primaryimage"},"image":{"@id":"https:\/\/finncult.be\/fi\/instituutti\/vastuullisuus\/#primaryimage"},"thumbnailUrl":"https:\/\/finncult.be\/wp-content\/uploads\/2023\/03\/Paastot-yhteensa.png","datePublished":"2022-04-10T12:08:51+00:00","dateModified":"2024-05-29T14:36:42+00:00","description":"Suomen Benelux-instituutti pyrkii lis\u00e4\u00e4m\u00e4\u00e4n taide- ja kulttuurialojen kest\u00e4vyytt\u00e4 ja sosiaalista yhdenvertaisuutta.","breadcrumb":{"@id":"https:\/\/finncult.be\/fi\/instituutti\/vastuullisuus\/#breadcrumb"},"inLanguage":"fi","potentialAction":[{"@type":"ReadAction","target":["https:\/\/finncult.be\/fi\/instituutti\/vastuullisuus\/"]}]},{"@type":"ImageObject","inLanguage":"fi","@id":"https:\/\/finncult.be\/fi\/instituutti\/vastuullisuus\/#primaryimage","url":"https:\/\/finncult.be\/wp-content\/uploads\/2023\/03\/Paastot-yhteensa.png","contentUrl":"https:\/\/finncult.be\/wp-content\/uploads\/2023\/03\/Paastot-yhteensa.png"},{"@type":"BreadcrumbList","@id":"https:\/\/finncult.be\/fi\/instituutti\/vastuullisuus\/#breadcrumb","itemListElement":[{"@type":"ListItem","position":1,"name":"Home","item":"https:\/\/finncult.be\/fi\/"},{"@type":"ListItem","position":2,"name":"Instituutti","item":"https:\/\/finncult.be\/fi\/instituutti\/"},{"@type":"ListItem","position":3,"name":"Vastuullisuus"}]},{"@type":"WebSite","@id":"https:\/\/finncult.be\/#website","url":"https:\/\/finncult.be\/","name":"Finnish Cultural Institute for the Benelux","description":"Finnish Cultural Institute for the Benelux","potentialAction":[{"@type":"SearchAction","target":{"@type":"EntryPoint","urlTemplate":"https:\/\/finncult.be\/?s={search_term_string}"},"query-input":{"@type":"PropertyValueSpecification","valueRequired":true,"valueName":"search_term_string"}}],"inLanguage":"fi"}]}},"_links":{"self":[{"href":"https:\/\/finncult.be\/fi\/wp-json\/wp\/v2\/pages\/16279","targetHints":{"allow":["GET"]}}],"collection":[{"href":"https:\/\/finncult.be\/fi\/wp-json\/wp\/v2\/pages"}],"about":[{"href":"https:\/\/finncult.be\/fi\/wp-json\/wp\/v2\/types\/page"}],"author":[{"embeddable":true,"href":"https:\/\/finncult.be\/fi\/wp-json\/wp\/v2\/users\/4"}],"replies":[{"embeddable":true,"href":"https:\/\/finncult.be\/fi\/wp-json\/wp\/v2\/comments?post=16279"}],"version-history":[{"count":37,"href":"https:\/\/finncult.be\/fi\/wp-json\/wp\/v2\/pages\/16279\/revisions"}],"predecessor-version":[{"id":18780,"href":"https:\/\/finncult.be\/fi\/wp-json\/wp\/v2\/pages\/16279\/revisions\/18780"}],"up":[{"embeddable":true,"href":"https:\/\/finncult.be\/fi\/wp-json\/wp\/v2\/pages\/11052"}],"wp:attachment":[{"href":"https:\/\/finncult.be\/fi\/wp-json\/wp\/v2\/media?parent=16279"}],"curies":[{"name":"wp","href":"https:\/\/api.w.org\/{rel}","templated":true}]}}