{"id":15482,"date":"2022-11-30T15:40:10","date_gmt":"2022-11-30T14:40:10","guid":{"rendered":"https:\/\/finncult.be\/?page_id=15482"},"modified":"2026-03-17T11:49:41","modified_gmt":"2026-03-17T10:49:41","slug":"laskutus","status":"publish","type":"page","link":"https:\/\/finncult.be\/fi\/yhteystiedot\/laskutus\/","title":{"rendered":"Laskutus"},"content":{"rendered":"<p>[et_pb_section fb_built=&#8221;1&#8243; fullwidth=&#8221;on&#8221; _builder_version=&#8221;4.16&#8243; _module_preset=&#8221;default&#8221; global_colors_info=&#8221;{}&#8221;][et_pb_fullwidth_header title=&#8221;Laskutus&#8221; text_orientation=&#8221;center&#8221; background_overlay_color=&#8221;rgba(81,0,35,0.5)&#8221; _builder_version=&#8221;4.27.2&#8243; _module_preset=&#8221;default&#8221; title_text_align=&#8221;center&#8221; title_font_size=&#8221;60px&#8221; background_image=&#8221;https:\/\/finncult.be\/wp-content\/uploads\/2023\/07\/Brussels-2023-YohannesHenriksson-scaled-e1739177296721.jpg&#8221; min_height=&#8221;493px&#8221; custom_css_title=&#8221;padding-top:15%;&#8221; global_colors_info=&#8221;{}&#8221;][\/et_pb_fullwidth_header][\/et_pb_section][et_pb_section fb_built=&#8221;1&#8243; _builder_version=&#8221;4.16&#8243; background_color=&#8221;#FEF7FB&#8221; global_colors_info=&#8221;{}&#8221;][et_pb_row column_structure=&#8221;1_5,3_5,1_5&#8243; _builder_version=&#8221;4.16&#8243; background_size=&#8221;initial&#8221; background_position=&#8221;top_left&#8221; background_repeat=&#8221;repeat&#8221; custom_padding=&#8221;||||false|false&#8221; global_colors_info=&#8221;{}&#8221;][et_pb_column type=&#8221;1_5&#8243; _builder_version=&#8221;4.16&#8243; custom_padding=&#8221;|||&#8221; global_colors_info=&#8221;{}&#8221; custom_padding__hover=&#8221;|||&#8221;][\/et_pb_column][et_pb_column type=&#8221;3_5&#8243; _builder_version=&#8221;4.16&#8243; custom_padding=&#8221;|||&#8221; global_colors_info=&#8221;{}&#8221; custom_padding__hover=&#8221;|||&#8221;][et_pb_text _builder_version=&#8221;4.27.4&#8243; _module_preset=&#8221;default&#8221; hover_enabled=&#8221;0&#8243; global_colors_info=&#8221;{}&#8221; sticky_enabled=&#8221;0&#8243;]<\/p>\n<p>Suomen Benelux-instituutin s\u00e4\u00e4ti\u00f6 sr ja Suomen Benelux-instituutti k\u00e4ytt\u00e4v\u00e4t<br \/>verkkolaskusta. Laskutusosoitteen ja muut tiedot l\u00f6yd\u00e4t alla olevasta taulukosta.<\/p>\n<p>S\u00e4\u00e4ti\u00f6n perustiedot ovat:<br \/>Suomen Benelux-instituutin s\u00e4\u00e4ti\u00f6 sr.<br \/>Kalliolinnantie 4<br \/>00140 Helsinki<\/p>\n<p>Y-tunnus: 0982406-5<\/p>\n<p>Pankkiyhteys: Nordea FI52 1014 3000 1417 35 (BIC NDEAFIHH)<\/p>\n<p>Kaikissa laskuissa tulee olla seuraavat tiedot:<br \/>Vasen yl\u00e4kulma: Saajan tiedot \u2013\u00a0nimi, osoite, Y-tunnus (tai vastaava yritystunnus), pankkitilin<br \/>numero IBAN muodossa, BICSWIFT-koodi<br \/>Oikea yl\u00e4kulma: Laskun tiedot \u2013 p\u00e4iv\u00e4m\u00e4\u00e4r\u00e4, er\u00e4p\u00e4iv\u00e4<\/p>\n<p>Huomaa, ett\u00e4 PL-osoite on skannauspalvelu, joka on tarkoitettu vain laskujen<br \/>vastaanottamiseen. Sit\u00e4 ei voi k\u00e4ytt\u00e4\u00e4 tavarantoimitukseen tai mainosten l\u00e4hett\u00e4miseen.<\/p>\n<p>S\u00e4hk\u00f6postitse l\u00e4hetett\u00e4viss\u00e4 laskuissa toimita lasku ja sen liitteet yhten\u00e4 PDF-<br \/>liitetiedostona (pituus max. 10 sivua).<\/p>\n<p><strong>Ostolaskujen vastaanotto<\/strong><\/p>\n<table style=\"border-collapse: collapse; width: 100%; height: 92px;\" border=\"1\">\n<tbody>\n<tr style=\"height: 23px;\">\n<td style=\"width: 50%; height: 23px;\">Verkkolaskuna<\/td>\n<td style=\"width: 50%; height: 23px;\">003709824065<\/td>\n<\/tr>\n<tr style=\"height: 23px;\">\n<td style=\"width: 50%; height: 23px;\">Verkkolaskujen v\u00e4litt\u00e4j\u00e4<\/td>\n<td style=\"width: 50%; height: 23px;\">003708599126 (Open Text)<\/td>\n<\/tr>\n<tr style=\"height: 23px;\">\n<td style=\"width: 50%; height: 23px;\">S\u00e4hk\u00f6postitse<\/td>\n<td style=\"width: 50%; height: 23px;\">fennoa.510739@erin.posti.com<\/td>\n<\/tr>\n<tr style=\"height: 23px;\">\n<td style=\"width: 50%; height: 23px;\">Postitse<\/td>\n<td style=\"width: 50%; height: 23px;\"><span style=\"font-weight: 400;\">Suomen Benelux-instituutin s\u00e4\u00e4ti\u00f6 sr.<\/span><br \/><span style=\"font-weight: 400;\">PL 68619<\/span><br \/><span style=\"font-weight: 400;\">01051 LASKUT<\/span><\/td>\n<\/tr>\n<tr>\n<td style=\"width: 50%;\">Peppolin kautta<\/td>\n<td style=\"width: 50%;\"><span style=\"font-weight: 400;\">0216:003709824065<\/span><\/td>\n<\/tr>\n<\/tbody>\n<\/table>\n<p>&nbsp;<\/p>\n<p>Laskutusta koskevissa kysymyksill\u00e4 ole yhteydess\u00e4 hallintop\u00e4\u00e4llikk\u00f6\u00f6n: Eeva-Maria Viitanen:\u00a0<a role=\"link\" href=\"mailto:eeva-maria.viitanen@finncult.be\" target=\"_blank\" rel=\"noopener\">eeva-maria.viitanen@finncult.be<\/a>, tel. +358451309375.<\/p>\n<p>&nbsp;<\/p>\n<p>[\/et_pb_text][\/et_pb_column][et_pb_column type=&#8221;1_5&#8243; _builder_version=&#8221;4.16&#8243; custom_padding=&#8221;|||&#8221; global_colors_info=&#8221;{}&#8221; custom_padding__hover=&#8221;|||&#8221;][\/et_pb_column][\/et_pb_row][\/et_pb_section]<\/p>\n","protected":false},"excerpt":{"rendered":"<p>The Finnish Cultural Institute for the Benelux is located on Rue de l\u2019Arbre 14 \/ Boomstraat 14, Brussels. The building is located centrally, but unfortunately the building itself is not widely accessible.<\/p>\n","protected":false},"author":8,"featured_media":12752,"parent":13523,"menu_order":0,"comment_status":"closed","ping_status":"closed","template":"","meta":{"_acf_changed":false,"_et_pb_use_builder":"on","_et_pb_old_content":"","_et_gb_content_width":"","inline_featured_image":false,"footnotes":""},"class_list":["post-15482","page","type-page","status-publish","has-post-thumbnail","hentry"],"acf":[],"yoast_head":"<!-- This site is optimized with the Yoast SEO plugin v27.5 - https:\/\/yoast.com\/product\/yoast-seo-wordpress\/ -->\n<title>Laskutus - Finnish Cultural Institute for the Benelux<\/title>\n<meta name=\"description\" content=\"Find all the information you need to invoice the Finnish Cultural Institute for the Benelux.\" \/>\n<meta name=\"robots\" content=\"index, follow, max-snippet:-1, max-image-preview:large, max-video-preview:-1\" \/>\n<link rel=\"canonical\" href=\"https:\/\/finncult.be\/fi\/yhteystiedot\/laskutus\/\" \/>\n<meta property=\"og:locale\" content=\"fi_FI\" \/>\n<meta property=\"og:type\" content=\"article\" \/>\n<meta property=\"og:title\" content=\"Laskutus - Finnish Cultural Institute for the Benelux\" \/>\n<meta property=\"og:description\" content=\"Find all the information you need to invoice the Finnish Cultural Institute for the Benelux.\" \/>\n<meta property=\"og:url\" content=\"https:\/\/finncult.be\/fi\/yhteystiedot\/laskutus\/\" \/>\n<meta property=\"og:site_name\" content=\"Finnish Cultural Institute for the Benelux\" \/>\n<meta property=\"article:modified_time\" content=\"2026-03-17T10:49:41+00:00\" \/>\n<meta property=\"og:image\" content=\"https:\/\/finncult.be\/wp-content\/uploads\/2022\/05\/1.png\" \/>\n\t<meta property=\"og:image:width\" content=\"1600\" \/>\n\t<meta property=\"og:image:height\" content=\"600\" \/>\n\t<meta property=\"og:image:type\" content=\"image\/png\" \/>\n<meta name=\"twitter:card\" content=\"summary_large_image\" \/>\n<meta name=\"twitter:label1\" content=\"Arvioitu lukuaika\" \/>\n\t<meta name=\"twitter:data1\" content=\"1 minuutti\" \/>\n<script type=\"application\/ld+json\" class=\"yoast-schema-graph\">{\"@context\":\"https:\\\/\\\/schema.org\",\"@graph\":[{\"@type\":\"WebPage\",\"@id\":\"https:\\\/\\\/finncult.be\\\/fi\\\/yhteystiedot\\\/laskutus\\\/\",\"url\":\"https:\\\/\\\/finncult.be\\\/fi\\\/yhteystiedot\\\/laskutus\\\/\",\"name\":\"Laskutus - Finnish Cultural Institute for the Benelux\",\"isPartOf\":{\"@id\":\"https:\\\/\\\/finncult.be\\\/#website\"},\"primaryImageOfPage\":{\"@id\":\"https:\\\/\\\/finncult.be\\\/fi\\\/yhteystiedot\\\/laskutus\\\/#primaryimage\"},\"image\":{\"@id\":\"https:\\\/\\\/finncult.be\\\/fi\\\/yhteystiedot\\\/laskutus\\\/#primaryimage\"},\"thumbnailUrl\":\"https:\\\/\\\/finncult.be\\\/wp-content\\\/uploads\\\/2022\\\/05\\\/1.png\",\"datePublished\":\"2022-11-30T14:40:10+00:00\",\"dateModified\":\"2026-03-17T10:49:41+00:00\",\"description\":\"Find all the information you need to invoice the Finnish Cultural Institute for the Benelux.\",\"breadcrumb\":{\"@id\":\"https:\\\/\\\/finncult.be\\\/fi\\\/yhteystiedot\\\/laskutus\\\/#breadcrumb\"},\"inLanguage\":\"fi\",\"potentialAction\":[{\"@type\":\"ReadAction\",\"target\":[\"https:\\\/\\\/finncult.be\\\/fi\\\/yhteystiedot\\\/laskutus\\\/\"]}]},{\"@type\":\"ImageObject\",\"inLanguage\":\"fi\",\"@id\":\"https:\\\/\\\/finncult.be\\\/fi\\\/yhteystiedot\\\/laskutus\\\/#primaryimage\",\"url\":\"https:\\\/\\\/finncult.be\\\/wp-content\\\/uploads\\\/2022\\\/05\\\/1.png\",\"contentUrl\":\"https:\\\/\\\/finncult.be\\\/wp-content\\\/uploads\\\/2022\\\/05\\\/1.png\",\"width\":1600,\"height\":600,\"caption\":\"The Finnish institute\"},{\"@type\":\"BreadcrumbList\",\"@id\":\"https:\\\/\\\/finncult.be\\\/fi\\\/yhteystiedot\\\/laskutus\\\/#breadcrumb\",\"itemListElement\":[{\"@type\":\"ListItem\",\"position\":1,\"name\":\"Home\",\"item\":\"https:\\\/\\\/finncult.be\\\/fi\\\/\"},{\"@type\":\"ListItem\",\"position\":2,\"name\":\"Yhteystiedot\",\"item\":\"https:\\\/\\\/finncult.be\\\/fi\\\/yhteystiedot\\\/\"},{\"@type\":\"ListItem\",\"position\":3,\"name\":\"Laskutus\"}]},{\"@type\":\"WebSite\",\"@id\":\"https:\\\/\\\/finncult.be\\\/#website\",\"url\":\"https:\\\/\\\/finncult.be\\\/\",\"name\":\"Finnish Cultural Institute for the Benelux\",\"description\":\"Finnish Cultural Institute for the Benelux\",\"potentialAction\":[{\"@type\":\"SearchAction\",\"target\":{\"@type\":\"EntryPoint\",\"urlTemplate\":\"https:\\\/\\\/finncult.be\\\/?s={search_term_string}\"},\"query-input\":{\"@type\":\"PropertyValueSpecification\",\"valueRequired\":true,\"valueName\":\"search_term_string\"}}],\"inLanguage\":\"fi\"}]}<\/script>\n<!-- \/ Yoast SEO plugin. -->","yoast_head_json":{"title":"Laskutus - Finnish Cultural Institute for the Benelux","description":"Find all the information you need to invoice the Finnish Cultural Institute for the Benelux.","robots":{"index":"index","follow":"follow","max-snippet":"max-snippet:-1","max-image-preview":"max-image-preview:large","max-video-preview":"max-video-preview:-1"},"canonical":"https:\/\/finncult.be\/fi\/yhteystiedot\/laskutus\/","og_locale":"fi_FI","og_type":"article","og_title":"Laskutus - Finnish Cultural Institute for the Benelux","og_description":"Find all the information you need to invoice the Finnish Cultural Institute for the Benelux.","og_url":"https:\/\/finncult.be\/fi\/yhteystiedot\/laskutus\/","og_site_name":"Finnish Cultural Institute for the Benelux","article_modified_time":"2026-03-17T10:49:41+00:00","og_image":[{"width":1600,"height":600,"url":"https:\/\/finncult.be\/wp-content\/uploads\/2022\/05\/1.png","type":"image\/png"}],"twitter_card":"summary_large_image","twitter_misc":{"Arvioitu lukuaika":"1 minuutti"},"schema":{"@context":"https:\/\/schema.org","@graph":[{"@type":"WebPage","@id":"https:\/\/finncult.be\/fi\/yhteystiedot\/laskutus\/","url":"https:\/\/finncult.be\/fi\/yhteystiedot\/laskutus\/","name":"Laskutus - Finnish Cultural Institute for the Benelux","isPartOf":{"@id":"https:\/\/finncult.be\/#website"},"primaryImageOfPage":{"@id":"https:\/\/finncult.be\/fi\/yhteystiedot\/laskutus\/#primaryimage"},"image":{"@id":"https:\/\/finncult.be\/fi\/yhteystiedot\/laskutus\/#primaryimage"},"thumbnailUrl":"https:\/\/finncult.be\/wp-content\/uploads\/2022\/05\/1.png","datePublished":"2022-11-30T14:40:10+00:00","dateModified":"2026-03-17T10:49:41+00:00","description":"Find all the information you need to invoice the Finnish Cultural Institute for the Benelux.","breadcrumb":{"@id":"https:\/\/finncult.be\/fi\/yhteystiedot\/laskutus\/#breadcrumb"},"inLanguage":"fi","potentialAction":[{"@type":"ReadAction","target":["https:\/\/finncult.be\/fi\/yhteystiedot\/laskutus\/"]}]},{"@type":"ImageObject","inLanguage":"fi","@id":"https:\/\/finncult.be\/fi\/yhteystiedot\/laskutus\/#primaryimage","url":"https:\/\/finncult.be\/wp-content\/uploads\/2022\/05\/1.png","contentUrl":"https:\/\/finncult.be\/wp-content\/uploads\/2022\/05\/1.png","width":1600,"height":600,"caption":"The Finnish institute"},{"@type":"BreadcrumbList","@id":"https:\/\/finncult.be\/fi\/yhteystiedot\/laskutus\/#breadcrumb","itemListElement":[{"@type":"ListItem","position":1,"name":"Home","item":"https:\/\/finncult.be\/fi\/"},{"@type":"ListItem","position":2,"name":"Yhteystiedot","item":"https:\/\/finncult.be\/fi\/yhteystiedot\/"},{"@type":"ListItem","position":3,"name":"Laskutus"}]},{"@type":"WebSite","@id":"https:\/\/finncult.be\/#website","url":"https:\/\/finncult.be\/","name":"Finnish Cultural Institute for the Benelux","description":"Finnish Cultural Institute for the Benelux","potentialAction":[{"@type":"SearchAction","target":{"@type":"EntryPoint","urlTemplate":"https:\/\/finncult.be\/?s={search_term_string}"},"query-input":{"@type":"PropertyValueSpecification","valueRequired":true,"valueName":"search_term_string"}}],"inLanguage":"fi"}]}},"_links":{"self":[{"href":"https:\/\/finncult.be\/fi\/wp-json\/wp\/v2\/pages\/15482","targetHints":{"allow":["GET"]}}],"collection":[{"href":"https:\/\/finncult.be\/fi\/wp-json\/wp\/v2\/pages"}],"about":[{"href":"https:\/\/finncult.be\/fi\/wp-json\/wp\/v2\/types\/page"}],"author":[{"embeddable":true,"href":"https:\/\/finncult.be\/fi\/wp-json\/wp\/v2\/users\/8"}],"replies":[{"embeddable":true,"href":"https:\/\/finncult.be\/fi\/wp-json\/wp\/v2\/comments?post=15482"}],"version-history":[{"count":15,"href":"https:\/\/finncult.be\/fi\/wp-json\/wp\/v2\/pages\/15482\/revisions"}],"predecessor-version":[{"id":22347,"href":"https:\/\/finncult.be\/fi\/wp-json\/wp\/v2\/pages\/15482\/revisions\/22347"}],"up":[{"embeddable":true,"href":"https:\/\/finncult.be\/fi\/wp-json\/wp\/v2\/pages\/13523"}],"wp:featuredmedia":[{"embeddable":true,"href":"https:\/\/finncult.be\/fi\/wp-json\/wp\/v2\/media\/12752"}],"wp:attachment":[{"href":"https:\/\/finncult.be\/fi\/wp-json\/wp\/v2\/media?parent=15482"}],"curies":[{"name":"wp","href":"https:\/\/api.w.org\/{rel}","templated":true}]}}