{"id":15021,"date":"2022-10-04T17:32:53","date_gmt":"2022-10-04T15:32:53","guid":{"rendered":"https:\/\/finncult.be\/?page_id=15021"},"modified":"2025-09-09T13:41:51","modified_gmt":"2025-09-09T11:41:51","slug":"healing-dealing","status":"publish","type":"page","link":"https:\/\/finncult.be\/fi\/ohjelma\/healing-dealing\/","title":{"rendered":"Healing &#038; Dealing"},"content":{"rendered":"<p>[et_pb_section fb_built=&#8221;1&#8243; fullwidth=&#8221;on&#8221; _builder_version=&#8221;4.16&#8243; _module_preset=&#8221;default&#8221; global_colors_info=&#8221;{}&#8221;][et_pb_fullwidth_header _builder_version=&#8221;4.18.0&#8243; _module_preset=&#8221;default&#8221; background_image=&#8221;https:\/\/finncult.be\/wp-content\/uploads\/2022\/04\/Website-Images-2.png&#8221; min_height=&#8221;493px&#8221; global_colors_info=&#8221;{}&#8221;][\/et_pb_fullwidth_header][\/et_pb_section][et_pb_section fb_built=&#8221;1&#8243; admin_label=&#8221;section&#8221; _builder_version=&#8221;4.16&#8243; background_color=&#8221;#FEF7FB&#8221; custom_padding=&#8221;22px|||||&#8221; collapsed=&#8221;off&#8221; global_colors_info=&#8221;{}&#8221;][et_pb_row column_structure=&#8221;1_5,3_5,1_5&#8243; admin_label=&#8221;row&#8221; _builder_version=&#8221;4.16&#8243; background_size=&#8221;initial&#8221; background_position=&#8221;top_left&#8221; background_repeat=&#8221;repeat&#8221; custom_margin=&#8221;||||false|false&#8221; global_colors_info=&#8221;{}&#8221;][et_pb_column type=&#8221;1_5&#8243; _builder_version=&#8221;4.16&#8243; custom_padding=&#8221;|||&#8221; global_colors_info=&#8221;{}&#8221; custom_padding__hover=&#8221;|||&#8221;][\/et_pb_column][et_pb_column type=&#8221;3_5&#8243; _builder_version=&#8221;4.16&#8243; custom_padding=&#8221;|||&#8221; global_colors_info=&#8221;{}&#8221; custom_padding__hover=&#8221;|||&#8221;][et_pb_text admin_label=&#8221;Text&#8221; _builder_version=&#8221;4.27.2&#8243; _module_preset=&#8221;default&#8221; custom_margin=&#8221;||||false|false&#8221; custom_padding=&#8221;||||false|false&#8221; global_colors_info=&#8221;{}&#8221;]<\/p>\n<h1>Healing &amp; Dealing<\/h1>\n<p>&nbsp;<\/p>\n<p>Healing &amp; Dealing on kahdesta toisiaan peilaavasta tapahtumasta koostuva kansainv\u00e4linen ohjelmakokonaisuus. Dealing keskittyy valkoisten kulttuurialalla ty\u00f6skentelevien ammattilaisten rasisminvastaiseen koulutukseen ja Healing kutsuu ruskeita kulttuurin toimijoita ottamaan et\u00e4isyytt\u00e4 heit\u00e4 ymp\u00e4r\u00f6ivist\u00e4 rasistisista valtarakenteista hyvinvointiin ja itsest\u00e4\u00e4n huolehtimiseen keskittyen. Ohjelma edist\u00e4\u00e4 yhdenvertaisuutta ja tarjoaa ohjelmaan osallistuville valkoisille ammattilaisille konkreettisia ty\u00f6kaluja valkoisten valtarakenteiden purkamiseen ruskeiden ammattilaisten hyvinvointi huomioiden.<\/p>\n<p>Healing &amp; Dealing luo turvallisia tiloja kulttuurikent\u00e4n toimijoille, sitouttaa ammattilaiset rasisminvastaisten toimintatapoihin ja siirt\u00e4\u00e4 rasisminvastaisen ty\u00f6n painolastia pois ruskeilta valkoisille. Ohjelma edist\u00e4\u00e4 ja vahvistaa ryhmien v\u00e4list\u00e4 yhteisty\u00f6t\u00e4 pitk\u00e4j\u00e4nteisesti.<\/p>\n<p>Ohjelma koostuu Dealing- ja Healing-moduuleista, jotka toteutetaan vuosina 2026\u20132028 Suomessa, Isossa-Britanniassa, Benelux-alueella ja Norjassa.\u200b Osioilla on paikalliset kumppaniorganisaatiot ja fasilitaattorit, jotka kokoavat ohjelman yhdess\u00e4 suomalaisten tekij\u00f6iden kanssa.<\/p>\n<p>Healing &amp; Dealing on Suomen Benelux-instituutissa ty\u00f6skennelleen <strong>Laisa Conden<\/strong> ohjelmakokonaisuus, jota pilotoitiin vuonna 2022. Pilotista ker\u00e4tty palaute osoitti, ett\u00e4 jatkohankkeelle on akuutti tarve. Conde jatkaa ohjelman vastuuhenkil\u00f6n\u00e4.<\/p>\n<p>[\/et_pb_text][\/et_pb_column][et_pb_column type=&#8221;1_5&#8243; _builder_version=&#8221;4.16&#8243; custom_padding=&#8221;|||&#8221; global_colors_info=&#8221;{}&#8221; custom_padding__hover=&#8221;|||&#8221;][\/et_pb_column][\/et_pb_row][et_pb_row _builder_version=&#8221;4.16&#8243; _module_preset=&#8221;default&#8221; global_colors_info=&#8221;{}&#8221;][et_pb_column type=&#8221;4_4&#8243; _builder_version=&#8221;4.16&#8243; _module_preset=&#8221;default&#8221; global_colors_info=&#8221;{}&#8221;][et_pb_blog fullwidth=&#8221;off&#8221; include_categories=&#8221;115&#8243; use_manual_excerpt=&#8221;off&#8221; show_author=&#8221;off&#8221; show_date=&#8221;off&#8221; show_categories=&#8221;off&#8221; _builder_version=&#8221;4.18.0&#8243; _module_preset=&#8221;default&#8221; border_width_all=&#8221;0px&#8221; border_style_all=&#8221;none&#8221; global_colors_info=&#8221;{}&#8221;][\/et_pb_blog][\/et_pb_column][\/et_pb_row][\/et_pb_section]<\/p>\n","protected":false},"excerpt":{"rendered":"<p>Healing &#038; Dealing on kahdesta toisiaan peilaavasta tapahtumasta koostuva kansainv\u00e4linen ohjelmakokonaisuus. Dealing keskittyy valkoisten kulttuurialalla ty\u00f6skentelevien ammattilaisten rasisminvastaiseen koulutukseen ja Healing kutsuu ruskeita kulttuurin toimijoita ottamaan et\u00e4isyytt\u00e4 heit\u00e4 ymp\u00e4r\u00f6ivist\u00e4 rasistisista valtarakenteista hyvinvointiin ja itsest\u00e4\u00e4n huolehtimiseen keskittyen.<\/p>\n","protected":false},"author":8,"featured_media":12007,"parent":11043,"menu_order":3,"comment_status":"closed","ping_status":"closed","template":"","meta":{"_acf_changed":false,"_et_pb_use_builder":"on","_et_pb_old_content":"","_et_gb_content_width":"","inline_featured_image":false,"footnotes":""},"class_list":["post-15021","page","type-page","status-publish","has-post-thumbnail","hentry"],"acf":[],"yoast_head":"<!-- This site is optimized with the Yoast SEO plugin v27.4 - https:\/\/yoast.com\/product\/yoast-seo-wordpress\/ -->\n<title>Healing &amp; Dealing - Finnish Cultural Institute for the Benelux<\/title>\n<meta name=\"description\" content=\"Healing &amp; Dealing on kahdesta toisiaan peilaavasta tapahtumasta koostuva kansainv\u00e4linen ohjelmakokonaisuus. Dealing keskittyy valkoisten kulttuurialalla ty\u00f6skentelevien ammattilaisten rasisminvastaiseen koulutukseen ja Healing kutsuu ruskeita kulttuurin toimijoita ottamaan et\u00e4isyytt\u00e4 heit\u00e4 ymp\u00e4r\u00f6ivist\u00e4 rasistisista valtarakenteista hyvinvointiin ja itsest\u00e4\u00e4n huolehtimiseen keskittyen.\" \/>\n<meta name=\"robots\" content=\"index, follow, max-snippet:-1, max-image-preview:large, max-video-preview:-1\" \/>\n<link rel=\"canonical\" href=\"https:\/\/finncult.be\/fi\/ohjelma\/healing-dealing\/\" \/>\n<meta property=\"og:locale\" content=\"fi_FI\" \/>\n<meta property=\"og:type\" content=\"article\" \/>\n<meta property=\"og:title\" content=\"Healing &amp; Dealing - Finnish Cultural Institute for the Benelux\" \/>\n<meta property=\"og:description\" content=\"Healing &amp; Dealing on kahdesta toisiaan peilaavasta tapahtumasta koostuva kansainv\u00e4linen ohjelmakokonaisuus. Dealing keskittyy valkoisten kulttuurialalla ty\u00f6skentelevien ammattilaisten rasisminvastaiseen koulutukseen ja Healing kutsuu ruskeita kulttuurin toimijoita ottamaan et\u00e4isyytt\u00e4 heit\u00e4 ymp\u00e4r\u00f6ivist\u00e4 rasistisista valtarakenteista hyvinvointiin ja itsest\u00e4\u00e4n huolehtimiseen keskittyen.\" \/>\n<meta property=\"og:url\" content=\"https:\/\/finncult.be\/fi\/ohjelma\/healing-dealing\/\" \/>\n<meta property=\"og:site_name\" content=\"Finnish Cultural Institute for the Benelux\" \/>\n<meta property=\"article:modified_time\" content=\"2025-09-09T11:41:51+00:00\" \/>\n<meta property=\"og:image\" content=\"https:\/\/finncult.be\/wp-content\/uploads\/2022\/04\/Website-Images-2.png\" \/>\n\t<meta property=\"og:image:width\" content=\"1200\" \/>\n\t<meta property=\"og:image:height\" content=\"628\" \/>\n\t<meta property=\"og:image:type\" content=\"image\/png\" \/>\n<meta name=\"twitter:card\" content=\"summary_large_image\" \/>\n<meta name=\"twitter:label1\" content=\"Arvioitu lukuaika\" \/>\n\t<meta name=\"twitter:data1\" content=\"2 minuuttia\" \/>\n<script type=\"application\/ld+json\" class=\"yoast-schema-graph\">{\"@context\":\"https:\\\/\\\/schema.org\",\"@graph\":[{\"@type\":\"WebPage\",\"@id\":\"https:\\\/\\\/finncult.be\\\/fi\\\/ohjelma\\\/healing-dealing\\\/\",\"url\":\"https:\\\/\\\/finncult.be\\\/fi\\\/ohjelma\\\/healing-dealing\\\/\",\"name\":\"Healing & Dealing - Finnish Cultural Institute for the Benelux\",\"isPartOf\":{\"@id\":\"https:\\\/\\\/finncult.be\\\/#website\"},\"primaryImageOfPage\":{\"@id\":\"https:\\\/\\\/finncult.be\\\/fi\\\/ohjelma\\\/healing-dealing\\\/#primaryimage\"},\"image\":{\"@id\":\"https:\\\/\\\/finncult.be\\\/fi\\\/ohjelma\\\/healing-dealing\\\/#primaryimage\"},\"thumbnailUrl\":\"https:\\\/\\\/finncult.be\\\/wp-content\\\/uploads\\\/2022\\\/04\\\/Website-Images-2.png\",\"datePublished\":\"2022-10-04T15:32:53+00:00\",\"dateModified\":\"2025-09-09T11:41:51+00:00\",\"description\":\"Healing & Dealing on kahdesta toisiaan peilaavasta tapahtumasta koostuva kansainv\u00e4linen ohjelmakokonaisuus. Dealing keskittyy valkoisten kulttuurialalla ty\u00f6skentelevien ammattilaisten rasisminvastaiseen koulutukseen ja Healing kutsuu ruskeita kulttuurin toimijoita ottamaan et\u00e4isyytt\u00e4 heit\u00e4 ymp\u00e4r\u00f6ivist\u00e4 rasistisista valtarakenteista hyvinvointiin ja itsest\u00e4\u00e4n huolehtimiseen keskittyen.\",\"breadcrumb\":{\"@id\":\"https:\\\/\\\/finncult.be\\\/fi\\\/ohjelma\\\/healing-dealing\\\/#breadcrumb\"},\"inLanguage\":\"fi\",\"potentialAction\":[{\"@type\":\"ReadAction\",\"target\":[\"https:\\\/\\\/finncult.be\\\/fi\\\/ohjelma\\\/healing-dealing\\\/\"]}]},{\"@type\":\"ImageObject\",\"inLanguage\":\"fi\",\"@id\":\"https:\\\/\\\/finncult.be\\\/fi\\\/ohjelma\\\/healing-dealing\\\/#primaryimage\",\"url\":\"https:\\\/\\\/finncult.be\\\/wp-content\\\/uploads\\\/2022\\\/04\\\/Website-Images-2.png\",\"contentUrl\":\"https:\\\/\\\/finncult.be\\\/wp-content\\\/uploads\\\/2022\\\/04\\\/Website-Images-2.png\",\"width\":1200,\"height\":628,\"caption\":\"Healing and Dealing\"},{\"@type\":\"BreadcrumbList\",\"@id\":\"https:\\\/\\\/finncult.be\\\/fi\\\/ohjelma\\\/healing-dealing\\\/#breadcrumb\",\"itemListElement\":[{\"@type\":\"ListItem\",\"position\":1,\"name\":\"Home\",\"item\":\"https:\\\/\\\/finncult.be\\\/fi\\\/\"},{\"@type\":\"ListItem\",\"position\":2,\"name\":\"Ohjelma\",\"item\":\"https:\\\/\\\/finncult.be\\\/fi\\\/ohjelma\\\/\"},{\"@type\":\"ListItem\",\"position\":3,\"name\":\"Healing &#038; Dealing\"}]},{\"@type\":\"WebSite\",\"@id\":\"https:\\\/\\\/finncult.be\\\/#website\",\"url\":\"https:\\\/\\\/finncult.be\\\/\",\"name\":\"Finnish Cultural Institute for the Benelux\",\"description\":\"Finnish Cultural Institute for the Benelux\",\"potentialAction\":[{\"@type\":\"SearchAction\",\"target\":{\"@type\":\"EntryPoint\",\"urlTemplate\":\"https:\\\/\\\/finncult.be\\\/?s={search_term_string}\"},\"query-input\":{\"@type\":\"PropertyValueSpecification\",\"valueRequired\":true,\"valueName\":\"search_term_string\"}}],\"inLanguage\":\"fi\"}]}<\/script>\n<!-- \/ Yoast SEO plugin. -->","yoast_head_json":{"title":"Healing & Dealing - Finnish Cultural Institute for the Benelux","description":"Healing & Dealing on kahdesta toisiaan peilaavasta tapahtumasta koostuva kansainv\u00e4linen ohjelmakokonaisuus. Dealing keskittyy valkoisten kulttuurialalla ty\u00f6skentelevien ammattilaisten rasisminvastaiseen koulutukseen ja Healing kutsuu ruskeita kulttuurin toimijoita ottamaan et\u00e4isyytt\u00e4 heit\u00e4 ymp\u00e4r\u00f6ivist\u00e4 rasistisista valtarakenteista hyvinvointiin ja itsest\u00e4\u00e4n huolehtimiseen keskittyen.","robots":{"index":"index","follow":"follow","max-snippet":"max-snippet:-1","max-image-preview":"max-image-preview:large","max-video-preview":"max-video-preview:-1"},"canonical":"https:\/\/finncult.be\/fi\/ohjelma\/healing-dealing\/","og_locale":"fi_FI","og_type":"article","og_title":"Healing & Dealing - Finnish Cultural Institute for the Benelux","og_description":"Healing & Dealing on kahdesta toisiaan peilaavasta tapahtumasta koostuva kansainv\u00e4linen ohjelmakokonaisuus. Dealing keskittyy valkoisten kulttuurialalla ty\u00f6skentelevien ammattilaisten rasisminvastaiseen koulutukseen ja Healing kutsuu ruskeita kulttuurin toimijoita ottamaan et\u00e4isyytt\u00e4 heit\u00e4 ymp\u00e4r\u00f6ivist\u00e4 rasistisista valtarakenteista hyvinvointiin ja itsest\u00e4\u00e4n huolehtimiseen keskittyen.","og_url":"https:\/\/finncult.be\/fi\/ohjelma\/healing-dealing\/","og_site_name":"Finnish Cultural Institute for the Benelux","article_modified_time":"2025-09-09T11:41:51+00:00","og_image":[{"width":1200,"height":628,"url":"https:\/\/finncult.be\/wp-content\/uploads\/2022\/04\/Website-Images-2.png","type":"image\/png"}],"twitter_card":"summary_large_image","twitter_misc":{"Arvioitu lukuaika":"2 minuuttia"},"schema":{"@context":"https:\/\/schema.org","@graph":[{"@type":"WebPage","@id":"https:\/\/finncult.be\/fi\/ohjelma\/healing-dealing\/","url":"https:\/\/finncult.be\/fi\/ohjelma\/healing-dealing\/","name":"Healing & Dealing - Finnish Cultural Institute for the Benelux","isPartOf":{"@id":"https:\/\/finncult.be\/#website"},"primaryImageOfPage":{"@id":"https:\/\/finncult.be\/fi\/ohjelma\/healing-dealing\/#primaryimage"},"image":{"@id":"https:\/\/finncult.be\/fi\/ohjelma\/healing-dealing\/#primaryimage"},"thumbnailUrl":"https:\/\/finncult.be\/wp-content\/uploads\/2022\/04\/Website-Images-2.png","datePublished":"2022-10-04T15:32:53+00:00","dateModified":"2025-09-09T11:41:51+00:00","description":"Healing & Dealing on kahdesta toisiaan peilaavasta tapahtumasta koostuva kansainv\u00e4linen ohjelmakokonaisuus. Dealing keskittyy valkoisten kulttuurialalla ty\u00f6skentelevien ammattilaisten rasisminvastaiseen koulutukseen ja Healing kutsuu ruskeita kulttuurin toimijoita ottamaan et\u00e4isyytt\u00e4 heit\u00e4 ymp\u00e4r\u00f6ivist\u00e4 rasistisista valtarakenteista hyvinvointiin ja itsest\u00e4\u00e4n huolehtimiseen keskittyen.","breadcrumb":{"@id":"https:\/\/finncult.be\/fi\/ohjelma\/healing-dealing\/#breadcrumb"},"inLanguage":"fi","potentialAction":[{"@type":"ReadAction","target":["https:\/\/finncult.be\/fi\/ohjelma\/healing-dealing\/"]}]},{"@type":"ImageObject","inLanguage":"fi","@id":"https:\/\/finncult.be\/fi\/ohjelma\/healing-dealing\/#primaryimage","url":"https:\/\/finncult.be\/wp-content\/uploads\/2022\/04\/Website-Images-2.png","contentUrl":"https:\/\/finncult.be\/wp-content\/uploads\/2022\/04\/Website-Images-2.png","width":1200,"height":628,"caption":"Healing and Dealing"},{"@type":"BreadcrumbList","@id":"https:\/\/finncult.be\/fi\/ohjelma\/healing-dealing\/#breadcrumb","itemListElement":[{"@type":"ListItem","position":1,"name":"Home","item":"https:\/\/finncult.be\/fi\/"},{"@type":"ListItem","position":2,"name":"Ohjelma","item":"https:\/\/finncult.be\/fi\/ohjelma\/"},{"@type":"ListItem","position":3,"name":"Healing &#038; Dealing"}]},{"@type":"WebSite","@id":"https:\/\/finncult.be\/#website","url":"https:\/\/finncult.be\/","name":"Finnish Cultural Institute for the Benelux","description":"Finnish Cultural Institute for the Benelux","potentialAction":[{"@type":"SearchAction","target":{"@type":"EntryPoint","urlTemplate":"https:\/\/finncult.be\/?s={search_term_string}"},"query-input":{"@type":"PropertyValueSpecification","valueRequired":true,"valueName":"search_term_string"}}],"inLanguage":"fi"}]}},"_links":{"self":[{"href":"https:\/\/finncult.be\/fi\/wp-json\/wp\/v2\/pages\/15021","targetHints":{"allow":["GET"]}}],"collection":[{"href":"https:\/\/finncult.be\/fi\/wp-json\/wp\/v2\/pages"}],"about":[{"href":"https:\/\/finncult.be\/fi\/wp-json\/wp\/v2\/types\/page"}],"author":[{"embeddable":true,"href":"https:\/\/finncult.be\/fi\/wp-json\/wp\/v2\/users\/8"}],"replies":[{"embeddable":true,"href":"https:\/\/finncult.be\/fi\/wp-json\/wp\/v2\/comments?post=15021"}],"version-history":[{"count":18,"href":"https:\/\/finncult.be\/fi\/wp-json\/wp\/v2\/pages\/15021\/revisions"}],"predecessor-version":[{"id":21313,"href":"https:\/\/finncult.be\/fi\/wp-json\/wp\/v2\/pages\/15021\/revisions\/21313"}],"up":[{"embeddable":true,"href":"https:\/\/finncult.be\/fi\/wp-json\/wp\/v2\/pages\/11043"}],"wp:featuredmedia":[{"embeddable":true,"href":"https:\/\/finncult.be\/fi\/wp-json\/wp\/v2\/media\/12007"}],"wp:attachment":[{"href":"https:\/\/finncult.be\/fi\/wp-json\/wp\/v2\/media?parent=15021"}],"curies":[{"name":"wp","href":"https:\/\/api.w.org\/{rel}","templated":true}]}}