{"id":14932,"date":"2022-04-10T14:09:26","date_gmt":"2022-04-10T12:09:26","guid":{"rendered":"https:\/\/finncult.be\/instituutti\/saavutettavuus\/"},"modified":"2024-06-14T14:27:40","modified_gmt":"2024-06-14T12:27:40","slug":"saavutettavuus","status":"publish","type":"page","link":"https:\/\/finncult.be\/fi\/instituutti\/saavutettavuus\/","title":{"rendered":"Saavutettavuus"},"content":{"rendered":"<p>[et_pb_section fb_built=&#8221;1&#8243; fullwidth=&#8221;on&#8221; _builder_version=&#8221;4.16&#8243; _module_preset=&#8221;default&#8221; global_colors_info=&#8221;{}&#8221;][et_pb_fullwidth_header title=&#8221;Saavutettavuus&#8221; text_orientation=&#8221;center&#8221; background_overlay_color=&#8221;rgba(81,0,35,0.5)&#8221; _builder_version=&#8221;4.24.3&#8243; _module_preset=&#8221;default&#8221; title_text_align=&#8221;center&#8221; title_font_size=&#8221;60px&#8221; background_image=&#8221;https:\/\/finncult.be\/wp-content\/uploads\/2022\/06\/IMG_0616-scaled-e1655489317989.jpg&#8221; min_height=&#8221;493px&#8221; title_text_align_tablet=&#8221;center&#8221; title_text_align_phone=&#8221;center&#8221; title_text_align_last_edited=&#8221;on|phone&#8221; title_font_size_tablet=&#8221;60px&#8221; title_font_size_phone=&#8221;38px&#8221; title_font_size_last_edited=&#8221;on|phone&#8221; title_line_height_tablet=&#8221;&#8221; title_line_height_phone=&#8221;2.2em&#8221; title_line_height_last_edited=&#8221;on|phone&#8221; custom_css_title=&#8221;padding-top:15%;&#8221; global_colors_info=&#8221;{}&#8221;][\/et_pb_fullwidth_header][\/et_pb_section][et_pb_section fb_built=&#8221;1&#8243; _builder_version=&#8221;4.16&#8243; background_color=&#8221;#FEF7FB&#8221; global_colors_info=&#8221;{}&#8221;][et_pb_row column_structure=&#8221;1_5,3_5,1_5&#8243; _builder_version=&#8221;4.16&#8243; background_size=&#8221;initial&#8221; background_position=&#8221;top_left&#8221; background_repeat=&#8221;repeat&#8221; custom_padding=&#8221;||||false|false&#8221; global_colors_info=&#8221;{}&#8221;][et_pb_column type=&#8221;1_5&#8243; _builder_version=&#8221;4.16&#8243; custom_padding=&#8221;|||&#8221; global_colors_info=&#8221;{}&#8221; custom_padding__hover=&#8221;|||&#8221;][\/et_pb_column][et_pb_column type=&#8221;3_5&#8243; _builder_version=&#8221;4.16&#8243; custom_padding=&#8221;|||&#8221; global_colors_info=&#8221;{}&#8221; custom_padding__hover=&#8221;|||&#8221;][et_pb_text _builder_version=&#8221;4.24.3&#8243; _module_preset=&#8221;default&#8221; hover_enabled=&#8221;0&#8243; global_colors_info=&#8221;{}&#8221; sticky_enabled=&#8221;0&#8243;]<\/p>\n<h1>Instituutin toimisto<\/h1>\n<p>&nbsp;<\/p>\n<p><span style=\"font-weight: 400;\">Suomen Benelux-instituutin toimisto sijaitsee osoitteessa Rue de l\u2019Arbre 14 \/ Boomstraat 14, Bryssel, Belgia. Toimisto sijaitsee keskeisell\u00e4 paikalla l\u00e4hell\u00e4 kaupungin keskustaa, mutta itse rakennus ei ole t\u00e4ysin saavutettava.<\/span><\/p>\n<p><span style=\"font-weight: 400;\">Toimistomme on kolmannessa kerroksessa. Rakennuksen sis\u00e4\u00e4ntulossa on viisi askelmaa ja siin\u00e4 ei ole kaidetta eik\u00e4 luiskaa. Rakennuksessa ei ole automaattiovia. Sis\u00e4\u00e4nk\u00e4ynnin vasemmalla puolella on ovipuhelin. Painathan painiketta numero 3, jotta instituutin henkil\u00f6kunta voi avata oven. Ovi avautuu ty\u00f6nt\u00e4m\u00e4ll\u00e4 tai vet\u00e4m\u00e4ll\u00e4 ja on hyvin painava. Rakennuksessa on kapeahko hissi, mutta sen ovi ei ole automatisoitu. <\/span><\/p>\n<p><span style=\"font-weight: 400;\">Instituutin toimisto on avoin ja tilava. WC:t sijaitsevat k\u00e4yt\u00e4v\u00e4ss\u00e4 toimiston ulkopuolella, ja vaikka ne ovat Belgian lain mukaisesti merkitty miesten \/ naisten vessoiksi, instituutti ei noudata tarkkoja s\u00e4\u00e4nt\u00f6j\u00e4 niiden k\u00e4yt\u00f6st\u00e4.\u00a0<\/span><\/p>\n<p><span style=\"font-weight: 400;\">Henkil\u00f6kuntamme on valmis tapaamaan my\u00f6s muualla instituutin ulkopuolella, mik\u00e4li niin sovitaan. Kannustamme vieraita kertomaan meille, mik\u00e4 toimii heille parhaiten saavutettavuuden osalta.\u00a0<\/span><\/p>\n<p><span style=\"font-weight: 400;\">Mik\u00e4li suunnittelet k\u00e4ynti\u00e4 toimistollamme ja sinulla on kysytt\u00e4v\u00e4\u00e4 saavutettavuuteen liittyen, olethan meihin etuk\u00e4teen yhteydess\u00e4 puhelimitse tai s\u00e4hk\u00f6postitse:<\/span><\/p>\n<p><span style=\"font-weight: 400;\">+32 468 15 56 72<\/span><\/p>\n<p><span style=\"font-weight: 400;\">info@finncult.be<\/span><\/p>\n<h1>\u00a0<\/h1>\n<p>&nbsp;<\/p>\n<h1>Saavutettavuusseloste: verkkosivusto<\/h1>\n<p><span style=\"font-weight: 400;\">T\u00e4m\u00e4 saavutettavuusseloste koskee palvelua https:\/\/finncult.be ja on laadittu \/ p\u00e4ivitetty 27.09.2022. Palvelua koskee laki digitaalisten palvelujen tarjoamisesta, jossa edellytet\u00e4\u00e4n, ett\u00e4 julkisten verkkopalvelujen on oltava saavutettavia.<\/span><\/p>\n<p><span style=\"font-weight: 400;\">Palvelun saavutettavuuden on arvioinut ulkopuolinen asiantuntijaorganisaatio<\/span><\/p>\n<h3>Digipalvelun saavutettavuuden tila<\/h3>\n<p><span style=\"font-weight: 400;\">T\u00e4ytt\u00e4\u00e4 kaikki saavutettavuusvaatimukset.<\/span><\/p>\n<p>&nbsp;<\/p>\n<h3>Ei-saavutettava sis\u00e4lt\u00f6<\/h3>\n<p>Verkkosivusto ei ole viel\u00e4 kaikilta osin vaatimusten mukainen<\/p>\n<ul>\n<li style=\"font-weight: 400;\"><b>Havaittava: Alt-tekstit kuvissa<\/b><b><br \/><\/b><b>Saavuttamaton sis\u00e4lt\u00f6 ja sen puutteet<\/b><b><br \/><\/b><span style=\"font-weight: 400;\">Ennen vuotta 2022 julkaistujen uutisten kuvista puuttuvat alt-tekstit.<\/span><span style=\"font-weight: 400;\"><br \/><\/span><b>Saavutettavuusvaatimukset jotka eiv\u00e4t t\u00e4yty<\/b>\n<p>&nbsp;<\/p>\n<ul>\n<li style=\"font-weight: 400;\"><span style=\"font-weight: 400;\">1.1.1 Ei-tekstuaalinen sis\u00e4lt\u00f6<\/span><\/li>\n<\/ul>\n<\/li>\n<li style=\"font-weight: 400;\"><b>Havaittava: Sis\u00e4lt\u00f6 on rajoitettu mobiilissa vain tiettyyn n\u00e4ytt\u00f6laitteen asentoon<\/b><b><br \/><\/b><b>Saavuttamaton sis\u00e4lt\u00f6 ja sen puutteet<\/b><b><br \/><\/b><span style=\"font-weight: 400;\">Sis\u00e4lt\u00f6 on rajoitettu mobiilissa vain tiettyyn n\u00e4ytt\u00f6laitteen asentoon, eli pystysuuntaan.<\/span><span style=\"font-weight: 400;\"><br \/><\/span><b>Saavutettavuusvaatimukset jotka eiv\u00e4t t\u00e4yty<\/b>\n<p>&nbsp;<\/p>\n<ul>\n<li style=\"font-weight: 400;\"><span style=\"font-weight: 400;\">1.3.4 Asento<\/span><\/li>\n<\/ul>\n<\/li>\n<\/ul>\n<h2>\u00a0<\/h2>\n<h2>Palaute ja yhteystiedot<\/h2>\n<p><span style=\"font-weight: 400;\">Huomasitko saavutettavuuspuutteen digipalvelussamme? Kerro se meille ja teemme parhaamme puutteen korjaamiseksi.<\/span><\/p>\n<p>&nbsp;<\/p>\n<h3>S\u00e4hk\u00f6postilla<\/h3>\n<p><span style=\"font-weight: 400;\">info@finncult.be<\/span><\/p>\n<h3>Muilla tavoin<\/h3>\n<p><span style=\"font-weight: 400;\">Puhelimella soittamalla numeroon +32 468 1556 72.<\/span><\/p>\n<h2>Valvontaviranomainen<\/h2>\n<p><span style=\"font-weight: 400;\">Jos huomaat sivustolla saavutettavuusongelmia, anna ensin palautetta meille eli sivuston yll\u00e4pit\u00e4j\u00e4lle. Vastauksessa voi menn\u00e4 14 p\u00e4iv\u00e4\u00e4. Jos et ole tyytyv\u00e4inen saamaasi vastaukseen tai et saa vastausta lainkaan kahden viikon aikana, <\/span><a href=\"https:\/\/www.saavutettavuusvaatimukset.fi\/oikeutesi\/\"><span style=\"font-weight: 400;\">voit tehd\u00e4 ilmoituksen Etel\u00e4-Suomen aluehallintovirastoon Avautuu uuteen ikkunaan<\/span><\/a><span style=\"font-weight: 400;\">. Etel\u00e4-Suomen aluehallintoviraston sivulla kerrotaan tarkasti, miten ilmoituksen voi tehd\u00e4 ja miten asia k\u00e4sitell\u00e4\u00e4n.<\/span><\/p>\n<h3>Valvontaviranomaisen yhteystiedot<\/h3>\n<p><span style=\"font-weight: 400;\">Etel\u00e4-Suomen aluehallintovirasto<\/span><\/p>\n<p><span style=\"font-weight: 400;\">Saavutettavuuden valvonnan yksikk\u00f6<\/span><\/p>\n<p><span style=\"font-weight: 400;\">www.saavutettavuusvaatimukset.fi<\/span><\/p>\n<p><span style=\"font-weight: 400;\">saavutettavuus(at)avi.fi<\/span><\/p>\n<p><span style=\"font-weight: 400;\">puhelinnumero vaihde 0295 016 000<\/span><\/p>\n<p>&nbsp;<\/p>\n<p>[\/et_pb_text][\/et_pb_column][et_pb_column type=&#8221;1_5&#8243; _builder_version=&#8221;4.16&#8243; custom_padding=&#8221;|||&#8221; global_colors_info=&#8221;{}&#8221; custom_padding__hover=&#8221;|||&#8221;][\/et_pb_column][\/et_pb_row][\/et_pb_section]<\/p>\n","protected":false},"excerpt":{"rendered":"<p>The Finnish Cultural Institute for the Benelux is located on Rue de l\u2019Arbre 14 \/ Boomstraat 14, Brussels. The building is located centrally, but unfortunately the building itself is not widely accessible.<\/p>\n","protected":false},"author":4,"featured_media":12752,"parent":11052,"menu_order":0,"comment_status":"closed","ping_status":"closed","template":"","meta":{"_acf_changed":false,"_et_pb_use_builder":"on","_et_pb_old_content":"","_et_gb_content_width":"","inline_featured_image":false,"footnotes":""},"class_list":["post-14932","page","type-page","status-publish","has-post-thumbnail","hentry"],"acf":[],"yoast_head":"<!-- This site is optimized with the Yoast SEO plugin v27.5 - https:\/\/yoast.com\/product\/yoast-seo-wordpress\/ -->\n<title>Saavutettavuus - Finnish Cultural Institute for the Benelux<\/title>\n<meta name=\"description\" content=\"Lue lis\u00e4\u00e4 Suomen Benelux-instituutin saavutettavuudesta.\" \/>\n<meta name=\"robots\" content=\"index, follow, max-snippet:-1, max-image-preview:large, max-video-preview:-1\" \/>\n<link rel=\"canonical\" href=\"https:\/\/finncult.be\/fi\/instituutti\/saavutettavuus\/\" \/>\n<meta property=\"og:locale\" content=\"fi_FI\" \/>\n<meta property=\"og:type\" content=\"article\" \/>\n<meta property=\"og:title\" content=\"Saavutettavuus - Finnish Cultural Institute for the Benelux\" \/>\n<meta property=\"og:description\" content=\"Lue lis\u00e4\u00e4 Suomen Benelux-instituutin saavutettavuudesta.\" \/>\n<meta property=\"og:url\" content=\"https:\/\/finncult.be\/fi\/instituutti\/saavutettavuus\/\" \/>\n<meta property=\"og:site_name\" content=\"Finnish Cultural Institute for the Benelux\" \/>\n<meta property=\"article:modified_time\" content=\"2024-06-14T12:27:40+00:00\" \/>\n<meta property=\"og:image\" content=\"https:\/\/finncult.be\/wp-content\/uploads\/2022\/05\/1.png\" \/>\n\t<meta property=\"og:image:width\" content=\"1600\" \/>\n\t<meta property=\"og:image:height\" content=\"600\" \/>\n\t<meta property=\"og:image:type\" content=\"image\/png\" \/>\n<meta name=\"twitter:card\" content=\"summary_large_image\" \/>\n<meta name=\"twitter:label1\" content=\"Arvioitu lukuaika\" \/>\n\t<meta name=\"twitter:data1\" content=\"2 minuuttia\" \/>\n<script type=\"application\/ld+json\" class=\"yoast-schema-graph\">{\"@context\":\"https:\\\/\\\/schema.org\",\"@graph\":[{\"@type\":\"WebPage\",\"@id\":\"https:\\\/\\\/finncult.be\\\/fi\\\/instituutti\\\/saavutettavuus\\\/\",\"url\":\"https:\\\/\\\/finncult.be\\\/fi\\\/instituutti\\\/saavutettavuus\\\/\",\"name\":\"Saavutettavuus - Finnish Cultural Institute for the Benelux\",\"isPartOf\":{\"@id\":\"https:\\\/\\\/finncult.be\\\/#website\"},\"primaryImageOfPage\":{\"@id\":\"https:\\\/\\\/finncult.be\\\/fi\\\/instituutti\\\/saavutettavuus\\\/#primaryimage\"},\"image\":{\"@id\":\"https:\\\/\\\/finncult.be\\\/fi\\\/instituutti\\\/saavutettavuus\\\/#primaryimage\"},\"thumbnailUrl\":\"https:\\\/\\\/finncult.be\\\/wp-content\\\/uploads\\\/2022\\\/05\\\/1.png\",\"datePublished\":\"2022-04-10T12:09:26+00:00\",\"dateModified\":\"2024-06-14T12:27:40+00:00\",\"description\":\"Lue lis\u00e4\u00e4 Suomen Benelux-instituutin saavutettavuudesta.\",\"breadcrumb\":{\"@id\":\"https:\\\/\\\/finncult.be\\\/fi\\\/instituutti\\\/saavutettavuus\\\/#breadcrumb\"},\"inLanguage\":\"fi\",\"potentialAction\":[{\"@type\":\"ReadAction\",\"target\":[\"https:\\\/\\\/finncult.be\\\/fi\\\/instituutti\\\/saavutettavuus\\\/\"]}]},{\"@type\":\"ImageObject\",\"inLanguage\":\"fi\",\"@id\":\"https:\\\/\\\/finncult.be\\\/fi\\\/instituutti\\\/saavutettavuus\\\/#primaryimage\",\"url\":\"https:\\\/\\\/finncult.be\\\/wp-content\\\/uploads\\\/2022\\\/05\\\/1.png\",\"contentUrl\":\"https:\\\/\\\/finncult.be\\\/wp-content\\\/uploads\\\/2022\\\/05\\\/1.png\",\"width\":1600,\"height\":600,\"caption\":\"The Finnish institute\"},{\"@type\":\"BreadcrumbList\",\"@id\":\"https:\\\/\\\/finncult.be\\\/fi\\\/instituutti\\\/saavutettavuus\\\/#breadcrumb\",\"itemListElement\":[{\"@type\":\"ListItem\",\"position\":1,\"name\":\"Home\",\"item\":\"https:\\\/\\\/finncult.be\\\/fi\\\/\"},{\"@type\":\"ListItem\",\"position\":2,\"name\":\"Instituutti\",\"item\":\"https:\\\/\\\/finncult.be\\\/fi\\\/instituutti\\\/\"},{\"@type\":\"ListItem\",\"position\":3,\"name\":\"Saavutettavuus\"}]},{\"@type\":\"WebSite\",\"@id\":\"https:\\\/\\\/finncult.be\\\/#website\",\"url\":\"https:\\\/\\\/finncult.be\\\/\",\"name\":\"Finnish Cultural Institute for the Benelux\",\"description\":\"Finnish Cultural Institute for the Benelux\",\"potentialAction\":[{\"@type\":\"SearchAction\",\"target\":{\"@type\":\"EntryPoint\",\"urlTemplate\":\"https:\\\/\\\/finncult.be\\\/?s={search_term_string}\"},\"query-input\":{\"@type\":\"PropertyValueSpecification\",\"valueRequired\":true,\"valueName\":\"search_term_string\"}}],\"inLanguage\":\"fi\"}]}<\/script>\n<!-- \/ Yoast SEO plugin. -->","yoast_head_json":{"title":"Saavutettavuus - Finnish Cultural Institute for the Benelux","description":"Lue lis\u00e4\u00e4 Suomen Benelux-instituutin saavutettavuudesta.","robots":{"index":"index","follow":"follow","max-snippet":"max-snippet:-1","max-image-preview":"max-image-preview:large","max-video-preview":"max-video-preview:-1"},"canonical":"https:\/\/finncult.be\/fi\/instituutti\/saavutettavuus\/","og_locale":"fi_FI","og_type":"article","og_title":"Saavutettavuus - Finnish Cultural Institute for the Benelux","og_description":"Lue lis\u00e4\u00e4 Suomen Benelux-instituutin saavutettavuudesta.","og_url":"https:\/\/finncult.be\/fi\/instituutti\/saavutettavuus\/","og_site_name":"Finnish Cultural Institute for the Benelux","article_modified_time":"2024-06-14T12:27:40+00:00","og_image":[{"width":1600,"height":600,"url":"https:\/\/finncult.be\/wp-content\/uploads\/2022\/05\/1.png","type":"image\/png"}],"twitter_card":"summary_large_image","twitter_misc":{"Arvioitu lukuaika":"2 minuuttia"},"schema":{"@context":"https:\/\/schema.org","@graph":[{"@type":"WebPage","@id":"https:\/\/finncult.be\/fi\/instituutti\/saavutettavuus\/","url":"https:\/\/finncult.be\/fi\/instituutti\/saavutettavuus\/","name":"Saavutettavuus - Finnish Cultural Institute for the Benelux","isPartOf":{"@id":"https:\/\/finncult.be\/#website"},"primaryImageOfPage":{"@id":"https:\/\/finncult.be\/fi\/instituutti\/saavutettavuus\/#primaryimage"},"image":{"@id":"https:\/\/finncult.be\/fi\/instituutti\/saavutettavuus\/#primaryimage"},"thumbnailUrl":"https:\/\/finncult.be\/wp-content\/uploads\/2022\/05\/1.png","datePublished":"2022-04-10T12:09:26+00:00","dateModified":"2024-06-14T12:27:40+00:00","description":"Lue lis\u00e4\u00e4 Suomen Benelux-instituutin saavutettavuudesta.","breadcrumb":{"@id":"https:\/\/finncult.be\/fi\/instituutti\/saavutettavuus\/#breadcrumb"},"inLanguage":"fi","potentialAction":[{"@type":"ReadAction","target":["https:\/\/finncult.be\/fi\/instituutti\/saavutettavuus\/"]}]},{"@type":"ImageObject","inLanguage":"fi","@id":"https:\/\/finncult.be\/fi\/instituutti\/saavutettavuus\/#primaryimage","url":"https:\/\/finncult.be\/wp-content\/uploads\/2022\/05\/1.png","contentUrl":"https:\/\/finncult.be\/wp-content\/uploads\/2022\/05\/1.png","width":1600,"height":600,"caption":"The Finnish institute"},{"@type":"BreadcrumbList","@id":"https:\/\/finncult.be\/fi\/instituutti\/saavutettavuus\/#breadcrumb","itemListElement":[{"@type":"ListItem","position":1,"name":"Home","item":"https:\/\/finncult.be\/fi\/"},{"@type":"ListItem","position":2,"name":"Instituutti","item":"https:\/\/finncult.be\/fi\/instituutti\/"},{"@type":"ListItem","position":3,"name":"Saavutettavuus"}]},{"@type":"WebSite","@id":"https:\/\/finncult.be\/#website","url":"https:\/\/finncult.be\/","name":"Finnish Cultural Institute for the Benelux","description":"Finnish Cultural Institute for the Benelux","potentialAction":[{"@type":"SearchAction","target":{"@type":"EntryPoint","urlTemplate":"https:\/\/finncult.be\/?s={search_term_string}"},"query-input":{"@type":"PropertyValueSpecification","valueRequired":true,"valueName":"search_term_string"}}],"inLanguage":"fi"}]}},"_links":{"self":[{"href":"https:\/\/finncult.be\/fi\/wp-json\/wp\/v2\/pages\/14932","targetHints":{"allow":["GET"]}}],"collection":[{"href":"https:\/\/finncult.be\/fi\/wp-json\/wp\/v2\/pages"}],"about":[{"href":"https:\/\/finncult.be\/fi\/wp-json\/wp\/v2\/types\/page"}],"author":[{"embeddable":true,"href":"https:\/\/finncult.be\/fi\/wp-json\/wp\/v2\/users\/4"}],"replies":[{"embeddable":true,"href":"https:\/\/finncult.be\/fi\/wp-json\/wp\/v2\/comments?post=14932"}],"version-history":[{"count":16,"href":"https:\/\/finncult.be\/fi\/wp-json\/wp\/v2\/pages\/14932\/revisions"}],"predecessor-version":[{"id":19022,"href":"https:\/\/finncult.be\/fi\/wp-json\/wp\/v2\/pages\/14932\/revisions\/19022"}],"up":[{"embeddable":true,"href":"https:\/\/finncult.be\/fi\/wp-json\/wp\/v2\/pages\/11052"}],"wp:featuredmedia":[{"embeddable":true,"href":"https:\/\/finncult.be\/fi\/wp-json\/wp\/v2\/media\/12752"}],"wp:attachment":[{"href":"https:\/\/finncult.be\/fi\/wp-json\/wp\/v2\/media?parent=14932"}],"curies":[{"name":"wp","href":"https:\/\/api.w.org\/{rel}","templated":true}]}}