{"id":13572,"date":"2022-06-21T11:15:34","date_gmt":"2022-06-21T09:15:34","guid":{"rendered":"http:\/\/finncult.asiakkaat.sigmatic.fi\/ohjelmisto\/yhteistyomahdollisuudet\/"},"modified":"2025-03-25T16:33:53","modified_gmt":"2025-03-25T15:33:53","slug":"yhteistyomahdollisuudet","status":"publish","type":"page","link":"https:\/\/finncult.be\/fi\/ohjelma\/yhteistyomahdollisuudet\/","title":{"rendered":"Yhteisty\u00f6mahdollisuudet"},"content":{"rendered":"<p>[et_pb_section fb_built=&#8221;1&#8243; fullwidth=&#8221;on&#8221; _builder_version=&#8221;4.16&#8243; _module_preset=&#8221;default&#8221; background_image=&#8221;http:\/\/finncult.asiakkaat.sigmatic.fi\/wp-content\/uploads\/2022\/04\/miradonna_sirkka-scaled.jpeg&#8221; global_colors_info=&#8221;{}&#8221;][et_pb_fullwidth_header text_orientation=&#8221;center&#8221; _builder_version=&#8221;4.27.2&#8243; _module_preset=&#8221;default&#8221; background_image=&#8221;https:\/\/finncult.be\/wp-content\/uploads\/2025\/03\/TEXTURE-OF-CONNECTION-BY-YOHANNES-HENRIKSSON-1-scaled.jpg&#8221; min_height=&#8221;493px&#8221; hover_enabled=&#8221;0&#8243; border_style_all_image=&#8221;none&#8221; global_colors_info=&#8221;{}&#8221; alt=&#8221; A Black dancer balances on one hand, their body inverted with legs spread wide in mid-air. They wear loose black pants, and their dreadlocks dangle toward the reflective floor. A person in a white hat and orange shirt sits at a table in the background, working on a laptop, engaged in music or production. The space has dark floors, red walls, and overhead lighting rigs.&#8221; title_text=&#8221;TEXTURE OF CONNECTION BY YOHANNES HENRIKSSON-1&#8243; sticky_enabled=&#8221;0&#8243;][\/et_pb_fullwidth_header][\/et_pb_section][et_pb_section fb_built=&#8221;1&#8243; admin_label=&#8221;section&#8221; _builder_version=&#8221;4.16&#8243; background_color=&#8221;#FEF7FB&#8221; custom_padding=&#8221;22px|||||&#8221; collapsed=&#8221;off&#8221; global_colors_info=&#8221;{}&#8221;][et_pb_row column_structure=&#8221;1_5,3_5,1_5&#8243; admin_label=&#8221;row&#8221; _builder_version=&#8221;4.16&#8243; background_size=&#8221;initial&#8221; background_position=&#8221;top_left&#8221; background_repeat=&#8221;repeat&#8221; custom_margin=&#8221;||||false|false&#8221; global_colors_info=&#8221;{}&#8221;][et_pb_column type=&#8221;1_5&#8243; _builder_version=&#8221;4.16&#8243; custom_padding=&#8221;|||&#8221; global_colors_info=&#8221;{}&#8221; custom_padding__hover=&#8221;|||&#8221;][\/et_pb_column][et_pb_column type=&#8221;3_5&#8243; _builder_version=&#8221;4.16&#8243; custom_padding=&#8221;|||&#8221; global_colors_info=&#8221;{}&#8221; custom_padding__hover=&#8221;|||&#8221;][et_pb_text _builder_version=&#8221;4.27.2&#8243; _module_preset=&#8221;default&#8221; custom_margin=&#8221;||||false|false&#8221; custom_padding=&#8221;||||false|false&#8221; global_colors_info=&#8221;{}&#8221;]<\/p>\n<div class=\"et_pb_module et_pb_text et_pb_text_0 et_pb_text_align_left et_pb_bg_layout_light\">\n<div class=\"et_pb_text_inner\">\n<h1>Yhteisty\u00f6mahdollisuudet<\/h1>\n<\/div>\n<\/div>\n<div class=\"et_pb_module et_pb_text et_pb_text_1 et_pb_text_align_left et_pb_bg_layout_light\">\n<div class=\"et_pb_text_inner\">\n<p>Olemme aina halukkaita luomaan yhteyksi\u00e4 ja tukemaan Suomen ja Benelux-maiden kulttuurialan toimijoiden hankkeita ja ideoita. Alta l\u00f6yd\u00e4t tietoa avoimista hauistamme.<\/p>\n<h2>Onko sinulla hankeidea vuosille 2026 tai 2027?<\/h2>\n<\/div>\n<\/div>\n<p style=\"text-align: left;\">Tutustu allaoleviin kysymyksiin ja l\u00e4het\u00e4 ehdotuksesi ohjelmap\u00e4\u00e4llik\u00f6llemme <strong>Malin Bergstr\u00f6mille<\/strong> osoitteeseen <a href=\"mailto:malin.bergstrom@finncult.be\">malin.bergstrom@finncult.be<\/a>.<\/p>\n<p style=\"text-align: left;\">Tavoitteenamme on tukea ja tuottaa sis\u00e4lt\u00f6\u00e4, joka on<strong> saavutettavaa<\/strong>, <strong>innovatiivista<\/strong> ja<strong> kest\u00e4v\u00e4\u00e4<\/strong> ja jossa otetaan huomioon <strong>oikeudenmukaisuus<\/strong>, <strong>osallisuus<\/strong> ja <strong>rasisminvastaiset<\/strong> l\u00e4hestymistavat jo suunnitteluvaiheessa. Voimme tehd\u00e4 yhteisty\u00f6t\u00e4 kumppaneina hankkeessa tai tarjota tukea olemassa oleville hankkeille.<\/p>\n<p>Huomioithan, ett\u00e4 resurssimme ovat rajalliset. Ennen kuin otat yhteytt\u00e4, pohdi erityisesti seuraavia kysymyksi\u00e4:<\/p>\n<ul>\n<li><strong>Hankkeen tavoitteet<\/strong>: mitk\u00e4 ovat toiminnan tavoitteet ja odotetut tulokset?<\/li>\n<li><strong>Pitk\u00e4n aikav\u00e4lin vaikutukset<\/strong>: mitk\u00e4 ovat hankkeen tulevaisuudensuunnitelmat?<\/li>\n<li><strong>Hankkeen toteutusmuoto<\/strong>: onko kyseess\u00e4 paneelikeskustelu, esitys, n\u00e4yttely vai jokin muu?<\/li>\n<li><strong>Aikataulu<\/strong>: milloin hanke toteutetaan?<\/li>\n<li><strong>Paikka<\/strong>: miss\u00e4 hanke j\u00e4rjestet\u00e4\u00e4n?<\/li>\n<li><strong>Budjetti<\/strong>: mitk\u00e4 ovat hankkeen rahoitustarpeet?<\/li>\n<li><strong>Instituutin rooli<\/strong>: miten toivotte meid\u00e4n olevan mukana?<\/li>\n<\/ul>\n<p>Otathan yhteytt\u00e4, jos sinulla on ehdotus, joka voisi sopia ohjelmistoomme.<\/p>\n<p>Kuva: Suomen Benelux-kulttuuri-instituutin tuottama <strong>Yohannes Henrikssonin<\/strong> teos <em>The Texture of Connection<\/em> sai ensi-iltansa 15.6.2023 URB-festivaalilla Kiasma-teatterissa Helsingiss\u00e4. Yohannes Henrikssonin kuva harjoituksista.<\/p>\n<p>[\/et_pb_text][\/et_pb_column][et_pb_column type=&#8221;1_5&#8243; _builder_version=&#8221;4.16&#8243; custom_padding=&#8221;|||&#8221; global_colors_info=&#8221;{}&#8221; custom_padding__hover=&#8221;|||&#8221;][\/et_pb_column][\/et_pb_row][\/et_pb_section]<\/p>\n","protected":false},"excerpt":{"rendered":"<p>Suomen Benelux-instituutti edist\u00e4\u00e4 uutta luovaa yhteisty\u00f6t\u00e4 ja tekee ajankohtaisia kansainv\u00e4lisi\u00e4 avauksia Suomen ja Benelux-alueen v\u00e4lill\u00e4.<\/p>\n","protected":false},"author":8,"featured_media":20376,"parent":11043,"menu_order":2,"comment_status":"closed","ping_status":"closed","template":"","meta":{"_acf_changed":false,"_et_pb_use_builder":"on","_et_pb_old_content":"","_et_gb_content_width":"","inline_featured_image":false,"footnotes":""},"class_list":["post-13572","page","type-page","status-publish","has-post-thumbnail","hentry"],"acf":[],"yoast_head":"<!-- This site is optimized with the Yoast SEO plugin v27.5 - https:\/\/yoast.com\/product\/yoast-seo-wordpress\/ -->\n<title>Yhteisty\u00f6mahdollisuudet - Finnish Cultural Institute for the Benelux<\/title>\n<meta name=\"description\" content=\"Suomen Benelux-instituutti edist\u00e4\u00e4 uutta luovaa yhteisty\u00f6t\u00e4 ja tekee ajankohtaisia kansainv\u00e4lisi\u00e4 avauksia Suomen ja Benelux-alueen v\u00e4lill\u00e4.\" \/>\n<meta name=\"robots\" content=\"index, follow, max-snippet:-1, max-image-preview:large, max-video-preview:-1\" \/>\n<link rel=\"canonical\" href=\"https:\/\/finncult.be\/fi\/ohjelma\/yhteistyomahdollisuudet\/\" \/>\n<meta property=\"og:locale\" content=\"fi_FI\" \/>\n<meta property=\"og:type\" content=\"article\" \/>\n<meta property=\"og:title\" content=\"Yhteisty\u00f6mahdollisuudet - Finnish Cultural Institute for the Benelux\" \/>\n<meta property=\"og:description\" content=\"Suomen Benelux-instituutti edist\u00e4\u00e4 uutta luovaa yhteisty\u00f6t\u00e4 ja tekee ajankohtaisia kansainv\u00e4lisi\u00e4 avauksia Suomen ja Benelux-alueen v\u00e4lill\u00e4.\" \/>\n<meta property=\"og:url\" content=\"https:\/\/finncult.be\/fi\/ohjelma\/yhteistyomahdollisuudet\/\" \/>\n<meta property=\"og:site_name\" content=\"Finnish Cultural Institute for the Benelux\" \/>\n<meta property=\"article:modified_time\" content=\"2025-03-25T15:33:53+00:00\" \/>\n<meta property=\"og:image\" content=\"https:\/\/finncult.be\/wp-content\/uploads\/2025\/03\/TEXTURE-OF-CONNECTION-BY-YOHANNES-HENRIKSSON-1-scaled.jpg\" \/>\n\t<meta property=\"og:image:width\" content=\"1707\" \/>\n\t<meta property=\"og:image:height\" content=\"2560\" \/>\n\t<meta property=\"og:image:type\" content=\"image\/jpeg\" \/>\n<meta name=\"twitter:card\" content=\"summary_large_image\" \/>\n<meta name=\"twitter:label1\" content=\"Arvioitu lukuaika\" \/>\n\t<meta name=\"twitter:data1\" content=\"1 minuutti\" \/>\n<script type=\"application\/ld+json\" class=\"yoast-schema-graph\">{\"@context\":\"https:\\\/\\\/schema.org\",\"@graph\":[{\"@type\":\"WebPage\",\"@id\":\"https:\\\/\\\/finncult.be\\\/fi\\\/ohjelma\\\/yhteistyomahdollisuudet\\\/\",\"url\":\"https:\\\/\\\/finncult.be\\\/fi\\\/ohjelma\\\/yhteistyomahdollisuudet\\\/\",\"name\":\"Yhteisty\u00f6mahdollisuudet - Finnish Cultural Institute for the Benelux\",\"isPartOf\":{\"@id\":\"https:\\\/\\\/finncult.be\\\/#website\"},\"primaryImageOfPage\":{\"@id\":\"https:\\\/\\\/finncult.be\\\/fi\\\/ohjelma\\\/yhteistyomahdollisuudet\\\/#primaryimage\"},\"image\":{\"@id\":\"https:\\\/\\\/finncult.be\\\/fi\\\/ohjelma\\\/yhteistyomahdollisuudet\\\/#primaryimage\"},\"thumbnailUrl\":\"https:\\\/\\\/finncult.be\\\/wp-content\\\/uploads\\\/2025\\\/03\\\/TEXTURE-OF-CONNECTION-BY-YOHANNES-HENRIKSSON-1-scaled.jpg\",\"datePublished\":\"2022-06-21T09:15:34+00:00\",\"dateModified\":\"2025-03-25T15:33:53+00:00\",\"description\":\"Suomen Benelux-instituutti edist\u00e4\u00e4 uutta luovaa yhteisty\u00f6t\u00e4 ja tekee ajankohtaisia kansainv\u00e4lisi\u00e4 avauksia Suomen ja Benelux-alueen v\u00e4lill\u00e4.\",\"breadcrumb\":{\"@id\":\"https:\\\/\\\/finncult.be\\\/fi\\\/ohjelma\\\/yhteistyomahdollisuudet\\\/#breadcrumb\"},\"inLanguage\":\"fi\",\"potentialAction\":[{\"@type\":\"ReadAction\",\"target\":[\"https:\\\/\\\/finncult.be\\\/fi\\\/ohjelma\\\/yhteistyomahdollisuudet\\\/\"]}]},{\"@type\":\"ImageObject\",\"inLanguage\":\"fi\",\"@id\":\"https:\\\/\\\/finncult.be\\\/fi\\\/ohjelma\\\/yhteistyomahdollisuudet\\\/#primaryimage\",\"url\":\"https:\\\/\\\/finncult.be\\\/wp-content\\\/uploads\\\/2025\\\/03\\\/TEXTURE-OF-CONNECTION-BY-YOHANNES-HENRIKSSON-1-scaled.jpg\",\"contentUrl\":\"https:\\\/\\\/finncult.be\\\/wp-content\\\/uploads\\\/2025\\\/03\\\/TEXTURE-OF-CONNECTION-BY-YOHANNES-HENRIKSSON-1-scaled.jpg\",\"width\":1707,\"height\":2560,\"caption\":\"A Black dancer balances on one hand, their body inverted with legs spread wide in mid-air. They wear loose black pants, and their dreadlocks dangle toward the reflective floor. A person in a white hat and orange shirt sits at a table in the background, working on a laptop, engaged in music or production. The space has dark floors, red walls, and overhead lighting rigs.\"},{\"@type\":\"BreadcrumbList\",\"@id\":\"https:\\\/\\\/finncult.be\\\/fi\\\/ohjelma\\\/yhteistyomahdollisuudet\\\/#breadcrumb\",\"itemListElement\":[{\"@type\":\"ListItem\",\"position\":1,\"name\":\"Home\",\"item\":\"https:\\\/\\\/finncult.be\\\/fi\\\/\"},{\"@type\":\"ListItem\",\"position\":2,\"name\":\"Ohjelma\",\"item\":\"https:\\\/\\\/finncult.be\\\/fi\\\/ohjelma\\\/\"},{\"@type\":\"ListItem\",\"position\":3,\"name\":\"Yhteisty\u00f6mahdollisuudet\"}]},{\"@type\":\"WebSite\",\"@id\":\"https:\\\/\\\/finncult.be\\\/#website\",\"url\":\"https:\\\/\\\/finncult.be\\\/\",\"name\":\"Finnish Cultural Institute for the Benelux\",\"description\":\"Finnish Cultural Institute for the Benelux\",\"potentialAction\":[{\"@type\":\"SearchAction\",\"target\":{\"@type\":\"EntryPoint\",\"urlTemplate\":\"https:\\\/\\\/finncult.be\\\/?s={search_term_string}\"},\"query-input\":{\"@type\":\"PropertyValueSpecification\",\"valueRequired\":true,\"valueName\":\"search_term_string\"}}],\"inLanguage\":\"fi\"}]}<\/script>\n<!-- \/ Yoast SEO plugin. -->","yoast_head_json":{"title":"Yhteisty\u00f6mahdollisuudet - Finnish Cultural Institute for the Benelux","description":"Suomen Benelux-instituutti edist\u00e4\u00e4 uutta luovaa yhteisty\u00f6t\u00e4 ja tekee ajankohtaisia kansainv\u00e4lisi\u00e4 avauksia Suomen ja Benelux-alueen v\u00e4lill\u00e4.","robots":{"index":"index","follow":"follow","max-snippet":"max-snippet:-1","max-image-preview":"max-image-preview:large","max-video-preview":"max-video-preview:-1"},"canonical":"https:\/\/finncult.be\/fi\/ohjelma\/yhteistyomahdollisuudet\/","og_locale":"fi_FI","og_type":"article","og_title":"Yhteisty\u00f6mahdollisuudet - Finnish Cultural Institute for the Benelux","og_description":"Suomen Benelux-instituutti edist\u00e4\u00e4 uutta luovaa yhteisty\u00f6t\u00e4 ja tekee ajankohtaisia kansainv\u00e4lisi\u00e4 avauksia Suomen ja Benelux-alueen v\u00e4lill\u00e4.","og_url":"https:\/\/finncult.be\/fi\/ohjelma\/yhteistyomahdollisuudet\/","og_site_name":"Finnish Cultural Institute for the Benelux","article_modified_time":"2025-03-25T15:33:53+00:00","og_image":[{"width":1707,"height":2560,"url":"https:\/\/finncult.be\/wp-content\/uploads\/2025\/03\/TEXTURE-OF-CONNECTION-BY-YOHANNES-HENRIKSSON-1-scaled.jpg","type":"image\/jpeg"}],"twitter_card":"summary_large_image","twitter_misc":{"Arvioitu lukuaika":"1 minuutti"},"schema":{"@context":"https:\/\/schema.org","@graph":[{"@type":"WebPage","@id":"https:\/\/finncult.be\/fi\/ohjelma\/yhteistyomahdollisuudet\/","url":"https:\/\/finncult.be\/fi\/ohjelma\/yhteistyomahdollisuudet\/","name":"Yhteisty\u00f6mahdollisuudet - Finnish Cultural Institute for the Benelux","isPartOf":{"@id":"https:\/\/finncult.be\/#website"},"primaryImageOfPage":{"@id":"https:\/\/finncult.be\/fi\/ohjelma\/yhteistyomahdollisuudet\/#primaryimage"},"image":{"@id":"https:\/\/finncult.be\/fi\/ohjelma\/yhteistyomahdollisuudet\/#primaryimage"},"thumbnailUrl":"https:\/\/finncult.be\/wp-content\/uploads\/2025\/03\/TEXTURE-OF-CONNECTION-BY-YOHANNES-HENRIKSSON-1-scaled.jpg","datePublished":"2022-06-21T09:15:34+00:00","dateModified":"2025-03-25T15:33:53+00:00","description":"Suomen Benelux-instituutti edist\u00e4\u00e4 uutta luovaa yhteisty\u00f6t\u00e4 ja tekee ajankohtaisia kansainv\u00e4lisi\u00e4 avauksia Suomen ja Benelux-alueen v\u00e4lill\u00e4.","breadcrumb":{"@id":"https:\/\/finncult.be\/fi\/ohjelma\/yhteistyomahdollisuudet\/#breadcrumb"},"inLanguage":"fi","potentialAction":[{"@type":"ReadAction","target":["https:\/\/finncult.be\/fi\/ohjelma\/yhteistyomahdollisuudet\/"]}]},{"@type":"ImageObject","inLanguage":"fi","@id":"https:\/\/finncult.be\/fi\/ohjelma\/yhteistyomahdollisuudet\/#primaryimage","url":"https:\/\/finncult.be\/wp-content\/uploads\/2025\/03\/TEXTURE-OF-CONNECTION-BY-YOHANNES-HENRIKSSON-1-scaled.jpg","contentUrl":"https:\/\/finncult.be\/wp-content\/uploads\/2025\/03\/TEXTURE-OF-CONNECTION-BY-YOHANNES-HENRIKSSON-1-scaled.jpg","width":1707,"height":2560,"caption":"A Black dancer balances on one hand, their body inverted with legs spread wide in mid-air. They wear loose black pants, and their dreadlocks dangle toward the reflective floor. A person in a white hat and orange shirt sits at a table in the background, working on a laptop, engaged in music or production. The space has dark floors, red walls, and overhead lighting rigs."},{"@type":"BreadcrumbList","@id":"https:\/\/finncult.be\/fi\/ohjelma\/yhteistyomahdollisuudet\/#breadcrumb","itemListElement":[{"@type":"ListItem","position":1,"name":"Home","item":"https:\/\/finncult.be\/fi\/"},{"@type":"ListItem","position":2,"name":"Ohjelma","item":"https:\/\/finncult.be\/fi\/ohjelma\/"},{"@type":"ListItem","position":3,"name":"Yhteisty\u00f6mahdollisuudet"}]},{"@type":"WebSite","@id":"https:\/\/finncult.be\/#website","url":"https:\/\/finncult.be\/","name":"Finnish Cultural Institute for the Benelux","description":"Finnish Cultural Institute for the Benelux","potentialAction":[{"@type":"SearchAction","target":{"@type":"EntryPoint","urlTemplate":"https:\/\/finncult.be\/?s={search_term_string}"},"query-input":{"@type":"PropertyValueSpecification","valueRequired":true,"valueName":"search_term_string"}}],"inLanguage":"fi"}]}},"_links":{"self":[{"href":"https:\/\/finncult.be\/fi\/wp-json\/wp\/v2\/pages\/13572","targetHints":{"allow":["GET"]}}],"collection":[{"href":"https:\/\/finncult.be\/fi\/wp-json\/wp\/v2\/pages"}],"about":[{"href":"https:\/\/finncult.be\/fi\/wp-json\/wp\/v2\/types\/page"}],"author":[{"embeddable":true,"href":"https:\/\/finncult.be\/fi\/wp-json\/wp\/v2\/users\/8"}],"replies":[{"embeddable":true,"href":"https:\/\/finncult.be\/fi\/wp-json\/wp\/v2\/comments?post=13572"}],"version-history":[{"count":2,"href":"https:\/\/finncult.be\/fi\/wp-json\/wp\/v2\/pages\/13572\/revisions"}],"predecessor-version":[{"id":20475,"href":"https:\/\/finncult.be\/fi\/wp-json\/wp\/v2\/pages\/13572\/revisions\/20475"}],"up":[{"embeddable":true,"href":"https:\/\/finncult.be\/fi\/wp-json\/wp\/v2\/pages\/11043"}],"wp:featuredmedia":[{"embeddable":true,"href":"https:\/\/finncult.be\/fi\/wp-json\/wp\/v2\/media\/20376"}],"wp:attachment":[{"href":"https:\/\/finncult.be\/fi\/wp-json\/wp\/v2\/media?parent=13572"}],"curies":[{"name":"wp","href":"https:\/\/api.w.org\/{rel}","templated":true}]}}