{"id":13568,"date":"2022-04-10T14:06:53","date_gmt":"2022-04-10T12:06:53","guid":{"rendered":"http:\/\/finncult.asiakkaat.sigmatic.fi\/ohjelmisto\/telepart\/"},"modified":"2025-01-29T14:17:07","modified_gmt":"2025-01-29T13:17:07","slug":"telepart","status":"publish","type":"page","link":"https:\/\/finncult.be\/fi\/ohjelma\/telepart\/","title":{"rendered":"TelepART"},"content":{"rendered":"<p>[et_pb_section fb_built=&#8221;1&#8243; fullwidth=&#8221;on&#8221; _builder_version=&#8221;4.16&#8243; _module_preset=&#8221;default&#8221; background_image=&#8221;http:\/\/finncult.asiakkaat.sigmatic.fi\/wp-content\/uploads\/2022\/04\/miradonna_sirkka-scaled.jpeg&#8221; collapsed=&#8221;off&#8221; global_colors_info=&#8221;{}&#8221;][et_pb_fullwidth_header text_orientation=&#8221;center&#8221; _builder_version=&#8221;4.17.6&#8243; _module_preset=&#8221;default&#8221; background_image=&#8221;https:\/\/finncult.be\/wp-content\/uploads\/2022\/04\/miradonna_sirkka-scaled.jpeg&#8221; min_height=&#8221;493px&#8221; border_style_all_image=&#8221;none&#8221; global_colors_info=&#8221;{}&#8221;][\/et_pb_fullwidth_header][\/et_pb_section][et_pb_section fb_built=&#8221;1&#8243; admin_label=&#8221;section&#8221; _builder_version=&#8221;4.16&#8243; background_color=&#8221;#FEF7FB&#8221; custom_padding=&#8221;22px|||||&#8221; collapsed=&#8221;off&#8221; global_colors_info=&#8221;{}&#8221;][et_pb_row column_structure=&#8221;1_5,3_5,1_5&#8243; admin_label=&#8221;row&#8221; _builder_version=&#8221;4.16&#8243; background_size=&#8221;initial&#8221; background_position=&#8221;top_left&#8221; background_repeat=&#8221;repeat&#8221; custom_margin=&#8221;||||false|false&#8221; collapsed=&#8221;off&#8221; global_colors_info=&#8221;{}&#8221;][et_pb_column type=&#8221;1_5&#8243; _builder_version=&#8221;4.16&#8243; custom_padding=&#8221;|||&#8221; global_colors_info=&#8221;{}&#8221; custom_padding__hover=&#8221;|||&#8221;][\/et_pb_column][et_pb_column type=&#8221;3_5&#8243; _builder_version=&#8221;4.16&#8243; custom_padding=&#8221;|||&#8221; global_colors_info=&#8221;{}&#8221; custom_padding__hover=&#8221;|||&#8221;][et_pb_text admin_label=&#8221;Teksti&#8221; _builder_version=&#8221;4.27.2&#8243; _module_preset=&#8221;default&#8221; custom_margin=&#8221;||||false|false&#8221; custom_padding=&#8221;||||false|false&#8221; hover_enabled=&#8221;0&#8243; global_colors_info=&#8221;{}&#8221; sticky_enabled=&#8221;0&#8243;]<\/p>\n<div class=\"et_pb_module et_pb_text et_pb_text_0 et_pb_text_align_left et_pb_bg_layout_light\">\n<h1 class=\"et_pb_text_inner\">TelepART Mobility Support Platform -liikkuvuustuki<\/h1>\n<\/div>\n<p><strong>P\u00c4IVITYS 30.5.2024: Esitt\u00e4vien taiteiden Benelux-alueelle suuntautuvaan liikkuvuuteen tarkoitettu TelepART-liikkuvuusohjelma on t\u00e4ll\u00e4 hetkell\u00e4 suljettu. Emme ota vastaan uusia hakemuksia.<\/strong><\/p>\n<p>L\u00e4mmin kiitos kaikille ohjelmaan vuosien varrella osallistuneille. T\u00e4lt\u00e4 sivulta voit lukea lis\u00e4\u00e4 viimeisimmist\u00e4 TelepArt-tuetuista hankkeista.<\/p>\n<p><span style=\"font-weight: 400;\">Lis\u00e4tietoja TelepART-ohjelmasta l\u00f6yd\u00e4t <a href=\"https:\/\/applytelepart.com\/about\/\" target=\"_blank\" rel=\"noopener\">TelepART Mobility Support -verkkosivuilta.<\/a><\/span><\/p>\n<p><span style=\"font-weight: 400;\">TelepART-ohjelmaa tukevat:<\/span><span style=\"font-weight: 400;\"><br \/><\/span><span style=\"font-weight: 400;\">Suomen Kulttuurirahasto<br \/><\/span><span style=\"font-weight: 400;\">Opetus- ja kulttuuriministeri\u00f6<br \/>Jenny ja Antti Wihurin rahasto<br \/>Svenska kulturfonden<\/span><\/p>\n<p>[\/et_pb_text][\/et_pb_column][et_pb_column type=&#8221;1_5&#8243; _builder_version=&#8221;4.16&#8243; custom_padding=&#8221;|||&#8221; global_colors_info=&#8221;{}&#8221; custom_padding__hover=&#8221;|||&#8221;][\/et_pb_column][\/et_pb_row][et_pb_row _builder_version=&#8221;4.16&#8243; _module_preset=&#8221;default&#8221; global_colors_info=&#8221;{}&#8221;][et_pb_column type=&#8221;4_4&#8243; _builder_version=&#8221;4.16&#8243; _module_preset=&#8221;default&#8221; global_colors_info=&#8221;{}&#8221;][et_pb_blog fullwidth=&#8221;off&#8221; posts_number=&#8221;9&#8243; include_categories=&#8221;70&#8243; use_manual_excerpt=&#8221;off&#8221; show_author=&#8221;off&#8221; show_date=&#8221;off&#8221; show_categories=&#8221;off&#8221; masonry_tile_background_color=&#8221;RGBA(255,255,255,0)&#8221; _builder_version=&#8221;4.16&#8243; _module_preset=&#8221;default&#8221; background_color=&#8221;RGBA(255,255,255,0)&#8221; border_width_all=&#8221;0px&#8221; border_style_all=&#8221;none&#8221; global_colors_info=&#8221;{}&#8221;][\/et_pb_blog][\/et_pb_column][\/et_pb_row][\/et_pb_section]<\/p>\n","protected":false},"excerpt":{"rendered":"<p>TelepART Mobility Support Platform tarjoaa esitt\u00e4vien taiteilijoiden mahdollisuuksia matkustaa ja esiinty\u00e4 Suomen ja Benelux-maiden v\u00e4lill\u00e4.<\/p>\n","protected":false},"author":4,"featured_media":12053,"parent":11043,"menu_order":1,"comment_status":"closed","ping_status":"closed","template":"","meta":{"_acf_changed":false,"_et_pb_use_builder":"on","_et_pb_old_content":"","_et_gb_content_width":"","inline_featured_image":false,"footnotes":""},"class_list":["post-13568","page","type-page","status-publish","has-post-thumbnail","hentry"],"acf":[],"yoast_head":"<!-- This site is optimized with the Yoast SEO plugin v27.4 - https:\/\/yoast.com\/product\/yoast-seo-wordpress\/ -->\n<title>TelepART - Finnish Cultural Institute for the Benelux<\/title>\n<meta name=\"description\" content=\"TelepART Mobility Support -liikkuvuustuki tarjoaa esiintyville taiteilijoille mahdollisuuksia matkustaa ja esiinty\u00e4 Suomen ja Benelux-maiden (Belgia, Luxemburg, Alankomaat) v\u00e4lill\u00e4.\" \/>\n<meta name=\"robots\" content=\"index, follow, max-snippet:-1, max-image-preview:large, max-video-preview:-1\" \/>\n<link rel=\"canonical\" href=\"https:\/\/finncult.be\/fi\/ohjelma\/telepart\/\" \/>\n<meta property=\"og:locale\" content=\"fi_FI\" \/>\n<meta property=\"og:type\" content=\"article\" \/>\n<meta property=\"og:title\" content=\"TelepART - Finnish Cultural Institute for the Benelux\" \/>\n<meta property=\"og:description\" content=\"TelepART Mobility Support -liikkuvuustuki tarjoaa esiintyville taiteilijoille mahdollisuuksia matkustaa ja esiinty\u00e4 Suomen ja Benelux-maiden (Belgia, Luxemburg, Alankomaat) v\u00e4lill\u00e4.\" \/>\n<meta property=\"og:url\" content=\"https:\/\/finncult.be\/fi\/ohjelma\/telepart\/\" \/>\n<meta property=\"og:site_name\" content=\"Finnish Cultural Institute for the Benelux\" \/>\n<meta property=\"article:modified_time\" content=\"2025-01-29T13:17:07+00:00\" \/>\n<meta property=\"og:image\" content=\"https:\/\/finncult.be\/wp-content\/uploads\/2022\/04\/miradonna_sirkka-scaled.jpeg\" \/>\n\t<meta property=\"og:image:width\" content=\"2560\" \/>\n\t<meta property=\"og:image:height\" content=\"1707\" \/>\n\t<meta property=\"og:image:type\" content=\"image\/jpeg\" \/>\n<meta name=\"twitter:card\" content=\"summary_large_image\" \/>\n<meta name=\"twitter:label1\" content=\"Arvioitu lukuaika\" \/>\n\t<meta name=\"twitter:data1\" content=\"4 minuuttia\" \/>\n<script type=\"application\/ld+json\" class=\"yoast-schema-graph\">{\"@context\":\"https:\\\/\\\/schema.org\",\"@graph\":[{\"@type\":\"WebPage\",\"@id\":\"https:\\\/\\\/finncult.be\\\/fi\\\/ohjelma\\\/telepart\\\/\",\"url\":\"https:\\\/\\\/finncult.be\\\/fi\\\/ohjelma\\\/telepart\\\/\",\"name\":\"TelepART - Finnish Cultural Institute for the Benelux\",\"isPartOf\":{\"@id\":\"https:\\\/\\\/finncult.be\\\/#website\"},\"primaryImageOfPage\":{\"@id\":\"https:\\\/\\\/finncult.be\\\/fi\\\/ohjelma\\\/telepart\\\/#primaryimage\"},\"image\":{\"@id\":\"https:\\\/\\\/finncult.be\\\/fi\\\/ohjelma\\\/telepart\\\/#primaryimage\"},\"thumbnailUrl\":\"https:\\\/\\\/finncult.be\\\/wp-content\\\/uploads\\\/2022\\\/04\\\/miradonna_sirkka-scaled.jpeg\",\"datePublished\":\"2022-04-10T12:06:53+00:00\",\"dateModified\":\"2025-01-29T13:17:07+00:00\",\"description\":\"TelepART Mobility Support -liikkuvuustuki tarjoaa esiintyville taiteilijoille mahdollisuuksia matkustaa ja esiinty\u00e4 Suomen ja Benelux-maiden (Belgia, Luxemburg, Alankomaat) v\u00e4lill\u00e4.\",\"breadcrumb\":{\"@id\":\"https:\\\/\\\/finncult.be\\\/fi\\\/ohjelma\\\/telepart\\\/#breadcrumb\"},\"inLanguage\":\"fi\",\"potentialAction\":[{\"@type\":\"ReadAction\",\"target\":[\"https:\\\/\\\/finncult.be\\\/fi\\\/ohjelma\\\/telepart\\\/\"]}]},{\"@type\":\"ImageObject\",\"inLanguage\":\"fi\",\"@id\":\"https:\\\/\\\/finncult.be\\\/fi\\\/ohjelma\\\/telepart\\\/#primaryimage\",\"url\":\"https:\\\/\\\/finncult.be\\\/wp-content\\\/uploads\\\/2022\\\/04\\\/miradonna_sirkka-scaled.jpeg\",\"contentUrl\":\"https:\\\/\\\/finncult.be\\\/wp-content\\\/uploads\\\/2022\\\/04\\\/miradonna_sirkka-scaled.jpeg\",\"width\":2560,\"height\":1707,\"caption\":\"Image: Going Fishing performance, Taiteiden kes\u00e4 Kulta ry, Finnish Cultural Foundation 2021. Photo by Iidaliina Linnea.\"},{\"@type\":\"BreadcrumbList\",\"@id\":\"https:\\\/\\\/finncult.be\\\/fi\\\/ohjelma\\\/telepart\\\/#breadcrumb\",\"itemListElement\":[{\"@type\":\"ListItem\",\"position\":1,\"name\":\"Home\",\"item\":\"https:\\\/\\\/finncult.be\\\/fi\\\/\"},{\"@type\":\"ListItem\",\"position\":2,\"name\":\"Ohjelma\",\"item\":\"https:\\\/\\\/finncult.be\\\/fi\\\/ohjelma\\\/\"},{\"@type\":\"ListItem\",\"position\":3,\"name\":\"TelepART\"}]},{\"@type\":\"WebSite\",\"@id\":\"https:\\\/\\\/finncult.be\\\/#website\",\"url\":\"https:\\\/\\\/finncult.be\\\/\",\"name\":\"Finnish Cultural Institute for the Benelux\",\"description\":\"Finnish Cultural Institute for the Benelux\",\"potentialAction\":[{\"@type\":\"SearchAction\",\"target\":{\"@type\":\"EntryPoint\",\"urlTemplate\":\"https:\\\/\\\/finncult.be\\\/?s={search_term_string}\"},\"query-input\":{\"@type\":\"PropertyValueSpecification\",\"valueRequired\":true,\"valueName\":\"search_term_string\"}}],\"inLanguage\":\"fi\"}]}<\/script>\n<!-- \/ Yoast SEO plugin. -->","yoast_head_json":{"title":"TelepART - Finnish Cultural Institute for the Benelux","description":"TelepART Mobility Support -liikkuvuustuki tarjoaa esiintyville taiteilijoille mahdollisuuksia matkustaa ja esiinty\u00e4 Suomen ja Benelux-maiden (Belgia, Luxemburg, Alankomaat) v\u00e4lill\u00e4.","robots":{"index":"index","follow":"follow","max-snippet":"max-snippet:-1","max-image-preview":"max-image-preview:large","max-video-preview":"max-video-preview:-1"},"canonical":"https:\/\/finncult.be\/fi\/ohjelma\/telepart\/","og_locale":"fi_FI","og_type":"article","og_title":"TelepART - Finnish Cultural Institute for the Benelux","og_description":"TelepART Mobility Support -liikkuvuustuki tarjoaa esiintyville taiteilijoille mahdollisuuksia matkustaa ja esiinty\u00e4 Suomen ja Benelux-maiden (Belgia, Luxemburg, Alankomaat) v\u00e4lill\u00e4.","og_url":"https:\/\/finncult.be\/fi\/ohjelma\/telepart\/","og_site_name":"Finnish Cultural Institute for the Benelux","article_modified_time":"2025-01-29T13:17:07+00:00","og_image":[{"width":2560,"height":1707,"url":"https:\/\/finncult.be\/wp-content\/uploads\/2022\/04\/miradonna_sirkka-scaled.jpeg","type":"image\/jpeg"}],"twitter_card":"summary_large_image","twitter_misc":{"Arvioitu lukuaika":"4 minuuttia"},"schema":{"@context":"https:\/\/schema.org","@graph":[{"@type":"WebPage","@id":"https:\/\/finncult.be\/fi\/ohjelma\/telepart\/","url":"https:\/\/finncult.be\/fi\/ohjelma\/telepart\/","name":"TelepART - Finnish Cultural Institute for the Benelux","isPartOf":{"@id":"https:\/\/finncult.be\/#website"},"primaryImageOfPage":{"@id":"https:\/\/finncult.be\/fi\/ohjelma\/telepart\/#primaryimage"},"image":{"@id":"https:\/\/finncult.be\/fi\/ohjelma\/telepart\/#primaryimage"},"thumbnailUrl":"https:\/\/finncult.be\/wp-content\/uploads\/2022\/04\/miradonna_sirkka-scaled.jpeg","datePublished":"2022-04-10T12:06:53+00:00","dateModified":"2025-01-29T13:17:07+00:00","description":"TelepART Mobility Support -liikkuvuustuki tarjoaa esiintyville taiteilijoille mahdollisuuksia matkustaa ja esiinty\u00e4 Suomen ja Benelux-maiden (Belgia, Luxemburg, Alankomaat) v\u00e4lill\u00e4.","breadcrumb":{"@id":"https:\/\/finncult.be\/fi\/ohjelma\/telepart\/#breadcrumb"},"inLanguage":"fi","potentialAction":[{"@type":"ReadAction","target":["https:\/\/finncult.be\/fi\/ohjelma\/telepart\/"]}]},{"@type":"ImageObject","inLanguage":"fi","@id":"https:\/\/finncult.be\/fi\/ohjelma\/telepart\/#primaryimage","url":"https:\/\/finncult.be\/wp-content\/uploads\/2022\/04\/miradonna_sirkka-scaled.jpeg","contentUrl":"https:\/\/finncult.be\/wp-content\/uploads\/2022\/04\/miradonna_sirkka-scaled.jpeg","width":2560,"height":1707,"caption":"Image: Going Fishing performance, Taiteiden kes\u00e4 Kulta ry, Finnish Cultural Foundation 2021. Photo by Iidaliina Linnea."},{"@type":"BreadcrumbList","@id":"https:\/\/finncult.be\/fi\/ohjelma\/telepart\/#breadcrumb","itemListElement":[{"@type":"ListItem","position":1,"name":"Home","item":"https:\/\/finncult.be\/fi\/"},{"@type":"ListItem","position":2,"name":"Ohjelma","item":"https:\/\/finncult.be\/fi\/ohjelma\/"},{"@type":"ListItem","position":3,"name":"TelepART"}]},{"@type":"WebSite","@id":"https:\/\/finncult.be\/#website","url":"https:\/\/finncult.be\/","name":"Finnish Cultural Institute for the Benelux","description":"Finnish Cultural Institute for the Benelux","potentialAction":[{"@type":"SearchAction","target":{"@type":"EntryPoint","urlTemplate":"https:\/\/finncult.be\/?s={search_term_string}"},"query-input":{"@type":"PropertyValueSpecification","valueRequired":true,"valueName":"search_term_string"}}],"inLanguage":"fi"}]}},"_links":{"self":[{"href":"https:\/\/finncult.be\/fi\/wp-json\/wp\/v2\/pages\/13568","targetHints":{"allow":["GET"]}}],"collection":[{"href":"https:\/\/finncult.be\/fi\/wp-json\/wp\/v2\/pages"}],"about":[{"href":"https:\/\/finncult.be\/fi\/wp-json\/wp\/v2\/types\/page"}],"author":[{"embeddable":true,"href":"https:\/\/finncult.be\/fi\/wp-json\/wp\/v2\/users\/4"}],"replies":[{"embeddable":true,"href":"https:\/\/finncult.be\/fi\/wp-json\/wp\/v2\/comments?post=13568"}],"version-history":[{"count":13,"href":"https:\/\/finncult.be\/fi\/wp-json\/wp\/v2\/pages\/13568\/revisions"}],"predecessor-version":[{"id":20129,"href":"https:\/\/finncult.be\/fi\/wp-json\/wp\/v2\/pages\/13568\/revisions\/20129"}],"up":[{"embeddable":true,"href":"https:\/\/finncult.be\/fi\/wp-json\/wp\/v2\/pages\/11043"}],"wp:featuredmedia":[{"embeddable":true,"href":"https:\/\/finncult.be\/fi\/wp-json\/wp\/v2\/media\/12053"}],"wp:attachment":[{"href":"https:\/\/finncult.be\/fi\/wp-json\/wp\/v2\/media?parent=13568"}],"curies":[{"name":"wp","href":"https:\/\/api.w.org\/{rel}","templated":true}]}}