{"id":13523,"date":"2015-02-10T22:18:58","date_gmt":"2015-02-10T21:18:58","guid":{"rendered":"http:\/\/finncult.asiakkaat.sigmatic.fi\/yhteystiedot\/"},"modified":"2026-02-10T10:56:09","modified_gmt":"2026-02-10T09:56:09","slug":"yhteystiedot","status":"publish","type":"page","link":"https:\/\/finncult.be\/fi\/yhteystiedot\/","title":{"rendered":"Yhteystiedot"},"content":{"rendered":"<p>[et_pb_section fb_built=&#8221;1&#8243; fullwidth=&#8221;on&#8221; _builder_version=&#8221;4.16&#8243; _module_preset=&#8221;default&#8221; global_colors_info=&#8221;{}&#8221;][et_pb_fullwidth_header title=&#8221;Yhteystiedot&#8221; text_orientation=&#8221;center&#8221; background_overlay_color=&#8221;rgba(81,0,35,0.5)&#8221; _builder_version=&#8221;4.27.2&#8243; _module_preset=&#8221;default&#8221; title_text_align=&#8221;center&#8221; title_font_size=&#8221;72px&#8221; background_image=&#8221;https:\/\/finncult.be\/wp-content\/uploads\/2024\/10\/Brussels-1-The-Finnish-Cultural-Institute-for-the-Benelux-scaled-e1730279842546.jpg&#8221; min_height=&#8221;493px&#8221; scroll_vertical_motion=&#8221;0|45|45|100|4|0|-0.5&#8243; custom_css_title=&#8221;padding-top:15%;&#8221; global_colors_info=&#8221;{}&#8221;][\/et_pb_fullwidth_header][\/et_pb_section][et_pb_section fb_built=&#8221;1&#8243; _builder_version=&#8221;4.16&#8243; background_color=&#8221;#FEF7FB&#8221; global_colors_info=&#8221;{}&#8221;][et_pb_row column_structure=&#8221;1_5,3_5,1_5&#8243; _builder_version=&#8221;4.24.3&#8243; _module_preset=&#8221;default&#8221; global_colors_info=&#8221;{}&#8221;][et_pb_column type=&#8221;1_5&#8243; _builder_version=&#8221;4.24.3&#8243; _module_preset=&#8221;default&#8221; global_colors_info=&#8221;{}&#8221;][\/et_pb_column][et_pb_column type=&#8221;3_5&#8243; _builder_version=&#8221;4.24.3&#8243; _module_preset=&#8221;default&#8221; global_colors_info=&#8221;{}&#8221;][et_pb_text _builder_version=&#8221;4.24.3&#8243; _module_preset=&#8221;default&#8221; global_colors_info=&#8221;{}&#8221;]<\/p>\n<h1>Suomen Benelux-instituutti<\/h1>\n<p>[\/et_pb_text][et_pb_text _builder_version=&#8221;4.27.2&#8243; _module_preset=&#8221;default&#8221; global_colors_info=&#8221;{}&#8221;]<\/p>\n<p><strong>Finnish Cultural Institute for the Benelux<\/strong><br \/><strong>Fins Cultureel Instituut voor de Benelux<\/strong><br \/><strong>Institut Culturel Finlandais pour le Benelux\u00a0<\/strong><\/p>\n<p>Rue de l&#8217; Arbre 14\/3, 1000 Bryssel, Belgia<br \/>+32 (0) 468 15 56 72<br \/><a href=\"mailto:info@finncult.be\">info@finncult.be<\/a><br \/>Ty\u00f6ajat: ma\u2013pe klo 9\u201315 (Keski-Euroopan aikaa)<\/p>\n<p>Oletko taiteilija tai muu kulttuurialan ammattilainen? Haluaisitko keskustella hankkeestasi tai yhteisty\u00f6mahdollisuuksista yleisesti ottaen?<\/p>\n<p>Tapaisimme sinut mielell\u00e4mme! Voit sopia tapaamisen ottamalla meihin yhteytt\u00e4 s\u00e4hk\u00f6postitse tai puhelimitse. Henkil\u00f6kunnan yhteystiedot l\u00f6yd\u00e4t alta.<\/p>\n<p>HUOM! Toimistomme ei ole esteet\u00f6n. Tapaamme sinua mielell\u00e4mme my\u00f6s toimiston ulkopuolella sinulle sopivassa sijainnissa.<\/p>\n<p>[\/et_pb_text][\/et_pb_column][et_pb_column type=&#8221;1_5&#8243; _builder_version=&#8221;4.24.3&#8243; _module_preset=&#8221;default&#8221; global_colors_info=&#8221;{}&#8221;][\/et_pb_column][\/et_pb_row][et_pb_row column_structure=&#8221;1_5,1_5,3_5&#8243; _builder_version=&#8221;4.21.0&#8243; background_size=&#8221;initial&#8221; background_position=&#8221;top_left&#8221; background_repeat=&#8221;repeat&#8221; global_colors_info=&#8221;{}&#8221;][et_pb_column type=&#8221;1_5&#8243; _builder_version=&#8221;4.16&#8243; custom_padding=&#8221;|||&#8221; global_colors_info=&#8221;{}&#8221; custom_padding__hover=&#8221;|||&#8221;][\/et_pb_column][et_pb_column type=&#8221;1_5&#8243; _builder_version=&#8221;4.16&#8243; custom_padding=&#8221;|||&#8221; global_colors_info=&#8221;{}&#8221; custom_padding__hover=&#8221;|||&#8221;][et_pb_text _builder_version=&#8221;4.24.3&#8243; _module_preset=&#8221;default&#8221; global_colors_info=&#8221;{}&#8221;]<\/p>\n<h2>Henkil\u00f6kunta<\/h2>\n<p>[\/et_pb_text][\/et_pb_column][et_pb_column type=&#8221;3_5&#8243; _builder_version=&#8221;4.16&#8243; custom_padding=&#8221;|||&#8221; global_colors_info=&#8221;{}&#8221; custom_padding__hover=&#8221;|||&#8221;][\/et_pb_column][\/et_pb_row][et_pb_row column_structure=&#8221;1_5,1_5,3_5&#8243; _builder_version=&#8221;4.16&#8243; _module_preset=&#8221;default&#8221; global_colors_info=&#8221;{}&#8221;][et_pb_column type=&#8221;1_5&#8243; _builder_version=&#8221;4.16&#8243; _module_preset=&#8221;default&#8221; global_colors_info=&#8221;{}&#8221;][\/et_pb_column][et_pb_column type=&#8221;1_5&#8243; _builder_version=&#8221;4.16&#8243; _module_preset=&#8221;default&#8221; global_colors_info=&#8221;{}&#8221;][et_pb_image src=&#8221;https:\/\/finncult.be\/wp-content\/uploads\/2025\/10\/Johanna_Raman_1_vertical\u00a9_Alessandra_Carosi-scaled.jpg&#8221; alt=&#8221;Portrait Close-up of a smiling woman with side-parted brown hair and a dark blue outfit, photographed in front of a neutral wall.&#8221; title_text=&#8221;Johanna_R\u00e5man_\u00a9Alessandra_Carosi&#8221; align=&#8221;center&#8221; _builder_version=&#8221;4.27.2&#8243; _module_preset=&#8221;default&#8221; global_colors_info=&#8221;{}&#8221;][\/et_pb_image][\/et_pb_column][et_pb_column type=&#8221;3_5&#8243; _builder_version=&#8221;4.16&#8243; _module_preset=&#8221;default&#8221; global_colors_info=&#8221;{}&#8221;][et_pb_text _builder_version=&#8221;4.27.2&#8243; _module_preset=&#8221;default&#8221; global_colors_info=&#8221;{}&#8221;]<\/p>\n<h3>Johanna R\u00e5man, johtaja<\/h3>\n<p><a href=\"mailto:johanna.raman@finncult.be\">johanna.raman@finncult.be<\/a><\/p>\n<p>Vastaan instituutin toiminnan strategisesta suunnittelusta ja kehitt\u00e4misest\u00e4, henkil\u00f6st\u00f6- ja talousjohtamisesta, varainhankinnasta ja sidosryhm\u00e4ty\u00f6st\u00e4.<\/p>\n<p>[\/et_pb_text][\/et_pb_column][\/et_pb_row][et_pb_row column_structure=&#8221;1_5,1_5,3_5&#8243; _builder_version=&#8221;4.16&#8243; _module_preset=&#8221;default&#8221; global_colors_info=&#8221;{}&#8221;][et_pb_column type=&#8221;1_5&#8243; _builder_version=&#8221;4.16&#8243; _module_preset=&#8221;default&#8221; global_colors_info=&#8221;{}&#8221;][\/et_pb_column][et_pb_column type=&#8221;1_5&#8243; _builder_version=&#8221;4.16&#8243; _module_preset=&#8221;default&#8221; global_colors_info=&#8221;{}&#8221;][et_pb_image src=&#8221;https:\/\/finncult.be\/wp-content\/uploads\/2022\/09\/Eppu.jpeg&#8221; alt=&#8221;A woman looks directly at the camera. She a bob and is wearing a black cardigan over a brown blouse.&#8221; title_text=&#8221;Eeva-Maria Viitanen_FCI_Agneskena&#8221; align=&#8221;center&#8221; _builder_version=&#8221;4.27.2&#8243; _module_preset=&#8221;default&#8221; global_colors_info=&#8221;{}&#8221;][\/et_pb_image][\/et_pb_column][et_pb_column type=&#8221;3_5&#8243; _builder_version=&#8221;4.16&#8243; _module_preset=&#8221;default&#8221; global_colors_info=&#8221;{}&#8221;][et_pb_text _builder_version=&#8221;4.27.2&#8243; _module_preset=&#8221;default&#8221; global_colors_info=&#8221;{}&#8221;]<\/p>\n<h3>Eeva-Maria Viitanen, hallintop\u00e4\u00e4llikk\u00f6<\/h3>\n<p><a href=\"mailto:eeva-maria.viitanen@finncult.be\" target=\"_blank\" rel=\"noopener\">eeva-maria.viitanen@finncult.be<\/a><br \/>+358 (0) 45 130 9375<\/p>\n<p>Huolehdin instituutin taloudesta, henkil\u00f6st\u00f6asioista sek\u00e4 yleens\u00e4 toiminnan sujuvuudesta. Suomen Benelux-instituutin s\u00e4\u00e4ti\u00f6n asiat Suomessa kuuluvat my\u00f6s ty\u00f6nkuvaani. Erikoisteht\u00e4v\u00e4ni on instituutin suomen kielen kurssien koordinointi. Jos sinulla on kysytt\u00e4v\u00e4\u00e4 n\u00e4ist\u00e4 asioista, ota rohkeasti yhteytt\u00e4!<\/p>\n<p>[\/et_pb_text][\/et_pb_column][\/et_pb_row][et_pb_row column_structure=&#8221;1_5,1_5,3_5&#8243; _builder_version=&#8221;4.16&#8243; _module_preset=&#8221;default&#8221; global_colors_info=&#8221;{}&#8221;][et_pb_column type=&#8221;1_5&#8243; _builder_version=&#8221;4.16&#8243; _module_preset=&#8221;default&#8221; global_colors_info=&#8221;{}&#8221;][\/et_pb_column][et_pb_column type=&#8221;1_5&#8243; _builder_version=&#8221;4.16&#8243; _module_preset=&#8221;default&#8221; global_colors_info=&#8221;{}&#8221;][et_pb_image src=&#8221;https:\/\/finncult.be\/wp-content\/uploads\/2022\/06\/Finnish-Cultural-Institute-12.jpg&#8221; alt=&#8221;Woman with long blonde hair, wears a black long sleeve top and leans against a cupboard.&#8221; title_text=&#8221;Malin Bergstr\u00f6m_FCI_Agneskena&#8221; align=&#8221;center&#8221; _builder_version=&#8221;4.27.2&#8243; _module_preset=&#8221;default&#8221; border_radii=&#8221;on|0%|0%|0%|0%&#8221; global_colors_info=&#8221;{}&#8221;][\/et_pb_image][\/et_pb_column][et_pb_column type=&#8221;3_5&#8243; _builder_version=&#8221;4.16&#8243; _module_preset=&#8221;default&#8221; global_colors_info=&#8221;{}&#8221;][et_pb_text _builder_version=&#8221;4.24.3&#8243; _module_preset=&#8221;default&#8221; global_colors_info=&#8221;{}&#8221;]<\/p>\n<h3>Malin Bergstr\u00f6m, ohjelmap\u00e4\u00e4llikk\u00f6<\/h3>\n<p><a href=\"mailto:malin.bergstrom@finncult.be\" target=\"_blank\" rel=\"noopener\">malin.bergstrom@finncult.be<\/a><br \/>+358 (0) 40 715 1434<\/p>\n<p>Vastaan instituutin ohjelmatoiminnasta, joka tarttuu ajankohtaisiin yhteiskunnallisiin aiheisiin. Lis\u00e4ksi hallinnoin uusia tilaust\u00f6it\u00e4 sek\u00e4 luon ja yll\u00e4pid\u00e4n yhteyksi\u00e4 Suomen ja Benelux-alueen kulttuuritoimijoiden v\u00e4lill\u00e4. Voit ottaa minuun yhteytt\u00e4, mik\u00e4li olet kiinnostunut tekem\u00e4\u00e4n yhteisty\u00f6t\u00e4 kanssamme.<\/p>\n<p>[\/et_pb_text][\/et_pb_column][\/et_pb_row][et_pb_row column_structure=&#8221;1_5,1_5,3_5&#8243; _builder_version=&#8221;4.16&#8243; _module_preset=&#8221;default&#8221; global_colors_info=&#8221;{}&#8221;][et_pb_column type=&#8221;1_5&#8243; _builder_version=&#8221;4.16&#8243; _module_preset=&#8221;default&#8221; global_colors_info=&#8221;{}&#8221;][\/et_pb_column][et_pb_column type=&#8221;1_5&#8243; _builder_version=&#8221;4.16&#8243; _module_preset=&#8221;default&#8221; global_colors_info=&#8221;{}&#8221;][et_pb_image src=&#8221;https:\/\/finncult.be\/wp-content\/uploads\/2022\/06\/Finnish-Cultural-Institute-07.jpg&#8221; alt=&#8221;Woman with shoulder-length brown hair wears a blue shirt.&#8221; title_text=&#8221;Ela Suleymangil_FCI_Agneskena&#8221; align=&#8221;center&#8221; _builder_version=&#8221;4.27.2&#8243; _module_preset=&#8221;default&#8221; global_colors_info=&#8221;{}&#8221;][\/et_pb_image][\/et_pb_column][et_pb_column type=&#8221;3_5&#8243; _builder_version=&#8221;4.16&#8243; _module_preset=&#8221;default&#8221; global_colors_info=&#8221;{}&#8221;][et_pb_text _builder_version=&#8221;4.27.2&#8243; _module_preset=&#8221;default&#8221; global_colors_info=&#8221;{}&#8221;]<\/p>\n<h3>Ela Suleymangil, viestint\u00e4p\u00e4\u00e4llikk\u00f6<\/h3>\n<p><a href=\"mailto:ela.suleymangil@finncult.be\">ela.suleymangil@finncult.be<\/a><\/p>\n<p>Vastaan instituutin viestinn\u00e4st\u00e4. Ty\u00f6st\u00e4n parhaillaan viestint\u00e4strategiamme kehitt\u00e4mist\u00e4, tulevien ohjelmien ja hankkeiden n\u00e4kyvyytt\u00e4 sek\u00e4 sosiaalisen median kanaviemme uudistamista. Ota minuun yhteytt\u00e4 kaikissa instituutin viestint\u00e4\u00e4 koskevissa kysymyksiss\u00e4.<\/p>\n<p>[\/et_pb_text][\/et_pb_column][\/et_pb_row][et_pb_row column_structure=&#8221;1_5,1_5,3_5&#8243; _builder_version=&#8221;4.16&#8243; _module_preset=&#8221;default&#8221; global_colors_info=&#8221;{}&#8221;][et_pb_column type=&#8221;1_5&#8243; _builder_version=&#8221;4.16&#8243; _module_preset=&#8221;default&#8221; global_colors_info=&#8221;{}&#8221;][\/et_pb_column][et_pb_column type=&#8221;1_5&#8243; _builder_version=&#8221;4.16&#8243; _module_preset=&#8221;default&#8221; global_colors_info=&#8221;{}&#8221;][et_pb_image src=&#8221;https:\/\/finncult.be\/wp-content\/uploads\/2025\/08\/Tilda-Forss-FCI-staff-scaled.jpg&#8221; alt=&#8221;Portrait of Tilda Forss. They have short, light coloured hair and blue eyes. They are dressed in a white shirt and are smiling softly with tall leafy plants and an office-like background behind them.&#8221; title_text=&#8221;Tilda Forss_FCI&#8221; align=&#8221;center&#8221; _builder_version=&#8221;4.27.2&#8243; _module_preset=&#8221;default&#8221; global_colors_info=&#8221;{}&#8221;][\/et_pb_image][\/et_pb_column][et_pb_column type=&#8221;3_5&#8243; _builder_version=&#8221;4.16&#8243; _module_preset=&#8221;default&#8221; global_colors_info=&#8221;{}&#8221;][et_pb_text _builder_version=&#8221;4.27.2&#8243; _module_preset=&#8221;default&#8221; global_colors_info=&#8221;{}&#8221;]<\/p>\n<h3>Tilda Forss, ohjelma-assistentti<\/h3>\n<p><a href=\"mailto:matilda.forss@finncult.be\">matilda.forss@finncult.be<\/a><\/p>\n<p>Avustan instituutin ohjelmatoiminnassa ja tuen projektien toteutumista niiden hakemus- toteutus-, sek\u00e4 raportointivaiheissa. Avustan my\u00f6s erilaisissa toimistoteht\u00e4viss\u00e4. Voit olla minuun yhteydess\u00e4, jos olet kiinnostunut ohjelmatoiminnastamme.<\/p>\n<p>[\/et_pb_text][\/et_pb_column][\/et_pb_row][et_pb_row column_structure=&#8221;1_5,1_5,3_5&#8243; _builder_version=&#8221;4.16&#8243; _module_preset=&#8221;default&#8221; global_colors_info=&#8221;{}&#8221;][et_pb_column type=&#8221;1_5&#8243; _builder_version=&#8221;4.16&#8243; _module_preset=&#8221;default&#8221; global_colors_info=&#8221;{}&#8221;][\/et_pb_column][et_pb_column type=&#8221;1_5&#8243; _builder_version=&#8221;4.16&#8243; _module_preset=&#8221;default&#8221; global_colors_info=&#8221;{}&#8221;][et_pb_image src=&#8221;https:\/\/finncult.be\/wp-content\/uploads\/2026\/01\/MargareetaLauronen1-FCI-website-scaled.jpg&#8221; alt=&#8221;Margareeta stands smiling in a park with a white stone archway behind her. She has short blond hair and is wearing a dark coat and a purple plaid scarf.&#8221; title_text=&#8221;MargareetaLauronen1-FCI website&#8221; align=&#8221;center&#8221; _builder_version=&#8221;4.27.4&#8243; _module_preset=&#8221;default&#8221; global_colors_info=&#8221;{}&#8221;][\/et_pb_image][\/et_pb_column][et_pb_column type=&#8221;3_5&#8243; _builder_version=&#8221;4.16&#8243; _module_preset=&#8221;default&#8221; global_colors_info=&#8221;{}&#8221;][et_pb_text _builder_version=&#8221;4.27.4&#8243; _module_preset=&#8221;default&#8221; global_colors_info=&#8221;{}&#8221;]<\/p>\n<h3>Margareeta Lauronen, viestint\u00e4assistentti<\/h3>\n<p><a href=\"mailto:margareeta.lauronen@finncult.be\" target=\"_blank\" rel=\"noopener\">margareeta.lauronen@finncult.be<\/a><\/p>\n<p>Ty\u00f6skentelen Instituutin viestinn\u00e4n parissa, erityisesti luoden sis\u00e4lt\u00f6\u00e4 sosiaalisen median kanaviin Instagramiin, Tiktokiin ja LinkedIniin. T\u00e4m\u00e4n lis\u00e4ksi olen mukana kirjoittamassa kuukausittain l\u00e4hetett\u00e4v\u00e4\u00e4 uutiskirjett\u00e4 sek\u00e4 nettisivuilla julkaistavaa blogia.<\/p>\n<p>[\/et_pb_text][\/et_pb_column][\/et_pb_row][et_pb_row column_structure=&#8221;1_5,3_5,1_5&#8243; _builder_version=&#8221;4.16&#8243; _module_preset=&#8221;default&#8221; global_colors_info=&#8221;{}&#8221;][et_pb_column type=&#8221;1_5&#8243; _builder_version=&#8221;4.16&#8243; _module_preset=&#8221;default&#8221; global_colors_info=&#8221;{}&#8221;][\/et_pb_column][et_pb_column type=&#8221;3_5&#8243; _builder_version=&#8221;4.16&#8243; _module_preset=&#8221;default&#8221; global_colors_info=&#8221;{}&#8221;][et_pb_text _builder_version=&#8221;4.24.3&#8243; _module_preset=&#8221;default&#8221; global_colors_info=&#8221;{}&#8221;]<\/p>\n<h2>Medialle<\/h2>\n<p><span style=\"font-weight: 400;\">Olethan yhteydess\u00e4 tiedottajaamme <strong>Ela Suleymangiliin<\/strong> kaikissa organisaatiotamme, ohjelmistoamme ja tapahtumia koskevissa mediapyynn\u00f6iss\u00e4. <\/span><\/p>\n<p><span style=\"font-weight: 400;\">S\u00e4hk\u00f6posti: <a href=\"mailto:elasuleymangil@finncult.be\">elasuleymangil@finncult.be<\/a><br \/>Puhelinnumero: +32 (0) 486 844 248 <\/span><\/p>\n<p><span style=\"font-weight: 400;\">Mediapankistamme l\u00f6yd\u00e4t ajankohtaiseen ohjelmistoon liittyvi\u00e4 kuvia ja lehdist\u00f6tiedotteita.<\/span><\/p>\n<p>[\/et_pb_text][\/et_pb_column][et_pb_column type=&#8221;1_5&#8243; _builder_version=&#8221;4.16&#8243; _module_preset=&#8221;default&#8221; global_colors_info=&#8221;{}&#8221;][et_pb_button button_url=&#8221;https:\/\/drive.google.com\/drive\/folders\/1C2KSr0jBiTB7dFEdHoZvHAv4RKqiCxnp?usp=sharing&#8221; button_text=&#8221;MEDIAPANKKIIN&#8221; button_alignment=&#8221;center&#8221; _builder_version=&#8221;4.24.3&#8243; _module_preset=&#8221;default&#8221; custom_button=&#8221;on&#8221; button_text_size=&#8221;16px&#8221; button_text_color=&#8221;#510023&#8243; button_bg_color=&#8221;#F09A9A&#8221; button_border_width=&#8221;0px&#8221; button_border_radius=&#8221;0px&#8221; button_font=&#8221;no1-Regular||||||||&#8221; custom_margin=&#8221;35px||||false|false&#8221; custom_padding=&#8221;||||false|false&#8221; global_colors_info=&#8221;{}&#8221;][\/et_pb_button][\/et_pb_column][\/et_pb_row][\/et_pb_section]<\/p>\n","protected":false},"excerpt":{"rendered":"<p>T\u00e4lt\u00e4 sivulta l\u00f6yd\u00e4t Suome Benelux-instituutin henkil\u00f6kunnan yhteystiedot.<\/p>\n","protected":false},"author":4,"featured_media":22143,"parent":0,"menu_order":5,"comment_status":"closed","ping_status":"closed","template":"","meta":{"_acf_changed":false,"_et_pb_use_builder":"on","_et_pb_old_content":"","_et_gb_content_width":"","inline_featured_image":false,"footnotes":""},"class_list":["post-13523","page","type-page","status-publish","has-post-thumbnail","hentry"],"acf":[],"yoast_head":"<!-- This site is optimized with the Yoast SEO plugin v27.5 - https:\/\/yoast.com\/product\/yoast-seo-wordpress\/ -->\n<title>Yhteystiedot - Finnish Cultural Institute for the Benelux<\/title>\n<meta name=\"description\" content=\"T\u00e4lt\u00e4 sivulta l\u00f6yd\u00e4t Suomen Benelux-instituutin henkil\u00f6kunnan yhteystiedot.\" \/>\n<meta name=\"robots\" content=\"index, follow, max-snippet:-1, max-image-preview:large, max-video-preview:-1\" \/>\n<link rel=\"canonical\" href=\"https:\/\/finncult.be\/fi\/yhteystiedot\/\" \/>\n<meta property=\"og:locale\" content=\"fi_FI\" \/>\n<meta property=\"og:type\" content=\"article\" \/>\n<meta property=\"og:title\" content=\"Yhteystiedot - Finnish Cultural Institute for the Benelux\" \/>\n<meta property=\"og:description\" content=\"T\u00e4lt\u00e4 sivulta l\u00f6yd\u00e4t Suomen Benelux-instituutin henkil\u00f6kunnan yhteystiedot.\" \/>\n<meta property=\"og:url\" content=\"https:\/\/finncult.be\/fi\/yhteystiedot\/\" \/>\n<meta property=\"og:site_name\" content=\"Finnish Cultural Institute for the Benelux\" \/>\n<meta property=\"article:modified_time\" content=\"2026-02-10T09:56:09+00:00\" \/>\n<meta property=\"og:image\" content=\"https:\/\/finncult.be\/wp-content\/uploads\/2026\/02\/FCI-2026-staff-group-photo-web-scaled-e1770717354130.jpg\" \/>\n\t<meta property=\"og:image:width\" content=\"2270\" \/>\n\t<meta property=\"og:image:height\" content=\"1617\" \/>\n\t<meta property=\"og:image:type\" content=\"image\/jpeg\" \/>\n<meta name=\"twitter:card\" content=\"summary_large_image\" \/>\n<meta name=\"twitter:label1\" content=\"Arvioitu lukuaika\" \/>\n\t<meta name=\"twitter:data1\" content=\"3 minuuttia\" \/>\n<script type=\"application\/ld+json\" class=\"yoast-schema-graph\">{\"@context\":\"https:\\\/\\\/schema.org\",\"@graph\":[{\"@type\":\"WebPage\",\"@id\":\"https:\\\/\\\/finncult.be\\\/fi\\\/yhteystiedot\\\/\",\"url\":\"https:\\\/\\\/finncult.be\\\/fi\\\/yhteystiedot\\\/\",\"name\":\"Yhteystiedot - Finnish Cultural Institute for the Benelux\",\"isPartOf\":{\"@id\":\"https:\\\/\\\/finncult.be\\\/#website\"},\"primaryImageOfPage\":{\"@id\":\"https:\\\/\\\/finncult.be\\\/fi\\\/yhteystiedot\\\/#primaryimage\"},\"image\":{\"@id\":\"https:\\\/\\\/finncult.be\\\/fi\\\/yhteystiedot\\\/#primaryimage\"},\"thumbnailUrl\":\"https:\\\/\\\/finncult.be\\\/wp-content\\\/uploads\\\/2026\\\/02\\\/FCI-2026-staff-group-photo-web-scaled-e1770717354130.jpg\",\"datePublished\":\"2015-02-10T21:18:58+00:00\",\"dateModified\":\"2026-02-10T09:56:09+00:00\",\"description\":\"T\u00e4lt\u00e4 sivulta l\u00f6yd\u00e4t Suomen Benelux-instituutin henkil\u00f6kunnan yhteystiedot.\",\"breadcrumb\":{\"@id\":\"https:\\\/\\\/finncult.be\\\/fi\\\/yhteystiedot\\\/#breadcrumb\"},\"inLanguage\":\"fi\",\"potentialAction\":[{\"@type\":\"ReadAction\",\"target\":[\"https:\\\/\\\/finncult.be\\\/fi\\\/yhteystiedot\\\/\"]}]},{\"@type\":\"ImageObject\",\"inLanguage\":\"fi\",\"@id\":\"https:\\\/\\\/finncult.be\\\/fi\\\/yhteystiedot\\\/#primaryimage\",\"url\":\"https:\\\/\\\/finncult.be\\\/wp-content\\\/uploads\\\/2026\\\/02\\\/FCI-2026-staff-group-photo-web-scaled-e1770717354130.jpg\",\"contentUrl\":\"https:\\\/\\\/finncult.be\\\/wp-content\\\/uploads\\\/2026\\\/02\\\/FCI-2026-staff-group-photo-web-scaled-e1770717354130.jpg\",\"width\":2270,\"height\":1617,\"caption\":\"FCI 2026 staff group photo - web\"},{\"@type\":\"BreadcrumbList\",\"@id\":\"https:\\\/\\\/finncult.be\\\/fi\\\/yhteystiedot\\\/#breadcrumb\",\"itemListElement\":[{\"@type\":\"ListItem\",\"position\":1,\"name\":\"Home\",\"item\":\"https:\\\/\\\/finncult.be\\\/fi\\\/\"},{\"@type\":\"ListItem\",\"position\":2,\"name\":\"Yhteystiedot\"}]},{\"@type\":\"WebSite\",\"@id\":\"https:\\\/\\\/finncult.be\\\/#website\",\"url\":\"https:\\\/\\\/finncult.be\\\/\",\"name\":\"Finnish Cultural Institute for the Benelux\",\"description\":\"Finnish Cultural Institute for the Benelux\",\"potentialAction\":[{\"@type\":\"SearchAction\",\"target\":{\"@type\":\"EntryPoint\",\"urlTemplate\":\"https:\\\/\\\/finncult.be\\\/?s={search_term_string}\"},\"query-input\":{\"@type\":\"PropertyValueSpecification\",\"valueRequired\":true,\"valueName\":\"search_term_string\"}}],\"inLanguage\":\"fi\"}]}<\/script>\n<!-- \/ Yoast SEO plugin. -->","yoast_head_json":{"title":"Yhteystiedot - Finnish Cultural Institute for the Benelux","description":"T\u00e4lt\u00e4 sivulta l\u00f6yd\u00e4t Suomen Benelux-instituutin henkil\u00f6kunnan yhteystiedot.","robots":{"index":"index","follow":"follow","max-snippet":"max-snippet:-1","max-image-preview":"max-image-preview:large","max-video-preview":"max-video-preview:-1"},"canonical":"https:\/\/finncult.be\/fi\/yhteystiedot\/","og_locale":"fi_FI","og_type":"article","og_title":"Yhteystiedot - Finnish Cultural Institute for the Benelux","og_description":"T\u00e4lt\u00e4 sivulta l\u00f6yd\u00e4t Suomen Benelux-instituutin henkil\u00f6kunnan yhteystiedot.","og_url":"https:\/\/finncult.be\/fi\/yhteystiedot\/","og_site_name":"Finnish Cultural Institute for the Benelux","article_modified_time":"2026-02-10T09:56:09+00:00","og_image":[{"width":2270,"height":1617,"url":"https:\/\/finncult.be\/wp-content\/uploads\/2026\/02\/FCI-2026-staff-group-photo-web-scaled-e1770717354130.jpg","type":"image\/jpeg"}],"twitter_card":"summary_large_image","twitter_misc":{"Arvioitu lukuaika":"3 minuuttia"},"schema":{"@context":"https:\/\/schema.org","@graph":[{"@type":"WebPage","@id":"https:\/\/finncult.be\/fi\/yhteystiedot\/","url":"https:\/\/finncult.be\/fi\/yhteystiedot\/","name":"Yhteystiedot - Finnish Cultural Institute for the Benelux","isPartOf":{"@id":"https:\/\/finncult.be\/#website"},"primaryImageOfPage":{"@id":"https:\/\/finncult.be\/fi\/yhteystiedot\/#primaryimage"},"image":{"@id":"https:\/\/finncult.be\/fi\/yhteystiedot\/#primaryimage"},"thumbnailUrl":"https:\/\/finncult.be\/wp-content\/uploads\/2026\/02\/FCI-2026-staff-group-photo-web-scaled-e1770717354130.jpg","datePublished":"2015-02-10T21:18:58+00:00","dateModified":"2026-02-10T09:56:09+00:00","description":"T\u00e4lt\u00e4 sivulta l\u00f6yd\u00e4t Suomen Benelux-instituutin henkil\u00f6kunnan yhteystiedot.","breadcrumb":{"@id":"https:\/\/finncult.be\/fi\/yhteystiedot\/#breadcrumb"},"inLanguage":"fi","potentialAction":[{"@type":"ReadAction","target":["https:\/\/finncult.be\/fi\/yhteystiedot\/"]}]},{"@type":"ImageObject","inLanguage":"fi","@id":"https:\/\/finncult.be\/fi\/yhteystiedot\/#primaryimage","url":"https:\/\/finncult.be\/wp-content\/uploads\/2026\/02\/FCI-2026-staff-group-photo-web-scaled-e1770717354130.jpg","contentUrl":"https:\/\/finncult.be\/wp-content\/uploads\/2026\/02\/FCI-2026-staff-group-photo-web-scaled-e1770717354130.jpg","width":2270,"height":1617,"caption":"FCI 2026 staff group photo - web"},{"@type":"BreadcrumbList","@id":"https:\/\/finncult.be\/fi\/yhteystiedot\/#breadcrumb","itemListElement":[{"@type":"ListItem","position":1,"name":"Home","item":"https:\/\/finncult.be\/fi\/"},{"@type":"ListItem","position":2,"name":"Yhteystiedot"}]},{"@type":"WebSite","@id":"https:\/\/finncult.be\/#website","url":"https:\/\/finncult.be\/","name":"Finnish Cultural Institute for the Benelux","description":"Finnish Cultural Institute for the Benelux","potentialAction":[{"@type":"SearchAction","target":{"@type":"EntryPoint","urlTemplate":"https:\/\/finncult.be\/?s={search_term_string}"},"query-input":{"@type":"PropertyValueSpecification","valueRequired":true,"valueName":"search_term_string"}}],"inLanguage":"fi"}]}},"_links":{"self":[{"href":"https:\/\/finncult.be\/fi\/wp-json\/wp\/v2\/pages\/13523","targetHints":{"allow":["GET"]}}],"collection":[{"href":"https:\/\/finncult.be\/fi\/wp-json\/wp\/v2\/pages"}],"about":[{"href":"https:\/\/finncult.be\/fi\/wp-json\/wp\/v2\/types\/page"}],"author":[{"embeddable":true,"href":"https:\/\/finncult.be\/fi\/wp-json\/wp\/v2\/users\/4"}],"replies":[{"embeddable":true,"href":"https:\/\/finncult.be\/fi\/wp-json\/wp\/v2\/comments?post=13523"}],"version-history":[{"count":57,"href":"https:\/\/finncult.be\/fi\/wp-json\/wp\/v2\/pages\/13523\/revisions"}],"predecessor-version":[{"id":22145,"href":"https:\/\/finncult.be\/fi\/wp-json\/wp\/v2\/pages\/13523\/revisions\/22145"}],"wp:featuredmedia":[{"embeddable":true,"href":"https:\/\/finncult.be\/fi\/wp-json\/wp\/v2\/media\/22143"}],"wp:attachment":[{"href":"https:\/\/finncult.be\/fi\/wp-json\/wp\/v2\/media?parent=13523"}],"curies":[{"name":"wp","href":"https:\/\/api.w.org\/{rel}","templated":true}]}}